{"id":993,"date":"2012-09-07T14:29:47","date_gmt":"2012-09-07T14:29:47","guid":{"rendered":"http:\/\/www.artspeculation.net\/?page_id=993"},"modified":"2022-04-12T22:32:49","modified_gmt":"2022-04-12T22:32:49","slug":"faux-et-usage-de-faux","status":"publish","type":"page","link":"https:\/\/www.artspeculation.net\/?page_id=993","title":{"rendered":"Faux et usage de faux"},"content":{"rendered":"\n<div class=\"wp-block-columns\">\n<div class=\"wp-block-column\" style=\"flex-basis:100%\">\n<p>\n\n<div class=\"ngg-galleryoverview ngg-slideshow\"\n\t id=\"ngg-slideshow-97da771930c4ec02d2562e6b5a87faa2-2077342900\"\n     data-gallery-id=\"97da771930c4ec02d2562e6b5a87faa2\"\n     style=\"max-width: 800px; max-height: 600px;\">\n\n \t<div id=\"ngg-image-0\" class=\"ngg-gallery-slideshow-image\" style=\"height:600px\">\n\n        <a href=\"https:\/\/www.artspeculation.net\/wp-content\/gallery\/faux\/faux.jpg\"\n           title=\"\"\n           data-src=\"https:\/\/www.artspeculation.net\/wp-content\/gallery\/faux\/faux.jpg\"\n           data-thumbnail=\"https:\/\/www.artspeculation.net\/wp-content\/gallery\/faux\/thumbs\/thumbs_faux.jpg\"\n           data-image-id=\"132\"\n           data-title=\"faux\"\n           data-description=\"\"\n           >\n\n            <img data-image-id='132'\n                 title=\"\"\n                 alt=\"faux\"\n                 src=\"https:\/\/www.artspeculation.net\/wp-content\/gallery\/faux\/faux.jpg\"\n                 style=\"max-height: 580px;\"\/>\n        <\/a>\n\n        <\/div> \n<div id=\"ngg-image-1\" class=\"ngg-gallery-slideshow-image\" style=\"height:600px\">\n\n        <a href=\"https:\/\/www.artspeculation.net\/wp-content\/gallery\/faux\/fauxdetail.jpg\"\n           title=\"\"\n           data-src=\"https:\/\/www.artspeculation.net\/wp-content\/gallery\/faux\/fauxdetail.jpg\"\n           data-thumbnail=\"https:\/\/www.artspeculation.net\/wp-content\/gallery\/faux\/thumbs\/thumbs_fauxdetail.jpg\"\n           data-image-id=\"133\"\n           data-title=\"fauxdetail\"\n           data-description=\"\"\n           >\n\n            <img data-image-id='133'\n                 title=\"\"\n                 alt=\"fauxdetail\"\n                 src=\"https:\/\/www.artspeculation.net\/wp-content\/gallery\/faux\/fauxdetail.jpg\"\n                 style=\"max-height: 580px;\"\/>\n        <\/a>\n\n        <\/div> \n<\/div>\n\n\n\t\t<!-- Thumbnails Link -->\n\t<div class=\"slideshowlink\" style=\"max-width: 800px;\">\n        <a href='https:\/\/www.artspeculation.net\/index.php\/nggallery\/thumbnails?page_id=993'><\/a>\n\t<\/div>\n\n<br><strong>Faux et usage de faux<\/strong> &nbsp;&nbsp;2012 \u2013 108&#215;76 cm \u2013 Cadre en bois dor\u00e9, chromolithographie sous verre.<br><br><em>En mati\u00e8re d\u2019\u0153uvre d\u2019art, ce ne sont pas les qualit\u00e9s esth\u00e9tiques du faux qui sont en cause mais sa valeur marchande. Faire un faux c\u2019est tromper son monde sur une qualit\u00e9 attendue ou esp\u00e9r\u00e9e et cela est jug\u00e9 moralement condamnable. Mais que faut-il penser quand une institution, politique ou religieuse, utilise ce proc\u00e9d\u00e9 ? <br>Il y a par exemple contradiction entre le discours de charit\u00e9 chr\u00e9tienne et la position officielle de l\u2019\u00e9glise catholique sur la contraception et la lutte contre le VIH, et donc cette image est improbable : c\u2019est un faux. Pourtant cette m\u00eame Eglise catholique produit ces images \u00ab pieuses \u00bb, quasiment publicitaires, qui si elles \u00e9taient propos\u00e9es par des laboratoires pharmaceutiques confinerait au charlatanisme. <br>La peur de l\u2019inconnu, de la mort, de la souffrance, am\u00e8nent des r\u00e9actions d\u00e9raisonnables, irrationnelles, et nous poussent \u00e0 croire n\u2019importe quoi. Finalement, le faux qui s\u2019av\u00e8re \u00eatre un vrai, est un miracle.<\/em><br><br><br><small>Pour agrandir, cliquez sur l&rsquo;image :<\/small><br><br><a class=\"thickbox\" title=\"Faux et usage de faux   2012 - 108x76 cm - Cadre en bois dor\u00e9, chromolithographie sous verre.\" href=\"https:\/\/www.artspeculation.net\/wp-content\/gallery\/faux\/faux.jpg\" rel=\"\"><img class=\"ngg-singlepic ngg-left\" src=\"https:\/\/www.artspeculation.net\/wp-content\/gallery\/faux\/thumbs\/thumbs_faux.jpg\" alt=\"Faux et usage de faux\"><\/a><strong>Faux et usage de faux<\/strong> &nbsp;&nbsp;2012 \u2013 108&#215;76 cm \u2013 Cadre en bois dor\u00e9, chromolithographie sous verre.<br><br><br><a class=\"thickbox\" title=\"Faux et usage de faux (d\u00e9tail)   2012 - 108x76 cm - Cadre en bois dor\u00e9, chromolithographie sous verre.\" href=\"https:\/\/www.artspeculation.net\/wp-content\/gallery\/faux\/fauxdetail.jpg\" rel=\"\"><img class=\"ngg-singlepic ngg-left\" src=\"https:\/\/www.artspeculation.net\/wp-content\/gallery\/faux\/thumbs\/thumbs_fauxdetail.jpg\" alt=\"Faux et usage de faux (d\u00e9tail)\"><\/a><strong>Faux et usage de faux<\/strong> d\u00e9tail &nbsp;&nbsp;2012 \u2013 108&#215;76 cm \u2013 Cadre en bois dor\u00e9, chromolithographie sous verre.<br><br><br><br><br><\/p>\n<p><a href=\"https:\/\/www.artspeculation.net\/?page_id=34\"> Retour portofolio<\/a><\/p>\n<\/div>\n<\/div>\n","protected":false},"excerpt":{"rendered":"<p>Faux et usage de faux &nbsp;&nbsp;2012 \u2013 108&#215;76 cm \u2013 Cadre en bois dor\u00e9, chromolithographie sous verre. En mati\u00e8re d\u2019\u0153uvre d\u2019art, ce ne sont pas les qualit\u00e9s esth\u00e9tiques du faux qui sont en cause mais sa valeur marchande. Faire un faux c\u2019est tromper son monde sur une qualit\u00e9 attendue ou esp\u00e9r\u00e9e et cela est jug\u00e9 [&hellip;]<\/p>\n","protected":false},"author":1,"featured_media":0,"parent":1349,"menu_order":0,"comment_status":"closed","ping_status":"closed","template":"onecolumn-page.php","meta":{"ngg_post_thumbnail":0},"_links":{"self":[{"href":"https:\/\/www.artspeculation.net\/index.php?rest_route=\/wp\/v2\/pages\/993"}],"collection":[{"href":"https:\/\/www.artspeculation.net\/index.php?rest_route=\/wp\/v2\/pages"}],"about":[{"href":"https:\/\/www.artspeculation.net\/index.php?rest_route=\/wp\/v2\/types\/page"}],"author":[{"embeddable":true,"href":"https:\/\/www.artspeculation.net\/index.php?rest_route=\/wp\/v2\/users\/1"}],"replies":[{"embeddable":true,"href":"https:\/\/www.artspeculation.net\/index.php?rest_route=%2Fwp%2Fv2%2Fcomments&post=993"}],"version-history":[{"count":17,"href":"https:\/\/www.artspeculation.net\/index.php?rest_route=\/wp\/v2\/pages\/993\/revisions"}],"predecessor-version":[{"id":2944,"href":"https:\/\/www.artspeculation.net\/index.php?rest_route=\/wp\/v2\/pages\/993\/revisions\/2944"}],"up":[{"embeddable":true,"href":"https:\/\/www.artspeculation.net\/index.php?rest_route=\/wp\/v2\/pages\/1349"}],"wp:attachment":[{"href":"https:\/\/www.artspeculation.net\/index.php?rest_route=%2Fwp%2Fv2%2Fmedia&parent=993"}],"curies":[{"name":"wp","href":"https:\/\/api.w.org\/{rel}","templated":true}]}}