{"id":963,"date":"2012-06-20T14:39:40","date_gmt":"2012-06-20T14:39:40","guid":{"rendered":"http:\/\/www.artspeculation.net\/?page_id=963"},"modified":"2022-04-12T08:16:37","modified_gmt":"2022-04-12T08:16:37","slug":"consecration","status":"publish","type":"page","link":"https:\/\/www.artspeculation.net\/?page_id=963","title":{"rendered":"Cons\u00e9cration"},"content":{"rendered":"\n<div class=\"wp-container-1 wp-block-group\"><div class=\"wp-block-group__inner-container\">\n<p>\n\n<div class=\"ngg-galleryoverview ngg-slideshow\"\n\t id=\"ngg-slideshow-eeba133b34e1efae5d8da41ebbf8d9ee-1593857730\"\n     data-gallery-id=\"eeba133b34e1efae5d8da41ebbf8d9ee\"\n     style=\"max-width: 800px; max-height: 600px;\">\n\n \t<div id=\"ngg-image-0\" class=\"ngg-gallery-slideshow-image\" style=\"height:600px\">\n\n        <a href=\"https:\/\/www.artspeculation.net\/wp-content\/gallery\/consecration\/consecration.jpg\"\n           title=\"\"\n           data-src=\"https:\/\/www.artspeculation.net\/wp-content\/gallery\/consecration\/consecration.jpg\"\n           data-thumbnail=\"https:\/\/www.artspeculation.net\/wp-content\/gallery\/consecration\/thumbs\/thumbs_consecration.jpg\"\n           data-image-id=\"131\"\n           data-title=\"consecration\"\n           data-description=\"\"\n           >\n\n            <img data-image-id='131'\n                 title=\"\"\n                 alt=\"consecration\"\n                 src=\"https:\/\/www.artspeculation.net\/wp-content\/gallery\/consecration\/consecration.jpg\"\n                 style=\"max-height: 580px;\"\/>\n        <\/a>\n\n        <\/div> \n<\/div>\n\n\n\t\t<!-- Thumbnails Link -->\n\t<div class=\"slideshowlink\" style=\"max-width: 800px;\">\n        <a href='https:\/\/www.artspeculation.net\/index.php\/nggallery\/thumbnails?page_id=963'><\/a>\n\t<\/div>\n\n<br><strong>Cons\u00e9cration<\/strong> &nbsp;&nbsp;2012 \u2013 21&#215;29,7 cm \u2013 Planche d&rsquo;herbier, algue verte <em>Chaetomorpha sp.<\/em><\/p>\n<p><em>Le public se rend au mus\u00e9e, comme en p\u00e8lerinage, pour se recueillir devant les ic\u00f4nes que l\u2019Histoire des sciences, de l\u2019art, ou aujourd\u2019hui le March\u00e9, ont sacralis\u00e9. Aujourd\u2019hui un artiste n\u2019est v\u00e9ritablement cr\u00e9dible que lorsque ses \u0153uvres sont pr\u00e9sentes dans un mus\u00e9e. Voici une \u00ab chim\u00e8re \u00bb produite par <\/em>artspeculation<em> qui fait partie des collections du Mus\u00e9um (r\u00e9f\u00e9rence : FRA 1715), mais qui n\u2019est accessible qu\u2019aux sp\u00e9cialistes car conserver les originaux dans de bonnes conditions conduit \u00e0 \u00e9carter le public. N\u2019est-il pas absurde de souhaiter que ses \u0153uvres fassent partie d\u2019une collection mus\u00e9ale, alors qu\u2019elles ne seront pas vues. <\/em><\/p>\n<p>&nbsp;<\/p>\n<p><small>Pour agrandir, cliquez sur l&rsquo;image :<\/small><\/p>\n<p><a class=\"thickbox\" title=\"Cons\u00e9cration  2012 - 21x29,7 cm - Planche d'herbier, algue verte Chaetomorpha sp.\" href=\"https:\/\/www.artspeculation.net\/wp-content\/gallery\/consecration\/consecration.jpg\" rel=\"\"><img class=\"ngg-singlepic ngg-left\" src=\"https:\/\/www.artspeculation.net\/wp-content\/gallery\/consecration\/thumbs\/thumbs_consecration.jpg\" alt=\"Cons\u00e9cration\"><\/a><br><strong>Cons\u00e9cration<\/strong> &nbsp;&nbsp;2012 \u2013 21&#215;29,7 cm \u2013 Planche d&rsquo;herbier, algue verte <em>Chaetomorpha sp.<\/em><\/p>\n<p><a class=\"thickbox\" title=\"Cons\u00e9cration (d\u00e9tail)   2012 - 21x29,7 cm - Planche d'herbier, algue verte Chaetomorpha sp.\" href=\"https:\/\/www.artspeculation.net\/wp-content\/gallery\/consecration\/consecrationdetail.jpg\" rel=\"\"><img class=\"ngg-singlepic ngg-left\" src=\"https:\/\/www.artspeculation.net\/wp-content\/gallery\/consecration\/thumbs\/thumbs_consecrationdetail.jpg\" alt=\"Cons\u00e9cration d\u00e9tail\"><\/a><br><strong>Cons\u00e9cration<\/strong> d\u00e9tail &nbsp;&nbsp;2012 \u2013 21&#215;29,7 cm \u2013 Planche d&rsquo;herbier, algue verte <em>Chaetomorpha sp.<\/em><\/p>\n<p>&nbsp;<\/p>\n<p>&nbsp;<\/p>\n<p><a href=\"https:\/\/www.artspeculation.net\/?page_id=34\"> Retour portofolio<\/a><\/p>\n<\/div><\/div>\n","protected":false},"excerpt":{"rendered":"<p>Cons\u00e9cration &nbsp;&nbsp;2012 \u2013 21&#215;29,7 cm \u2013 Planche d&rsquo;herbier, algue verte Chaetomorpha sp. Le public se rend au mus\u00e9e, comme en p\u00e8lerinage, pour se recueillir devant les ic\u00f4nes que l\u2019Histoire des sciences, de l\u2019art, ou aujourd\u2019hui le March\u00e9, ont sacralis\u00e9. Aujourd\u2019hui un artiste n\u2019est v\u00e9ritablement cr\u00e9dible que lorsque ses \u0153uvres sont pr\u00e9sentes dans un mus\u00e9e. Voici [&hellip;]<\/p>\n","protected":false},"author":1,"featured_media":0,"parent":1349,"menu_order":0,"comment_status":"closed","ping_status":"closed","template":"onecolumn-page.php","meta":{"ngg_post_thumbnail":0},"_links":{"self":[{"href":"https:\/\/www.artspeculation.net\/index.php?rest_route=\/wp\/v2\/pages\/963"}],"collection":[{"href":"https:\/\/www.artspeculation.net\/index.php?rest_route=\/wp\/v2\/pages"}],"about":[{"href":"https:\/\/www.artspeculation.net\/index.php?rest_route=\/wp\/v2\/types\/page"}],"author":[{"embeddable":true,"href":"https:\/\/www.artspeculation.net\/index.php?rest_route=\/wp\/v2\/users\/1"}],"replies":[{"embeddable":true,"href":"https:\/\/www.artspeculation.net\/index.php?rest_route=%2Fwp%2Fv2%2Fcomments&post=963"}],"version-history":[{"count":24,"href":"https:\/\/www.artspeculation.net\/index.php?rest_route=\/wp\/v2\/pages\/963\/revisions"}],"predecessor-version":[{"id":2560,"href":"https:\/\/www.artspeculation.net\/index.php?rest_route=\/wp\/v2\/pages\/963\/revisions\/2560"}],"up":[{"embeddable":true,"href":"https:\/\/www.artspeculation.net\/index.php?rest_route=\/wp\/v2\/pages\/1349"}],"wp:attachment":[{"href":"https:\/\/www.artspeculation.net\/index.php?rest_route=%2Fwp%2Fv2%2Fmedia&parent=963"}],"curies":[{"name":"wp","href":"https:\/\/api.w.org\/{rel}","templated":true}]}}