{"id":873,"date":"2012-03-19T17:27:15","date_gmt":"2012-03-19T17:27:15","guid":{"rendered":"http:\/\/www.artspeculation.net\/?page_id=873"},"modified":"2025-08-31T14:11:54","modified_gmt":"2025-08-31T14:11:54","slug":"hello-world","status":"publish","type":"page","link":"https:\/\/www.artspeculation.net\/","title":{"rendered":""},"content":{"rendered":"\n<p><\/p>\n\n\n<p><a href=\"https:\/\/www.artspeculation.net\/?attachment_id=2018\"><img loading=\"lazy\" class=\"aligncenter size-full wp-image-874\" title=\"artspeculation\" src=\"https:\/\/www.artspeculation.net\/wp-content\/uploads\/2012\/03\/artspeculation4.jpg\" alt=\"\" width=\"865\" height=\"649\" srcset=\"https:\/\/www.artspeculation.net\/wp-content\/uploads\/2012\/03\/artspeculation4.jpg 865w, https:\/\/www.artspeculation.net\/wp-content\/uploads\/2012\/03\/artspeculation4-300x225.jpg 300w\" sizes=\"(max-width: 865px) 100vw, 865px\" \/><\/a><\/p>\n<p><strong>Derni\u00e8res expositions<\/strong><\/p>\n<p><strong>Exposition collective<\/strong><br>&nbsp;&nbsp;&nbsp;&nbsp; The Lighthouse Gallery, Rouen, <strong>mai 2025<\/strong><\/p>\n<p><strong>Exposition collective \u00ab\u00a0Ali\u00e9n\u00e9s\u00a0\u00bb<\/strong><br>&nbsp;&nbsp;&nbsp;&nbsp;&nbsp;Banque de France, Paris, <strong>septembre 2023<\/strong><br>&nbsp;&nbsp;&nbsp;&nbsp;&nbsp;Galerie des Gobelins, Mobilier National, Paris, <strong>juin 2022<\/strong><br>&nbsp;&nbsp;&nbsp;&nbsp;&nbsp;Minist\u00e8re de la Culture, Paris <strong>septembre 2022<\/strong><\/p>\n<p><strong>Exposition \u00ab\u00a0IKEART\u00a0\u00bb<\/strong><br>&nbsp;&nbsp;&nbsp;&nbsp;&nbsp;\u00e0 Art Gallery L&rsquo;Oeil et la Main, 41 rue de Verneuil, Paris 7e<br>&nbsp;&nbsp;&nbsp;&nbsp;&nbsp;<strong>du 21 octobre 2021 au 7 f\u00e9vrier 2022<\/strong><\/p>\n<p><strong>Exposition \u00ab\u00a0ACCESS DENIED\u00a0\u00bb<\/strong><br>&nbsp;&nbsp;&nbsp;&nbsp;&nbsp;\u00e0 la Halle au toiles, \u00e0 Rouen, <strong>septembre 2018<\/strong><br>&nbsp;&nbsp;&nbsp;&nbsp;&nbsp;et au Centre abb\u00e9 Pierre \u2013 Emma\u00fcs d\u2019Esteville, &nbsp;&nbsp;&nbsp;&nbsp;&nbsp;<strong>septembre 2018<\/strong><\/p>\n<p><strong>Exposition\/performance \u00ab\u00a0L&rsquo;origine de l&rsquo;Art\u00a0\u00bb<\/strong><br>&nbsp;&nbsp;&nbsp;&nbsp;&nbsp;dans le cadre des journ\u00e9es du patrimoine 2018, Mus\u00e9e &nbsp;&nbsp;&nbsp;&nbsp;&nbsp;des Beaux-Arts de Rouen, <strong> septembre 2018<\/strong><\/p>\n<p><strong>Performance \u00ab\u00a0VENTE SOUS X\u00a0\u00bb<\/strong><br>&nbsp;&nbsp;&nbsp;&nbsp;&nbsp;\u00e0 l&rsquo; H\u00f4tel des Ventes du Vieux Palais, Rouen<br>&nbsp;&nbsp;&nbsp;&nbsp;&nbsp;exposition le <strong>vendredi 5 octobre 2018<\/strong><br>&nbsp;&nbsp;&nbsp;&nbsp;&nbsp;vente\/performance le <strong>samedi 6 octobre 2018<br><\/strong><\/p>\n<p>&nbsp;<\/p>\n<p>&nbsp;<\/p>\n\n<div class=\"wp-block-image\">\n<figure class=\"aligncenter\"><a href=\"https:\/\/www.artspeculation.net\/?page_id=3475\"><img src=\"https:\/\/www.artspeculation.net\/wp-content\/gallery\/petitprince\/petitprince3.jpg\" alt=\"\" class=\"wp-image-874\" title=\"le petit prince\"><\/a><figcaption><a href=\"https:\/\/www.artspeculation.net\/?page_id=3475\"><\/a><\/figcaption><\/figure>\n<\/div>\n\n\n\n<figure class=\"wp-block-image\"><a href=\"https:\/\/www.artspeculation.net\/?page_id=3415\"><img src=\"https:\/\/www.artspeculation.net\/wp-content\/gallery\/voxpopuli\/voxpopuli1.jpg\" alt=\"\" class=\"wp-image-874\" title=\"voxpopuli\"\/><\/a><\/figure>\n\n\n\n<p><a href=\"https:\/\/www.artspeculation.net\/?page_id=3415\"><\/a><\/p>\n\n\n<div class=\"wp-block-image\">\n<figure class=\"aligncenter\"><a href=\"https:\/\/www.artspeculation.net\/?page_id=3168\"><img src=\"https:\/\/www.artspeculation.net\/wp-content\/gallery\/modification\/modification1.jpg\" alt=\"\" class=\"wp-image-874\" title=\"modification\"><\/a><figcaption><a href=\"https:\/\/www.artspeculation.net\/?page_id=3168\"><\/a><\/figcaption><\/figure>\n<\/div>\n\n\n<div class=\"wp-block-image\">\n<figure class=\"aligncenter\"><a href=\"https:\/\/www.artspeculation.net\/?page_id=2636\"><img src=\"https:\/\/www.artspeculation.net\/wp-content\/gallery\/ikeart\/ikeart_obsolescence.jpg\" alt=\"\" class=\"wp-image-874\" title=\"IKEART\"><\/a><figcaption><a href=\"https:\/\/www.artspeculation.net\/?page_id=2636\"><\/a><\/figcaption><\/figure>\n<\/div>\n\n\n<div class=\"wp-block-image\">\n<figure class=\"aligncenter\"><a href=\"https:\/\/www.artspeculation.net\/?page_id=3155\"><img src=\"https:\/\/www.artspeculation.net\/wp-content\/gallery\/fiat-luxe\/fiat_lux.jpg\" alt=\"\" class=\"wp-image-874\" title=\"fiat luxe\"><\/a><figcaption><a href=\"https:\/\/www.artspeculation.net\/?page_id=3155\"><\/a><\/figcaption><\/figure>\n<\/div>\n\n\n<div class=\"wp-block-image\">\n<figure class=\"aligncenter\"><a href=\"https:\/\/www.artspeculation.net\/?page_id=2636\"><img src=\"https:\/\/www.artspeculation.net\/wp-content\/gallery\/ikeart\/ikeart_twiligthgods.jpg\" alt=\"\" class=\"wp-image-874\" title=\"IKEART\"><\/a><figcaption><a href=\"https:\/\/www.artspeculation.net\/?page_id=2636\"><\/a><\/figcaption><\/figure>\n<\/div>\n\n\n<div class=\"wp-block-image\">\n<figure class=\"aligncenter\"><a href=\"https:\/\/www.artspeculation.net\/?page_id=3134\"><img src=\"https:\/\/www.artspeculation.net\/wp-content\/gallery\/time_is_money\/no_comment.jpg\" alt=\"\" class=\"wp-image-874\" title=\"time is money\"><\/a><figcaption><a href=\"https:\/\/www.artspeculation.net\/?page_id=3134\"><\/a><\/figcaption><\/figure>\n<\/div>\n\n\n<div class=\"wp-block-image\">\n<figure class=\"aligncenter\"><a href=\"https:\/\/www.artspeculation.net\/?page_id=2793\"><img src=\"https:\/\/www.artspeculation.net\/wp-content\/gallery\/aliene13427_10\/ecoleloisir_1.jpg\" alt=\"\" class=\"wp-image-874\" title=\"ali\u00e9n\u00e9\"><\/a><figcaption><a href=\"https:\/\/www.artspeculation.net\/?page_id=2693\"><\/a><\/figcaption><\/figure>\n<\/div>\n\n\n<div class=\"wp-block-image\">\n<figure class=\"aligncenter\"><a href=\"https:\/\/www.artspeculation.net\/?page_id=2790\"><img src=\"https:\/\/www.artspeculation.net\/wp-content\/gallery\/aliene13427_9\/ecoleloisir_2.jpg\" alt=\"\" class=\"wp-image-874\" title=\"ali\u00e9n\u00e9\"><\/a><figcaption><a href=\"https:\/\/www.artspeculation.net\/?page_id=2690\"><\/a><\/figcaption><\/figure>\n<\/div>\n\n\n\n<div class=\"wp-block-image\"><figure class=\"aligncenter\"><a href=\"https:\/\/www.artspeculation.net\/?page_id=2375\"><img src=\"https:\/\/www.artspeculation.net\/wp-content\/gallery\/afrikeart\/20211015_151604.jpg\" alt=\"\" class=\"wp-image-874\" title=\"Afrikeart\"\/><\/a><\/figure><\/div>\n\n\n\n<figure class=\"wp-block-image\"><a href=\"https:\/\/www.artspeculation.net\/?page_id=2636\"><img src=\"https:\/\/www.artspeculation.net\/wp-content\/gallery\/ikeart\/ikeart1.jpg\" alt=\"\" class=\"wp-image-874\" title=\"IKEART\"\/><\/a><\/figure>\n\n\n\n<div class=\"wp-block-image\"><figure class=\"aligncenter\"><a href=\"https:\/\/www.artspeculation.net\/?page_id=2322\"><img src=\"https:\/\/www.artspeculation.net\/wp-content\/gallery\/vente_sous_x\/cartonventesousX.jpg\" alt=\"\" class=\"wp-image-874\" title=\"Vente sous X\"\/><\/a><figcaption><a href=\"https:\/\/www.artspeculation.net\/?page_id=2322\"><\/a><\/figcaption><\/figure><\/div>\n\n\n\n<div class=\"wp-block-image\"><figure class=\"aligncenter\"><a href=\"https:\/\/www.artspeculation.net\/?page_id=2294\"><img src=\"https:\/\/www.artspeculation.net\/wp-content\/gallery\/telerealite\/telerealite1.jpg\" alt=\"\" class=\"wp-image-874\" title=\"T\u00e9l\u00e9-r\u00e9alit\u00e9\"\/><\/a><\/figure><\/div>\n\n\n\n<div class=\"wp-block-image\"><figure class=\"aligncenter\"><a href=\"https:\/\/www.artspeculation.net\/?page_id=2259\"><img src=\"https:\/\/www.artspeculation.net\/wp-content\/gallery\/metamorphoses\/metamorphoses0.jpg\" alt=\"\" class=\"wp-image-874\" title=\"M\u00e9tamorphoses\"\/><\/a><\/figure><\/div>\n\n\n\n<div class=\"wp-block-image\"><figure class=\"aligncenter\"><a href=\"https:\/\/www.artspeculation.net\/?page_id=2244\"><img src=\"https:\/\/www.artspeculation.net\/wp-content\/gallery\/copyright\/copyright1.jpg\" alt=\"\" title=\"Reproduction interdite\"\/><\/a><\/figure><\/div>\n\n\n\n<div class=\"wp-block-image\"><figure class=\"aligncenter\"><a href=\"https:\/\/www.artspeculation.net\/?page_id=2229\"><img src=\"https:\/\/www.artspeculation.net\/wp-content\/gallery\/reliquaire\/reliquaire1.jpg\" alt=\"\" class=\"wp-image-874\" title=\"L'origine de l'Art\"\/><\/a><\/figure><\/div>\n\n\n\n<div class=\"wp-block-image\"><figure class=\"aligncenter\"><a href=\"https:\/\/www.artspeculation.net\/?page_id=2306\"><img src=\"https:\/\/www.artspeculation.net\/wp-content\/gallery\/tchernobyl\/tchernobyl2.jpg\" alt=\"\" title=\"Tchernobyl\"\/><\/a><\/figure><\/div>\n\n\n\n<div class=\"wp-block-image\"><figure class=\"aligncenter\"><a href=\"https:\/\/www.artspeculation.net\/?page_id=2188\"><img src=\"https:\/\/www.artspeculation.net\/wp-content\/gallery\/kingkongre\/kingkongre.jpg\" alt=\"\" class=\"wp-image-874\" title=\"US made it, artspeculation fecit\"\/><\/a><\/figure><\/div>\n\n\n\n<div class=\"wp-block-image\"><figure class=\"aligncenter\"><a href=\"https:\/\/www.artspeculation.net\/?page_id=2189\"><img src=\"https:\/\/www.artspeculation.net\/wp-content\/gallery\/saumon\/saumon.jpg\" alt=\"\" class=\"wp-image-874\" title=\"Salmo salar 3894\"\/><\/a><\/figure><\/div>\n\n\n\n<div class=\"wp-block-image\"><figure class=\"aligncenter\"><a href=\"https:\/\/www.artspeculation.net\/?attachment_id=2137\"><img src=\"https:\/\/www.artspeculation.net\/wp-content\/gallery\/foot\/foot1.jpg\" alt=\"\" class=\"wp-image-874\" title=\"Citius, Altius, Fortius\"\/><\/a><\/figure><\/div>\n\n\n\n<div class=\"wp-block-image\"><figure class=\"aligncenter\"><a href=\"https:\/\/www.artspeculation.net\/?attachment_id=2102\"><img src=\"https:\/\/www.artspeculation.net\/wp-content\/gallery\/tirelire\/tirelire.jpg\" alt=\"\" class=\"wp-image-874\" title=\"De la finance consid\u00e9r\u00e9e comme l\u2019un des beaux arts\"\/><\/a><\/figure><\/div>\n\n\n\n<div class=\"wp-block-image\"><figure class=\"aligncenter\"><a href=\"https:\/\/www.artspeculation.net\/?attachment_id=2089\"><img src=\"https:\/\/www.artspeculation.net\/wp-content\/gallery\/margaritas\/margaritas1.jpg\" alt=\"\" class=\"wp-image-874\" title=\"Margaritas ante porcos\"\/><\/a><\/figure><\/div>\n\n\n\n<div class=\"wp-block-image\"><figure class=\"aligncenter\"><a href=\"https:\/\/www.artspeculation.net\/?attachment_id=2113\"><img src=\"https:\/\/www.artspeculation.net\/wp-content\/gallery\/access\/access.jpg\" alt=\"\" class=\"wp-image-874\" title=\"Access denied\"\/><\/a><\/figure><\/div>\n\n\n\n<div class=\"wp-block-image\"><figure class=\"aligncenter\"><a href=\"https:\/\/www.artspeculation.net\/?attachment_id=2105\"><img src=\"https:\/\/www.artspeculation.net\/wp-content\/gallery\/pape\/pape1.jpg\" alt=\"\" title=\"Fid\u00e8le interpr\u00e9tation\"\/><\/a><\/figure><\/div>\n\n\n\n<div class=\"wp-block-image\"><figure class=\"aligncenter\"><a href=\"https:\/\/www.artspeculation.net\/?attachment_id=2076\"><img src=\"https:\/\/www.artspeculation.net\/wp-content\/gallery\/essai1992\/essai1992_big2.jpg\" alt=\"\" class=\"wp-image-874\" title=\"Essai n\u00b01992\"\/><\/a><\/figure><\/div>\n\n\n\n<div class=\"wp-block-image\"><figure class=\"aligncenter\"><a href=\"https:\/\/www.artspeculation.net\/?attachment_id=2120\"><img src=\"https:\/\/www.artspeculation.net\/wp-content\/gallery\/money\/money.jpg\" alt=\"\" title=\"MONEY SAVES US\"\/><\/a><\/figure><\/div>\n\n\n\n<div class=\"wp-block-image\"><figure class=\"aligncenter\"><a href=\"https:\/\/www.artspeculation.net\/?attachment_id=2058\"><img src=\"https:\/\/www.artspeculation.net\/wp-content\/gallery\/injustice\/matrimoinegenetique.jpg\" alt=\"\" class=\"wp-image-874\" title=\"Injustice\"\/><\/a><\/figure><\/div>\n\n\n\n<div class=\"wp-block-image\"><figure class=\"aligncenter\"><a href=\"https:\/\/www.artspeculation.net\/?attachment_id=2064\"><img src=\"https:\/\/www.artspeculation.net\/wp-content\/gallery\/metroboulotdeco\/prison.jpg\" alt=\"\" class=\"wp-image-874\" title=\"M\u00e9tro boulot d\u00e9co\"\/><\/a><\/figure><\/div>\n\n\n\n<div class=\"wp-block-image\"><figure class=\"aligncenter\"><a href=\"https:\/\/www.artspeculation.net\/?attachment_id=2037\"><img src=\"https:\/\/www.artspeculation.net\/wp-content\/gallery\/vanity\/vanity1.jpg\" alt=\"\" class=\"wp-image-874\" title=\"Plaqu\u00e9 or\"\/><\/a><\/figure><\/div>\n\n\n\n<div class=\"wp-block-image\"><figure class=\"aligncenter\"><a href=\"https:\/\/www.artspeculation.net\/?attachment_id=1847\"><img src=\"https:\/\/www.artspeculation.net\/wp-content\/gallery\/picasso\/picasso1.jpg\" alt=\"\" class=\"wp-image-874\" title=\"Success story-telling\"\/><\/a><\/figure><\/div>\n\n\n\n<div class=\"wp-block-image\"><figure class=\"aligncenter\"><a href=\"https:\/\/www.artspeculation.net\/?attachment_id=1838\"><img src=\"https:\/\/www.artspeculation.net\/wp-content\/gallery\/kohlanta\/kohlanta2.jpg\" alt=\"\" class=\"wp-image-874\" title=\"Kohlanta\"\/><\/a><\/figure><\/div>\n\n\n\n<div class=\"wp-block-image\"><figure class=\"aligncenter\"><a href=\"https:\/\/www.artspeculation.net\/?attachment_id=1783\"><img src=\"https:\/\/www.artspeculation.net\/wp-content\/gallery\/etpourtantellestournent\/metro2.jpg\" alt=\"\" class=\"wp-image-874\" title=\"Et pourtant, elles tournent !\"\/><\/a><\/figure><\/div>\n\n\n\n<div class=\"wp-block-image\"><figure class=\"aligncenter\"><a href=\"https:\/\/www.artspeculation.net\/?attachment_id=1761\"><img src=\"https:\/\/www.artspeculation.net\/wp-content\/gallery\/grandeuretdecadence\/grandeur1.jpg\" alt=\"\" class=\"wp-image-874\" title=\"Grandeur et d\u00e9cadence\"\/><\/a><\/figure><\/div>\n\n\n\n<div class=\"wp-block-image\"><figure class=\"aligncenter\"><a href=\"https:\/\/www.artspeculation.net\/?attachment_id=1579\"><img src=\"https:\/\/www.artspeculation.net\/wp-content\/gallery\/tapisdepriere\/moulinsart.jpg\" alt=\"\" class=\"wp-image-874\" title=\"Tapis de pri\u00e8re\"\/><\/a><\/figure><\/div>\n\n\n\n<div class=\"wp-block-image\"><figure class=\"aligncenter\"><a href=\"https:\/\/www.artspeculation.net\/?attachment_id=1600\"><img src=\"https:\/\/www.artspeculation.net\/wp-content\/gallery\/time-machine\/timemachine.jpg\" alt=\"\" title=\"Time machine\"\/><\/a><\/figure><\/div>\n\n\n\n<div class=\"wp-block-image\"><figure class=\"aligncenter\"><a href=\"https:\/\/www.artspeculation.net\/?attachment_id=1614\"><img src=\"https:\/\/www.artspeculation.net\/wp-content\/gallery\/contresens\/contresens_detail.jpg\" alt=\"\" class=\"wp-image-874\" title=\"Contre-sens\"\/><\/a><\/figure><\/div>\n\n\n\n<div class=\"wp-block-image\"><figure class=\"aligncenter\"><a href=\"https:\/\/www.artspeculation.net\/?attachment_id=1606\"><img src=\"https:\/\/www.artspeculation.net\/wp-content\/gallery\/dialogue\/jocondes1.jpg\" alt=\"\" class=\"wp-image-874\" title=\"Dialogue avec l'invisible\"\/><\/a><\/figure><\/div>\n\n\n\n<div class=\"wp-block-image\"><figure class=\"aligncenter\"><a href=\"https:\/\/www.artspeculation.net\/?attachment_id=1491\"><img src=\"https:\/\/www.artspeculation.net\/wp-content\/gallery\/enterrement\/regledetail1.jpg\" alt=\"\" class=\"wp-image-874\" title=\"R\u00e8gle \u00e0 tirer des traits sur les r\u00e8gles\"\/><\/a><\/figure><\/div>\n\n\n\n<div class=\"wp-block-image\"><figure class=\"aligncenter\"><a href=\"https:\/\/www.artspeculation.net\/?attachment_id=1666\"><img src=\"https:\/\/www.artspeculation.net\/wp-content\/gallery\/petitpatin\/petitspatins1.jpg\" alt=\"\" class=\"wp-image-874\" title=\"Petits patins\"\/><\/a><\/figure><\/div>\n\n\n\n<div class=\"wp-block-image\"><figure class=\"aligncenter\"><a href=\"https:\/\/www.artspeculation.net\/?attachment_id=1428\"><img src=\"https:\/\/www.artspeculation.net\/wp-content\/gallery\/tenuedeceremonie\/tenuedeceremonie_big.jpg\" alt=\"\" class=\"wp-image-874\" title=\"Tenue de c\u00e9r\u00e9monie\"\/><\/a><\/figure><\/div>\n\n\n\n<div class=\"wp-block-image\"><figure class=\"aligncenter\"><a href=\"https:\/\/www.artspeculation.net\/?attachment_id=1381\"><img src=\"https:\/\/www.artspeculation.net\/wp-content\/gallery\/revolution\/revolution3.jpg\" alt=\"\" class=\"wp-image-874\" title=\"R\u00e9volution\"\/><\/a><\/figure><\/div>\n\n\n\n<div class=\"wp-block-image\"><figure class=\"aligncenter\"><a href=\"https:\/\/www.artspeculation.net\/?attachment_id=1327\"><img src=\"https:\/\/www.artspeculation.net\/wp-content\/gallery\/produit-derive\/produitderive.jpg\" alt=\"\" class=\"wp-image-874\" title=\"Sp\u00e9culation sur produits d\u00e9riv\u00e9s\"\/><\/a><\/figure><\/div>\n\n\n\n<div class=\"wp-block-image\"><figure class=\"aligncenter\"><a href=\"https:\/\/www.artspeculation.net\/?attachment_id=1222\"><img src=\"https:\/\/www.artspeculation.net\/wp-content\/gallery\/raf\/raf_.jpg\" alt=\"\" title=\"R.A.F. (Rien A Foutre)\"\/><\/a><\/figure><\/div>\n\n\n\n<figure class=\"wp-block-image size-large\"><a href=\"https:\/\/www.artspeculation.net\/?attachment_id=1201\"><img src=\"https:\/\/www.artspeculation.net\/wp-content\/gallery\/pyramide\/pyramide.jpg\" alt=\"\" title=\"Pyramide\"\/><\/a><\/figure>\n\n\n\n<figure class=\"wp-block-image size-large is-resized\"><a href=\"https:\/\/www.artspeculation.net\/?attachment_id=1146\"><img loading=\"lazy\" src=\"https:\/\/www.artspeculation.net\/wp-content\/gallery\/grandmystere\/grandmysteregrandjeu2.jpg\" alt=\"\" width=\"610\" height=\"600\" title=\"Grand myst\u00e8re\"\/><\/a><\/figure>\n\n\n\n<p><a href=\"https:\/\/www.artspeculation.net\/?page_id=2690\"><\/a><\/p>\n\n\n\n<div class=\"wp-block-image\"><figure class=\"aligncenter\"><a href=\"https:\/\/www.artspeculation.net\/?attachment_id=1274\"><img src=\"https:\/\/www.artspeculation.net\/wp-content\/gallery\/fictionnationale\/fictionnationale.jpg\" alt=\"\" title=\"Fiction nationale\"\/><\/a><\/figure><\/div>\n\n\n\n<p><a href=\"https:\/\/www.artspeculation.net\/?page_id=2690\"><\/a><\/p>\n\n\n\n<p><a href=\"https:\/\/www.artspeculation.net\/?page_id=2693\"><\/a><\/p>\n","protected":false},"excerpt":{"rendered":"<p>Derni\u00e8res expositions Exposition collective&nbsp;&nbsp;&nbsp;&nbsp; The Lighthouse Gallery, Rouen, mai 2025 Exposition collective \u00ab\u00a0Ali\u00e9n\u00e9s\u00a0\u00bb&nbsp;&nbsp;&nbsp;&nbsp;&nbsp;Banque de France, Paris, septembre 2023&nbsp;&nbsp;&nbsp;&nbsp;&nbsp;Galerie des Gobelins, Mobilier National, Paris, juin 2022&nbsp;&nbsp;&nbsp;&nbsp;&nbsp;Minist\u00e8re de la Culture, Paris septembre 2022 Exposition \u00ab\u00a0IKEART\u00a0\u00bb&nbsp;&nbsp;&nbsp;&nbsp;&nbsp;\u00e0 Art Gallery L&rsquo;Oeil et la Main, 41 rue de Verneuil, Paris 7e&nbsp;&nbsp;&nbsp;&nbsp;&nbsp;du 21 octobre 2021 au 7 f\u00e9vrier 2022 Exposition \u00ab\u00a0ACCESS DENIED\u00a0\u00bb&nbsp;&nbsp;&nbsp;&nbsp;&nbsp;\u00e0 [&hellip;]<\/p>\n","protected":false},"author":1,"featured_media":0,"parent":0,"menu_order":0,"comment_status":"closed","ping_status":"open","template":"","meta":{"ngg_post_thumbnail":0},"_links":{"self":[{"href":"https:\/\/www.artspeculation.net\/index.php?rest_route=\/wp\/v2\/pages\/873"}],"collection":[{"href":"https:\/\/www.artspeculation.net\/index.php?rest_route=\/wp\/v2\/pages"}],"about":[{"href":"https:\/\/www.artspeculation.net\/index.php?rest_route=\/wp\/v2\/types\/page"}],"author":[{"embeddable":true,"href":"https:\/\/www.artspeculation.net\/index.php?rest_route=\/wp\/v2\/users\/1"}],"replies":[{"embeddable":true,"href":"https:\/\/www.artspeculation.net\/index.php?rest_route=%2Fwp%2Fv2%2Fcomments&post=873"}],"version-history":[{"count":58,"href":"https:\/\/www.artspeculation.net\/index.php?rest_route=\/wp\/v2\/pages\/873\/revisions"}],"predecessor-version":[{"id":3509,"href":"https:\/\/www.artspeculation.net\/index.php?rest_route=\/wp\/v2\/pages\/873\/revisions\/3509"}],"wp:attachment":[{"href":"https:\/\/www.artspeculation.net\/index.php?rest_route=%2Fwp%2Fv2%2Fmedia&parent=873"}],"curies":[{"name":"wp","href":"https:\/\/api.w.org\/{rel}","templated":true}]}}