{"id":450,"date":"2012-03-10T20:04:57","date_gmt":"2012-03-10T20:04:57","guid":{"rendered":"http:\/\/www.artspeculation.net\/?page_id=450"},"modified":"2014-05-15T11:54:28","modified_gmt":"2014-05-15T11:54:28","slug":"contact","status":"publish","type":"page","link":"https:\/\/www.artspeculation.net\/?page_id=450","title":{"rendered":"Contact"},"content":{"rendered":"<p><BR><strong>artspeculation at gmail.com<\/strong><\/p>\n<p>Repr\u00e9sentant \u00e0 Paris :<br \/>\nGuillaume<br \/>\nO6 78 71 62 29<\/p>\n<p>Repr\u00e9sentant \u00e0 Rouen :<br \/>\nJean-Pierre<br \/>\nO6 67 78 23 32<\/p>\n","protected":false},"excerpt":{"rendered":"<p>artspeculation at gmail.com Repr\u00e9sentant \u00e0 Paris : Guillaume O6 78 71 62 29 Repr\u00e9sentant \u00e0 Rouen : Jean-Pierre O6 67 78 23 32<\/p>\n","protected":false},"author":1,"featured_media":0,"parent":0,"menu_order":0,"comment_status":"closed","ping_status":"closed","template":"onecolumn-page.php","meta":{"ngg_post_thumbnail":0},"_links":{"self":[{"href":"https:\/\/www.artspeculation.net\/index.php?rest_route=\/wp\/v2\/pages\/450"}],"collection":[{"href":"https:\/\/www.artspeculation.net\/index.php?rest_route=\/wp\/v2\/pages"}],"about":[{"href":"https:\/\/www.artspeculation.net\/index.php?rest_route=\/wp\/v2\/types\/page"}],"author":[{"embeddable":true,"href":"https:\/\/www.artspeculation.net\/index.php?rest_route=\/wp\/v2\/users\/1"}],"replies":[{"embeddable":true,"href":"https:\/\/www.artspeculation.net\/index.php?rest_route=%2Fwp%2Fv2%2Fcomments&post=450"}],"version-history":[{"count":17,"href":"https:\/\/www.artspeculation.net\/index.php?rest_route=\/wp\/v2\/pages\/450\/revisions"}],"predecessor-version":[{"id":1362,"href":"https:\/\/www.artspeculation.net\/index.php?rest_route=\/wp\/v2\/pages\/450\/revisions\/1362"}],"wp:attachment":[{"href":"https:\/\/www.artspeculation.net\/index.php?rest_route=%2Fwp%2Fv2%2Fmedia&parent=450"}],"curies":[{"name":"wp","href":"https:\/\/api.w.org\/{rel}","templated":true}]}}