{"id":348,"date":"2012-03-10T14:41:51","date_gmt":"2012-03-10T14:41:51","guid":{"rendered":"http:\/\/www.artspeculation.net\/?page_id=348"},"modified":"2022-04-12T22:43:23","modified_gmt":"2022-04-12T22:43:23","slug":"concours-de-beaute","status":"publish","type":"page","link":"https:\/\/www.artspeculation.net\/?page_id=348","title":{"rendered":"Concours de beaut\u00e9"},"content":{"rendered":"\n<div class=\"wp-block-columns\">\n<div class=\"wp-block-column\" style=\"flex-basis:100%\">\n<p>2011 &#8211; Projet de site Internet interactif et grand public<br>\n\n<div class=\"ngg-galleryoverview ngg-slideshow\"\n\t id=\"ngg-slideshow-c95967d0e22bec06353353dced8fa852-18223219550\"\n     data-gallery-id=\"c95967d0e22bec06353353dced8fa852\"\n     style=\"max-width: 800px; max-height: 600px;\">\n\n \t<div id=\"ngg-image-0\" class=\"ngg-gallery-slideshow-image\" style=\"height:600px\">\n\n        <a href=\"https:\/\/www.artspeculation.net\/wp-content\/gallery\/beaute\/beaute1.jpg\"\n           title=\"\"\n           data-src=\"https:\/\/www.artspeculation.net\/wp-content\/gallery\/beaute\/beaute1.jpg\"\n           data-thumbnail=\"https:\/\/www.artspeculation.net\/wp-content\/gallery\/beaute\/thumbs\/thumbs_beaute1.jpg\"\n           data-image-id=\"103\"\n           data-title=\"Concours de beaut\u00e9\"\n           data-description=\"\"\n           >\n\n            <img data-image-id='103'\n                 title=\"\"\n                 alt=\"Concours de beaut\u00e9\"\n                 src=\"https:\/\/www.artspeculation.net\/wp-content\/gallery\/beaute\/beaute1.jpg\"\n                 style=\"max-height: 580px;\"\/>\n        <\/a>\n\n        <\/div> \n<\/div>\n\n\n\t\t<!-- Thumbnails Link -->\n\t<div class=\"slideshowlink\" style=\"max-width: 800px;\">\n        <a href='https:\/\/www.artspeculation.net\/index.php\/nggallery\/thumbnails?page_id=348'><\/a>\n\t<\/div>\n\n<br>Dans \u00ab Concours de beaut\u00e9 \u00bb, \u00ab artspeculation \u00bb d\u00e9veloppe un projet qui confronte approche scientifique et approche esth\u00e9tique.<br>\u00ab Que la nature est belle \u00bb \u2026 La mise en place d\u2019une politique publique de protection de la biodiversit\u00e9 ne prend pas en compte l\u2019int\u00e9r\u00eat esth\u00e9tique car ce dernier est consid\u00e9r\u00e9 comme trop subjectif. C\u2019est pourtant refuser une \u00e9vidence, nous n\u2019avons pas le m\u00eame rapport avec les diff\u00e9rentes esp\u00e8ces et il y a plus d\u2019oiseaux prot\u00e9g\u00e9s que d\u2019araign\u00e9es. Plut\u00f4t que de d\u00e9battre de la qualit\u00e9 esth\u00e9tique des \u0153uvres d\u2019art (dont l\u2019int\u00e9r\u00eat est aujourd\u2019hui avant tout culturel), il parait int\u00e9ressant de prendre appui sur la biodiversit\u00e9 pour se demander si chacun r\u00e9agit de mani\u00e8re similaire aux sollicitations esth\u00e9tiques.<br>Le projet concours de beaut\u00e9 consiste \u00e0 cr\u00e9er sur le Net un \u00ab jeu interactif \u00bb qui donnerait au grand public la possibilit\u00e9 de s\u2019\u00e9valuer en tant qu\u2019expert en beaut\u00e9. Il s\u2019agit de pr\u00e9senter une succession d\u2019\u00e9crans o\u00f9 l\u2019on devrait classer des images de la biodiversit\u00e9 selon leur beaut\u00e9. A partir des r\u00e9ponses, on attribue une valeur \u00e0 chaque image (le nombre de fois ou elle a \u00e9t\u00e9 choisie par rapport au nombre de r\u00e9ponses) et on renvoie au joueur une note sur sa performance globale. Plus la r\u00e9ponse est proche de la r\u00e9ponse type et meilleure est sa note.<br><br><br><\/p>\n<\/div>\n<\/div>\n","protected":false},"excerpt":{"rendered":"<p>2011 &#8211; Projet de site Internet interactif et grand public Dans \u00ab Concours de beaut\u00e9 \u00bb, \u00ab artspeculation \u00bb d\u00e9veloppe un projet qui confronte approche scientifique et approche esth\u00e9tique.\u00ab Que la nature est belle \u00bb \u2026 La mise en place d\u2019une politique publique de protection de la biodiversit\u00e9 ne prend pas en compte l\u2019int\u00e9r\u00eat esth\u00e9tique [&hellip;]<\/p>\n","protected":false},"author":1,"featured_media":0,"parent":390,"menu_order":0,"comment_status":"closed","ping_status":"closed","template":"onecolumn-page.php","meta":{"ngg_post_thumbnail":0},"_links":{"self":[{"href":"https:\/\/www.artspeculation.net\/index.php?rest_route=\/wp\/v2\/pages\/348"}],"collection":[{"href":"https:\/\/www.artspeculation.net\/index.php?rest_route=\/wp\/v2\/pages"}],"about":[{"href":"https:\/\/www.artspeculation.net\/index.php?rest_route=\/wp\/v2\/types\/page"}],"author":[{"embeddable":true,"href":"https:\/\/www.artspeculation.net\/index.php?rest_route=\/wp\/v2\/users\/1"}],"replies":[{"embeddable":true,"href":"https:\/\/www.artspeculation.net\/index.php?rest_route=%2Fwp%2Fv2%2Fcomments&post=348"}],"version-history":[{"count":12,"href":"https:\/\/www.artspeculation.net\/index.php?rest_route=\/wp\/v2\/pages\/348\/revisions"}],"predecessor-version":[{"id":2958,"href":"https:\/\/www.artspeculation.net\/index.php?rest_route=\/wp\/v2\/pages\/348\/revisions\/2958"}],"up":[{"embeddable":true,"href":"https:\/\/www.artspeculation.net\/index.php?rest_route=\/wp\/v2\/pages\/390"}],"wp:attachment":[{"href":"https:\/\/www.artspeculation.net\/index.php?rest_route=%2Fwp%2Fv2%2Fmedia&parent=348"}],"curies":[{"name":"wp","href":"https:\/\/api.w.org\/{rel}","templated":true}]}}