{"id":344,"date":"2012-03-10T14:23:13","date_gmt":"2012-03-10T14:23:13","guid":{"rendered":"http:\/\/www.artspeculation.net\/?page_id=344"},"modified":"2022-04-12T22:42:46","modified_gmt":"2022-04-12T22:42:46","slug":"piece-unique","status":"publish","type":"page","link":"https:\/\/www.artspeculation.net\/?page_id=344","title":{"rendered":"Pi\u00e8ce unique"},"content":{"rendered":"\n<div class=\"wp-block-columns\">\n<div class=\"wp-block-column\" style=\"flex-basis:100%\">\n<p>\n\n<div class=\"ngg-galleryoverview ngg-slideshow\"\n\t id=\"ngg-slideshow-7c8132c38b2774bdc8ee065f43630d0d-11201233660\"\n     data-gallery-id=\"7c8132c38b2774bdc8ee065f43630d0d\"\n     style=\"max-width: 800px; max-height: 600px;\">\n\n \t<div id=\"ngg-image-0\" class=\"ngg-gallery-slideshow-image\" style=\"height:600px\">\n\n        <a href=\"https:\/\/www.artspeculation.net\/wp-content\/gallery\/piece-unique\/pieceunique.jpg\"\n           title=\"2011 - 20x20x20 cm - puzzle plastique 3D, socle dor\u00e9.\"\n           data-src=\"https:\/\/www.artspeculation.net\/wp-content\/gallery\/piece-unique\/pieceunique.jpg\"\n           data-thumbnail=\"https:\/\/www.artspeculation.net\/wp-content\/gallery\/piece-unique\/thumbs\/thumbs_pieceunique.jpg\"\n           data-image-id=\"99\"\n           data-title=\"Pi\u00e8ce unique\"\n           data-description=\"2011 - 20x20x20 cm - puzzle plastique 3D, socle dor\u00e9.\"\n           >\n\n            <img data-image-id='99'\n                 title=\"2011 - 20x20x20 cm - puzzle plastique 3D, socle dor\u00e9.\"\n                 alt=\"Pi\u00e8ce unique\"\n                 src=\"https:\/\/www.artspeculation.net\/wp-content\/gallery\/piece-unique\/pieceunique.jpg\"\n                 style=\"max-height: 580px;\"\/>\n        <\/a>\n\n        <\/div> \n<div id=\"ngg-image-1\" class=\"ngg-gallery-slideshow-image\" style=\"height:600px\">\n\n        <a href=\"https:\/\/www.artspeculation.net\/wp-content\/gallery\/piece-unique\/pieceuniquedetail.jpg\"\n           title=\"2011 - 20x20x20 cm - puzzle plastique 3D, socle dor\u00e9.\"\n           data-src=\"https:\/\/www.artspeculation.net\/wp-content\/gallery\/piece-unique\/pieceuniquedetail.jpg\"\n           data-thumbnail=\"https:\/\/www.artspeculation.net\/wp-content\/gallery\/piece-unique\/thumbs\/thumbs_pieceuniquedetail.jpg\"\n           data-image-id=\"100\"\n           data-title=\"Pi\u00e8ce unique d\u00e9tail\"\n           data-description=\"2011 - 20x20x20 cm - puzzle plastique 3D, socle dor\u00e9.\"\n           >\n\n            <img data-image-id='100'\n                 title=\"2011 - 20x20x20 cm - puzzle plastique 3D, socle dor\u00e9.\"\n                 alt=\"Pi\u00e8ce unique d\u00e9tail\"\n                 src=\"https:\/\/www.artspeculation.net\/wp-content\/gallery\/piece-unique\/pieceuniquedetail.jpg\"\n                 style=\"max-height: 580px;\"\/>\n        <\/a>\n\n        <\/div> \n<\/div>\n\n\n\t\t<!-- Thumbnails Link -->\n\t<div class=\"slideshowlink\" style=\"max-width: 800px;\">\n        <a href='https:\/\/www.artspeculation.net\/index.php\/nggallery\/thumbnails?page_id=344'><\/a>\n\t<\/div>\n\n<br><strong>Pi\u00e8ce unique<\/strong> &nbsp;&nbsp;2011 &#8211; 20x20x20 cm &#8211; puzzle plastique 3D, socle dor\u00e9.<\/p>\n<p><em>Une seule plan\u00e8te. Pr\u00e9cieuse. Pour tous. Pour chacun. Des enjeux importants. Un seul enjeu. Une fois encore, la distance, le m\u00e9lange, la complexit\u00e9 qu\u2019introduit le puzzle, porte l\u2019\u00e9paisseur de cette pens\u00e9e et renvoie aux grands enjeux actuels associ\u00e9s aux changements, climatiques, \u00e9cologiques, \u00e9conomiques, politiques, sociaux &#8230; partag\u00e9s par l\u2019humanit\u00e9.<br>Le monde parfait est-il \u00e0 rechercher dans notre pass\u00e9 ou dans l&rsquo;avenir ?<\/em><\/p>\n<p>&nbsp;<\/p>\n<p><small>Pour agrandir, cliquez sur l&rsquo;image :<\/small><\/p>\n<p><a class=\"thickbox\" title=\"Pi\u00e8ce unique   2011 - 20x20x20 cm - puzzle plastique 3D, socle dor\u00e9.\" href=\"https:\/\/www.artspeculation.net\/wp-content\/gallery\/piece-unique\/pieceunique.jpg\" rel=\"\"><img class=\"ngg-singlepic ngg-left\" src=\"https:\/\/www.artspeculation.net\/wp-content\/gallery\/piece-unique\/thumbs\/thumbs_pieceunique.jpg\" alt=\"Pi\u00e8ce unique\"><\/a><strong>Pi\u00e8ce unique<\/strong> &nbsp;&nbsp;2011 &#8211; 20x20x20 cm &#8211; puzzle plastique 3D, socle dor\u00e9.<\/p>\n<p>&nbsp;<\/p>\n<p><a class=\"thickbox\" title=\"Pi\u00e8ce unique (d\u00e9tail)   2011 - 20x20x20 cm - puzzle plastique 3D, socle dor\u00e9.\" href=\"https:\/\/www.artspeculation.net\/wp-content\/gallery\/piece-unique\/pieceuniquedetail.jpg\" rel=\"\"><img class=\"ngg-singlepic ngg-left\" src=\"https:\/\/www.artspeculation.net\/wp-content\/gallery\/piece-unique\/thumbs\/thumbs_pieceuniquedetail.jpg\" alt=\"Pi\u00e8ce unique d\u00e9tail\"><\/a><strong>Pi\u00e8ce unique<\/strong> d\u00e9tail &nbsp;&nbsp;2011 &#8211; 20x20x20 cm &#8211; puzzle plastique 3D, socle dor\u00e9.<\/p>\n<p>&nbsp;<\/p>\n<p>&nbsp;<\/p>\n<p><a href=\"https:\/\/www.artspeculation.net\/?page_id=379\"> Retour portofolio<\/a><\/p>\n<\/div>\n<\/div>\n","protected":false},"excerpt":{"rendered":"<p>Pi\u00e8ce unique &nbsp;&nbsp;2011 &#8211; 20x20x20 cm &#8211; puzzle plastique 3D, socle dor\u00e9. Une seule plan\u00e8te. Pr\u00e9cieuse. Pour tous. Pour chacun. Des enjeux importants. Un seul enjeu. Une fois encore, la distance, le m\u00e9lange, la complexit\u00e9 qu\u2019introduit le puzzle, porte l\u2019\u00e9paisseur de cette pens\u00e9e et renvoie aux grands enjeux actuels associ\u00e9s aux changements, climatiques, \u00e9cologiques, \u00e9conomiques, [&hellip;]<\/p>\n","protected":false},"author":1,"featured_media":0,"parent":379,"menu_order":0,"comment_status":"closed","ping_status":"closed","template":"onecolumn-page.php","meta":{"ngg_post_thumbnail":0},"_links":{"self":[{"href":"https:\/\/www.artspeculation.net\/index.php?rest_route=\/wp\/v2\/pages\/344"}],"collection":[{"href":"https:\/\/www.artspeculation.net\/index.php?rest_route=\/wp\/v2\/pages"}],"about":[{"href":"https:\/\/www.artspeculation.net\/index.php?rest_route=\/wp\/v2\/types\/page"}],"author":[{"embeddable":true,"href":"https:\/\/www.artspeculation.net\/index.php?rest_route=\/wp\/v2\/users\/1"}],"replies":[{"embeddable":true,"href":"https:\/\/www.artspeculation.net\/index.php?rest_route=%2Fwp%2Fv2%2Fcomments&post=344"}],"version-history":[{"count":17,"href":"https:\/\/www.artspeculation.net\/index.php?rest_route=\/wp\/v2\/pages\/344\/revisions"}],"predecessor-version":[{"id":2956,"href":"https:\/\/www.artspeculation.net\/index.php?rest_route=\/wp\/v2\/pages\/344\/revisions\/2956"}],"up":[{"embeddable":true,"href":"https:\/\/www.artspeculation.net\/index.php?rest_route=\/wp\/v2\/pages\/379"}],"wp:attachment":[{"href":"https:\/\/www.artspeculation.net\/index.php?rest_route=%2Fwp%2Fv2%2Fmedia&parent=344"}],"curies":[{"name":"wp","href":"https:\/\/api.w.org\/{rel}","templated":true}]}}