{"id":340,"date":"2012-03-10T14:20:13","date_gmt":"2012-03-10T14:20:13","guid":{"rendered":"http:\/\/www.artspeculation.net\/?page_id=340"},"modified":"2022-04-12T22:36:31","modified_gmt":"2022-04-12T22:36:31","slug":"paysage-merveilleux","status":"publish","type":"page","link":"https:\/\/www.artspeculation.net\/?page_id=340","title":{"rendered":"Paysage merveilleux"},"content":{"rendered":"\n<div class=\"wp-block-columns\">\n<div class=\"wp-block-column\" style=\"flex-basis:100%\">\n<p>\n\n<div class=\"ngg-galleryoverview ngg-slideshow\"\n\t id=\"ngg-slideshow-af8fe56b793c2b4407e191fda13e366c-1540512420\"\n     data-gallery-id=\"af8fe56b793c2b4407e191fda13e366c\"\n     style=\"max-width: 800px; max-height: 600px;\">\n\n \t<div id=\"ngg-image-0\" class=\"ngg-gallery-slideshow-image\" style=\"height:600px\">\n\n        <a href=\"https:\/\/www.artspeculation.net\/wp-content\/gallery\/paysage-lumineux\/paysagelumineux.jpg\"\n           title=\"\"\n           data-src=\"https:\/\/www.artspeculation.net\/wp-content\/gallery\/paysage-lumineux\/paysagelumineux.jpg\"\n           data-thumbnail=\"https:\/\/www.artspeculation.net\/wp-content\/gallery\/paysage-lumineux\/thumbs\/thumbs_paysagelumineux.jpg\"\n           data-image-id=\"94\"\n           data-title=\"Paysage merveilleux\"\n           data-description=\"\"\n           >\n\n            <img data-image-id='94'\n                 title=\"\"\n                 alt=\"Paysage merveilleux\"\n                 src=\"https:\/\/www.artspeculation.net\/wp-content\/gallery\/paysage-lumineux\/paysagelumineux.jpg\"\n                 style=\"max-height: 580px;\"\/>\n        <\/a>\n\n        <\/div> \n<div id=\"ngg-image-1\" class=\"ngg-gallery-slideshow-image\" style=\"height:600px\">\n\n        <a href=\"https:\/\/www.artspeculation.net\/wp-content\/gallery\/paysage-lumineux\/paysagelumineuxdetail.jpg\"\n           title=\"\"\n           data-src=\"https:\/\/www.artspeculation.net\/wp-content\/gallery\/paysage-lumineux\/paysagelumineuxdetail.jpg\"\n           data-thumbnail=\"https:\/\/www.artspeculation.net\/wp-content\/gallery\/paysage-lumineux\/thumbs\/thumbs_paysagelumineuxdetail.jpg\"\n           data-image-id=\"95\"\n           data-title=\"Paysage merveilleux d\u00e9tail\"\n           data-description=\"\"\n           >\n\n            <img data-image-id='95'\n                 title=\"\"\n                 alt=\"Paysage merveilleux d\u00e9tail\"\n                 src=\"https:\/\/www.artspeculation.net\/wp-content\/gallery\/paysage-lumineux\/paysagelumineuxdetail.jpg\"\n                 style=\"max-height: 580px;\"\/>\n        <\/a>\n\n        <\/div> \n<\/div>\n\n\n\t\t<!-- Thumbnails Link -->\n\t<div class=\"slideshowlink\" style=\"max-width: 800px;\">\n        <a href='https:\/\/www.artspeculation.net\/index.php\/nggallery\/thumbnails?page_id=340'><\/a>\n\t<\/div>\n\n<br><strong>Paysage merveilleux<\/strong> &nbsp;&nbsp;2011 &#8211; 78&#215;58 cm &#8211; puzzle peint, encadrement sous-verre, guirlande \u00e9lectrique.<br><br><em>Nous r\u00eavons d\u2019un ailleurs inaccessible, nous nous rem\u00e9morons un pass\u00e9 merveilleux, nous nous projetons dans un future improbable, nous souhaitons \u00eatre autre, beau, puissant. On embellit la r\u00e9alit\u00e9 avec des guirlandes de no\u00ebl, on ach\u00e8te le dernier gadget, on r\u00eave d\u2019une plage d\u00e9serte : le vide comme r\u00eave, comme d\u00e9sir\u2026 S\u2019agit-il du paradis ?<\/em><br><br><br><small>Pour agrandir, cliquez sur l&rsquo;image :<\/small><br><br><a class=\"thickbox\" title=\"Paysage merveilleux   2011 - 78x58 cm - puzzle peint, encadrement sous-verre, guirlande \u00e9lectrique.\" href=\"https:\/\/www.artspeculation.net\/wp-content\/gallery\/paysage-lumineux\/paysagelumineux.jpg\" rel=\"\"><img class=\"ngg-singlepic ngg-left\" src=\"https:\/\/www.artspeculation.net\/wp-content\/gallery\/paysage-lumineux\/thumbs\/thumbs_paysagelumineux.jpg\" alt=\"Paysage merveilleux\"><\/a><strong>Paysage merveilleux<\/strong> &nbsp;&nbsp;2011 &#8211; 78&#215;58 cm &#8211; puzzle peint, encadrement sous-verre, guirlande \u00e9lectrique.<br><br><br><a class=\"thickbox\" title=\"Paysage merveilleux (d\u00e9tail)   2011 - 78x58 cm - puzzle peint, encadrement sous-verre, guirlande \u00e9lectrique.\" href=\"https:\/\/www.artspeculation.net\/wp-content\/gallery\/paysage-lumineux\/paysagelumineuxdetail.jpg\" rel=\"\"><img class=\"ngg-singlepic ngg-left\" src=\"https:\/\/www.artspeculation.net\/wp-content\/gallery\/paysage-lumineux\/thumbs\/thumbs_paysagelumineuxdetail.jpg\" alt=\"Paysage merveilleux d\u00e9tail\"><\/a><strong>Paysage merveilleux<\/strong> d\u00e9tail &nbsp;&nbsp;2011 &#8211; 78&#215;58 cm &#8211; puzzle peint, encadrement sous-verre, guirlande \u00e9lectrique.<br><br><br><br><br><\/p>\n<p><a href=\"https:\/\/www.artspeculation.net\/?page_id=34\"> Retour portofolio<\/a><\/p>\n<\/div>\n<\/div>\n","protected":false},"excerpt":{"rendered":"<p>Paysage merveilleux &nbsp;&nbsp;2011 &#8211; 78&#215;58 cm &#8211; puzzle peint, encadrement sous-verre, guirlande \u00e9lectrique. Nous r\u00eavons d\u2019un ailleurs inaccessible, nous nous rem\u00e9morons un pass\u00e9 merveilleux, nous nous projetons dans un future improbable, nous souhaitons \u00eatre autre, beau, puissant. On embellit la r\u00e9alit\u00e9 avec des guirlandes de no\u00ebl, on ach\u00e8te le dernier gadget, on r\u00eave d\u2019une plage [&hellip;]<\/p>\n","protected":false},"author":1,"featured_media":0,"parent":1349,"menu_order":0,"comment_status":"closed","ping_status":"closed","template":"onecolumn-page.php","meta":{"ngg_post_thumbnail":0},"_links":{"self":[{"href":"https:\/\/www.artspeculation.net\/index.php?rest_route=\/wp\/v2\/pages\/340"}],"collection":[{"href":"https:\/\/www.artspeculation.net\/index.php?rest_route=\/wp\/v2\/pages"}],"about":[{"href":"https:\/\/www.artspeculation.net\/index.php?rest_route=\/wp\/v2\/types\/page"}],"author":[{"embeddable":true,"href":"https:\/\/www.artspeculation.net\/index.php?rest_route=\/wp\/v2\/users\/1"}],"replies":[{"embeddable":true,"href":"https:\/\/www.artspeculation.net\/index.php?rest_route=%2Fwp%2Fv2%2Fcomments&post=340"}],"version-history":[{"count":17,"href":"https:\/\/www.artspeculation.net\/index.php?rest_route=\/wp\/v2\/pages\/340\/revisions"}],"predecessor-version":[{"id":2952,"href":"https:\/\/www.artspeculation.net\/index.php?rest_route=\/wp\/v2\/pages\/340\/revisions\/2952"}],"up":[{"embeddable":true,"href":"https:\/\/www.artspeculation.net\/index.php?rest_route=\/wp\/v2\/pages\/1349"}],"wp:attachment":[{"href":"https:\/\/www.artspeculation.net\/index.php?rest_route=%2Fwp%2Fv2%2Fmedia&parent=340"}],"curies":[{"name":"wp","href":"https:\/\/api.w.org\/{rel}","templated":true}]}}