{"id":338,"date":"2012-03-10T14:19:07","date_gmt":"2012-03-10T14:19:07","guid":{"rendered":"http:\/\/www.artspeculation.net\/?page_id=338"},"modified":"2022-04-12T08:07:56","modified_gmt":"2022-04-12T08:07:56","slug":"miroir","status":"publish","type":"page","link":"https:\/\/www.artspeculation.net\/?page_id=338","title":{"rendered":"R\u00e9flexion"},"content":{"rendered":"\n<div class=\"wp-container-1 wp-block-group\"><div class=\"wp-block-group__inner-container\">\n<p>\n\n<div class=\"ngg-galleryoverview ngg-slideshow\"\n\t id=\"ngg-slideshow-12e3a075d1e295c609c91b43254aab74-9052866350\"\n     data-gallery-id=\"12e3a075d1e295c609c91b43254aab74\"\n     style=\"max-width: 800px; max-height: 600px;\">\n\n \t<div id=\"ngg-image-0\" class=\"ngg-gallery-slideshow-image\" style=\"height:600px\">\n\n        <a href=\"https:\/\/www.artspeculation.net\/wp-content\/gallery\/miroir\/miroir.jpg\"\n           title=\"2011 - x cm - toile, peinture, coupures de magazine coll\u00e9es, film plastique, miroir, cadre en aluminium.\"\n           data-src=\"https:\/\/www.artspeculation.net\/wp-content\/gallery\/miroir\/miroir.jpg\"\n           data-thumbnail=\"https:\/\/www.artspeculation.net\/wp-content\/gallery\/miroir\/thumbs\/thumbs_miroir.jpg\"\n           data-image-id=\"93\"\n           data-title=\"Miroir\"\n           data-description=\"2011 - x cm - toile, peinture, coupures de magazine coll\u00e9es, film plastique, miroir, cadre en aluminium.\"\n           >\n\n            <img data-image-id='93'\n                 title=\"2011 - x cm - toile, peinture, coupures de magazine coll\u00e9es, film plastique, miroir, cadre en aluminium.\"\n                 alt=\"Miroir\"\n                 src=\"https:\/\/www.artspeculation.net\/wp-content\/gallery\/miroir\/miroir.jpg\"\n                 style=\"max-height: 580px;\"\/>\n        <\/a>\n\n        <\/div> \n<div id=\"ngg-image-1\" class=\"ngg-gallery-slideshow-image\" style=\"height:600px\">\n\n        <a href=\"https:\/\/www.artspeculation.net\/wp-content\/gallery\/miroir\/miroirdetail.jpg\"\n           title=\"\"\n           data-src=\"https:\/\/www.artspeculation.net\/wp-content\/gallery\/miroir\/miroirdetail.jpg\"\n           data-thumbnail=\"https:\/\/www.artspeculation.net\/wp-content\/gallery\/miroir\/thumbs\/thumbs_miroirdetail.jpg\"\n           data-image-id=\"107\"\n           data-title=\"miroirdetail\"\n           data-description=\"\"\n           >\n\n            <img data-image-id='107'\n                 title=\"\"\n                 alt=\"miroirdetail\"\n                 src=\"https:\/\/www.artspeculation.net\/wp-content\/gallery\/miroir\/miroirdetail.jpg\"\n                 style=\"max-height: 580px;\"\/>\n        <\/a>\n\n        <\/div> \n<\/div>\n\n\n\t\t<!-- Thumbnails Link -->\n\t<div class=\"slideshowlink\" style=\"max-width: 800px;\">\n        <a href='https:\/\/www.artspeculation.net\/index.php\/nggallery\/thumbnails?page_id=338'><\/a>\n\t<\/div>\n\n<br><strong>R\u00e9flexion<\/strong> &nbsp;&nbsp;2011 &#8211; 60&#215;50 cm &#8211; toile, peinture, coupures de magazine coll\u00e9es, film plastique, miroir, cadre en aluminium.<\/p>\n<p><em>Par un jeu de miroir, le regard du spectateur s\u2019inscrit dans le tableau et rejoint la collection des regards, regards des autres, de l\u2019opprobre et des voyeurs.<\/em><\/p>\n<p>&nbsp;<\/p>\n<p><small>Pour agrandir, cliquez sur l&rsquo;image :<\/small><\/p>\n<p><a class=\"thickbox\" title=\"R\u00e9flexion   2011 - 60x50 cm - toile, peinture, coupures de magazine coll\u00e9es, film plastique, miroir, cadre en aluminium.\" href=\"https:\/\/www.artspeculation.net\/wp-content\/gallery\/miroir\/miroir.jpg\" rel=\"\"><img class=\"ngg-singlepic ngg-left\" src=\"https:\/\/www.artspeculation.net\/wp-content\/gallery\/miroir\/thumbs\/thumbs_miroir.jpg\" alt=\"R\u00e9flexion\"><\/a><strong>R\u00e9flexion<\/strong> &nbsp;&nbsp;2011 &#8211; 60&#215;50 cm &#8211; toile, peinture, coupures de magazine coll\u00e9es, film plastique, miroir, cadre en aluminium.<\/p>\n<p><a class=\"thickbox\" title=\"R\u00e9flexion (d\u00e9tail)   2011 - 60x50 cm - toile, peinture, coupures de magazine coll\u00e9es, film plastique, miroir, cadre en aluminium.\" href=\"https:\/\/www.artspeculation.net\/wp-content\/gallery\/miroir\/miroirdetail.jpg\" rel=\"\"><img class=\"ngg-singlepic ngg-left\" src=\"https:\/\/www.artspeculation.net\/wp-content\/gallery\/miroir\/thumbs\/thumbs_miroirdetail.jpg\" alt=\"R\u00e9flexion d\u00e9tail\"><\/a><strong>R\u00e9flexion<\/strong> d\u00e9tail &nbsp;&nbsp;2011 &#8211; 60&#215;50 cm &#8211; toile, peinture, coupures de magazine coll\u00e9es, film plastique, miroir, cadre en aluminium.<\/p>\n<p>&nbsp;<\/p>\n<p>&nbsp;<\/p>\n<p><a href=\"https:\/\/www.artspeculation.net\/?page_id=34\"> Retour portofolio<\/a><\/p>\n<\/div><\/div>\n","protected":false},"excerpt":{"rendered":"<p>R\u00e9flexion &nbsp;&nbsp;2011 &#8211; 60&#215;50 cm &#8211; toile, peinture, coupures de magazine coll\u00e9es, film plastique, miroir, cadre en aluminium. Par un jeu de miroir, le regard du spectateur s\u2019inscrit dans le tableau et rejoint la collection des regards, regards des autres, de l\u2019opprobre et des voyeurs. &nbsp; Pour agrandir, cliquez sur l&rsquo;image : R\u00e9flexion &nbsp;&nbsp;2011 &#8211; [&hellip;]<\/p>\n","protected":false},"author":1,"featured_media":0,"parent":1339,"menu_order":0,"comment_status":"closed","ping_status":"closed","template":"onecolumn-page.php","meta":{"ngg_post_thumbnail":0},"_links":{"self":[{"href":"https:\/\/www.artspeculation.net\/index.php?rest_route=\/wp\/v2\/pages\/338"}],"collection":[{"href":"https:\/\/www.artspeculation.net\/index.php?rest_route=\/wp\/v2\/pages"}],"about":[{"href":"https:\/\/www.artspeculation.net\/index.php?rest_route=\/wp\/v2\/types\/page"}],"author":[{"embeddable":true,"href":"https:\/\/www.artspeculation.net\/index.php?rest_route=\/wp\/v2\/users\/1"}],"replies":[{"embeddable":true,"href":"https:\/\/www.artspeculation.net\/index.php?rest_route=%2Fwp%2Fv2%2Fcomments&post=338"}],"version-history":[{"count":19,"href":"https:\/\/www.artspeculation.net\/index.php?rest_route=\/wp\/v2\/pages\/338\/revisions"}],"predecessor-version":[{"id":2548,"href":"https:\/\/www.artspeculation.net\/index.php?rest_route=\/wp\/v2\/pages\/338\/revisions\/2548"}],"up":[{"embeddable":true,"href":"https:\/\/www.artspeculation.net\/index.php?rest_route=\/wp\/v2\/pages\/1339"}],"wp:attachment":[{"href":"https:\/\/www.artspeculation.net\/index.php?rest_route=%2Fwp%2Fv2%2Fmedia&parent=338"}],"curies":[{"name":"wp","href":"https:\/\/api.w.org\/{rel}","templated":true}]}}