{"id":326,"date":"2012-03-10T11:39:09","date_gmt":"2012-03-10T11:39:09","guid":{"rendered":"http:\/\/www.artspeculation.net\/?page_id=326"},"modified":"2022-04-12T22:35:00","modified_gmt":"2022-04-12T22:35:00","slug":"enchainement","status":"publish","type":"page","link":"https:\/\/www.artspeculation.net\/?page_id=326","title":{"rendered":"Encha\u00eenement"},"content":{"rendered":"\n<div class=\"wp-block-columns\">\n<div class=\"wp-block-column\" style=\"flex-basis:100%\">\n<p>\n\n<div class=\"ngg-galleryoverview ngg-slideshow\"\n\t id=\"ngg-slideshow-5ecbaa2e18cf3032ab6d640024e4c305-853193160\"\n     data-gallery-id=\"5ecbaa2e18cf3032ab6d640024e4c305\"\n     style=\"max-width: 800px; max-height: 600px;\">\n\n \t<div id=\"ngg-image-0\" class=\"ngg-gallery-slideshow-image\" style=\"height:600px\">\n\n        <a href=\"https:\/\/www.artspeculation.net\/wp-content\/gallery\/enchainement\/metroboulotdodo.jpg\"\n           title=\"2012 - 5x200x200 cm - tickets de m\u00e9tro, agrafes.\"\n           data-src=\"https:\/\/www.artspeculation.net\/wp-content\/gallery\/enchainement\/metroboulotdodo.jpg\"\n           data-thumbnail=\"https:\/\/www.artspeculation.net\/wp-content\/gallery\/enchainement\/thumbs\/thumbs_metroboulotdodo.jpg\"\n           data-image-id=\"101\"\n           data-title=\"Encha\u00eenement\"\n           data-description=\"2012 - 5x200x200 cm - tickets de m\u00e9tro, agrafes.\"\n           >\n\n            <img data-image-id='101'\n                 title=\"2012 - 5x200x200 cm - tickets de m\u00e9tro, agrafes.\"\n                 alt=\"Encha\u00eenement\"\n                 src=\"https:\/\/www.artspeculation.net\/wp-content\/gallery\/enchainement\/metroboulotdodo.jpg\"\n                 style=\"max-height: 580px;\"\/>\n        <\/a>\n\n        <\/div> \n<div id=\"ngg-image-1\" class=\"ngg-gallery-slideshow-image\" style=\"height:600px\">\n\n        <a href=\"https:\/\/www.artspeculation.net\/wp-content\/gallery\/enchainement\/enchainementdetail.jpg\"\n           title=\"2012 - 5x200x200 cm - tickets de m\u00e9tro, agrafes.\"\n           data-src=\"https:\/\/www.artspeculation.net\/wp-content\/gallery\/enchainement\/enchainementdetail.jpg\"\n           data-thumbnail=\"https:\/\/www.artspeculation.net\/wp-content\/gallery\/enchainement\/thumbs\/thumbs_enchainementdetail.jpg\"\n           data-image-id=\"102\"\n           data-title=\"Encha\u00eenement d\u00e9tail\"\n           data-description=\"2012 - 5x200x200 cm - tickets de m\u00e9tro, agrafes.\"\n           >\n\n            <img data-image-id='102'\n                 title=\"2012 - 5x200x200 cm - tickets de m\u00e9tro, agrafes.\"\n                 alt=\"Encha\u00eenement d\u00e9tail\"\n                 src=\"https:\/\/www.artspeculation.net\/wp-content\/gallery\/enchainement\/enchainementdetail.jpg\"\n                 style=\"max-height: 580px;\"\/>\n        <\/a>\n\n        <\/div> \n<\/div>\n\n\n\t\t<!-- Thumbnails Link -->\n\t<div class=\"slideshowlink\" style=\"max-width: 800px;\">\n        <a href='https:\/\/www.artspeculation.net\/index.php\/nggallery\/thumbnails?page_id=326'><\/a>\n\t<\/div>\n\n<br><strong>Encha\u00eenement<\/strong> &nbsp;&nbsp;2012 &#8211; 5x200x200 cm &#8211; tickets de m\u00e9tro, agrafes.<\/p>\n<p><em>Enferm\u00e9s dans la grisaille d\u2019un quotidien r\u00e9current, nous parcourons notre vie sur un ruban de Mo\u00ebbius.<\/em><\/p>\n<p>&nbsp;<\/p>\n<p><small>Pour agrandir, cliquez sur l&rsquo;image :<\/small><\/p>\n<p><a class=\"thickbox\" title=\"Encha\u00eenement   2012 - 5x200x200 cm - tickets de m\u00e9tro, agrafes.\" href=\"https:\/\/www.artspeculation.net\/wp-content\/gallery\/enchainement\/metroboulotdodo.jpg\" rel=\"\"><img class=\"ngg-singlepic ngg-left\" src=\"https:\/\/www.artspeculation.net\/wp-content\/gallery\/enchainement\/thumbs\/thumbs_metroboulotdodo.jpg\" alt=\"Encha\u00eenement\"><\/a><strong>Encha\u00eenement<\/strong> &nbsp;&nbsp;2012 &#8211; 5x200x200 cm &#8211; tickets de m\u00e9tro, agrafes.<\/p>\n<p>&nbsp;<\/p>\n<p><a class=\"thickbox\" title=\"Encha\u00eenement (d\u00e9tail)   2012 - 5x200x200 cm - tickets de m\u00e9tro, agrafes.\" href=\"https:\/\/www.artspeculation.net\/wp-content\/gallery\/enchainement\/enchainementdetail.jpg\" rel=\"\"><img class=\"ngg-singlepic ngg-left\" src=\"https:\/\/www.artspeculation.net\/wp-content\/gallery\/enchainement\/thumbs\/thumbs_enchainementdetail.jpg\" alt=\"Encha\u00eenement d\u00e9tail\"><\/a><strong>Encha\u00eenement<\/strong> &nbsp;&nbsp;d\u00e9tail 2012 &#8211; 5x200x200 cm &#8211; tickets de m\u00e9tro, agrafes.<\/p>\n<p>&nbsp;<\/p>\n<p>&nbsp;<\/p>\n<p><a href=\"https:\/\/www.artspeculation.net\/?page_id=379\"> Retour portofolio<\/a><\/p>\n<\/div>\n<\/div>\n","protected":false},"excerpt":{"rendered":"<p>Encha\u00eenement &nbsp;&nbsp;2012 &#8211; 5x200x200 cm &#8211; tickets de m\u00e9tro, agrafes. Enferm\u00e9s dans la grisaille d\u2019un quotidien r\u00e9current, nous parcourons notre vie sur un ruban de Mo\u00ebbius. &nbsp; Pour agrandir, cliquez sur l&rsquo;image : Encha\u00eenement &nbsp;&nbsp;2012 &#8211; 5x200x200 cm &#8211; tickets de m\u00e9tro, agrafes. &nbsp; Encha\u00eenement &nbsp;&nbsp;d\u00e9tail 2012 &#8211; 5x200x200 cm &#8211; tickets de m\u00e9tro, agrafes. [&hellip;]<\/p>\n","protected":false},"author":1,"featured_media":0,"parent":379,"menu_order":0,"comment_status":"closed","ping_status":"closed","template":"onecolumn-page.php","meta":{"ngg_post_thumbnail":0},"_links":{"self":[{"href":"https:\/\/www.artspeculation.net\/index.php?rest_route=\/wp\/v2\/pages\/326"}],"collection":[{"href":"https:\/\/www.artspeculation.net\/index.php?rest_route=\/wp\/v2\/pages"}],"about":[{"href":"https:\/\/www.artspeculation.net\/index.php?rest_route=\/wp\/v2\/types\/page"}],"author":[{"embeddable":true,"href":"https:\/\/www.artspeculation.net\/index.php?rest_route=\/wp\/v2\/users\/1"}],"replies":[{"embeddable":true,"href":"https:\/\/www.artspeculation.net\/index.php?rest_route=%2Fwp%2Fv2%2Fcomments&post=326"}],"version-history":[{"count":26,"href":"https:\/\/www.artspeculation.net\/index.php?rest_route=\/wp\/v2\/pages\/326\/revisions"}],"predecessor-version":[{"id":2950,"href":"https:\/\/www.artspeculation.net\/index.php?rest_route=\/wp\/v2\/pages\/326\/revisions\/2950"}],"up":[{"embeddable":true,"href":"https:\/\/www.artspeculation.net\/index.php?rest_route=\/wp\/v2\/pages\/379"}],"wp:attachment":[{"href":"https:\/\/www.artspeculation.net\/index.php?rest_route=%2Fwp%2Fv2%2Fmedia&parent=326"}],"curies":[{"name":"wp","href":"https:\/\/api.w.org\/{rel}","templated":true}]}}