{"id":298,"date":"2012-03-06T15:44:14","date_gmt":"2012-03-06T15:44:14","guid":{"rendered":"http:\/\/www.artspeculation.net\/?page_id=298"},"modified":"2022-04-12T22:34:16","modified_gmt":"2022-04-12T22:34:16","slug":"omohelveticus","status":"publish","type":"page","link":"https:\/\/www.artspeculation.net\/?page_id=298","title":{"rendered":"www.omohelveticus.org"},"content":{"rendered":"\n<div class=\"wp-block-columns\">\n<div class=\"wp-block-column\" style=\"flex-basis:100%\">\n<p>\n\n<div class=\"ngg-galleryoverview ngg-slideshow\"\n\t id=\"ngg-slideshow-816ca547e536eefdd59de2ebcb1ef8c3-14049765460\"\n     data-gallery-id=\"816ca547e536eefdd59de2ebcb1ef8c3\"\n     style=\"max-width: 800px; max-height: 600px;\">\n\n \t<div id=\"ngg-image-0\" class=\"ngg-gallery-slideshow-image\" style=\"height:600px\">\n\n        <a href=\"https:\/\/www.artspeculation.net\/wp-content\/gallery\/omohelveticus\/omohelveticus.jpg\"\n           title=\"\"\n           data-src=\"https:\/\/www.artspeculation.net\/wp-content\/gallery\/omohelveticus\/omohelveticus.jpg\"\n           data-thumbnail=\"https:\/\/www.artspeculation.net\/wp-content\/gallery\/omohelveticus\/thumbs\/thumbs_omohelveticus.jpg\"\n           data-image-id=\"144\"\n           data-title=\"omohelveticus\"\n           data-description=\"\"\n           >\n\n            <img data-image-id='144'\n                 title=\"\"\n                 alt=\"omohelveticus\"\n                 src=\"https:\/\/www.artspeculation.net\/wp-content\/gallery\/omohelveticus\/omohelveticus.jpg\"\n                 style=\"max-height: 580px;\"\/>\n        <\/a>\n\n        <\/div> \n<div id=\"ngg-image-1\" class=\"ngg-gallery-slideshow-image\" style=\"height:600px\">\n\n        <a href=\"https:\/\/www.artspeculation.net\/wp-content\/gallery\/omohelveticus\/omohelveticusdetail.jpg\"\n           title=\"\"\n           data-src=\"https:\/\/www.artspeculation.net\/wp-content\/gallery\/omohelveticus\/omohelveticusdetail.jpg\"\n           data-thumbnail=\"https:\/\/www.artspeculation.net\/wp-content\/gallery\/omohelveticus\/thumbs\/thumbs_omohelveticusdetail.jpg\"\n           data-image-id=\"145\"\n           data-title=\"omohelveticusdetail\"\n           data-description=\"\"\n           >\n\n            <img data-image-id='145'\n                 title=\"\"\n                 alt=\"omohelveticusdetail\"\n                 src=\"https:\/\/www.artspeculation.net\/wp-content\/gallery\/omohelveticus\/omohelveticusdetail.jpg\"\n                 style=\"max-height: 580px;\"\/>\n        <\/a>\n\n        <\/div> \n<\/div>\n\n\n\t\t<!-- Thumbnails Link -->\n\t<div class=\"slideshowlink\" style=\"max-width: 800px;\">\n        <a href='https:\/\/www.artspeculation.net\/index.php\/nggallery\/thumbnails?page_id=298'><\/a>\n\t<\/div>\n\n<br><strong>www.omohelveticus.org<\/strong> &nbsp;&nbsp;2012 &#8211; 82x103cm &#8211; puzzle peint, cuivre, papier journal, toile cir\u00e9e, boulons.<br><br><em>La civilisation occidentale blanche, dominante par ses repr\u00e9sentations, sa culture, son \u00e9conomie, \u00e0 l\u2019abri derri\u00e8re ses fronti\u00e8res, faisant la morale au reste du monde. Un paradigme : la Suisse.<br>Face : mod\u00e8le de d\u00e9mocratie, engag\u00e9e dans aucun conflit, accueillant de grandes organisations caritatives et internationales. <br>Pile : racisme l\u00e9galis\u00e9, soutien des puissants, paradis fiscal.<\/em><br><br><\/p>\n<p><br><small>Pour agrandir, cliquez sur l&rsquo;image :<\/small><\/p>\n<p><a class=\"thickbox\" title=\"www.omohelveticus.org   2012 - 82x103cm - puzzle peint, cuivre, papier journal, toile cir\u00e9e, boulons.\" href=\"https:\/\/www.artspeculation.net\/wp-content\/gallery\/omohelveticus\/omohelveticus.jpg\" rel=\"\"><img class=\"ngg-singlepic ngg-left\" src=\"https:\/\/www.artspeculation.net\/wp-content\/gallery\/omohelveticus\/thumbs\/thumbs_omohelveticus.jpg\" alt=\"www.omohelveticus.org\"><\/a><strong>www.omohelveticus.org<\/strong> &nbsp;&nbsp;2012 &#8211; 82x103cm &#8211; puzzle peint, cuivre, papier journal, toile cir\u00e9e, boulons.<br><br><br><a class=\"thickbox\" title=\"www.omohelveticus.org (d\u00e9tail)   2012 - 82x103cm - puzzle peint, cuivre, papier journal, toile cir\u00e9e, boulons.\" href=\"https:\/\/www.artspeculation.net\/wp-content\/gallery\/omohelveticus\/omohelveticusdetail.jpg\" rel=\"\"><img class=\"ngg-singlepic ngg-left\" src=\"https:\/\/www.artspeculation.net\/wp-content\/gallery\/omohelveticus\/thumbs\/thumbs_omohelveticusdetail.jpg\" alt=\"www.omohelveticus.org d\u00e9tail\"><\/a><strong>www.omohelveticus.org d\u00e9tail<\/strong> &nbsp;&nbsp;2012 &#8211; 82x103cm &#8211; puzzle peint, cuivre, papier journal, toile cir\u00e9e, boulons.<br><br><br><br><br><\/p>\n<p><a href=\"https:\/\/www.artspeculation.net\/?page_id=34\"> Retour portofolio<\/a><\/p>\n<\/div>\n<\/div>\n","protected":false},"excerpt":{"rendered":"<p>www.omohelveticus.org &nbsp;&nbsp;2012 &#8211; 82x103cm &#8211; puzzle peint, cuivre, papier journal, toile cir\u00e9e, boulons. La civilisation occidentale blanche, dominante par ses repr\u00e9sentations, sa culture, son \u00e9conomie, \u00e0 l\u2019abri derri\u00e8re ses fronti\u00e8res, faisant la morale au reste du monde. Un paradigme : la Suisse.Face : mod\u00e8le de d\u00e9mocratie, engag\u00e9e dans aucun conflit, accueillant de grandes organisations caritatives [&hellip;]<\/p>\n","protected":false},"author":1,"featured_media":0,"parent":1349,"menu_order":0,"comment_status":"closed","ping_status":"closed","template":"onecolumn-page.php","meta":{"ngg_post_thumbnail":0},"_links":{"self":[{"href":"https:\/\/www.artspeculation.net\/index.php?rest_route=\/wp\/v2\/pages\/298"}],"collection":[{"href":"https:\/\/www.artspeculation.net\/index.php?rest_route=\/wp\/v2\/pages"}],"about":[{"href":"https:\/\/www.artspeculation.net\/index.php?rest_route=\/wp\/v2\/types\/page"}],"author":[{"embeddable":true,"href":"https:\/\/www.artspeculation.net\/index.php?rest_route=\/wp\/v2\/users\/1"}],"replies":[{"embeddable":true,"href":"https:\/\/www.artspeculation.net\/index.php?rest_route=%2Fwp%2Fv2%2Fcomments&post=298"}],"version-history":[{"count":32,"href":"https:\/\/www.artspeculation.net\/index.php?rest_route=\/wp\/v2\/pages\/298\/revisions"}],"predecessor-version":[{"id":2947,"href":"https:\/\/www.artspeculation.net\/index.php?rest_route=\/wp\/v2\/pages\/298\/revisions\/2947"}],"up":[{"embeddable":true,"href":"https:\/\/www.artspeculation.net\/index.php?rest_route=\/wp\/v2\/pages\/1349"}],"wp:attachment":[{"href":"https:\/\/www.artspeculation.net\/index.php?rest_route=%2Fwp%2Fv2%2Fmedia&parent=298"}],"curies":[{"name":"wp","href":"https:\/\/api.w.org\/{rel}","templated":true}]}}