{"id":2793,"date":"2022-04-12T21:07:56","date_gmt":"2022-04-12T21:07:56","guid":{"rendered":"https:\/\/www.artspeculation.net\/?page_id=2793"},"modified":"2023-07-10T22:07:48","modified_gmt":"2023-07-10T22:07:48","slug":"aliene-13427-10","status":"publish","type":"page","link":"https:\/\/www.artspeculation.net\/?page_id=2793","title":{"rendered":"Ali\u00e9n\u00e9 13427\/10"},"content":{"rendered":"\n\n\n<div class=\"ngg-galleryoverview ngg-slideshow\"\n\t id=\"ngg-slideshow-6a2ede95a10b78d210f9f6cc24fa4caf-18061106720\"\n     data-gallery-id=\"6a2ede95a10b78d210f9f6cc24fa4caf\"\n     style=\"max-width: 800px; max-height: 600px;\">\n\n \t<div id=\"ngg-image-0\" class=\"ngg-gallery-slideshow-image\" style=\"height:600px\">\n\n        <a href=\"https:\/\/www.artspeculation.net\/wp-content\/gallery\/aliene13427_10\/Aliene-13427_10-6.jpg\"\n           title=\"\"\n           data-src=\"https:\/\/www.artspeculation.net\/wp-content\/gallery\/aliene13427_10\/Aliene-13427_10-6.jpg\"\n           data-thumbnail=\"https:\/\/www.artspeculation.net\/wp-content\/gallery\/aliene13427_10\/thumbs\/thumbs_Aliene-13427_10-6.jpg\"\n           data-image-id=\"397\"\n           data-title=\"Aliene-13427_10-6\"\n           data-description=\"\"\n           >\n\n            <img data-image-id='397'\n                 title=\"\"\n                 alt=\"Aliene-13427_10-6\"\n                 src=\"https:\/\/www.artspeculation.net\/wp-content\/gallery\/aliene13427_10\/Aliene-13427_10-6.jpg\"\n                 style=\"max-height: 580px;\"\/>\n        <\/a>\n\n        <\/div> \n<div id=\"ngg-image-1\" class=\"ngg-gallery-slideshow-image\" style=\"height:600px\">\n\n        <a href=\"https:\/\/www.artspeculation.net\/wp-content\/gallery\/aliene13427_10\/Aliene-13427_10-1.jpg\"\n           title=\"\"\n           data-src=\"https:\/\/www.artspeculation.net\/wp-content\/gallery\/aliene13427_10\/Aliene-13427_10-1.jpg\"\n           data-thumbnail=\"https:\/\/www.artspeculation.net\/wp-content\/gallery\/aliene13427_10\/thumbs\/thumbs_Aliene-13427_10-1.jpg\"\n           data-image-id=\"398\"\n           data-title=\"Aliene-13427_10-1\"\n           data-description=\"\"\n           >\n\n            <img data-image-id='398'\n                 title=\"\"\n                 alt=\"Aliene-13427_10-1\"\n                 src=\"https:\/\/www.artspeculation.net\/wp-content\/gallery\/aliene13427_10\/Aliene-13427_10-1.jpg\"\n                 style=\"max-height: 580px;\"\/>\n        <\/a>\n\n        <\/div> \n<div id=\"ngg-image-2\" class=\"ngg-gallery-slideshow-image\" style=\"height:600px\">\n\n        <a href=\"https:\/\/www.artspeculation.net\/wp-content\/gallery\/aliene13427_10\/Aliene-13427_10-5.jpg\"\n           title=\"\"\n           data-src=\"https:\/\/www.artspeculation.net\/wp-content\/gallery\/aliene13427_10\/Aliene-13427_10-5.jpg\"\n           data-thumbnail=\"https:\/\/www.artspeculation.net\/wp-content\/gallery\/aliene13427_10\/thumbs\/thumbs_Aliene-13427_10-5.jpg\"\n           data-image-id=\"399\"\n           data-title=\"Aliene-13427_10-5\"\n           data-description=\"\"\n           >\n\n            <img data-image-id='399'\n                 title=\"\"\n                 alt=\"Aliene-13427_10-5\"\n                 src=\"https:\/\/www.artspeculation.net\/wp-content\/gallery\/aliene13427_10\/Aliene-13427_10-5.jpg\"\n                 style=\"max-height: 580px;\"\/>\n        <\/a>\n\n        <\/div> \n<div id=\"ngg-image-3\" class=\"ngg-gallery-slideshow-image\" style=\"height:600px\">\n\n        <a href=\"https:\/\/www.artspeculation.net\/wp-content\/gallery\/aliene13427_10\/Aliene-13427_10-4.jpg\"\n           title=\"\"\n           data-src=\"https:\/\/www.artspeculation.net\/wp-content\/gallery\/aliene13427_10\/Aliene-13427_10-4.jpg\"\n           data-thumbnail=\"https:\/\/www.artspeculation.net\/wp-content\/gallery\/aliene13427_10\/thumbs\/thumbs_Aliene-13427_10-4.jpg\"\n           data-image-id=\"400\"\n           data-title=\"Aliene-13427_10-4\"\n           data-description=\"\"\n           >\n\n            <img data-image-id='400'\n                 title=\"\"\n                 alt=\"Aliene-13427_10-4\"\n                 src=\"https:\/\/www.artspeculation.net\/wp-content\/gallery\/aliene13427_10\/Aliene-13427_10-4.jpg\"\n                 style=\"max-height: 580px;\"\/>\n        <\/a>\n\n        <\/div> \n<div id=\"ngg-image-4\" class=\"ngg-gallery-slideshow-image\" style=\"height:600px\">\n\n        <a href=\"https:\/\/www.artspeculation.net\/wp-content\/gallery\/aliene13427_10\/Aliene-13427_10-3.jpg\"\n           title=\"\"\n           data-src=\"https:\/\/www.artspeculation.net\/wp-content\/gallery\/aliene13427_10\/Aliene-13427_10-3.jpg\"\n           data-thumbnail=\"https:\/\/www.artspeculation.net\/wp-content\/gallery\/aliene13427_10\/thumbs\/thumbs_Aliene-13427_10-3.jpg\"\n           data-image-id=\"401\"\n           data-title=\"Aliene-13427_10-3\"\n           data-description=\"\"\n           >\n\n            <img data-image-id='401'\n                 title=\"\"\n                 alt=\"Aliene-13427_10-3\"\n                 src=\"https:\/\/www.artspeculation.net\/wp-content\/gallery\/aliene13427_10\/Aliene-13427_10-3.jpg\"\n                 style=\"max-height: 580px;\"\/>\n        <\/a>\n\n        <\/div> \n<div id=\"ngg-image-5\" class=\"ngg-gallery-slideshow-image\" style=\"height:600px\">\n\n        <a href=\"https:\/\/www.artspeculation.net\/wp-content\/gallery\/aliene13427_10\/Aliene-13427_10-2.jpg\"\n           title=\"\"\n           data-src=\"https:\/\/www.artspeculation.net\/wp-content\/gallery\/aliene13427_10\/Aliene-13427_10-2.jpg\"\n           data-thumbnail=\"https:\/\/www.artspeculation.net\/wp-content\/gallery\/aliene13427_10\/thumbs\/thumbs_Aliene-13427_10-2.jpg\"\n           data-image-id=\"402\"\n           data-title=\"Aliene-13427_10-2\"\n           data-description=\"\"\n           >\n\n            <img data-image-id='402'\n                 title=\"\"\n                 alt=\"Aliene-13427_10-2\"\n                 src=\"https:\/\/www.artspeculation.net\/wp-content\/gallery\/aliene13427_10\/Aliene-13427_10-2.jpg\"\n                 style=\"max-height: 580px;\"\/>\n        <\/a>\n\n        <\/div> \n<div id=\"ngg-image-6\" class=\"ngg-gallery-slideshow-image\" style=\"height:600px\">\n\n        <a href=\"https:\/\/www.artspeculation.net\/wp-content\/gallery\/aliene13427_10\/Aliene-13427_10-7.jpg\"\n           title=\"\"\n           data-src=\"https:\/\/www.artspeculation.net\/wp-content\/gallery\/aliene13427_10\/Aliene-13427_10-7.jpg\"\n           data-thumbnail=\"https:\/\/www.artspeculation.net\/wp-content\/gallery\/aliene13427_10\/thumbs\/thumbs_Aliene-13427_10-7.jpg\"\n           data-image-id=\"403\"\n           data-title=\"Aliene-13427_10-7\"\n           data-description=\"\"\n           >\n\n            <img data-image-id='403'\n                 title=\"\"\n                 alt=\"Aliene-13427_10-7\"\n                 src=\"https:\/\/www.artspeculation.net\/wp-content\/gallery\/aliene13427_10\/Aliene-13427_10-7.jpg\"\n                 style=\"max-height: 580px;\"\/>\n        <\/a>\n\n        <\/div> \n<div id=\"ngg-image-7\" class=\"ngg-gallery-slideshow-image\" style=\"height:600px\">\n\n        <a href=\"https:\/\/www.artspeculation.net\/wp-content\/gallery\/aliene13427_10\/Aliene-13427_10-8.jpg\"\n           title=\"\"\n           data-src=\"https:\/\/www.artspeculation.net\/wp-content\/gallery\/aliene13427_10\/Aliene-13427_10-8.jpg\"\n           data-thumbnail=\"https:\/\/www.artspeculation.net\/wp-content\/gallery\/aliene13427_10\/thumbs\/thumbs_Aliene-13427_10-8.jpg\"\n           data-image-id=\"404\"\n           data-title=\"Aliene-13427_10-8\"\n           data-description=\"\"\n           >\n\n            <img data-image-id='404'\n                 title=\"\"\n                 alt=\"Aliene-13427_10-8\"\n                 src=\"https:\/\/www.artspeculation.net\/wp-content\/gallery\/aliene13427_10\/Aliene-13427_10-8.jpg\"\n                 style=\"max-height: 580px;\"\/>\n        <\/a>\n\n        <\/div> \n<div id=\"ngg-image-8\" class=\"ngg-gallery-slideshow-image\" style=\"height:600px\">\n\n        <a href=\"https:\/\/www.artspeculation.net\/wp-content\/gallery\/aliene13427_10\/ecoleloisir_1.jpg\"\n           title=\"\"\n           data-src=\"https:\/\/www.artspeculation.net\/wp-content\/gallery\/aliene13427_10\/ecoleloisir_1.jpg\"\n           data-thumbnail=\"https:\/\/www.artspeculation.net\/wp-content\/gallery\/aliene13427_10\/thumbs\/thumbs_ecoleloisir_1.jpg\"\n           data-image-id=\"444\"\n           data-title=\"ecoleloisir_1\"\n           data-description=\"\"\n           >\n\n            <img data-image-id='444'\n                 title=\"\"\n                 alt=\"ecoleloisir_1\"\n                 src=\"https:\/\/www.artspeculation.net\/wp-content\/gallery\/aliene13427_10\/ecoleloisir_1.jpg\"\n                 style=\"max-height: 580px;\"\/>\n        <\/a>\n\n        <\/div> \n<\/div>\n\n\n\t\t<!-- Thumbnails Link -->\n\t<div class=\"slideshowlink\" style=\"max-width: 800px;\">\n        <a href='https:\/\/www.artspeculation.net\/index.php\/nggallery\/thumbnails?page_id=2793'><\/a>\n\t<\/div>\n\n\n\n\n\n<p>Commode<\/p>\n\n\n\n<p>Meccano\u00ae environ 1800 pi\u00e8ces, Simili cuir.<\/p>\n\n\n\n<p>Tiroir sup\u00e9rieur&nbsp;:<\/p>\n\n\n\n<p>1 pistolet jaune 13cm&nbsp;; 1 sabre laser 70 cm&nbsp;; 1 canon \u00e0 eau orange et vert 44cm&nbsp;; 1 fusil mitrailleur gris 30 cm&nbsp;; 1 pistolet Buzz vert 80cm, 1 fusil mitrailleur cr\u00e8me 47 cm&nbsp;; 1 sabre Sword \u00e9lectrique&nbsp;; 1 fusil vert Hunter 52 cm&nbsp;; 1 pistolet \u00e0 rayons noir 38 cm&nbsp;; 1 fusil Ploderz blanc 39 cm.<\/p>\n\n\n\n<p>Tiroir m\u00e9dian&nbsp;:<\/p>\n\n\n\n<p>1 plastron de cuirasse noir 40 cm&nbsp;; 1 gant plastique dor\u00e9 33 cm&nbsp;; 1 masque Spiderman 35cm&nbsp;; 1 marteau plastique 30 cm&nbsp;; 1 casque Marvel gris 25 cm&nbsp;; 1 tenue de super h\u00e9ros noire avec cape rouge Avenger.<\/p>\n\n\n\n<p>Tiroir inf\u00e9rieur&nbsp;:<\/p>\n\n\n\n<p>1 fusil \u00e0 eau vert 50 cm\u00a0; 1 pistolet \u00e0 eau bleu 50 cm\u00a0; 1 ballon football am\u00e9ricain\u00a0; 1 machine \u00e0 coudre Easy Stitch\u00a0; 1 masque Chap Zuei\u00a0; 1 h\u00e9licopt\u00e8re Tonka lanceur de balles\u00a0; 1 \u00e9l\u00e9ment de cuirasse dorsal Turtles 38 cm\u00a0; 1 P\u00e9gase plastique rose, 1 tenue Spiderman.<\/p>\n\n\n\n<p><a href=\"https:\/\/collection.mobilier-national.fr\/objet\/GME-18734-000\">https:\/\/collection.mobilier-national.fr\/objet\/GME-18734-000<\/a><\/p>\n","protected":false},"excerpt":{"rendered":"<p>Commode Meccano\u00ae environ 1800 pi\u00e8ces, Simili cuir. Tiroir sup\u00e9rieur&nbsp;: 1 pistolet jaune 13cm&nbsp;; 1 sabre laser 70 cm&nbsp;; 1 canon \u00e0 eau orange et vert 44cm&nbsp;; 1 fusil mitrailleur gris 30 cm&nbsp;; 1 pistolet Buzz vert 80cm, 1 fusil mitrailleur cr\u00e8me 47 cm&nbsp;; 1 sabre Sword \u00e9lectrique&nbsp;; 1 fusil vert Hunter 52 cm&nbsp;; 1 pistolet [&hellip;]<\/p>\n","protected":false},"author":1,"featured_media":0,"parent":2631,"menu_order":0,"comment_status":"closed","ping_status":"closed","template":"","meta":{"ngg_post_thumbnail":0},"_links":{"self":[{"href":"https:\/\/www.artspeculation.net\/index.php?rest_route=\/wp\/v2\/pages\/2793"}],"collection":[{"href":"https:\/\/www.artspeculation.net\/index.php?rest_route=\/wp\/v2\/pages"}],"about":[{"href":"https:\/\/www.artspeculation.net\/index.php?rest_route=\/wp\/v2\/types\/page"}],"author":[{"embeddable":true,"href":"https:\/\/www.artspeculation.net\/index.php?rest_route=\/wp\/v2\/users\/1"}],"replies":[{"embeddable":true,"href":"https:\/\/www.artspeculation.net\/index.php?rest_route=%2Fwp%2Fv2%2Fcomments&post=2793"}],"version-history":[{"count":4,"href":"https:\/\/www.artspeculation.net\/index.php?rest_route=\/wp\/v2\/pages\/2793\/revisions"}],"predecessor-version":[{"id":3191,"href":"https:\/\/www.artspeculation.net\/index.php?rest_route=\/wp\/v2\/pages\/2793\/revisions\/3191"}],"up":[{"embeddable":true,"href":"https:\/\/www.artspeculation.net\/index.php?rest_route=\/wp\/v2\/pages\/2631"}],"wp:attachment":[{"href":"https:\/\/www.artspeculation.net\/index.php?rest_route=%2Fwp%2Fv2%2Fmedia&parent=2793"}],"curies":[{"name":"wp","href":"https:\/\/api.w.org\/{rel}","templated":true}]}}