{"id":2790,"date":"2022-04-12T21:06:21","date_gmt":"2022-04-12T21:06:21","guid":{"rendered":"https:\/\/www.artspeculation.net\/?page_id=2790"},"modified":"2023-07-10T22:08:30","modified_gmt":"2023-07-10T22:08:30","slug":"aliene-13427-9","status":"publish","type":"page","link":"https:\/\/www.artspeculation.net\/?page_id=2790","title":{"rendered":"Ali\u00e9n\u00e9 13427\/9"},"content":{"rendered":"\n\n\n<div class=\"ngg-galleryoverview ngg-slideshow\"\n\t id=\"ngg-slideshow-a42879bee258a1f0d8352d9f04971ca2-4791065040\"\n     data-gallery-id=\"a42879bee258a1f0d8352d9f04971ca2\"\n     style=\"max-width: 800px; max-height: 600px;\">\n\n \t<div id=\"ngg-image-0\" class=\"ngg-gallery-slideshow-image\" style=\"height:600px\">\n\n        <a href=\"https:\/\/www.artspeculation.net\/wp-content\/gallery\/aliene13427_9\/Aliene-13427_9-5.jpg\"\n           title=\"\"\n           data-src=\"https:\/\/www.artspeculation.net\/wp-content\/gallery\/aliene13427_9\/Aliene-13427_9-5.jpg\"\n           data-thumbnail=\"https:\/\/www.artspeculation.net\/wp-content\/gallery\/aliene13427_9\/thumbs\/thumbs_Aliene-13427_9-5.jpg\"\n           data-image-id=\"405\"\n           data-title=\"Aliene-13427_9-5\"\n           data-description=\"\"\n           >\n\n            <img data-image-id='405'\n                 title=\"\"\n                 alt=\"Aliene-13427_9-5\"\n                 src=\"https:\/\/www.artspeculation.net\/wp-content\/gallery\/aliene13427_9\/Aliene-13427_9-5.jpg\"\n                 style=\"max-height: 580px;\"\/>\n        <\/a>\n\n        <\/div> \n<div id=\"ngg-image-1\" class=\"ngg-gallery-slideshow-image\" style=\"height:600px\">\n\n        <a href=\"https:\/\/www.artspeculation.net\/wp-content\/gallery\/aliene13427_9\/Aliene-13427_9-4.jpg\"\n           title=\"\"\n           data-src=\"https:\/\/www.artspeculation.net\/wp-content\/gallery\/aliene13427_9\/Aliene-13427_9-4.jpg\"\n           data-thumbnail=\"https:\/\/www.artspeculation.net\/wp-content\/gallery\/aliene13427_9\/thumbs\/thumbs_Aliene-13427_9-4.jpg\"\n           data-image-id=\"406\"\n           data-title=\"Aliene-13427_9-4\"\n           data-description=\"\"\n           >\n\n            <img data-image-id='406'\n                 title=\"\"\n                 alt=\"Aliene-13427_9-4\"\n                 src=\"https:\/\/www.artspeculation.net\/wp-content\/gallery\/aliene13427_9\/Aliene-13427_9-4.jpg\"\n                 style=\"max-height: 580px;\"\/>\n        <\/a>\n\n        <\/div> \n<div id=\"ngg-image-2\" class=\"ngg-gallery-slideshow-image\" style=\"height:600px\">\n\n        <a href=\"https:\/\/www.artspeculation.net\/wp-content\/gallery\/aliene13427_9\/Aliene-13427_9-3.jpg\"\n           title=\"\"\n           data-src=\"https:\/\/www.artspeculation.net\/wp-content\/gallery\/aliene13427_9\/Aliene-13427_9-3.jpg\"\n           data-thumbnail=\"https:\/\/www.artspeculation.net\/wp-content\/gallery\/aliene13427_9\/thumbs\/thumbs_Aliene-13427_9-3.jpg\"\n           data-image-id=\"407\"\n           data-title=\"Aliene-13427_9-3\"\n           data-description=\"\"\n           >\n\n            <img data-image-id='407'\n                 title=\"\"\n                 alt=\"Aliene-13427_9-3\"\n                 src=\"https:\/\/www.artspeculation.net\/wp-content\/gallery\/aliene13427_9\/Aliene-13427_9-3.jpg\"\n                 style=\"max-height: 580px;\"\/>\n        <\/a>\n\n        <\/div> \n<div id=\"ngg-image-3\" class=\"ngg-gallery-slideshow-image\" style=\"height:600px\">\n\n        <a href=\"https:\/\/www.artspeculation.net\/wp-content\/gallery\/aliene13427_9\/Aliene-13427_9-7.jpg\"\n           title=\"\"\n           data-src=\"https:\/\/www.artspeculation.net\/wp-content\/gallery\/aliene13427_9\/Aliene-13427_9-7.jpg\"\n           data-thumbnail=\"https:\/\/www.artspeculation.net\/wp-content\/gallery\/aliene13427_9\/thumbs\/thumbs_Aliene-13427_9-7.jpg\"\n           data-image-id=\"408\"\n           data-title=\"Aliene-13427_9-7\"\n           data-description=\"\"\n           >\n\n            <img data-image-id='408'\n                 title=\"\"\n                 alt=\"Aliene-13427_9-7\"\n                 src=\"https:\/\/www.artspeculation.net\/wp-content\/gallery\/aliene13427_9\/Aliene-13427_9-7.jpg\"\n                 style=\"max-height: 580px;\"\/>\n        <\/a>\n\n        <\/div> \n<div id=\"ngg-image-4\" class=\"ngg-gallery-slideshow-image\" style=\"height:600px\">\n\n        <a href=\"https:\/\/www.artspeculation.net\/wp-content\/gallery\/aliene13427_9\/Aliene-13427_9-2.jpg\"\n           title=\"\"\n           data-src=\"https:\/\/www.artspeculation.net\/wp-content\/gallery\/aliene13427_9\/Aliene-13427_9-2.jpg\"\n           data-thumbnail=\"https:\/\/www.artspeculation.net\/wp-content\/gallery\/aliene13427_9\/thumbs\/thumbs_Aliene-13427_9-2.jpg\"\n           data-image-id=\"409\"\n           data-title=\"Aliene-13427_9-2\"\n           data-description=\"\"\n           >\n\n            <img data-image-id='409'\n                 title=\"\"\n                 alt=\"Aliene-13427_9-2\"\n                 src=\"https:\/\/www.artspeculation.net\/wp-content\/gallery\/aliene13427_9\/Aliene-13427_9-2.jpg\"\n                 style=\"max-height: 580px;\"\/>\n        <\/a>\n\n        <\/div> \n<div id=\"ngg-image-5\" class=\"ngg-gallery-slideshow-image\" style=\"height:600px\">\n\n        <a href=\"https:\/\/www.artspeculation.net\/wp-content\/gallery\/aliene13427_9\/Aliene-13427_9-6.jpg\"\n           title=\"\"\n           data-src=\"https:\/\/www.artspeculation.net\/wp-content\/gallery\/aliene13427_9\/Aliene-13427_9-6.jpg\"\n           data-thumbnail=\"https:\/\/www.artspeculation.net\/wp-content\/gallery\/aliene13427_9\/thumbs\/thumbs_Aliene-13427_9-6.jpg\"\n           data-image-id=\"410\"\n           data-title=\"Aliene-13427_9-6\"\n           data-description=\"\"\n           >\n\n            <img data-image-id='410'\n                 title=\"\"\n                 alt=\"Aliene-13427_9-6\"\n                 src=\"https:\/\/www.artspeculation.net\/wp-content\/gallery\/aliene13427_9\/Aliene-13427_9-6.jpg\"\n                 style=\"max-height: 580px;\"\/>\n        <\/a>\n\n        <\/div> \n<div id=\"ngg-image-6\" class=\"ngg-gallery-slideshow-image\" style=\"height:600px\">\n\n        <a href=\"https:\/\/www.artspeculation.net\/wp-content\/gallery\/aliene13427_9\/Aliene-13427_9-1.jpg\"\n           title=\"\"\n           data-src=\"https:\/\/www.artspeculation.net\/wp-content\/gallery\/aliene13427_9\/Aliene-13427_9-1.jpg\"\n           data-thumbnail=\"https:\/\/www.artspeculation.net\/wp-content\/gallery\/aliene13427_9\/thumbs\/thumbs_Aliene-13427_9-1.jpg\"\n           data-image-id=\"411\"\n           data-title=\"Aliene-13427_9-1\"\n           data-description=\"\"\n           >\n\n            <img data-image-id='411'\n                 title=\"\"\n                 alt=\"Aliene-13427_9-1\"\n                 src=\"https:\/\/www.artspeculation.net\/wp-content\/gallery\/aliene13427_9\/Aliene-13427_9-1.jpg\"\n                 style=\"max-height: 580px;\"\/>\n        <\/a>\n\n        <\/div> \n<div id=\"ngg-image-7\" class=\"ngg-gallery-slideshow-image\" style=\"height:600px\">\n\n        <a href=\"https:\/\/www.artspeculation.net\/wp-content\/gallery\/aliene13427_9\/Aliene-13427_9-8.jpg\"\n           title=\"\"\n           data-src=\"https:\/\/www.artspeculation.net\/wp-content\/gallery\/aliene13427_9\/Aliene-13427_9-8.jpg\"\n           data-thumbnail=\"https:\/\/www.artspeculation.net\/wp-content\/gallery\/aliene13427_9\/thumbs\/thumbs_Aliene-13427_9-8.jpg\"\n           data-image-id=\"412\"\n           data-title=\"Aliene-13427_9-8\"\n           data-description=\"\"\n           >\n\n            <img data-image-id='412'\n                 title=\"\"\n                 alt=\"Aliene-13427_9-8\"\n                 src=\"https:\/\/www.artspeculation.net\/wp-content\/gallery\/aliene13427_9\/Aliene-13427_9-8.jpg\"\n                 style=\"max-height: 580px;\"\/>\n        <\/a>\n\n        <\/div> \n<div id=\"ngg-image-8\" class=\"ngg-gallery-slideshow-image\" style=\"height:600px\">\n\n        <a href=\"https:\/\/www.artspeculation.net\/wp-content\/gallery\/aliene13427_9\/Aliene-13427_9-9.jpg\"\n           title=\"\"\n           data-src=\"https:\/\/www.artspeculation.net\/wp-content\/gallery\/aliene13427_9\/Aliene-13427_9-9.jpg\"\n           data-thumbnail=\"https:\/\/www.artspeculation.net\/wp-content\/gallery\/aliene13427_9\/thumbs\/thumbs_Aliene-13427_9-9.jpg\"\n           data-image-id=\"413\"\n           data-title=\"Aliene-13427_9-9\"\n           data-description=\"\"\n           >\n\n            <img data-image-id='413'\n                 title=\"\"\n                 alt=\"Aliene-13427_9-9\"\n                 src=\"https:\/\/www.artspeculation.net\/wp-content\/gallery\/aliene13427_9\/Aliene-13427_9-9.jpg\"\n                 style=\"max-height: 580px;\"\/>\n        <\/a>\n\n        <\/div> \n<div id=\"ngg-image-9\" class=\"ngg-gallery-slideshow-image\" style=\"height:600px\">\n\n        <a href=\"https:\/\/www.artspeculation.net\/wp-content\/gallery\/aliene13427_9\/ecoleloisir_2.jpg\"\n           title=\"\"\n           data-src=\"https:\/\/www.artspeculation.net\/wp-content\/gallery\/aliene13427_9\/ecoleloisir_2.jpg\"\n           data-thumbnail=\"https:\/\/www.artspeculation.net\/wp-content\/gallery\/aliene13427_9\/thumbs\/thumbs_ecoleloisir_2.jpg\"\n           data-image-id=\"443\"\n           data-title=\"ecoleloisir_2\"\n           data-description=\"\"\n           >\n\n            <img data-image-id='443'\n                 title=\"\"\n                 alt=\"ecoleloisir_2\"\n                 src=\"https:\/\/www.artspeculation.net\/wp-content\/gallery\/aliene13427_9\/ecoleloisir_2.jpg\"\n                 style=\"max-height: 580px;\"\/>\n        <\/a>\n\n        <\/div> \n<\/div>\n\n\n\t\t<!-- Thumbnails Link -->\n\t<div class=\"slideshowlink\" style=\"max-width: 800px;\">\n        <a href='https:\/\/www.artspeculation.net\/index.php\/nggallery\/thumbnails?page_id=2790'><\/a>\n\t<\/div>\n\n\n\n\n\n<p>Commode<\/p>\n\n\n\n<p>Divers \u00e9l\u00e9ments de canevas brod\u00e9s laine. Clous m\u00e9tal.<\/p>\n\n\n\n<p>Tiroir sup\u00e9rieur&nbsp;:<\/p>\n\n\n\n<p>1 poup\u00e9e cellulo\u00efd 46 cm&nbsp;; 1 sac \u00e0 main Sephora plastique 20 cm&nbsp;; 1 fer \u00e0 repasser Grazioli 17 cm&nbsp;; 1 baguette magique \u00e9lectrique 31 cm&nbsp;; 12 \u00e9l\u00e9ments de mobilier de poup\u00e9e (tabouret rose, canap\u00e9 rouge, banc rouge, frigidaire rose, chaise haute noire, lit avec matelas et coussin, petit lit, sofa bleu, tabouret haut blanc, tabouret de bar argent\u00e9, chevet bleu, casserole bleue)&nbsp;; 1 robe de princesse Disney.<\/p>\n\n\n\n<p>Tiroir m\u00e9dian&nbsp;:<\/p>\n\n\n\n<p>1 baguette magique rose \u00e9lectrifi\u00e9e 28 cm&nbsp;; 1 tenue de Suffragette Girl emball\u00e9e&nbsp;; 2 \u00e9l\u00e9ments de mobilier de poup\u00e9e (miroir, commode rose, cube)&nbsp;; 1 biberon&nbsp;; 1 si\u00e8ge relax de poup\u00e9e 38 cm&nbsp;; 1 sac \u00e0 dos Luna 30 cm&nbsp;; 1 sac plastique Ecoiffier contenant de la d\u00eenette et une f\u00e9e bleue.<\/p>\n\n\n\n<p>Tiroir inf\u00e9rieur&nbsp;:<\/p>\n\n\n\n<p>1 grande poup\u00e9e celluloid habill\u00e9e d\u2019un tutu rose 80 cm\u00a0; 1 balle Spiderman 15 cm\u00a0; 21 \u00e9l\u00e9ments de dinette (1 couteau multifonctions vert, 3 pots de yaourt, 2 boites de conserve, 2 tasses, 2 assiettes carr\u00e9es, 3 assiettes rondes, 3 oranges, 1 pot, 3 bouteilles, 1 biberon).<\/p>\n\n\n\n<p><a href=\"https:\/\/collection.mobilier-national.fr\/objet\/GME-18735-000\">https:\/\/collection.mobilier-national.fr\/objet\/GME-18735-000<\/a><\/p>\n","protected":false},"excerpt":{"rendered":"<p>Commode Divers \u00e9l\u00e9ments de canevas brod\u00e9s laine. Clous m\u00e9tal. Tiroir sup\u00e9rieur&nbsp;: 1 poup\u00e9e cellulo\u00efd 46 cm&nbsp;; 1 sac \u00e0 main Sephora plastique 20 cm&nbsp;; 1 fer \u00e0 repasser Grazioli 17 cm&nbsp;; 1 baguette magique \u00e9lectrique 31 cm&nbsp;; 12 \u00e9l\u00e9ments de mobilier de poup\u00e9e (tabouret rose, canap\u00e9 rouge, banc rouge, frigidaire rose, chaise haute noire, lit [&hellip;]<\/p>\n","protected":false},"author":1,"featured_media":0,"parent":2631,"menu_order":0,"comment_status":"closed","ping_status":"closed","template":"","meta":{"ngg_post_thumbnail":0},"_links":{"self":[{"href":"https:\/\/www.artspeculation.net\/index.php?rest_route=\/wp\/v2\/pages\/2790"}],"collection":[{"href":"https:\/\/www.artspeculation.net\/index.php?rest_route=\/wp\/v2\/pages"}],"about":[{"href":"https:\/\/www.artspeculation.net\/index.php?rest_route=\/wp\/v2\/types\/page"}],"author":[{"embeddable":true,"href":"https:\/\/www.artspeculation.net\/index.php?rest_route=\/wp\/v2\/users\/1"}],"replies":[{"embeddable":true,"href":"https:\/\/www.artspeculation.net\/index.php?rest_route=%2Fwp%2Fv2%2Fcomments&post=2790"}],"version-history":[{"count":3,"href":"https:\/\/www.artspeculation.net\/index.php?rest_route=\/wp\/v2\/pages\/2790\/revisions"}],"predecessor-version":[{"id":3192,"href":"https:\/\/www.artspeculation.net\/index.php?rest_route=\/wp\/v2\/pages\/2790\/revisions\/3192"}],"up":[{"embeddable":true,"href":"https:\/\/www.artspeculation.net\/index.php?rest_route=\/wp\/v2\/pages\/2631"}],"wp:attachment":[{"href":"https:\/\/www.artspeculation.net\/index.php?rest_route=%2Fwp%2Fv2%2Fmedia&parent=2790"}],"curies":[{"name":"wp","href":"https:\/\/api.w.org\/{rel}","templated":true}]}}