{"id":273,"date":"2012-03-06T13:53:45","date_gmt":"2012-03-06T13:53:45","guid":{"rendered":"http:\/\/www.artspeculation.net\/?page_id=273"},"modified":"2022-04-12T08:00:28","modified_gmt":"2022-04-12T08:00:28","slug":"impression","status":"publish","type":"page","link":"https:\/\/www.artspeculation.net\/?page_id=273","title":{"rendered":"Impression soleil"},"content":{"rendered":"\n<div class=\"wp-container-1 wp-block-group\"><div class=\"wp-block-group__inner-container\">\n<p>\n\n<div class=\"ngg-galleryoverview ngg-slideshow\"\n\t id=\"ngg-slideshow-ff94dbee6b3c8a4b0da86195c3db175d-5733838300\"\n     data-gallery-id=\"ff94dbee6b3c8a4b0da86195c3db175d\"\n     style=\"max-width: 800px; max-height: 600px;\">\n\n \t<div id=\"ngg-image-0\" class=\"ngg-gallery-slideshow-image\" style=\"height:600px\">\n\n        <a href=\"https:\/\/www.artspeculation.net\/wp-content\/gallery\/impression\/impression.jpg\"\n           title=\"Puzzle peint, encadrement sous-verre.\"\n           data-src=\"https:\/\/www.artspeculation.net\/wp-content\/gallery\/impression\/impression.jpg\"\n           data-thumbnail=\"https:\/\/www.artspeculation.net\/wp-content\/gallery\/impression\/thumbs\/thumbs_impression.jpg\"\n           data-image-id=\"78\"\n           data-title=\"Impression soleil\"\n           data-description=\"Puzzle peint, encadrement sous-verre.\"\n           >\n\n            <img data-image-id='78'\n                 title=\"Puzzle peint, encadrement sous-verre.\"\n                 alt=\"Impression soleil\"\n                 src=\"https:\/\/www.artspeculation.net\/wp-content\/gallery\/impression\/impression.jpg\"\n                 style=\"max-height: 580px;\"\/>\n        <\/a>\n\n        <\/div> \n<div id=\"ngg-image-1\" class=\"ngg-gallery-slideshow-image\" style=\"height:600px\">\n\n        <a href=\"https:\/\/www.artspeculation.net\/wp-content\/gallery\/impression\/impressiondetail.jpg\"\n           title=\"Puzzle peint, encadrement sous-verre.\"\n           data-src=\"https:\/\/www.artspeculation.net\/wp-content\/gallery\/impression\/impressiondetail.jpg\"\n           data-thumbnail=\"https:\/\/www.artspeculation.net\/wp-content\/gallery\/impression\/thumbs\/thumbs_impressiondetail.jpg\"\n           data-image-id=\"79\"\n           data-title=\"Impression soleil d\u00e9tail\"\n           data-description=\"Puzzle peint, encadrement sous-verre.\"\n           >\n\n            <img data-image-id='79'\n                 title=\"Puzzle peint, encadrement sous-verre.\"\n                 alt=\"Impression soleil d\u00e9tail\"\n                 src=\"https:\/\/www.artspeculation.net\/wp-content\/gallery\/impression\/impressiondetail.jpg\"\n                 style=\"max-height: 580px;\"\/>\n        <\/a>\n\n        <\/div> \n<\/div>\n\n\n\t\t<!-- Thumbnails Link -->\n\t<div class=\"slideshowlink\" style=\"max-width: 800px;\">\n        <a href='https:\/\/www.artspeculation.net\/index.php\/nggallery\/thumbnails?page_id=273'><\/a>\n\t<\/div>\n\n<br><strong>Impression soleil<\/strong> &nbsp;&nbsp;2011 &#8211; 58\u00d777cm &#8211; puzzle peint, encadrement sous-verre.<\/p>\n<p><em>Dans l\u2019impressionnisme, par un travail sur la couleur, ce qui \u00e9tait laid est devenu beau, offrant un nouveau spectacle devenu plaisant. Ici, par une transformation du m\u00eame type, l\u2019image de base est color\u00e9e comme dans un \u00e9blouissement lumineux, ce qui aboutit finalement \u00e0 sugg\u00e9rer d\u2019autres images. Mais derri\u00e8re ce maquillage, la r\u00e9alit\u00e9 est toujours l\u00e0.<\/em><\/p>\n<p>&nbsp;<\/p>\n<p><small>Pour agrandir, cliquez sur l&rsquo;image :<\/small><\/p>\n<p><a class=\"thickbox\" title=\"Impression soleil   2011 - 58\u00d777cm - puzzle peint, encadrement sous-verre.\" href=\"https:\/\/www.artspeculation.net\/wp-content\/gallery\/impression\/impression.jpg\" rel=\"\"><img class=\"ngg-singlepic ngg-left\" src=\"https:\/\/www.artspeculation.net\/wp-content\/gallery\/impression\/thumbs\/thumbs_impression.jpg\" alt=\"Impression soleil\"><\/a><br><strong>Impression soleil<\/strong> &nbsp;&nbsp;2011 &#8211; 58\u00d777cm &#8211; puzzle peint, encadrement sous-verre.<\/p>\n<p><a class=\"thickbox\" title=\"Impression soleil (d\u00e9tail)   2011 - 58\u00d777cm - puzzle peint, encadrement sous-verre.\" href=\"https:\/\/www.artspeculation.net\/wp-content\/gallery\/impression\/impressiondetail.jpg\" rel=\"\"><img class=\"ngg-singlepic ngg-left\" src=\"https:\/\/www.artspeculation.net\/wp-content\/gallery\/impression\/thumbs\/thumbs_impressiondetail.jpg\" alt=\"Impression soleil d\u00e9tail\"><\/a><br><strong>Impression soleil<\/strong> d\u00e9tail &nbsp;&nbsp;2011 &#8211; 58\u00d777cm &#8211; puzzle peint, encadrement sous-verre.<\/p>\n<p>&nbsp;<\/p>\n<p>&nbsp;<\/p>\n<p><a href=\"https:\/\/www.artspeculation.net\/?page_id=34\">Retour portofolio<\/a><\/p>\n<\/div><\/div>\n","protected":false},"excerpt":{"rendered":"<p>Impression soleil &nbsp;&nbsp;2011 &#8211; 58\u00d777cm &#8211; puzzle peint, encadrement sous-verre. Dans l\u2019impressionnisme, par un travail sur la couleur, ce qui \u00e9tait laid est devenu beau, offrant un nouveau spectacle devenu plaisant. Ici, par une transformation du m\u00eame type, l\u2019image de base est color\u00e9e comme dans un \u00e9blouissement lumineux, ce qui aboutit finalement \u00e0 sugg\u00e9rer d\u2019autres [&hellip;]<\/p>\n","protected":false},"author":1,"featured_media":0,"parent":1339,"menu_order":0,"comment_status":"closed","ping_status":"closed","template":"onecolumn-page.php","meta":{"ngg_post_thumbnail":0},"_links":{"self":[{"href":"https:\/\/www.artspeculation.net\/index.php?rest_route=\/wp\/v2\/pages\/273"}],"collection":[{"href":"https:\/\/www.artspeculation.net\/index.php?rest_route=\/wp\/v2\/pages"}],"about":[{"href":"https:\/\/www.artspeculation.net\/index.php?rest_route=\/wp\/v2\/types\/page"}],"author":[{"embeddable":true,"href":"https:\/\/www.artspeculation.net\/index.php?rest_route=\/wp\/v2\/users\/1"}],"replies":[{"embeddable":true,"href":"https:\/\/www.artspeculation.net\/index.php?rest_route=%2Fwp%2Fv2%2Fcomments&post=273"}],"version-history":[{"count":27,"href":"https:\/\/www.artspeculation.net\/index.php?rest_route=\/wp\/v2\/pages\/273\/revisions"}],"predecessor-version":[{"id":2540,"href":"https:\/\/www.artspeculation.net\/index.php?rest_route=\/wp\/v2\/pages\/273\/revisions\/2540"}],"up":[{"embeddable":true,"href":"https:\/\/www.artspeculation.net\/index.php?rest_route=\/wp\/v2\/pages\/1339"}],"wp:attachment":[{"href":"https:\/\/www.artspeculation.net\/index.php?rest_route=%2Fwp%2Fv2%2Fmedia&parent=273"}],"curies":[{"name":"wp","href":"https:\/\/api.w.org\/{rel}","templated":true}]}}