{"id":267,"date":"2012-03-06T13:15:38","date_gmt":"2012-03-06T13:15:38","guid":{"rendered":"http:\/\/www.artspeculation.net\/?page_id=267"},"modified":"2022-04-12T08:07:15","modified_gmt":"2022-04-12T08:07:15","slug":"portraitdefamille","status":"publish","type":"page","link":"https:\/\/www.artspeculation.net\/?page_id=267","title":{"rendered":"Portrait de famille"},"content":{"rendered":"\n<div class=\"wp-container-1 wp-block-group\"><div class=\"wp-block-group__inner-container\">\n<p>\n\n<div class=\"ngg-galleryoverview ngg-slideshow\"\n\t id=\"ngg-slideshow-db7019e3574abf78f0c9150c36a37d1e-19891508590\"\n     data-gallery-id=\"db7019e3574abf78f0c9150c36a37d1e\"\n     style=\"max-width: 800px; max-height: 600px;\">\n\n \t<div id=\"ngg-image-0\" class=\"ngg-gallery-slideshow-image\" style=\"height:600px\">\n\n        <a href=\"https:\/\/www.artspeculation.net\/wp-content\/gallery\/portraitdefamille\/portraitdefamille.jpg\"\n           title=\"2011 - 165x117cm - toile, toile cir\u00e9e, bronzes, fleurs artificielles, pi\u00e8ces de puzzles d\u00e9coup\u00e9es (repr\u00e9sentant couch\u00e9 de soleil sur une plage du Pacifique).\"\n           data-src=\"https:\/\/www.artspeculation.net\/wp-content\/gallery\/portraitdefamille\/portraitdefamille.jpg\"\n           data-thumbnail=\"https:\/\/www.artspeculation.net\/wp-content\/gallery\/portraitdefamille\/thumbs\/thumbs_portraitdefamille.jpg\"\n           data-image-id=\"76\"\n           data-title=\"portraitdefamille\"\n           data-description=\"2011 - 165x117cm - toile, toile cir\u00e9e, bronzes, fleurs artificielles, pi\u00e8ces de puzzles d\u00e9coup\u00e9es (repr\u00e9sentant couch\u00e9 de soleil sur une plage du Pacifique).\"\n           >\n\n            <img data-image-id='76'\n                 title=\"2011 - 165x117cm - toile, toile cir\u00e9e, bronzes, fleurs artificielles, pi\u00e8ces de puzzles d\u00e9coup\u00e9es (repr\u00e9sentant couch\u00e9 de soleil sur une plage du Pacifique).\"\n                 alt=\"portraitdefamille\"\n                 src=\"https:\/\/www.artspeculation.net\/wp-content\/gallery\/portraitdefamille\/portraitdefamille.jpg\"\n                 style=\"max-height: 580px;\"\/>\n        <\/a>\n\n        <\/div> \n<div id=\"ngg-image-1\" class=\"ngg-gallery-slideshow-image\" style=\"height:600px\">\n\n        <a href=\"https:\/\/www.artspeculation.net\/wp-content\/gallery\/portraitdefamille\/portraitdefamilledetail.jpg\"\n           title=\"2011 - 165x117cm - toile, toile cir\u00e9e, bronzes, fleurs artificielles, pi\u00e8ces de puzzles d\u00e9coup\u00e9es (repr\u00e9sentant couch\u00e9 de soleil sur une plage du Pacifique).\"\n           data-src=\"https:\/\/www.artspeculation.net\/wp-content\/gallery\/portraitdefamille\/portraitdefamilledetail.jpg\"\n           data-thumbnail=\"https:\/\/www.artspeculation.net\/wp-content\/gallery\/portraitdefamille\/thumbs\/thumbs_portraitdefamilledetail.jpg\"\n           data-image-id=\"108\"\n           data-title=\"portraitdefamilledetail\"\n           data-description=\"2011 - 165x117cm - toile, toile cir\u00e9e, bronzes, fleurs artificielles, pi\u00e8ces de puzzles d\u00e9coup\u00e9es (repr\u00e9sentant couch\u00e9 de soleil sur une plage du Pacifique).\"\n           >\n\n            <img data-image-id='108'\n                 title=\"2011 - 165x117cm - toile, toile cir\u00e9e, bronzes, fleurs artificielles, pi\u00e8ces de puzzles d\u00e9coup\u00e9es (repr\u00e9sentant couch\u00e9 de soleil sur une plage du Pacifique).\"\n                 alt=\"portraitdefamilledetail\"\n                 src=\"https:\/\/www.artspeculation.net\/wp-content\/gallery\/portraitdefamille\/portraitdefamilledetail.jpg\"\n                 style=\"max-height: 580px;\"\/>\n        <\/a>\n\n        <\/div> \n<\/div>\n\n\n\t\t<!-- Thumbnails Link -->\n\t<div class=\"slideshowlink\" style=\"max-width: 800px;\">\n        <a href='https:\/\/www.artspeculation.net\/index.php\/nggallery\/thumbnails?page_id=267'><\/a>\n\t<\/div>\n\n<br><strong>Portrait de famille<\/strong> &nbsp;&nbsp;2011 &#8211; 165x117cm &#8211; toile, toile cir\u00e9e, bronzes, fleurs artificielles, pi\u00e8ces de puzzles rogn\u00e9es (repr\u00e9sentant un coucher de soleil sur une plage du Pacifique).<br><br><em>La qu\u00eate des origines, la g\u00e9n\u00e9alogie, l\u2019appartenance \u00e0 une lign\u00e9e. Grand-P\u00e8re dans son cadre sur la chemin\u00e9e, Adam, Touma\u00ef, l\u2019hypoth\u00e9tique anc\u00eatre commun. Si les pi\u00e8ces du puzzle ne s\u2019embo\u00eetent pas, il est toujours possible de les rectifier. Tout le monde est pr\u00eat \u00e0 s\u2019arranger avec son pass\u00e9.<\/em><br><br><br><small>Pour agrandir, cliquez sur l&rsquo;image :<\/small><br><br><a class=\"thickbox\" title=\"Portrait de famille   2011 - 165x117cm - toile, toile cir\u00e9e, bronzes, fleurs artificielles, pi\u00e8ces de puzzles d\u00e9coup\u00e9es (repr\u00e9sentant coucher de soleil sur une plage du Pacifique).\" href=\"https:\/\/www.artspeculation.net\/wp-content\/gallery\/portraitdefamille\/portraitdefamille.jpg\" rel=\"\"><img class=\"ngg-singlepic ngg-left\" src=\"https:\/\/www.artspeculation.net\/wp-content\/gallery\/portraitdefamille\/thumbs\/thumbs_portraitdefamille.jpg\" alt=\"Portrait de famille\"><\/a><strong>Portrait de famille<\/strong> &nbsp;&nbsp;2011 &#8211; 165x117cm &#8211; toile, toile cir\u00e9e, bronzes, fleurs artificielles, pi\u00e8ces de puzzles d\u00e9coup\u00e9es (repr\u00e9sentant coucher de soleil sur une plage du Pacifique).<br><br><br><br><a class=\"thickbox\" title=\"Portrait de famille (d\u00e9tail)   2011 - 165x117cm - toile, toile cir\u00e9e, bronzes, fleurs artificielles, pi\u00e8ces de puzzles d\u00e9coup\u00e9es (repr\u00e9sentant un coucher de soleil sur une plage du Pacifique).\" href=\"https:\/\/www.artspeculation.net\/wp-content\/gallery\/portraitdefamille\/portraitdefamilledetail.jpg\" rel=\"\"><img class=\"ngg-singlepic ngg-left\" src=\"https:\/\/www.artspeculation.net\/wp-content\/gallery\/portraitdefamille\/thumbs\/thumbs_portraitdefamilledetail.jpg\" alt=\"Portrait de famille d\u00e9tail\"><\/a><strong>Portrait de famille<\/strong> d\u00e9tail &nbsp;&nbsp;2011 &#8211; 165x117cm &#8211; toile, toile cir\u00e9e, bronzes, fleurs artificielles, pi\u00e8ces de puzzles d\u00e9coup\u00e9es (repr\u00e9sentant un coucher de soleil sur une plage du Pacifique).<br><br><br><br><br><\/p>\n<p><a href=\"https:\/\/www.artspeculation.net\/?page_id=34\"> Retour portofolio<\/a><\/p>\n<\/div><\/div>\n","protected":false},"excerpt":{"rendered":"<p>Portrait de famille &nbsp;&nbsp;2011 &#8211; 165x117cm &#8211; toile, toile cir\u00e9e, bronzes, fleurs artificielles, pi\u00e8ces de puzzles rogn\u00e9es (repr\u00e9sentant un coucher de soleil sur une plage du Pacifique). La qu\u00eate des origines, la g\u00e9n\u00e9alogie, l\u2019appartenance \u00e0 une lign\u00e9e. Grand-P\u00e8re dans son cadre sur la chemin\u00e9e, Adam, Touma\u00ef, l\u2019hypoth\u00e9tique anc\u00eatre commun. Si les pi\u00e8ces du puzzle ne [&hellip;]<\/p>\n","protected":false},"author":1,"featured_media":0,"parent":1339,"menu_order":0,"comment_status":"closed","ping_status":"closed","template":"onecolumn-page.php","meta":{"ngg_post_thumbnail":0},"_links":{"self":[{"href":"https:\/\/www.artspeculation.net\/index.php?rest_route=\/wp\/v2\/pages\/267"}],"collection":[{"href":"https:\/\/www.artspeculation.net\/index.php?rest_route=\/wp\/v2\/pages"}],"about":[{"href":"https:\/\/www.artspeculation.net\/index.php?rest_route=\/wp\/v2\/types\/page"}],"author":[{"embeddable":true,"href":"https:\/\/www.artspeculation.net\/index.php?rest_route=\/wp\/v2\/users\/1"}],"replies":[{"embeddable":true,"href":"https:\/\/www.artspeculation.net\/index.php?rest_route=%2Fwp%2Fv2%2Fcomments&post=267"}],"version-history":[{"count":24,"href":"https:\/\/www.artspeculation.net\/index.php?rest_route=\/wp\/v2\/pages\/267\/revisions"}],"predecessor-version":[{"id":2547,"href":"https:\/\/www.artspeculation.net\/index.php?rest_route=\/wp\/v2\/pages\/267\/revisions\/2547"}],"up":[{"embeddable":true,"href":"https:\/\/www.artspeculation.net\/index.php?rest_route=\/wp\/v2\/pages\/1339"}],"wp:attachment":[{"href":"https:\/\/www.artspeculation.net\/index.php?rest_route=%2Fwp%2Fv2%2Fmedia&parent=267"}],"curies":[{"name":"wp","href":"https:\/\/api.w.org\/{rel}","templated":true}]}}