{"id":2636,"date":"2022-04-12T17:38:25","date_gmt":"2022-04-12T17:38:25","guid":{"rendered":"https:\/\/www.artspeculation.net\/?page_id=2636"},"modified":"2023-07-10T19:48:18","modified_gmt":"2023-07-10T19:48:18","slug":"ikeart","status":"publish","type":"page","link":"https:\/\/www.artspeculation.net\/?page_id=2636","title":{"rendered":"IKEART"},"content":{"rendered":"\n<p>L\u2019IKEART est un d\u00e9veloppement nouveau au sein du travail d\u2019Artsp\u00e9culation.<br>Artsp\u00e9culation a choisi de travailler sur des objets d\u00e9coratifs grand public. Il est aujourd\u2019hui possible de d\u00e9corer son int\u00e9rieur en achetant dans des grandes surfaces, \u00e0 faible prix, des cadres pr\u00e9sentant des reproductions de photographies artistiques. Ces \u0153uvres partagent des caract\u00e9ristiques esth\u00e9tiques destin\u00e9es \u00e0 plaire au plus grand nombre : elles sont propres et jolies \u2026 mais infiniment neutres. Artsp\u00e9culation s\u2019empare de ces objets de consommation pour les transformer en \u0153uvres uniques, sensibles, d\u00e9cal\u00e9es, sources d\u2019\u00e9motion et charg\u00e9es de sens. Le r\u00e9sultat est d\u2019autant plus bluffant que bien souvent l\u2019intervention reste minime.<\/p>\n\n\n\n<div class=\"wp-block-columns alignfull\">\n<div class=\"wp-block-column is-vertically-aligned-center\" style=\"flex-basis:50%\">\n<p><\/p>\n\n\n<p><a title=\"\" href=\"https:\/\/www.artspeculation.net\/wp-content\/gallery\/ikeart\/ikeart_obsolescence.jpg\"><img loading=\"lazy\" class=\"aligncenter size-large\" src=\"https:\/\/www.artspeculation.net\/wp-content\/gallery\/ikeart\/ikeart_obsolescence.jpg\" alt=\"IKEART\" width=\"1200\" height=\"480\"><\/a><\/p>\n<\/div>\n\n\n\n<div class=\"wp-block-column is-vertically-aligned-center\" style=\"flex-basis:50%\">\n<p><strong>Obsolescence programm\u00e9e <\/strong>(2023, acrylique sur toile)<br>\n<em>d\u00e9dicace \u00e0 Nam June Paik<\/em><br><\/p>\n<\/div>\n<\/div>\n\n\n\n<div class=\"wp-block-columns alignfull\">\n<div class=\"wp-block-column is-vertically-aligned-center\" style=\"flex-basis:50%\">\n<p><\/p>\n\n\n<p><a title=\"\" href=\"https:\/\/www.artspeculation.net\/wp-content\/gallery\/ikeart\/ikeart_twiligthgods.jpg\"><img loading=\"lazy\" class=\"aligncenter size-large\" src=\"https:\/\/www.artspeculation.net\/wp-content\/gallery\/ikeart\/ikeart_twiligthgods.jpg\" alt=\"IKEART\" width=\"1200\" height=\"600\"><\/a><\/p>\n<\/div>\n\n\n\n<div class=\"wp-block-column is-vertically-aligned-center\" style=\"flex-basis:50%\">\n<p><strong>Twilight of Gods <\/strong>(2023, acrylique sur toile)<br>\n<em> Ressources limit\u00e9es et spectateurs passifs <\/em> <\/p>\n<\/div>\n<\/div>\n\n\n\n<div class=\"wp-block-columns alignfull\">\n<div class=\"wp-block-column is-vertically-aligned-center\" style=\"flex-basis:50%\">\n<p><\/p>\n\n\n<p><a title=\"\" href=\"https:\/\/www.artspeculation.net\/wp-content\/gallery\/ikeart\/ikeart_orde_et_beaute.jpg\"><img loading=\"lazy\" class=\"aligncenter size-large\" src=\"https:\/\/www.artspeculation.net\/wp-content\/gallery\/ikeart\/ikeart_orde_et_beaute.jpg\" alt=\"IKEART\" width=\"1200\" height=\"480\"><\/a><\/p>\n<\/div>\n\n\n\n<div class=\"wp-block-column is-vertically-aligned-center\" style=\"flex-basis:50%\">\n<p><em>sans titre<\/em><strong> <\/strong>(2022, acrylique sur toile)<br><\/p>\n<\/div>\n<\/div>\n\n\n\n<div class=\"wp-block-columns alignfull\">\n<div class=\"wp-block-column is-vertically-aligned-center\" style=\"flex-basis:50%\">\n<p><\/p>\n\n\n<p><a title=\"\" href=\"https:\/\/www.artspeculation.net\/wp-content\/gallery\/ikeart\/ikeart_new_york.jpg\"><img loading=\"lazy\" class=\"aligncenter size-large\" src=\"https:\/\/www.artspeculation.net\/wp-content\/gallery\/ikeart\/ikeart_new_york.jpg\" alt=\"IKEART\" width=\"1200\" height=\"480\"><\/a><\/p>\n<\/div>\n\n\n\n<div class=\"wp-block-column is-vertically-aligned-center\" style=\"flex-basis:50%\">\n<p><em>sans titre<\/em><strong> <\/strong>(2022, acrylique sur toile)<br><\/p>\n<\/div>\n<\/div>\n\n\n\n<div class=\"wp-block-columns alignfull\">\n<div class=\"wp-block-column is-vertically-aligned-center\" style=\"flex-basis:50%\">\n<p><\/p>\n\n\n<p><a title=\"\" href=\"https:\/\/www.artspeculation.net\/wp-content\/gallery\/ikeart\/ikeart_london_poutine.jpg\"><img loading=\"lazy\" class=\"aligncenter size-large\" src=\"https:\/\/www.artspeculation.net\/wp-content\/gallery\/ikeart\/ikeart_london_poutine.jpg\" alt=\"IKEART\" width=\"640\" height=\"480\"><\/a><\/p>\n<\/div>\n\n\n\n<div class=\"wp-block-column is-vertically-aligned-center\" style=\"flex-basis:50%\">\n<p><em>sans titre<\/em><strong> <\/strong>(2022, acrylique sur toile)<br><\/p>\n<\/div>\n<\/div>\n\n\n\n<div class=\"wp-block-columns alignfull\">\n<div class=\"wp-block-column is-vertically-aligned-center\" style=\"flex-basis:50%\">\n<p><\/p>\n\n\n<p><a title=\"\" href=\"https:\/\/www.artspeculation.net\/wp-content\/gallery\/ikeart\/ikeart_vanity2.jpg\"><img loading=\"lazy\" class=\"aligncenter size-large\" src=\"https:\/\/www.artspeculation.net\/wp-content\/gallery\/ikeart\/ikeart_vanity2.jpg\" alt=\"IKEART\" width=\"1200\" height=\"480\"><\/a><\/p>\n<\/div>\n\n\n\n<div class=\"wp-block-column is-vertically-aligned-center\" style=\"flex-basis:50%\">\n<p><strong>Manuels de formation artistique <\/strong>(2023, acrylique sur toile)<br><\/p>\n<\/div>\n<\/div>\n\n\n\n<div class=\"wp-block-columns alignfull\">\n<div class=\"wp-block-column is-vertically-aligned-center\" style=\"flex-basis:50%\">\n<p><\/p>\n\n\n<p><a title=\"\" href=\"https:\/\/www.artspeculation.net\/wp-content\/gallery\/ikeart\/ikeart_vanity1.jpg\"><img loading=\"lazy\" class=\"aligncenter size-large\" src=\"https:\/\/www.artspeculation.net\/wp-content\/gallery\/ikeart\/ikeart_vanity1.jpg\" alt=\"IKEART\" width=\"1200\" height=\"480\"><\/a><\/p>\n<\/div>\n\n\n\n<div class=\"wp-block-column is-vertically-aligned-center\" style=\"flex-basis:50%\">\n<p><strong><strong>\u0152uvres compl\u00e8tes vol.<\/strong> 1<\/strong> (2023, acrylique sur toile)<br><\/p>\n<\/div>\n<\/div>\n\n\n\n<div class=\"wp-block-columns alignfull\">\n<div class=\"wp-block-column is-vertically-aligned-center\" style=\"flex-basis:50%\">\n<p><\/p>\n\n\n<p><a title=\"\" href=\"https:\/\/www.artspeculation.net\/wp-content\/gallery\/ikeart\/ikeart9.jpg\"><img loading=\"lazy\" class=\"aligncenter size-large\" src=\"https:\/\/www.artspeculation.net\/wp-content\/gallery\/ikeart\/ikeart9.jpg\" alt=\"IKEART\" width=\"640\" height=\"480\"><\/a><\/p>\n<\/div>\n\n\n\n<div class=\"wp-block-column is-vertically-aligned-center\" style=\"flex-basis:50%\">\n<p><em>sans titre<\/em><strong> <\/strong>(2021, 74x74cm, acrylique sur toile)<br><\/p>\n<\/div>\n<\/div>\n\n\n\n<div class=\"wp-block-columns alignfull\">\n<div class=\"wp-block-column is-vertically-aligned-center\" style=\"flex-basis:50%\">\n<p><\/p>\n\n\n<p><a title=\"\" href=\"https:\/\/www.artspeculation.net\/wp-content\/gallery\/ikeart\/ikeart1.jpg\"><img loading=\"lazy\" class=\"aligncenter size-large\" src=\"https:\/\/www.artspeculation.net\/wp-content\/gallery\/ikeart\/ikeart1.jpg\" alt=\"IKEART\" width=\"640\" height=\"480\"><\/a><\/p>\n<\/div>\n\n\n\n<div class=\"wp-block-column is-vertically-aligned-center\" style=\"flex-basis:50%\">\n<p><strong>Common wealth, private equity<\/strong> (2021, 74x74cm, acrylique sur toile)<br><em>On a d\u00e9colonis\u00e9. On a promu nos mod\u00e8les politiques et \u00e9conomiques. L\u2019exploitation continue.<\/em><\/p>\n<\/div>\n<\/div>\n\n\n\n<div class=\"wp-container-1 wp-block-group alignfull\"><div class=\"wp-block-group__inner-container\">\n<div class=\"wp-block-columns alignfull are-vertically-aligned-center\">\n<div class=\"wp-block-column is-vertically-aligned-center\" style=\"flex-basis:50%\"><p><a title=\"\" href=\"https:\/\/www.artspeculation.net\/wp-content\/gallery\/ikeart\/ikeart3.jpg\"><img loading=\"lazy\" class=\"aligncenter size-large\" src=\"https:\/\/www.artspeculation.net\/wp-content\/gallery\/ikeart\/ikeart3.jpg\" alt=\"IKEART\" width=\"640\" height=\"480\"><\/a><\/p>\n<\/div>\n\n\n\n<div class=\"wp-block-column is-vertically-aligned-center\" style=\"flex-basis:50%\">\n<p><strong>Sauv\u00e9\u00a0!<\/strong> (2021, 88x114cm, acrylique sur toile) <br><em>Notre vision exotique du monde nous emp\u00eache-t-elle encore aujourd\u2019hui de voir sa r\u00e9alit\u00e9\u00a0? Sauvera-t-on vraiment les esp\u00e8ces en les enfermant des espaces prot\u00e9g\u00e9s\u00a0?<\/em><\/p>\n<\/div>\n<\/div>\n<\/div><\/div>\n\n\n\n<div class=\"wp-container-2 wp-block-group alignfull\"><div class=\"wp-block-group__inner-container\">\n<div class=\"wp-block-columns alignfull\">\n<div class=\"wp-block-column is-vertically-aligned-center\" style=\"flex-basis:50%\"><p><a title=\"\" href=\"https:\/\/www.artspeculation.net\/wp-content\/gallery\/ikeart\/ikeart5.jpg\"><img loading=\"lazy\" class=\"aligncenter size-large\" src=\"https:\/\/www.artspeculation.net\/wp-content\/gallery\/ikeart\/ikeart5.jpg\" alt=\"IKEART\" width=\"640\" height=\"480\"><\/a><\/p>\n<\/div>\n\n\n\n<div class=\"wp-block-column is-vertically-aligned-center\" style=\"flex-basis:50%\">\n<p><strong>Transmutation<\/strong> (2021, 90cmx30cm, acrylique sur toile)<br><em>C\u00e9l\u00e9brer un \u00e9v\u00e9nement historique douloureux par un monument \u00e0 l\u2019esth\u00e9tique agr\u00e9able est un proc\u00e9d\u00e9 qui a toujours \u00e9t\u00e9 utilis\u00e9 dans l\u2019art. Pourquoi pas un bouquet de fleur pour un massacre d\u00e9ment\u00a0?<\/em><\/p>\n<\/div>\n<\/div>\n<\/div><\/div>\n\n\n\n<div class=\"wp-block-columns alignfull are-vertically-aligned-center\">\n<div class=\"wp-block-column is-vertically-aligned-center\" style=\"flex-basis:50%\"><p><a title=\"\" href=\"https:\/\/www.artspeculation.net\/wp-content\/gallery\/ikeart\/ikeart4.jpg\"><img loading=\"lazy\" class=\"aligncenter size-large\" src=\"https:\/\/www.artspeculation.net\/wp-content\/gallery\/ikeart\/ikeart4.jpg\" alt=\"IKEART\" width=\"640\" height=\"480\"><\/a><\/p>\n<\/div>\n\n\n\n<div class=\"wp-block-column is-vertically-aligned-center\" style=\"flex-basis:50%\">\n<p><strong>Rien qu\u2019un masque<\/strong> (2021, 60x60cm, acrylique sur toile)<br><em>La repr\u00e9sentation du d\u00e9sir r\u00e9duite \u00e0 sa dimension esth\u00e9tique, l\u2019effacement de l\u2019individualit\u00e9, de la particularit\u00e9. Produit standardis\u00e9 compatible avec l\u2019\u00e9conomie mondialis\u00e9e.<\/em><\/p>\n<\/div>\n<\/div>\n\n\n\n<div class=\"wp-block-columns alignfull are-vertically-aligned-center\">\n<div class=\"wp-block-column is-vertically-aligned-center\" style=\"flex-basis:50%\"><p><a title=\"\" href=\"https:\/\/www.artspeculation.net\/wp-content\/gallery\/ikeart\/ikeart6.jpg\"><img loading=\"lazy\" class=\"aligncenter size-large\" src=\"https:\/\/www.artspeculation.net\/wp-content\/gallery\/ikeart\/ikeart6.jpg\" alt=\"IKEART\" width=\"1200\" height=\"480\"><\/a><\/p>\n<\/div>\n\n\n\n<div class=\"wp-block-column is-vertically-aligned-center\" style=\"flex-basis:50%\">\n<p><strong>White fiction<\/strong> (2021, 136x95cm, acrylique sur toile)<br><em>New York, la ville grouillant de vie, ne dormant jamais, un pays neuf constitu\u00e9 par des vagues successives de migrants, et maintenant une peur, une angoisse des autres qui nous envahissent. Supprimons les migrants, qui reste-t-il\u00a0?<\/em><\/p>\n<\/div>\n<\/div>\n\n\n\n<div class=\"wp-block-columns alignfull are-vertically-aligned-center\">\n<div class=\"wp-block-column is-vertically-aligned-center\" style=\"flex-basis:50%\"><p><a title=\"\" href=\"https:\/\/www.artspeculation.net\/wp-content\/gallery\/ikeart\/ikeart7.jpg\"><img loading=\"lazy\" class=\"aligncenter size-large\" src=\"https:\/\/www.artspeculation.net\/wp-content\/gallery\/ikeart\/ikeart7.jpg\" alt=\"IKEART\" width=\"640\" height=\"480\"><\/a><\/p>\n<\/div>\n\n\n\n<div class=\"wp-block-column is-vertically-aligned-center\" style=\"flex-basis:50%\">\n<p><strong>Obsession<\/strong> (2021, 70x70cm, encre sur toile)<br><em>La tension entre les comportements polic\u00e9s de la vie sociale et les pulsions qui font transgresser toutes les r\u00e8gles ne trouve sa r\u00e9solution publique dans le drame \u2026 ou, heureusement, dans l\u2019humour.<\/em><\/p>\n<\/div>\n<\/div>\n\n\n\n<div class=\"wp-block-columns alignfull are-vertically-aligned-center\">\n<div class=\"wp-block-column is-vertically-aligned-center\" style=\"flex-basis:50%\"><p><a title=\"\" href=\"https:\/\/www.artspeculation.net\/wp-content\/gallery\/ikeart\/ikeart2.jpg\"><img loading=\"lazy\" class=\"aligncenter size-large\" src=\"https:\/\/www.artspeculation.net\/wp-content\/gallery\/ikeart\/ikeart2.jpg\" alt=\"IKEART\" width=\"640\" height=\"480\"><\/a><\/p>\n<\/div>\n\n\n\n<div class=\"wp-block-column is-vertically-aligned-center\" style=\"flex-basis:50%\">\n<p><strong>Jeu de m\u00e9moire<\/strong> (2021, 60x60cm, acrylique sur toile)<br><em>Les images s\u2019effacent avec le temps. Les stars aussi.<\/em><\/p>\n<\/div>\n<\/div>\n","protected":false},"excerpt":{"rendered":"<p>L\u2019IKEART est un d\u00e9veloppement nouveau au sein du travail d\u2019Artsp\u00e9culation.Artsp\u00e9culation a choisi de travailler sur des objets d\u00e9coratifs grand public. Il est aujourd\u2019hui possible de d\u00e9corer son int\u00e9rieur en achetant dans des grandes surfaces, \u00e0 faible prix, des cadres pr\u00e9sentant des reproductions de photographies artistiques. Ces \u0153uvres partagent des caract\u00e9ristiques esth\u00e9tiques destin\u00e9es \u00e0 plaire au [&hellip;]<\/p>\n","protected":false},"author":1,"featured_media":0,"parent":2631,"menu_order":0,"comment_status":"closed","ping_status":"closed","template":"","meta":{"ngg_post_thumbnail":0},"_links":{"self":[{"href":"https:\/\/www.artspeculation.net\/index.php?rest_route=\/wp\/v2\/pages\/2636"}],"collection":[{"href":"https:\/\/www.artspeculation.net\/index.php?rest_route=\/wp\/v2\/pages"}],"about":[{"href":"https:\/\/www.artspeculation.net\/index.php?rest_route=\/wp\/v2\/types\/page"}],"author":[{"embeddable":true,"href":"https:\/\/www.artspeculation.net\/index.php?rest_route=\/wp\/v2\/users\/1"}],"replies":[{"embeddable":true,"href":"https:\/\/www.artspeculation.net\/index.php?rest_route=%2Fwp%2Fv2%2Fcomments&post=2636"}],"version-history":[{"count":39,"href":"https:\/\/www.artspeculation.net\/index.php?rest_route=\/wp\/v2\/pages\/2636\/revisions"}],"predecessor-version":[{"id":3122,"href":"https:\/\/www.artspeculation.net\/index.php?rest_route=\/wp\/v2\/pages\/2636\/revisions\/3122"}],"up":[{"embeddable":true,"href":"https:\/\/www.artspeculation.net\/index.php?rest_route=\/wp\/v2\/pages\/2631"}],"wp:attachment":[{"href":"https:\/\/www.artspeculation.net\/index.php?rest_route=%2Fwp%2Fv2%2Fmedia&parent=2636"}],"curies":[{"name":"wp","href":"https:\/\/api.w.org\/{rel}","templated":true}]}}