{"id":2375,"date":"2022-04-12T10:28:10","date_gmt":"2022-04-12T10:28:10","guid":{"rendered":"http:\/\/www.artspeculation.net\/?page_id=2375"},"modified":"2023-07-10T19:59:38","modified_gmt":"2023-07-10T19:59:38","slug":"ikeart","status":"publish","type":"page","link":"https:\/\/www.artspeculation.net\/?page_id=2375","title":{"rendered":"AFRIKEART &#8211; 2021"},"content":{"rendered":"\n<figure class=\"wp-block-image size-large\"><img src=\"https:\/\/www.artspeculation.net\/wp-content\/uploads\/2022\/04\/nggallery_import\/20211015_151604.jpg\" alt=\"\"\/><\/figure>\n\n\n\n<p><br>Pour cette exposition \u00e0 la galerie d&rsquo;Art Premier Africain L&rsquo;Oeil et la Main, Artsp\u00e9culation \u00e9tend sa d\u00e9marche <a rel=\"noreferrer noopener\" href=\"https:\/\/www.artspeculation.net\/?page_id=2636\" target=\"_blank\">IKEART<\/a> \u00e0 des objets de d\u00e9co africaine, pour en faire des cr\u00e9ations artistiques originales qui peuvent d\u00e8s lors \u00eatre confronter aux pi\u00e8ces d&rsquo;art premier pr\u00e9sent\u00e9es, \u0153uvres originales cr\u00e9\u00e9es dans un contexte culturel, rituel et magique diff\u00e9rent.<br>Le processus qui consiste \u00e0 ajouter du signifiant, une charge \u00e9motionnelle, \u00e0 un objet de d\u00e9coration pour le transformer en \u0153uvre singuli\u00e8re, peut \u00eatre mis en regard du processus inverse qui a consister \u00e0 retirer le sens, les charges, l&rsquo;\u00e2me, \u00e0 des objets rituels africains pour ne conserver que leur dimension esth\u00e9tique et les pr\u00e9senter comme \u0153uvre d&rsquo;art.<\/p>\n\n\n\n\n<div class=\"ngg-galleryoverview ngg-slideshow\"\n\t id=\"ngg-slideshow-a2188f70af393b9484b3907a9dab27b1-10311632190\"\n     data-gallery-id=\"a2188f70af393b9484b3907a9dab27b1\"\n     style=\"max-width: 800px; max-height: 600px;\">\n\n \t<div id=\"ngg-image-0\" class=\"ngg-gallery-slideshow-image\" style=\"height:600px\">\n\n        <a href=\"https:\/\/www.artspeculation.net\/wp-content\/gallery\/afrikeart\/20211015_151604.jpg\"\n           title=\"\"\n           data-src=\"https:\/\/www.artspeculation.net\/wp-content\/gallery\/afrikeart\/20211015_151604.jpg\"\n           data-thumbnail=\"https:\/\/www.artspeculation.net\/wp-content\/gallery\/afrikeart\/thumbs\/thumbs_20211015_151604.jpg\"\n           data-image-id=\"383\"\n           data-title=\"20211015_151604\"\n           data-description=\"\"\n           >\n\n            <img data-image-id='383'\n                 title=\"\"\n                 alt=\"20211015_151604\"\n                 src=\"https:\/\/www.artspeculation.net\/wp-content\/gallery\/afrikeart\/20211015_151604.jpg\"\n                 style=\"max-height: 580px;\"\/>\n        <\/a>\n\n        <\/div> \n<div id=\"ngg-image-1\" class=\"ngg-gallery-slideshow-image\" style=\"height:600px\">\n\n        <a href=\"https:\/\/www.artspeculation.net\/wp-content\/gallery\/afrikeart\/20211018_194039.jpg\"\n           title=\"\"\n           data-src=\"https:\/\/www.artspeculation.net\/wp-content\/gallery\/afrikeart\/20211018_194039.jpg\"\n           data-thumbnail=\"https:\/\/www.artspeculation.net\/wp-content\/gallery\/afrikeart\/thumbs\/thumbs_20211018_194039.jpg\"\n           data-image-id=\"384\"\n           data-title=\"20211018_194039\"\n           data-description=\"\"\n           >\n\n            <img data-image-id='384'\n                 title=\"\"\n                 alt=\"20211018_194039\"\n                 src=\"https:\/\/www.artspeculation.net\/wp-content\/gallery\/afrikeart\/20211018_194039.jpg\"\n                 style=\"max-height: 580px;\"\/>\n        <\/a>\n\n        <\/div> \n<div id=\"ngg-image-2\" class=\"ngg-gallery-slideshow-image\" style=\"height:600px\">\n\n        <a href=\"https:\/\/www.artspeculation.net\/wp-content\/gallery\/afrikeart\/20211018_194052.jpg\"\n           title=\"\"\n           data-src=\"https:\/\/www.artspeculation.net\/wp-content\/gallery\/afrikeart\/20211018_194052.jpg\"\n           data-thumbnail=\"https:\/\/www.artspeculation.net\/wp-content\/gallery\/afrikeart\/thumbs\/thumbs_20211018_194052.jpg\"\n           data-image-id=\"385\"\n           data-title=\"20211018_194052\"\n           data-description=\"\"\n           >\n\n            <img data-image-id='385'\n                 title=\"\"\n                 alt=\"20211018_194052\"\n                 src=\"https:\/\/www.artspeculation.net\/wp-content\/gallery\/afrikeart\/20211018_194052.jpg\"\n                 style=\"max-height: 580px;\"\/>\n        <\/a>\n\n        <\/div> \n<div id=\"ngg-image-3\" class=\"ngg-gallery-slideshow-image\" style=\"height:600px\">\n\n        <a href=\"https:\/\/www.artspeculation.net\/wp-content\/gallery\/afrikeart\/20211018_194057.jpg\"\n           title=\"\"\n           data-src=\"https:\/\/www.artspeculation.net\/wp-content\/gallery\/afrikeart\/20211018_194057.jpg\"\n           data-thumbnail=\"https:\/\/www.artspeculation.net\/wp-content\/gallery\/afrikeart\/thumbs\/thumbs_20211018_194057.jpg\"\n           data-image-id=\"386\"\n           data-title=\"20211018_194057\"\n           data-description=\"\"\n           >\n\n            <img data-image-id='386'\n                 title=\"\"\n                 alt=\"20211018_194057\"\n                 src=\"https:\/\/www.artspeculation.net\/wp-content\/gallery\/afrikeart\/20211018_194057.jpg\"\n                 style=\"max-height: 580px;\"\/>\n        <\/a>\n\n        <\/div> \n<div id=\"ngg-image-4\" class=\"ngg-gallery-slideshow-image\" style=\"height:600px\">\n\n        <a href=\"https:\/\/www.artspeculation.net\/wp-content\/gallery\/afrikeart\/20211018_194105.jpg\"\n           title=\"\"\n           data-src=\"https:\/\/www.artspeculation.net\/wp-content\/gallery\/afrikeart\/20211018_194105.jpg\"\n           data-thumbnail=\"https:\/\/www.artspeculation.net\/wp-content\/gallery\/afrikeart\/thumbs\/thumbs_20211018_194105.jpg\"\n           data-image-id=\"387\"\n           data-title=\"20211018_194105\"\n           data-description=\"\"\n           >\n\n            <img data-image-id='387'\n                 title=\"\"\n                 alt=\"20211018_194105\"\n                 src=\"https:\/\/www.artspeculation.net\/wp-content\/gallery\/afrikeart\/20211018_194105.jpg\"\n                 style=\"max-height: 580px;\"\/>\n        <\/a>\n\n        <\/div> \n<div id=\"ngg-image-5\" class=\"ngg-gallery-slideshow-image\" style=\"height:600px\">\n\n        <a href=\"https:\/\/www.artspeculation.net\/wp-content\/gallery\/afrikeart\/20211018_194118.jpg\"\n           title=\"\"\n           data-src=\"https:\/\/www.artspeculation.net\/wp-content\/gallery\/afrikeart\/20211018_194118.jpg\"\n           data-thumbnail=\"https:\/\/www.artspeculation.net\/wp-content\/gallery\/afrikeart\/thumbs\/thumbs_20211018_194118.jpg\"\n           data-image-id=\"388\"\n           data-title=\"20211018_194118\"\n           data-description=\"\"\n           >\n\n            <img data-image-id='388'\n                 title=\"\"\n                 alt=\"20211018_194118\"\n                 src=\"https:\/\/www.artspeculation.net\/wp-content\/gallery\/afrikeart\/20211018_194118.jpg\"\n                 style=\"max-height: 580px;\"\/>\n        <\/a>\n\n        <\/div> \n<div id=\"ngg-image-6\" class=\"ngg-gallery-slideshow-image\" style=\"height:600px\">\n\n        <a href=\"https:\/\/www.artspeculation.net\/wp-content\/gallery\/afrikeart\/20211018_194124.jpg\"\n           title=\"\"\n           data-src=\"https:\/\/www.artspeculation.net\/wp-content\/gallery\/afrikeart\/20211018_194124.jpg\"\n           data-thumbnail=\"https:\/\/www.artspeculation.net\/wp-content\/gallery\/afrikeart\/thumbs\/thumbs_20211018_194124.jpg\"\n           data-image-id=\"389\"\n           data-title=\"20211018_194124\"\n           data-description=\"\"\n           >\n\n            <img data-image-id='389'\n                 title=\"\"\n                 alt=\"20211018_194124\"\n                 src=\"https:\/\/www.artspeculation.net\/wp-content\/gallery\/afrikeart\/20211018_194124.jpg\"\n                 style=\"max-height: 580px;\"\/>\n        <\/a>\n\n        <\/div> \n<div id=\"ngg-image-7\" class=\"ngg-gallery-slideshow-image\" style=\"height:600px\">\n\n        <a href=\"https:\/\/www.artspeculation.net\/wp-content\/gallery\/afrikeart\/20211018_194131.jpg\"\n           title=\"\"\n           data-src=\"https:\/\/www.artspeculation.net\/wp-content\/gallery\/afrikeart\/20211018_194131.jpg\"\n           data-thumbnail=\"https:\/\/www.artspeculation.net\/wp-content\/gallery\/afrikeart\/thumbs\/thumbs_20211018_194131.jpg\"\n           data-image-id=\"390\"\n           data-title=\"20211018_194131\"\n           data-description=\"\"\n           >\n\n            <img data-image-id='390'\n                 title=\"\"\n                 alt=\"20211018_194131\"\n                 src=\"https:\/\/www.artspeculation.net\/wp-content\/gallery\/afrikeart\/20211018_194131.jpg\"\n                 style=\"max-height: 580px;\"\/>\n        <\/a>\n\n        <\/div> \n<div id=\"ngg-image-8\" class=\"ngg-gallery-slideshow-image\" style=\"height:600px\">\n\n        <a href=\"https:\/\/www.artspeculation.net\/wp-content\/gallery\/afrikeart\/20211018_194134.jpg\"\n           title=\"\"\n           data-src=\"https:\/\/www.artspeculation.net\/wp-content\/gallery\/afrikeart\/20211018_194134.jpg\"\n           data-thumbnail=\"https:\/\/www.artspeculation.net\/wp-content\/gallery\/afrikeart\/thumbs\/thumbs_20211018_194134.jpg\"\n           data-image-id=\"391\"\n           data-title=\"20211018_194134\"\n           data-description=\"\"\n           >\n\n            <img data-image-id='391'\n                 title=\"\"\n                 alt=\"20211018_194134\"\n                 src=\"https:\/\/www.artspeculation.net\/wp-content\/gallery\/afrikeart\/20211018_194134.jpg\"\n                 style=\"max-height: 580px;\"\/>\n        <\/a>\n\n        <\/div> \n<div id=\"ngg-image-9\" class=\"ngg-gallery-slideshow-image\" style=\"height:600px\">\n\n        <a href=\"https:\/\/www.artspeculation.net\/wp-content\/gallery\/afrikeart\/20211018_194142.jpg\"\n           title=\"\"\n           data-src=\"https:\/\/www.artspeculation.net\/wp-content\/gallery\/afrikeart\/20211018_194142.jpg\"\n           data-thumbnail=\"https:\/\/www.artspeculation.net\/wp-content\/gallery\/afrikeart\/thumbs\/thumbs_20211018_194142.jpg\"\n           data-image-id=\"392\"\n           data-title=\"20211018_194142\"\n           data-description=\"\"\n           >\n\n            <img data-image-id='392'\n                 title=\"\"\n                 alt=\"20211018_194142\"\n                 src=\"https:\/\/www.artspeculation.net\/wp-content\/gallery\/afrikeart\/20211018_194142.jpg\"\n                 style=\"max-height: 580px;\"\/>\n        <\/a>\n\n        <\/div> \n<div id=\"ngg-image-10\" class=\"ngg-gallery-slideshow-image\" style=\"height:600px\">\n\n        <a href=\"https:\/\/www.artspeculation.net\/wp-content\/gallery\/afrikeart\/20211018_194146.jpg\"\n           title=\"\"\n           data-src=\"https:\/\/www.artspeculation.net\/wp-content\/gallery\/afrikeart\/20211018_194146.jpg\"\n           data-thumbnail=\"https:\/\/www.artspeculation.net\/wp-content\/gallery\/afrikeart\/thumbs\/thumbs_20211018_194146.jpg\"\n           data-image-id=\"393\"\n           data-title=\"20211018_194146\"\n           data-description=\"\"\n           >\n\n            <img data-image-id='393'\n                 title=\"\"\n                 alt=\"20211018_194146\"\n                 src=\"https:\/\/www.artspeculation.net\/wp-content\/gallery\/afrikeart\/20211018_194146.jpg\"\n                 style=\"max-height: 580px;\"\/>\n        <\/a>\n\n        <\/div> \n<div id=\"ngg-image-11\" class=\"ngg-gallery-slideshow-image\" style=\"height:600px\">\n\n        <a href=\"https:\/\/www.artspeculation.net\/wp-content\/gallery\/afrikeart\/20211018_194150.jpg\"\n           title=\"\"\n           data-src=\"https:\/\/www.artspeculation.net\/wp-content\/gallery\/afrikeart\/20211018_194150.jpg\"\n           data-thumbnail=\"https:\/\/www.artspeculation.net\/wp-content\/gallery\/afrikeart\/thumbs\/thumbs_20211018_194150.jpg\"\n           data-image-id=\"394\"\n           data-title=\"20211018_194150\"\n           data-description=\"\"\n           >\n\n            <img data-image-id='394'\n                 title=\"\"\n                 alt=\"20211018_194150\"\n                 src=\"https:\/\/www.artspeculation.net\/wp-content\/gallery\/afrikeart\/20211018_194150.jpg\"\n                 style=\"max-height: 580px;\"\/>\n        <\/a>\n\n        <\/div> \n<div id=\"ngg-image-12\" class=\"ngg-gallery-slideshow-image\" style=\"height:600px\">\n\n        <a href=\"https:\/\/www.artspeculation.net\/wp-content\/gallery\/afrikeart\/20211018_194153.jpg\"\n           title=\"\"\n           data-src=\"https:\/\/www.artspeculation.net\/wp-content\/gallery\/afrikeart\/20211018_194153.jpg\"\n           data-thumbnail=\"https:\/\/www.artspeculation.net\/wp-content\/gallery\/afrikeart\/thumbs\/thumbs_20211018_194153.jpg\"\n           data-image-id=\"395\"\n           data-title=\"20211018_194153\"\n           data-description=\"\"\n           >\n\n            <img data-image-id='395'\n                 title=\"\"\n                 alt=\"20211018_194153\"\n                 src=\"https:\/\/www.artspeculation.net\/wp-content\/gallery\/afrikeart\/20211018_194153.jpg\"\n                 style=\"max-height: 580px;\"\/>\n        <\/a>\n\n        <\/div> \n<div id=\"ngg-image-13\" class=\"ngg-gallery-slideshow-image\" style=\"height:600px\">\n\n        <a href=\"https:\/\/www.artspeculation.net\/wp-content\/gallery\/afrikeart\/20211018_194159.jpg\"\n           title=\"\"\n           data-src=\"https:\/\/www.artspeculation.net\/wp-content\/gallery\/afrikeart\/20211018_194159.jpg\"\n           data-thumbnail=\"https:\/\/www.artspeculation.net\/wp-content\/gallery\/afrikeart\/thumbs\/thumbs_20211018_194159.jpg\"\n           data-image-id=\"396\"\n           data-title=\"20211018_194159\"\n           data-description=\"\"\n           >\n\n            <img data-image-id='396'\n                 title=\"\"\n                 alt=\"20211018_194159\"\n                 src=\"https:\/\/www.artspeculation.net\/wp-content\/gallery\/afrikeart\/20211018_194159.jpg\"\n                 style=\"max-height: 580px;\"\/>\n        <\/a>\n\n        <\/div> \n<\/div>\n\n\n\t\t<!-- Thumbnails Link -->\n\t<div class=\"slideshowlink\" style=\"max-width: 800px;\">\n        <a href='https:\/\/www.artspeculation.net\/index.php\/nggallery\/thumbnails?page_id=2375'><\/a>\n\t<\/div>\n\n\n","protected":false},"excerpt":{"rendered":"<p>Pour cette exposition \u00e0 la galerie d&rsquo;Art Premier Africain L&rsquo;Oeil et la Main, Artsp\u00e9culation \u00e9tend sa d\u00e9marche IKEART \u00e0 des objets de d\u00e9co africaine, pour en faire des cr\u00e9ations artistiques originales qui peuvent d\u00e8s lors \u00eatre confronter aux pi\u00e8ces d&rsquo;art premier pr\u00e9sent\u00e9es, \u0153uvres originales cr\u00e9\u00e9es dans un contexte culturel, rituel et magique diff\u00e9rent.Le processus qui [&hellip;]<\/p>\n","protected":false},"author":1,"featured_media":0,"parent":1992,"menu_order":0,"comment_status":"closed","ping_status":"closed","template":"","meta":{"ngg_post_thumbnail":383},"_links":{"self":[{"href":"https:\/\/www.artspeculation.net\/index.php?rest_route=\/wp\/v2\/pages\/2375"}],"collection":[{"href":"https:\/\/www.artspeculation.net\/index.php?rest_route=\/wp\/v2\/pages"}],"about":[{"href":"https:\/\/www.artspeculation.net\/index.php?rest_route=\/wp\/v2\/types\/page"}],"author":[{"embeddable":true,"href":"https:\/\/www.artspeculation.net\/index.php?rest_route=\/wp\/v2\/users\/1"}],"replies":[{"embeddable":true,"href":"https:\/\/www.artspeculation.net\/index.php?rest_route=%2Fwp%2Fv2%2Fcomments&post=2375"}],"version-history":[{"count":10,"href":"https:\/\/www.artspeculation.net\/index.php?rest_route=\/wp\/v2\/pages\/2375\/revisions"}],"predecessor-version":[{"id":3418,"href":"https:\/\/www.artspeculation.net\/index.php?rest_route=\/wp\/v2\/pages\/2375\/revisions\/3418"}],"up":[{"embeddable":true,"href":"https:\/\/www.artspeculation.net\/index.php?rest_route=\/wp\/v2\/pages\/1992"}],"wp:attachment":[{"href":"https:\/\/www.artspeculation.net\/index.php?rest_route=%2Fwp%2Fv2%2Fmedia&parent=2375"}],"curies":[{"name":"wp","href":"https:\/\/api.w.org\/{rel}","templated":true}]}}