{"id":2294,"date":"2018-09-01T20:40:12","date_gmt":"2018-09-01T20:40:12","guid":{"rendered":"http:\/\/www.artspeculation.net\/?page_id=2294"},"modified":"2022-04-12T08:28:54","modified_gmt":"2022-04-12T08:28:54","slug":"tele-realite","status":"publish","type":"page","link":"https:\/\/www.artspeculation.net\/?page_id=2294","title":{"rendered":"T\u00e9l\u00e9-r\u00e9alit\u00e9"},"content":{"rendered":"\n<div class=\"wp-container-1 wp-block-group\"><div class=\"wp-block-group__inner-container\">\n<p>\n\n<div class=\"ngg-galleryoverview ngg-slideshow\"\n\t id=\"ngg-slideshow-b6251582b68d8345fd5c17079b4841e0-1579872810\"\n     data-gallery-id=\"b6251582b68d8345fd5c17079b4841e0\"\n     style=\"max-width: 800px; max-height: 600px;\">\n\n \t<div id=\"ngg-image-0\" class=\"ngg-gallery-slideshow-image\" style=\"height:600px\">\n\n        <a href=\"https:\/\/www.artspeculation.net\/wp-content\/gallery\/telerealite\/telerealite1.jpg\"\n           title=\"\"\n           data-src=\"https:\/\/www.artspeculation.net\/wp-content\/gallery\/telerealite\/telerealite1.jpg\"\n           data-thumbnail=\"https:\/\/www.artspeculation.net\/wp-content\/gallery\/telerealite\/thumbs\/thumbs_telerealite1.jpg\"\n           data-image-id=\"340\"\n           data-title=\"telerealite1\"\n           data-description=\"\"\n           >\n\n            <img data-image-id='340'\n                 title=\"\"\n                 alt=\"telerealite1\"\n                 src=\"https:\/\/www.artspeculation.net\/wp-content\/gallery\/telerealite\/telerealite1.jpg\"\n                 style=\"max-height: 580px;\"\/>\n        <\/a>\n\n        <\/div> \n<div id=\"ngg-image-1\" class=\"ngg-gallery-slideshow-image\" style=\"height:600px\">\n\n        <a href=\"https:\/\/www.artspeculation.net\/wp-content\/gallery\/telerealite\/telerealite2.jpg\"\n           title=\"\"\n           data-src=\"https:\/\/www.artspeculation.net\/wp-content\/gallery\/telerealite\/telerealite2.jpg\"\n           data-thumbnail=\"https:\/\/www.artspeculation.net\/wp-content\/gallery\/telerealite\/thumbs\/thumbs_telerealite2.jpg\"\n           data-image-id=\"341\"\n           data-title=\"telerealite2\"\n           data-description=\"\"\n           >\n\n            <img data-image-id='341'\n                 title=\"\"\n                 alt=\"telerealite2\"\n                 src=\"https:\/\/www.artspeculation.net\/wp-content\/gallery\/telerealite\/telerealite2.jpg\"\n                 style=\"max-height: 580px;\"\/>\n        <\/a>\n\n        <\/div> \n<div id=\"ngg-image-2\" class=\"ngg-gallery-slideshow-image\" style=\"height:600px\">\n\n        <a href=\"https:\/\/www.artspeculation.net\/wp-content\/gallery\/telerealite\/telerealite3.jpg\"\n           title=\"\"\n           data-src=\"https:\/\/www.artspeculation.net\/wp-content\/gallery\/telerealite\/telerealite3.jpg\"\n           data-thumbnail=\"https:\/\/www.artspeculation.net\/wp-content\/gallery\/telerealite\/thumbs\/thumbs_telerealite3.jpg\"\n           data-image-id=\"342\"\n           data-title=\"telerealite3\"\n           data-description=\"\"\n           >\n\n            <img data-image-id='342'\n                 title=\"\"\n                 alt=\"telerealite3\"\n                 src=\"https:\/\/www.artspeculation.net\/wp-content\/gallery\/telerealite\/telerealite3.jpg\"\n                 style=\"max-height: 580px;\"\/>\n        <\/a>\n\n        <\/div> \n<div id=\"ngg-image-3\" class=\"ngg-gallery-slideshow-image\" style=\"height:600px\">\n\n        <a href=\"https:\/\/www.artspeculation.net\/wp-content\/gallery\/telerealite\/telerealite4.jpg\"\n           title=\"\"\n           data-src=\"https:\/\/www.artspeculation.net\/wp-content\/gallery\/telerealite\/telerealite4.jpg\"\n           data-thumbnail=\"https:\/\/www.artspeculation.net\/wp-content\/gallery\/telerealite\/thumbs\/thumbs_telerealite4.jpg\"\n           data-image-id=\"343\"\n           data-title=\"telerealite4\"\n           data-description=\"\"\n           >\n\n            <img data-image-id='343'\n                 title=\"\"\n                 alt=\"telerealite4\"\n                 src=\"https:\/\/www.artspeculation.net\/wp-content\/gallery\/telerealite\/telerealite4.jpg\"\n                 style=\"max-height: 580px;\"\/>\n        <\/a>\n\n        <\/div> \n<div id=\"ngg-image-4\" class=\"ngg-gallery-slideshow-image\" style=\"height:600px\">\n\n        <a href=\"https:\/\/www.artspeculation.net\/wp-content\/gallery\/telerealite\/telerealite5.jpg\"\n           title=\"\"\n           data-src=\"https:\/\/www.artspeculation.net\/wp-content\/gallery\/telerealite\/telerealite5.jpg\"\n           data-thumbnail=\"https:\/\/www.artspeculation.net\/wp-content\/gallery\/telerealite\/thumbs\/thumbs_telerealite5.jpg\"\n           data-image-id=\"344\"\n           data-title=\"telerealite5\"\n           data-description=\"\"\n           >\n\n            <img data-image-id='344'\n                 title=\"\"\n                 alt=\"telerealite5\"\n                 src=\"https:\/\/www.artspeculation.net\/wp-content\/gallery\/telerealite\/telerealite5.jpg\"\n                 style=\"max-height: 580px;\"\/>\n        <\/a>\n\n        <\/div> \n<div id=\"ngg-image-5\" class=\"ngg-gallery-slideshow-image\" style=\"height:600px\">\n\n        <a href=\"https:\/\/www.artspeculation.net\/wp-content\/gallery\/telerealite\/telerealite6.jpg\"\n           title=\"\"\n           data-src=\"https:\/\/www.artspeculation.net\/wp-content\/gallery\/telerealite\/telerealite6.jpg\"\n           data-thumbnail=\"https:\/\/www.artspeculation.net\/wp-content\/gallery\/telerealite\/thumbs\/thumbs_telerealite6.jpg\"\n           data-image-id=\"345\"\n           data-title=\"telerealite6\"\n           data-description=\"\"\n           >\n\n            <img data-image-id='345'\n                 title=\"\"\n                 alt=\"telerealite6\"\n                 src=\"https:\/\/www.artspeculation.net\/wp-content\/gallery\/telerealite\/telerealite6.jpg\"\n                 style=\"max-height: 580px;\"\/>\n        <\/a>\n\n        <\/div> \n<div id=\"ngg-image-6\" class=\"ngg-gallery-slideshow-image\" style=\"height:600px\">\n\n        <a href=\"https:\/\/www.artspeculation.net\/wp-content\/gallery\/telerealite\/telerealite7.jpg\"\n           title=\"\"\n           data-src=\"https:\/\/www.artspeculation.net\/wp-content\/gallery\/telerealite\/telerealite7.jpg\"\n           data-thumbnail=\"https:\/\/www.artspeculation.net\/wp-content\/gallery\/telerealite\/thumbs\/thumbs_telerealite7.jpg\"\n           data-image-id=\"346\"\n           data-title=\"telerealite7\"\n           data-description=\"\"\n           >\n\n            <img data-image-id='346'\n                 title=\"\"\n                 alt=\"telerealite7\"\n                 src=\"https:\/\/www.artspeculation.net\/wp-content\/gallery\/telerealite\/telerealite7.jpg\"\n                 style=\"max-height: 580px;\"\/>\n        <\/a>\n\n        <\/div> \n<\/div>\n\n\n\t\t<!-- Thumbnails Link -->\n\t<div class=\"slideshowlink\" style=\"max-width: 800px;\">\n        <a href='https:\/\/www.artspeculation.net\/index.php\/nggallery\/thumbnails?page_id=2294'><\/a>\n\t<\/div>\n\n<br><strong>T\u00e9l\u00e9-r\u00e9alit\u00e9<\/strong> 2018 &#8211; installation en \u00e9cho \u00e0 l&rsquo;exposition ACCESS DENIED, Centre abb\u00e9 Pierre &#8211; Emma\u00fcs d&rsquo;Esteville &#8211; 10\u00d710 m &#8211; \u00e9crans t\u00e9l\u00e9, cartons, grilles, lampes.<\/p>\n<p><em>D\u00e9s-in-formation. D\u00e9-formation. Format-age. Que se passe-t-il ? Qui sont-ils ? Existent-ils ? Audimat ! Avons-nous VRAIMENT rendez-vous avec la r\u00e9alit\u00e9 ? Le grand th\u00e9\u00e2tre, le grand spectacle quotidien de la petite bo\u00eete \u00e0 image. Nourriture \u00e0 fantasmes. J&rsquo;ai peur de ce que je n&rsquo;imagine m\u00eame pas. Mirages et trag\u00e9dies. Images-th\u00e9\u00e2tre : likez et faites suivre.<br><\/em><\/p>\n<p>&nbsp;<\/p>\n<p><small>Pour agrandir, cliquez sur l&rsquo;image :<\/small><\/p>\n<p><a class=\"thickbox\" title=\"T\u00e9l\u00e9-r\u00e9alit\u00e9   2018 - installation, 10\u00d710 m - \u00e9crans t\u00e9l\u00e9, cartons, grilles, lampes.\" href=\"https:\/\/www.artspeculation.net\/wp-content\/gallery\/telerealite\/telerealite1.jpg\" rel=\"\"><img class=\"ngg-singlepic ngg-left\" src=\"https:\/\/www.artspeculation.net\/wp-content\/gallery\/telerealite\/thumbs\/thumbs_telerealite1.jpg\" alt=\"T\u00e9l\u00e9-r\u00e9alit\u00e9\"><\/a><br><strong>T\u00e9l\u00e9-r\u00e9alit\u00e9<\/strong> 2018 &#8211; installation, 10\u00d710 m &#8211; \u00e9crans t\u00e9l\u00e9, cartons, grilles, lampes.<\/p>\n<p><a class=\"thickbox\" title=\"T\u00e9l\u00e9-r\u00e9alit\u00e9   2018 - installation, 10\u00d710 m - \u00e9crans t\u00e9l\u00e9, cartons, grilles, lampes.\" href=\"https:\/\/www.artspeculation.net\/wp-content\/gallery\/telerealite\/telerealite2.jpg\" rel=\"\"><img class=\"ngg-singlepic ngg-left\" src=\"https:\/\/www.artspeculation.net\/wp-content\/gallery\/telerealite\/thumbs\/thumbs_telerealite2.jpg\" alt=\"T\u00e9l\u00e9-r\u00e9alit\u00e9\"><\/a><br><strong>T\u00e9l\u00e9-r\u00e9alit\u00e9<\/strong> 2018 &#8211; installation, 10\u00d710 m &#8211; \u00e9crans t\u00e9l\u00e9, cartons, grilles, lampes.<\/p>\n<p><a class=\"thickbox\" title=\"T\u00e9l\u00e9-r\u00e9alit\u00e9   2018 - installation, 10\u00d710 m - \u00e9crans t\u00e9l\u00e9, cartons, grilles, lampes.\" href=\"https:\/\/www.artspeculation.net\/wp-content\/gallery\/telerealite\/telerealite3.jpg\" rel=\"\"><img class=\"ngg-singlepic ngg-left\" src=\"https:\/\/www.artspeculation.net\/wp-content\/gallery\/telerealite\/thumbs\/thumbs_telerealite3.jpg\" alt=\"T\u00e9l\u00e9-r\u00e9alit\u00e9\"><\/a><br><strong>T\u00e9l\u00e9-r\u00e9alit\u00e9<\/strong> 2018 &#8211; installation, 10\u00d710 m &#8211; \u00e9crans t\u00e9l\u00e9, cartons, grilles, lampes.<\/p>\n<p><a class=\"thickbox\" title=\"T\u00e9l\u00e9-r\u00e9alit\u00e9   2018 - installation, 10\u00d710 m - \u00e9crans t\u00e9l\u00e9, cartons, grilles, lampes.\" href=\"https:\/\/www.artspeculation.net\/wp-content\/gallery\/telerealite\/telerealite4.jpg\" rel=\"\"><img class=\"ngg-singlepic ngg-left\" src=\"https:\/\/www.artspeculation.net\/wp-content\/gallery\/telerealite\/thumbs\/thumbs_telerealite4.jpg\" alt=\"T\u00e9l\u00e9-r\u00e9alit\u00e9\"><\/a><br><strong>T\u00e9l\u00e9-r\u00e9alit\u00e9<\/strong> 2018 &#8211; installation, 10\u00d710 m &#8211; \u00e9crans t\u00e9l\u00e9, cartons, grilles, lampes.<\/p>\n<p><a class=\"thickbox\" title=\"T\u00e9l\u00e9-r\u00e9alit\u00e9   2018 - installation, 10\u00d710 m - \u00e9crans t\u00e9l\u00e9, cartons, grilles, lampes.\" href=\"https:\/\/www.artspeculation.net\/wp-content\/gallery\/telerealite\/telerealite5.jpg\" rel=\"\"><img class=\"ngg-singlepic ngg-left\" src=\"https:\/\/www.artspeculation.net\/wp-content\/gallery\/telerealite\/thumbs\/thumbs_telerealite5.jpg\" alt=\"T\u00e9l\u00e9-r\u00e9alit\u00e9\"><\/a><br><strong>T\u00e9l\u00e9-r\u00e9alit\u00e9<\/strong> 2018 &#8211; installation, 10\u00d710 m &#8211; \u00e9crans t\u00e9l\u00e9, cartons, grilles, lampes.<\/p>\n<p><a class=\"thickbox\" title=\"T\u00e9l\u00e9-r\u00e9alit\u00e9   2018 - installation, 10\u00d710 m - \u00e9crans t\u00e9l\u00e9, cartons, grilles, lampes.\" href=\"https:\/\/www.artspeculation.net\/wp-content\/gallery\/telerealite\/telerealite6.jpg\" rel=\"\"><img class=\"ngg-singlepic ngg-left\" src=\"https:\/\/www.artspeculation.net\/wp-content\/gallery\/telerealite\/thumbs\/thumbs_telerealite6.jpg\" alt=\"T\u00e9l\u00e9-r\u00e9alit\u00e9\"><\/a><br><strong>T\u00e9l\u00e9-r\u00e9alit\u00e9<\/strong> 2018 &#8211; installation, 10\u00d710 m &#8211; \u00e9crans t\u00e9l\u00e9, cartons, grilles, lampes.<\/p>\n<p><a class=\"thickbox\" title=\"T\u00e9l\u00e9-r\u00e9alit\u00e9   2018 - installation, 10\u00d710 m - \u00e9crans t\u00e9l\u00e9, cartons, grilles, lampes.\" href=\"https:\/\/www.artspeculation.net\/wp-content\/gallery\/telerealite\/telerealite7.jpg\" rel=\"\"><img class=\"ngg-singlepic ngg-left\" src=\"https:\/\/www.artspeculation.net\/wp-content\/gallery\/telerealite\/thumbs\/thumbs_telerealite7.jpg\" alt=\"T\u00e9l\u00e9-r\u00e9alit\u00e9\"><\/a><br><strong>T\u00e9l\u00e9-r\u00e9alit\u00e9<\/strong> 2018 &#8211; installation, 10\u00d710 m &#8211; \u00e9crans t\u00e9l\u00e9, cartons, grilles, lampes.<\/p>\n<p>&nbsp;<\/p>\n<p>&nbsp;<\/p>\n<p><a href=\"https:\/\/www.artspeculation.net\/?page_id=34\"> Retour portofolio<\/a><\/p>\n<\/div><\/div>\n","protected":false},"excerpt":{"rendered":"<p>T\u00e9l\u00e9-r\u00e9alit\u00e9 2018 &#8211; installation en \u00e9cho \u00e0 l&rsquo;exposition ACCESS DENIED, Centre abb\u00e9 Pierre &#8211; Emma\u00fcs d&rsquo;Esteville &#8211; 10\u00d710 m &#8211; \u00e9crans t\u00e9l\u00e9, cartons, grilles, lampes. D\u00e9s-in-formation. D\u00e9-formation. Format-age. Que se passe-t-il ? Qui sont-ils ? Existent-ils ? Audimat ! Avons-nous VRAIMENT rendez-vous avec la r\u00e9alit\u00e9 ? Le grand th\u00e9\u00e2tre, le grand spectacle quotidien de la [&hellip;]<\/p>\n","protected":false},"author":1,"featured_media":0,"parent":2299,"menu_order":0,"comment_status":"closed","ping_status":"closed","template":"onecolumn-page.php","meta":{"ngg_post_thumbnail":0},"_links":{"self":[{"href":"https:\/\/www.artspeculation.net\/index.php?rest_route=\/wp\/v2\/pages\/2294"}],"collection":[{"href":"https:\/\/www.artspeculation.net\/index.php?rest_route=\/wp\/v2\/pages"}],"about":[{"href":"https:\/\/www.artspeculation.net\/index.php?rest_route=\/wp\/v2\/types\/page"}],"author":[{"embeddable":true,"href":"https:\/\/www.artspeculation.net\/index.php?rest_route=\/wp\/v2\/users\/1"}],"replies":[{"embeddable":true,"href":"https:\/\/www.artspeculation.net\/index.php?rest_route=%2Fwp%2Fv2%2Fcomments&post=2294"}],"version-history":[{"count":8,"href":"https:\/\/www.artspeculation.net\/index.php?rest_route=\/wp\/v2\/pages\/2294\/revisions"}],"predecessor-version":[{"id":2578,"href":"https:\/\/www.artspeculation.net\/index.php?rest_route=\/wp\/v2\/pages\/2294\/revisions\/2578"}],"up":[{"embeddable":true,"href":"https:\/\/www.artspeculation.net\/index.php?rest_route=\/wp\/v2\/pages\/2299"}],"wp:attachment":[{"href":"https:\/\/www.artspeculation.net\/index.php?rest_route=%2Fwp%2Fv2%2Fmedia&parent=2294"}],"curies":[{"name":"wp","href":"https:\/\/api.w.org\/{rel}","templated":true}]}}