{"id":2244,"date":"2018-02-04T23:52:14","date_gmt":"2018-02-04T23:52:14","guid":{"rendered":"http:\/\/www.artspeculation.net\/?page_id=2244"},"modified":"2022-04-12T08:24:04","modified_gmt":"2022-04-12T08:24:04","slug":"reproduction-interdite","status":"publish","type":"page","link":"https:\/\/www.artspeculation.net\/?page_id=2244","title":{"rendered":"Reproduction interdite"},"content":{"rendered":"\n<div class=\"wp-container-1 wp-block-group\"><div class=\"wp-block-group__inner-container\">\n<p>2018 &#8211; 40\u00d730\u00d720 cm, urinoir en c\u00e9ramique, encre.<\/p>\n<p><a href=\"https:\/\/www.artspeculation.net\/wp-content\/gallery\/copyright\/copyright1.jpg\"><img loading=\"lazy\" class=\"aligncenter size-large wp-image-1751\" title=\"Reproduction interdite\" src=\"https:\/\/www.artspeculation.net\/wp-content\/gallery\/copyright\/copyright1.jpg\" alt=\"\" width=\"640\" height=\"480\"><\/a><\/p>\n<p>&nbsp;<\/p>\n<p>&nbsp;<\/p>\n<p><a href=\"https:\/\/www.artspeculation.net\/?page_id=34\"> Retour portofolio<\/a><\/p>\n<\/div><\/div>\n","protected":false},"excerpt":{"rendered":"<p>2018 &#8211; 40\u00d730\u00d720 cm, urinoir en c\u00e9ramique, encre. &nbsp; &nbsp; Retour portofolio<\/p>\n","protected":false},"author":1,"featured_media":0,"parent":2299,"menu_order":0,"comment_status":"closed","ping_status":"closed","template":"","meta":{"ngg_post_thumbnail":0},"_links":{"self":[{"href":"https:\/\/www.artspeculation.net\/index.php?rest_route=\/wp\/v2\/pages\/2244"}],"collection":[{"href":"https:\/\/www.artspeculation.net\/index.php?rest_route=\/wp\/v2\/pages"}],"about":[{"href":"https:\/\/www.artspeculation.net\/index.php?rest_route=\/wp\/v2\/types\/page"}],"author":[{"embeddable":true,"href":"https:\/\/www.artspeculation.net\/index.php?rest_route=\/wp\/v2\/users\/1"}],"replies":[{"embeddable":true,"href":"https:\/\/www.artspeculation.net\/index.php?rest_route=%2Fwp%2Fv2%2Fcomments&post=2244"}],"version-history":[{"count":11,"href":"https:\/\/www.artspeculation.net\/index.php?rest_route=\/wp\/v2\/pages\/2244\/revisions"}],"predecessor-version":[{"id":2572,"href":"https:\/\/www.artspeculation.net\/index.php?rest_route=\/wp\/v2\/pages\/2244\/revisions\/2572"}],"up":[{"embeddable":true,"href":"https:\/\/www.artspeculation.net\/index.php?rest_route=\/wp\/v2\/pages\/2299"}],"wp:attachment":[{"href":"https:\/\/www.artspeculation.net\/index.php?rest_route=%2Fwp%2Fv2%2Fmedia&parent=2244"}],"curies":[{"name":"wp","href":"https:\/\/api.w.org\/{rel}","templated":true}]}}