{"id":2229,"date":"2018-02-04T19:12:38","date_gmt":"2018-02-04T19:12:38","guid":{"rendered":"http:\/\/www.artspeculation.net\/?page_id=2229"},"modified":"2024-08-30T20:11:41","modified_gmt":"2024-08-30T20:11:41","slug":"lorigine-de-lart","status":"publish","type":"page","link":"https:\/\/www.artspeculation.net\/?page_id=2229","title":{"rendered":"L&rsquo;origine de l&rsquo;Art"},"content":{"rendered":"\n<div class=\"wp-block-columns\">\n<div class=\"wp-block-column\" style=\"flex-basis:100%\">\n<p>\n\n<div class=\"ngg-galleryoverview ngg-slideshow\"\n\t id=\"ngg-slideshow-238b4622c08d81ecc687af964dcf33be-15715621710\"\n     data-gallery-id=\"238b4622c08d81ecc687af964dcf33be\"\n     style=\"max-width: 800px; max-height: 600px;\">\n\n \t<div id=\"ngg-image-0\" class=\"ngg-gallery-slideshow-image\" style=\"height:600px\">\n\n        <a href=\"https:\/\/www.artspeculation.net\/wp-content\/gallery\/reliquaire\/reliquaire1.jpg\"\n           title=\"\"\n           data-src=\"https:\/\/www.artspeculation.net\/wp-content\/gallery\/reliquaire\/reliquaire1.jpg\"\n           data-thumbnail=\"https:\/\/www.artspeculation.net\/wp-content\/gallery\/reliquaire\/thumbs\/thumbs_reliquaire1.jpg\"\n           data-image-id=\"335\"\n           data-title=\"reliquaire1\"\n           data-description=\"\"\n           >\n\n            <img data-image-id='335'\n                 title=\"\"\n                 alt=\"reliquaire1\"\n                 src=\"https:\/\/www.artspeculation.net\/wp-content\/gallery\/reliquaire\/reliquaire1.jpg\"\n                 style=\"max-height: 580px;\"\/>\n        <\/a>\n\n        <\/div> \n<div id=\"ngg-image-1\" class=\"ngg-gallery-slideshow-image\" style=\"height:600px\">\n\n        <a href=\"https:\/\/www.artspeculation.net\/wp-content\/gallery\/reliquaire\/reliquaire2.jpg\"\n           title=\"\"\n           data-src=\"https:\/\/www.artspeculation.net\/wp-content\/gallery\/reliquaire\/reliquaire2.jpg\"\n           data-thumbnail=\"https:\/\/www.artspeculation.net\/wp-content\/gallery\/reliquaire\/thumbs\/thumbs_reliquaire2.jpg\"\n           data-image-id=\"336\"\n           data-title=\"reliquaire2\"\n           data-description=\"\"\n           >\n\n            <img data-image-id='336'\n                 title=\"\"\n                 alt=\"reliquaire2\"\n                 src=\"https:\/\/www.artspeculation.net\/wp-content\/gallery\/reliquaire\/reliquaire2.jpg\"\n                 style=\"max-height: 580px;\"\/>\n        <\/a>\n\n        <\/div> \n<div id=\"ngg-image-2\" class=\"ngg-gallery-slideshow-image\" style=\"height:600px\">\n\n        <a href=\"https:\/\/www.artspeculation.net\/wp-content\/gallery\/reliquaire\/reliquaire_detail.jpg\"\n           title=\"\"\n           data-src=\"https:\/\/www.artspeculation.net\/wp-content\/gallery\/reliquaire\/reliquaire_detail.jpg\"\n           data-thumbnail=\"https:\/\/www.artspeculation.net\/wp-content\/gallery\/reliquaire\/thumbs\/thumbs_reliquaire_detail.jpg\"\n           data-image-id=\"337\"\n           data-title=\"reliquaire_detail\"\n           data-description=\"\"\n           >\n\n            <img data-image-id='337'\n                 title=\"\"\n                 alt=\"reliquaire_detail\"\n                 src=\"https:\/\/www.artspeculation.net\/wp-content\/gallery\/reliquaire\/reliquaire_detail.jpg\"\n                 style=\"max-height: 580px;\"\/>\n        <\/a>\n\n        <\/div> \n<\/div>\n\n\n\t\t<!-- Thumbnails Link -->\n\t<div class=\"slideshowlink\" style=\"max-width: 800px;\">\n        <a href='https:\/\/www.artspeculation.net\/index.php\/nggallery\/thumbnails?page_id=2229'><\/a>\n\t<\/div>\n\n<br><strong>L&rsquo;origine de l&rsquo;Art<\/strong> &nbsp;&nbsp;2017 &#8211; 80\u00d740\u00d750 cm \u2013 pi\u00e8ces de M\u00e9cano, verre teint\u00e9, tesson de c\u00e9ramique (Fountain), dispositif d\u2019\u00e9clairage.<\/p>\n<p><em>Les historiens de l&rsquo;art s&rsquo;accordent \u00e0 reconna\u00eetre que <\/em>Fountain<em> de Duchamp est \u00e0 l&rsquo;origine de l&rsquo;art contemporain. Comme dans les scandales qui ont \u00e9maill\u00e9 l&rsquo;histoire de l&rsquo;art, le mythe a supplant\u00e9 la r\u00e9alit\u00e9 et la disparition de l&rsquo;\u0153uvre ne fait que renforcer cette \u00e9vidence : le ready-made provocateur et disparu a finalement balay\u00e9 le concept de beaut\u00e9 qui s&rsquo;attachait \u00e0 l&rsquo;\u0153uvre d&rsquo;art. Si cette \u0153uvre \u00e9tait retrouv\u00e9e, elle serait envi\u00e9e par tous les mus\u00e9es du monde. Il se trouve qu\u2019aux USA, on laisse penser que certains tessons de l&rsquo;objet d\u00e9truit par m\u00e9garde auraient r\u00e9apparu sur un march\u00e9 parall\u00e8le. L\u2019int\u00e9r\u00eat que l&rsquo;on peut porter \u00e0 de tels restes n&rsquo;est pas d&rsquo;ordre esth\u00e9tique mais historique et leur v\u00e9racit\u00e9 peut facilement \u00eatre mise en doute. Cependant l&rsquo;histoire nous apprend que la fascination pour les reliques est bien r\u00e9elle et c&rsquo;est ce qui nous a inspir\u00e9 cette proposition.<\/em><\/p>\n<p><small>Pour agrandir, cliquez sur l&rsquo;image :<\/small><\/p>\n<p><a class=\"thickbox\" title=\"L'origine de l'Art   2017 - 80\u00d740\u00d750 cm \u2013 pi\u00e8ces de M\u00e9cano, verre teint\u00e9, tesson de c\u00e9ramique (Fountain), dispositif d\u2019\u00e9clairage.\" href=\"https:\/\/www.artspeculation.net\/wp-content\/gallery\/reliquaire\/reliquaire1.jpg\" rel=\"\"><img class=\"ngg-singlepic ngg-left\" src=\"https:\/\/www.artspeculation.net\/wp-content\/gallery\/reliquaire\/thumbs\/thumbs_reliquaire1.jpg\" alt=\"L'origine de l'Art\"><\/a><strong>L&rsquo;origine de l&rsquo;Art<\/strong> &nbsp;&nbsp;2017 &#8211; 80\u00d740\u00d750 cm \u2013 pi\u00e8ces de M\u00e9cano, verre teint\u00e9, tesson de c\u00e9ramique (Fountain), dispositif d\u2019\u00e9clairage.<\/p>\n<p><a class=\"thickbox\" title=\"L'origine de l'Art   2017 - 80\u00d740\u00d750 cm \u2013 pi\u00e8ces de M\u00e9cano, verre teint\u00e9, tesson de c\u00e9ramique (Fountain), dispositif d\u2019\u00e9clairage.\" href=\"https:\/\/www.artspeculation.net\/wp-content\/gallery\/reliquaire\/reliquaire_detail.jpg\" rel=\"\"><img class=\"ngg-singlepic ngg-left\" src=\"https:\/\/www.artspeculation.net\/wp-content\/gallery\/reliquaire\/thumbs\/thumbs_reliquaire_detail.jpg\" alt=\"L'origine de l'Art\"><\/a><strong>L&rsquo;origine de l&rsquo;Art<\/strong>&nbsp;(d\u00e9tail)&nbsp;2017 &#8211; 80\u00d740\u00d750 cm \u2013 pi\u00e8ces de M\u00e9cano, verre teint\u00e9, tesson de c\u00e9ramique (Fountain), dispositif d\u2019\u00e9clairage.<\/p>\n<p><a class=\"thickbox\" title=\"L'origine de l'Art   2017 - 80\u00d740\u00d750 cm \u2013 pi\u00e8ces de M\u00e9cano, verre teint\u00e9, tesson de c\u00e9ramique (Fountain), dispositif d\u2019\u00e9clairage.\" href=\"https:\/\/www.artspeculation.net\/wp-content\/gallery\/reliquaire\/reliquaire2.jpg\" rel=\"\"><img class=\"ngg-singlepic ngg-left\" src=\"https:\/\/www.artspeculation.net\/wp-content\/gallery\/reliquaire\/thumbs\/thumbs_reliquaire2.jpg\" alt=\"L'origine de l'Art\"><\/a><strong>L&rsquo;origine de l&rsquo;Art<\/strong> &nbsp;&nbsp;2017 &#8211; 80\u00d740\u00d750 cm \u2013 pi\u00e8ces de M\u00e9cano, verre teint\u00e9, tesson de c\u00e9ramique (Fountain), dispositif d\u2019\u00e9clairage.<\/p>\n<p><a href=\"https:\/\/www.artspeculation.net\/?page_id=34\"> Retour portofolio<\/a><\/p>\n<\/div>\n<\/div>\n","protected":false},"excerpt":{"rendered":"<p>L&rsquo;origine de l&rsquo;Art &nbsp;&nbsp;2017 &#8211; 80\u00d740\u00d750 cm \u2013 pi\u00e8ces de M\u00e9cano, verre teint\u00e9, tesson de c\u00e9ramique (Fountain), dispositif d\u2019\u00e9clairage. Les historiens de l&rsquo;art s&rsquo;accordent \u00e0 reconna\u00eetre que Fountain de Duchamp est \u00e0 l&rsquo;origine de l&rsquo;art contemporain. Comme dans les scandales qui ont \u00e9maill\u00e9 l&rsquo;histoire de l&rsquo;art, le mythe a supplant\u00e9 la r\u00e9alit\u00e9 et la disparition [&hellip;]<\/p>\n","protected":false},"author":1,"featured_media":0,"parent":2186,"menu_order":0,"comment_status":"closed","ping_status":"open","template":"","meta":{"ngg_post_thumbnail":0},"_links":{"self":[{"href":"https:\/\/www.artspeculation.net\/index.php?rest_route=\/wp\/v2\/pages\/2229"}],"collection":[{"href":"https:\/\/www.artspeculation.net\/index.php?rest_route=\/wp\/v2\/pages"}],"about":[{"href":"https:\/\/www.artspeculation.net\/index.php?rest_route=\/wp\/v2\/types\/page"}],"author":[{"embeddable":true,"href":"https:\/\/www.artspeculation.net\/index.php?rest_route=\/wp\/v2\/users\/1"}],"replies":[{"embeddable":true,"href":"https:\/\/www.artspeculation.net\/index.php?rest_route=%2Fwp%2Fv2%2Fcomments&post=2229"}],"version-history":[{"count":9,"href":"https:\/\/www.artspeculation.net\/index.php?rest_route=\/wp\/v2\/pages\/2229\/revisions"}],"predecessor-version":[{"id":3461,"href":"https:\/\/www.artspeculation.net\/index.php?rest_route=\/wp\/v2\/pages\/2229\/revisions\/3461"}],"up":[{"embeddable":true,"href":"https:\/\/www.artspeculation.net\/index.php?rest_route=\/wp\/v2\/pages\/2186"}],"wp:attachment":[{"href":"https:\/\/www.artspeculation.net\/index.php?rest_route=%2Fwp%2Fv2%2Fmedia&parent=2229"}],"curies":[{"name":"wp","href":"https:\/\/api.w.org\/{rel}","templated":true}]}}