{"id":2188,"date":"2017-12-28T20:59:15","date_gmt":"2017-12-28T20:59:15","guid":{"rendered":"http:\/\/www.artspeculation.net\/?page_id=2188"},"modified":"2022-04-12T08:19:41","modified_gmt":"2022-04-12T08:19:41","slug":"us-made-it-artspeculation-fecit","status":"publish","type":"page","link":"https:\/\/www.artspeculation.net\/?page_id=2188","title":{"rendered":"US made it, artspeculation fecit"},"content":{"rendered":"\n<div class=\"wp-container-1 wp-block-group\"><div class=\"wp-block-group__inner-container\">\n<p>2017 &#8211; masque de carnaval (h\u00e9ros am\u00e9ricain), inscription au marqueur blanc<\/p>\n<p>Proposition d&rsquo;installation au Mus\u00e9um d&rsquo;Histoire Naturelle de Rouen &#8211; exposition \u00ab\u00a0Duchamp dans sa ville\u00a0\u00bb<\/p>\n<p><a title=\"\" href=\"https:\/\/www.artspeculation.net\/wp-content\/gallery\/kingkongre\/kingkongre.jpg\"><img loading=\"lazy\" class=\"aligncenter size-full wp-image-1739\" src=\"https:\/\/www.artspeculation.net\/wp-content\/gallery\/kingkongre\/kingkongre.jpg\" alt=\"US made it, artspeculation fecit\" width=\"913\" height=\"709\"><\/a><\/p>\n<p><em>Dans le cadre de la manifestation \u00ab Duchamp dans sa ville \u00bb, <\/em>Artsp\u00e9culation<em> propose une intervention in situ : Ready-made dans la continuit\u00e9 de la pens\u00e9e Duchampienne, totalement apparent\u00e9 \u00e0 sa carte postale irr\u00e9v\u00e9rencieuse de la Joconde \u00ab revisit\u00e9e \u00bb. <br>Il s\u2019agit d\u2019\u00e9crire :<br><br>\u00ab Le KingKongre masqu\u00e9 \u00e9clairant le monde<br><br>&nbsp;&nbsp;&nbsp;&nbsp;&nbsp;&nbsp;&nbsp;&nbsp;&nbsp;&nbsp;&nbsp;&nbsp;&nbsp;&nbsp;&nbsp;&nbsp;&nbsp;&nbsp;&nbsp;&nbsp;&nbsp;&nbsp;&nbsp;&nbsp;&nbsp;&nbsp;&nbsp;&nbsp;&nbsp;&nbsp;&nbsp;&nbsp;&nbsp;&nbsp;&nbsp;&nbsp;&nbsp;&nbsp;&nbsp;&nbsp;&nbsp;&nbsp;&nbsp;&nbsp;&nbsp;&nbsp;&nbsp;&nbsp;&nbsp;&nbsp;&nbsp;&nbsp;&nbsp;&nbsp;&nbsp;&nbsp;&nbsp;&nbsp;&nbsp;&nbsp;&nbsp;&nbsp;&nbsp; Rrose 2018 \u00bb<br><br>sur la vitrine d\u2019un diorama repr\u00e9sentant un gorille au visage recouvert d\u2019un masque de carnaval de super h\u00e9ros. La position du gorille, le bras tendu en l\u2019air, n\u2019est pas sans rappeler la statue de la Libert\u00e9 (La Libert\u00e9 \u00e9clairant le monde). Ainsi donc se trouvent rassembl\u00e9s des \u00e9l\u00e9ments se rapportant \u00e0 la culture am\u00e9ricaine, notamment destin\u00e9s \u00e0 la distraction de la jeunesse : comics, films, angoisse du monde sauvage, mythologie des super h\u00e9ros. Cette culture n\u2019\u00e9tant pas d\u2019ailleurs sans ambigu\u00eft\u00e9s car si elle magnifie le super h\u00e9ros masqu\u00e9 (qui peut donc \u00eatre n\u2019importe qui) elle avance aussi l\u2019id\u00e9e que l\u2019on peut continuer \u00e0 vivre \u00ab l\u2019american way of life \u00bb sans se pr\u00e9occuper de ses cons\u00e9quences, puisqu\u2019on est toujours prot\u00e9g\u00e9. Cette pi\u00e8ce trouve sa place au Mus\u00e9um o\u00f9 les dioramas sont un moyen de sensibilisation des petits comme des grands, sur le th\u00e8me central aujourd\u2019hui de notre responsabilit\u00e9 vis \u00e0 vis de la nature.<br><br><br><br><br><br><br><\/em><\/p>\n<p><a href=\"https:\/\/www.artspeculation.net\/?page_id=34\"> Retour portofolio<\/a><\/p>\n<\/div><\/div>\n","protected":false},"excerpt":{"rendered":"<p>2017 &#8211; masque de carnaval (h\u00e9ros am\u00e9ricain), inscription au marqueur blanc Proposition d&rsquo;installation au Mus\u00e9um d&rsquo;Histoire Naturelle de Rouen &#8211; exposition \u00ab\u00a0Duchamp dans sa ville\u00a0\u00bb Dans le cadre de la manifestation \u00ab Duchamp dans sa ville \u00bb, Artsp\u00e9culation propose une intervention in situ : Ready-made dans la continuit\u00e9 de la pens\u00e9e Duchampienne, totalement apparent\u00e9 \u00e0 [&hellip;]<\/p>\n","protected":false},"author":1,"featured_media":0,"parent":2186,"menu_order":0,"comment_status":"closed","ping_status":"closed","template":"","meta":{"ngg_post_thumbnail":0},"_links":{"self":[{"href":"https:\/\/www.artspeculation.net\/index.php?rest_route=\/wp\/v2\/pages\/2188"}],"collection":[{"href":"https:\/\/www.artspeculation.net\/index.php?rest_route=\/wp\/v2\/pages"}],"about":[{"href":"https:\/\/www.artspeculation.net\/index.php?rest_route=\/wp\/v2\/types\/page"}],"author":[{"embeddable":true,"href":"https:\/\/www.artspeculation.net\/index.php?rest_route=\/wp\/v2\/users\/1"}],"replies":[{"embeddable":true,"href":"https:\/\/www.artspeculation.net\/index.php?rest_route=%2Fwp%2Fv2%2Fcomments&post=2188"}],"version-history":[{"count":31,"href":"https:\/\/www.artspeculation.net\/index.php?rest_route=\/wp\/v2\/pages\/2188\/revisions"}],"predecessor-version":[{"id":2566,"href":"https:\/\/www.artspeculation.net\/index.php?rest_route=\/wp\/v2\/pages\/2188\/revisions\/2566"}],"up":[{"embeddable":true,"href":"https:\/\/www.artspeculation.net\/index.php?rest_route=\/wp\/v2\/pages\/2186"}],"wp:attachment":[{"href":"https:\/\/www.artspeculation.net\/index.php?rest_route=%2Fwp%2Fv2%2Fmedia&parent=2188"}],"curies":[{"name":"wp","href":"https:\/\/api.w.org\/{rel}","templated":true}]}}