{"id":2137,"date":"2017-01-06T00:08:11","date_gmt":"2017-01-06T00:08:11","guid":{"rendered":"http:\/\/www.artspeculation.net\/?page_id=2137"},"modified":"2022-04-12T21:51:01","modified_gmt":"2022-04-12T21:51:01","slug":"citius-altius-fortius","status":"publish","type":"page","link":"https:\/\/www.artspeculation.net\/?page_id=2137","title":{"rendered":"Citius, Altius, Fortius"},"content":{"rendered":"\n<div class=\"wp-block-columns\">\n<div class=\"wp-block-column\" style=\"flex-basis:100%\">\n<p>\n\n<div class=\"ngg-galleryoverview ngg-slideshow\"\n\t id=\"ngg-slideshow-31c92858891d4612c5cb5df392da4e2c-16020127270\"\n     data-gallery-id=\"31c92858891d4612c5cb5df392da4e2c\"\n     style=\"max-width: 800px; max-height: 600px;\">\n\n \t<div id=\"ngg-image-0\" class=\"ngg-gallery-slideshow-image\" style=\"height:600px\">\n\n        <a href=\"https:\/\/www.artspeculation.net\/wp-content\/gallery\/foot\/foot1.jpg\"\n           title=\"\"\n           data-src=\"https:\/\/www.artspeculation.net\/wp-content\/gallery\/foot\/foot1.jpg\"\n           data-thumbnail=\"https:\/\/www.artspeculation.net\/wp-content\/gallery\/foot\/thumbs\/thumbs_foot1.jpg\"\n           data-image-id=\"324\"\n           data-title=\"foot1\"\n           data-description=\"\"\n           >\n\n            <img data-image-id='324'\n                 title=\"\"\n                 alt=\"foot1\"\n                 src=\"https:\/\/www.artspeculation.net\/wp-content\/gallery\/foot\/foot1.jpg\"\n                 style=\"max-height: 580px;\"\/>\n        <\/a>\n\n        <\/div> \n<div id=\"ngg-image-1\" class=\"ngg-gallery-slideshow-image\" style=\"height:600px\">\n\n        <a href=\"https:\/\/www.artspeculation.net\/wp-content\/gallery\/foot\/ballon1.jpg\"\n           title=\"\"\n           data-src=\"https:\/\/www.artspeculation.net\/wp-content\/gallery\/foot\/ballon1.jpg\"\n           data-thumbnail=\"https:\/\/www.artspeculation.net\/wp-content\/gallery\/foot\/thumbs\/thumbs_ballon1.jpg\"\n           data-image-id=\"320\"\n           data-title=\"ballon1\"\n           data-description=\"\"\n           >\n\n            <img data-image-id='320'\n                 title=\"\"\n                 alt=\"ballon1\"\n                 src=\"https:\/\/www.artspeculation.net\/wp-content\/gallery\/foot\/ballon1.jpg\"\n                 style=\"max-height: 580px;\"\/>\n        <\/a>\n\n        <\/div> \n<div id=\"ngg-image-2\" class=\"ngg-gallery-slideshow-image\" style=\"height:600px\">\n\n        <a href=\"https:\/\/www.artspeculation.net\/wp-content\/gallery\/foot\/ballon2.jpg\"\n           title=\"\"\n           data-src=\"https:\/\/www.artspeculation.net\/wp-content\/gallery\/foot\/ballon2.jpg\"\n           data-thumbnail=\"https:\/\/www.artspeculation.net\/wp-content\/gallery\/foot\/thumbs\/thumbs_ballon2.jpg\"\n           data-image-id=\"321\"\n           data-title=\"ballon2\"\n           data-description=\"\"\n           >\n\n            <img data-image-id='321'\n                 title=\"\"\n                 alt=\"ballon2\"\n                 src=\"https:\/\/www.artspeculation.net\/wp-content\/gallery\/foot\/ballon2.jpg\"\n                 style=\"max-height: 580px;\"\/>\n        <\/a>\n\n        <\/div> \n<div id=\"ngg-image-3\" class=\"ngg-gallery-slideshow-image\" style=\"height:600px\">\n\n        <a href=\"https:\/\/www.artspeculation.net\/wp-content\/gallery\/foot\/foot2.jpg\"\n           title=\"\"\n           data-src=\"https:\/\/www.artspeculation.net\/wp-content\/gallery\/foot\/foot2.jpg\"\n           data-thumbnail=\"https:\/\/www.artspeculation.net\/wp-content\/gallery\/foot\/thumbs\/thumbs_foot2.jpg\"\n           data-image-id=\"325\"\n           data-title=\"foot2\"\n           data-description=\"\"\n           >\n\n            <img data-image-id='325'\n                 title=\"\"\n                 alt=\"foot2\"\n                 src=\"https:\/\/www.artspeculation.net\/wp-content\/gallery\/foot\/foot2.jpg\"\n                 style=\"max-height: 580px;\"\/>\n        <\/a>\n\n        <\/div> \n<div id=\"ngg-image-4\" class=\"ngg-gallery-slideshow-image\" style=\"height:600px\">\n\n        <a href=\"https:\/\/www.artspeculation.net\/wp-content\/gallery\/foot\/ballon3.jpg\"\n           title=\"\"\n           data-src=\"https:\/\/www.artspeculation.net\/wp-content\/gallery\/foot\/ballon3.jpg\"\n           data-thumbnail=\"https:\/\/www.artspeculation.net\/wp-content\/gallery\/foot\/thumbs\/thumbs_ballon3.jpg\"\n           data-image-id=\"322\"\n           data-title=\"ballon3\"\n           data-description=\"\"\n           >\n\n            <img data-image-id='322'\n                 title=\"\"\n                 alt=\"ballon3\"\n                 src=\"https:\/\/www.artspeculation.net\/wp-content\/gallery\/foot\/ballon3.jpg\"\n                 style=\"max-height: 580px;\"\/>\n        <\/a>\n\n        <\/div> \n<div id=\"ngg-image-5\" class=\"ngg-gallery-slideshow-image\" style=\"height:600px\">\n\n        <a href=\"https:\/\/www.artspeculation.net\/wp-content\/gallery\/foot\/ballon4.jpg\"\n           title=\"\"\n           data-src=\"https:\/\/www.artspeculation.net\/wp-content\/gallery\/foot\/ballon4.jpg\"\n           data-thumbnail=\"https:\/\/www.artspeculation.net\/wp-content\/gallery\/foot\/thumbs\/thumbs_ballon4.jpg\"\n           data-image-id=\"323\"\n           data-title=\"ballon4\"\n           data-description=\"\"\n           >\n\n            <img data-image-id='323'\n                 title=\"\"\n                 alt=\"ballon4\"\n                 src=\"https:\/\/www.artspeculation.net\/wp-content\/gallery\/foot\/ballon4.jpg\"\n                 style=\"max-height: 580px;\"\/>\n        <\/a>\n\n        <\/div> \n<\/div>\n\n\n\t\t<!-- Thumbnails Link -->\n\t<div class=\"slideshowlink\" style=\"max-width: 800px;\">\n        <a href='https:\/\/www.artspeculation.net\/index.php\/nggallery\/thumbnails?page_id=2137'><\/a>\n\t<\/div>\n\n<br><strong>Citius, Altius, Fortius<\/strong> &nbsp;&nbsp;2016 &#8211; installation 210\u00d7200\u00d780 cm &#8211; puzzles, peinture acrylique, socles en bois, tapis de jeu, tapis de poker, film dor\u00e9, pendeloques dor\u00e9es, pendeloques argent\u00e9es.<br><br><em>L&rsquo;important est de gagner.<\/em><br><br><br><small>Pour agrandir, cliquez sur l&rsquo;image :<\/small><br><br><a class=\"thickbox\" title=\"Citius, Altius, Fortius   2016 - installation 210\u00d7200\u00d780 cm - puzzles, peinture acrylique, socles en bois, tapis de jeu, tapis de poker, film dor\u00e9, pendeloques dor\u00e9es, pendeloques argent\u00e9es.\" href=\"https:\/\/www.artspeculation.net\/wp-content\/gallery\/foot\/foot1.jpg\" rel=\"\"><img class=\"ngg-singlepic ngg-left\" src=\"https:\/\/www.artspeculation.net\/wp-content\/gallery\/foot\/thumbs\/thumbs_foot1.jpg\" alt=\"Citius, Altius, Fortius\"><\/a><strong>Citius, Altius, Fortius<\/strong> &nbsp;&nbsp;2016 &#8211; installation 210\u00d7200\u00d780 cm &#8211; puzzles, peinture acrylique, socles en bois, tapis de jeu, tapis de poker, film dor\u00e9, pendeloques dor\u00e9es, pendeloques argent\u00e9es.<br><br><a class=\"thickbox\" title=\"Citius, Altius, Fortius (d\u00e9tail)   2016 - installation 210\u00d7200\u00d780 cm - puzzle, peinture acrylique.\" href=\"https:\/\/www.artspeculation.net\/wp-content\/gallery\/foot\/ballon4.jpg\" rel=\"\"><img class=\"ngg-singlepic ngg-left\" src=\"https:\/\/www.artspeculation.net\/wp-content\/gallery\/foot\/thumbs\/thumbs_ballon4.jpg\" alt=\"Citius, Altius, Fortius\"><\/a><strong>Citius, Altius, Fortius<\/strong> &nbsp;&nbsp;(d\u00e9tail) 2016 &#8211; installation 210\u00d7200\u00d780 cm &#8211; puzzle, peinture acrylique.<\/p>\n<p>&nbsp;<\/p>\n<p><br><a class=\"thickbox\" title=\"Citius, Altius, Fortius (d\u00e9tail)   2016 - installation 210\u00d7200\u00d780 cm - puzzle, peinture acrylique.\" href=\"https:\/\/www.artspeculation.net\/wp-content\/gallery\/foot\/ballon3.jpg\" rel=\"\"><img class=\"ngg-singlepic ngg-left\" src=\"https:\/\/www.artspeculation.net\/wp-content\/gallery\/foot\/thumbs\/thumbs_ballon3.jpg\" alt=\"Citius, Altius, Fortius\"><\/a><strong>Citius, Altius, Fortius<\/strong> &nbsp;&nbsp;(d\u00e9tail) 2016 &#8211; installation 210\u00d7200\u00d780 cm &#8211; puzzle, peinture acrylique.<\/p>\n<p><br><br><a class=\"thickbox\" title=\"Citius, Altius, Fortius   2016 - installation 210\u00d7200\u00d780 cm - puzzles, peinture acrylique, socles en bois, tapis de jeu, tapis de poker, film dor\u00e9, pendeloques dor\u00e9es, pendeloques argent\u00e9es.\" href=\"https:\/\/www.artspeculation.net\/wp-content\/gallery\/foot\/foot2.jpg\" rel=\"\"><img class=\"ngg-singlepic ngg-left\" src=\"https:\/\/www.artspeculation.net\/wp-content\/gallery\/foot\/thumbs\/thumbs_foot2.jpg\" alt=\"Citius, Altius, Fortius\"><\/a><strong>Citius, Altius, Fortius<\/strong> &nbsp;&nbsp;2016 &#8211; installation 210\u00d7200\u00d780 cm &#8211; puzzles, peinture acrylique, socles en bois, tapis de jeu, tapis de poker, film dor\u00e9, pendeloques dor\u00e9es, pendeloques argent\u00e9es.<br><br><a class=\"thickbox\" title=\"Citius, Altius, Fortius (d\u00e9tail)   2016 - installation 210\u00d7200\u00d780 cm - puzzle, peinture acrylique.\" href=\"https:\/\/www.artspeculation.net\/wp-content\/gallery\/foot\/ballon2.jpg\" rel=\"\"><img class=\"ngg-singlepic ngg-left\" src=\"https:\/\/www.artspeculation.net\/wp-content\/gallery\/foot\/thumbs\/thumbs_ballon2.jpg\" alt=\"Citius, Altius, Fortius\"><\/a><strong>Citius, Altius, Fortius<\/strong> &nbsp;&nbsp;(d\u00e9tail) 2016 &#8211; installation 210\u00d7200\u00d780 cm &#8211; puzzle, peinture acrylique.<\/p>\n<p><br><br><a class=\"thickbox\" title=\"Citius, Altius, Fortius (d\u00e9tail)   2016 - installation 210\u00d7200\u00d780 cm - puzzle, peinture acrylique.\" href=\"https:\/\/www.artspeculation.net\/wp-content\/gallery\/foot\/ballon1.jpg\" rel=\"\"><img class=\"ngg-singlepic ngg-left\" src=\"https:\/\/www.artspeculation.net\/wp-content\/gallery\/foot\/thumbs\/thumbs_ballon1.jpg\" alt=\"Citius, Altius, Fortius\"><\/a><strong>Citius, Altius, Fortius<\/strong> &nbsp;&nbsp;(d\u00e9tail) 2016 &#8211; installation 210\u00d7200\u00d780 cm &#8211; puzzle, peinture acrylique.<br><br><br><\/p>\n<p><a href=\"https:\/\/www.artspeculation.net\/?page_id=34\"> Retour portofolio<\/a><\/p>\n<\/div>\n<\/div>\n","protected":false},"excerpt":{"rendered":"<p>Citius, Altius, Fortius &nbsp;&nbsp;2016 &#8211; installation 210\u00d7200\u00d780 cm &#8211; puzzles, peinture acrylique, socles en bois, tapis de jeu, tapis de poker, film dor\u00e9, pendeloques dor\u00e9es, pendeloques argent\u00e9es. L&rsquo;important est de gagner. Pour agrandir, cliquez sur l&rsquo;image : Citius, Altius, Fortius &nbsp;&nbsp;2016 &#8211; installation 210\u00d7200\u00d780 cm &#8211; puzzles, peinture acrylique, socles en bois, tapis de jeu, [&hellip;]<\/p>\n","protected":false},"author":1,"featured_media":0,"parent":2082,"menu_order":0,"comment_status":"closed","ping_status":"closed","template":"onecolumn-page.php","meta":{"ngg_post_thumbnail":0},"_links":{"self":[{"href":"https:\/\/www.artspeculation.net\/index.php?rest_route=\/wp\/v2\/pages\/2137"}],"collection":[{"href":"https:\/\/www.artspeculation.net\/index.php?rest_route=\/wp\/v2\/pages"}],"about":[{"href":"https:\/\/www.artspeculation.net\/index.php?rest_route=\/wp\/v2\/types\/page"}],"author":[{"embeddable":true,"href":"https:\/\/www.artspeculation.net\/index.php?rest_route=\/wp\/v2\/users\/1"}],"replies":[{"embeddable":true,"href":"https:\/\/www.artspeculation.net\/index.php?rest_route=%2Fwp%2Fv2%2Fcomments&post=2137"}],"version-history":[{"count":10,"href":"https:\/\/www.artspeculation.net\/index.php?rest_route=\/wp\/v2\/pages\/2137\/revisions"}],"predecessor-version":[{"id":2827,"href":"https:\/\/www.artspeculation.net\/index.php?rest_route=\/wp\/v2\/pages\/2137\/revisions\/2827"}],"up":[{"embeddable":true,"href":"https:\/\/www.artspeculation.net\/index.php?rest_route=\/wp\/v2\/pages\/2082"}],"wp:attachment":[{"href":"https:\/\/www.artspeculation.net\/index.php?rest_route=%2Fwp%2Fv2%2Fmedia&parent=2137"}],"curies":[{"name":"wp","href":"https:\/\/api.w.org\/{rel}","templated":true}]}}