{"id":2113,"date":"2016-12-28T18:50:33","date_gmt":"2016-12-28T18:50:33","guid":{"rendered":"http:\/\/www.artspeculation.net\/?page_id=2113"},"modified":"2022-04-12T22:02:03","modified_gmt":"2022-04-12T22:02:03","slug":"access-denied","status":"publish","type":"page","link":"https:\/\/www.artspeculation.net\/?page_id=2113","title":{"rendered":"Access denied"},"content":{"rendered":"\n<div class=\"wp-block-columns\">\n<div class=\"wp-block-column\" style=\"flex-basis:100%\">\n<p>\n\n<div class=\"ngg-galleryoverview ngg-slideshow\"\n\t id=\"ngg-slideshow-168912412e83f614f1055d4712644e65-5813628990\"\n     data-gallery-id=\"168912412e83f614f1055d4712644e65\"\n     style=\"max-width: 800px; max-height: 600px;\">\n\n \t<div id=\"ngg-image-0\" class=\"ngg-gallery-slideshow-image\" style=\"height:600px\">\n\n        <a href=\"https:\/\/www.artspeculation.net\/wp-content\/gallery\/access\/access.jpg\"\n           title=\"\"\n           data-src=\"https:\/\/www.artspeculation.net\/wp-content\/gallery\/access\/access.jpg\"\n           data-thumbnail=\"https:\/\/www.artspeculation.net\/wp-content\/gallery\/access\/thumbs\/thumbs_access.jpg\"\n           data-image-id=\"312\"\n           data-title=\"access\"\n           data-description=\"\"\n           >\n\n            <img data-image-id='312'\n                 title=\"\"\n                 alt=\"access\"\n                 src=\"https:\/\/www.artspeculation.net\/wp-content\/gallery\/access\/access.jpg\"\n                 style=\"max-height: 580px;\"\/>\n        <\/a>\n\n        <\/div> \n<div id=\"ngg-image-1\" class=\"ngg-gallery-slideshow-image\" style=\"height:600px\">\n\n        <a href=\"https:\/\/www.artspeculation.net\/wp-content\/gallery\/access\/access_detail.jpg\"\n           title=\"\"\n           data-src=\"https:\/\/www.artspeculation.net\/wp-content\/gallery\/access\/access_detail.jpg\"\n           data-thumbnail=\"https:\/\/www.artspeculation.net\/wp-content\/gallery\/access\/thumbs\/thumbs_access_detail.jpg\"\n           data-image-id=\"313\"\n           data-title=\"access_detail\"\n           data-description=\"\"\n           >\n\n            <img data-image-id='313'\n                 title=\"\"\n                 alt=\"access_detail\"\n                 src=\"https:\/\/www.artspeculation.net\/wp-content\/gallery\/access\/access_detail.jpg\"\n                 style=\"max-height: 580px;\"\/>\n        <\/a>\n\n        <\/div> \n<div id=\"ngg-image-2\" class=\"ngg-gallery-slideshow-image\" style=\"height:600px\">\n\n        <a href=\"https:\/\/www.artspeculation.net\/wp-content\/gallery\/access\/access_detail2.jpg\"\n           title=\"\"\n           data-src=\"https:\/\/www.artspeculation.net\/wp-content\/gallery\/access\/access_detail2.jpg\"\n           data-thumbnail=\"https:\/\/www.artspeculation.net\/wp-content\/gallery\/access\/thumbs\/thumbs_access_detail2.jpg\"\n           data-image-id=\"314\"\n           data-title=\"access_detail2\"\n           data-description=\"\"\n           >\n\n            <img data-image-id='314'\n                 title=\"\"\n                 alt=\"access_detail2\"\n                 src=\"https:\/\/www.artspeculation.net\/wp-content\/gallery\/access\/access_detail2.jpg\"\n                 style=\"max-height: 580px;\"\/>\n        <\/a>\n\n        <\/div> \n<\/div>\n\n\n\t\t<!-- Thumbnails Link -->\n\t<div class=\"slideshowlink\" style=\"max-width: 800px;\">\n        <a href='https:\/\/www.artspeculation.net\/index.php\/nggallery\/thumbnails?page_id=2113'><\/a>\n\t<\/div>\n\n<br><strong>Access denied<\/strong> &nbsp;&nbsp;2016 &#8211; 195\u00d7130 cm &#8211; toile, affiche publicitaire, pi\u00e8ces de puzzle.<br><br><em> Avec le web, le monde entier est \u00e0 notre port\u00e9e, libre et ouvert, avec son infinie richesse.<br>Avec le web, nous sommes tous sous la surveillance discr\u00e8te des agents \u00e9conomiques voire politiques.<br>O\u00f9 se trouve le d\u00e9bat d\u00e9mocratique sur les choix, les normes, les orientations qui vont d\u00e9cider, \u00e0 l\u2019\u00e9chelon mondial, de la forme de cet environnement technique qui restructure compl\u00e9tement nos soci\u00e9t\u00e9s ?<\/em><br><br><br><small>Pour agrandir, cliquez sur l&rsquo;image :<\/small><br><br><a class=\"thickbox\" title=\"Access denied   2016 - 195\u00d7130 cm - toile, affiche publicitaire, pi\u00e8ces de puzzle.\" href=\"https:\/\/www.artspeculation.net\/wp-content\/gallery\/access\/access.jpg\" rel=\"\"><img class=\"ngg-singlepic ngg-left\" src=\"https:\/\/www.artspeculation.net\/wp-content\/gallery\/access\/thumbs\/thumbs_access.jpg\" alt=\"Access denied\"><\/a><strong>Access denied<\/strong> &nbsp;&nbsp;2016 &#8211; 195\u00d7130 cm &#8211; toile, affiche publicitaire, pi\u00e8ces de puzzle.<br><br><br><a class=\"thickbox\" title=\"Access denied   (d\u00e9tail) 2016 - 195\u00d7130 cm - toile, affiche publicitaire, pi\u00e8ces de puzzle.\" href=\"https:\/\/www.artspeculation.net\/wp-content\/gallery\/access\/access_detail.jpg\" rel=\"\"><img class=\"ngg-singlepic ngg-left\" src=\"https:\/\/www.artspeculation.net\/wp-content\/gallery\/access\/thumbs\/thumbs_access_detail.jpg\" alt=\"Access denied\"><\/a><strong>Access denied<\/strong> &nbsp;&nbsp;(d\u00e9tail) 2016 &#8211; 195\u00d7130 cm &#8211; toile, affiche publicitaire, pi\u00e8ces de puzzle.<br><br><br><a class=\"thickbox\" title=\"Access denied   (d\u00e9tail) 2016 - 195\u00d7130 cm - toile, affiche publicitaire, pi\u00e8ces de puzzle.\" href=\"https:\/\/www.artspeculation.net\/wp-content\/gallery\/access\/access_detail2.jpg\" rel=\"\"><img class=\"ngg-singlepic ngg-left\" src=\"https:\/\/www.artspeculation.net\/wp-content\/gallery\/access\/thumbs\/thumbs_access_detail2.jpg\" alt=\"Access denied\"><\/a><strong>Access denied<\/strong> &nbsp;&nbsp;(d\u00e9tail) 2016 &#8211; 195\u00d7130 cm &#8211; toile, affiche publicitaire, pi\u00e8ces de puzzle.<br><br><br><br><br><\/p>\n<p><a href=\"https:\/\/www.artspeculation.net\/?page_id=34\"> Retour portofolio<\/a><\/p>\n<\/div>\n<\/div>\n","protected":false},"excerpt":{"rendered":"<p>Access denied &nbsp;&nbsp;2016 &#8211; 195\u00d7130 cm &#8211; toile, affiche publicitaire, pi\u00e8ces de puzzle. Avec le web, le monde entier est \u00e0 notre port\u00e9e, libre et ouvert, avec son infinie richesse.Avec le web, nous sommes tous sous la surveillance discr\u00e8te des agents \u00e9conomiques voire politiques.O\u00f9 se trouve le d\u00e9bat d\u00e9mocratique sur les choix, les normes, les [&hellip;]<\/p>\n","protected":false},"author":1,"featured_media":0,"parent":2082,"menu_order":0,"comment_status":"closed","ping_status":"closed","template":"onecolumn-page.php","meta":{"ngg_post_thumbnail":0},"_links":{"self":[{"href":"https:\/\/www.artspeculation.net\/index.php?rest_route=\/wp\/v2\/pages\/2113"}],"collection":[{"href":"https:\/\/www.artspeculation.net\/index.php?rest_route=\/wp\/v2\/pages"}],"about":[{"href":"https:\/\/www.artspeculation.net\/index.php?rest_route=\/wp\/v2\/types\/page"}],"author":[{"embeddable":true,"href":"https:\/\/www.artspeculation.net\/index.php?rest_route=\/wp\/v2\/users\/1"}],"replies":[{"embeddable":true,"href":"https:\/\/www.artspeculation.net\/index.php?rest_route=%2Fwp%2Fv2%2Fcomments&post=2113"}],"version-history":[{"count":9,"href":"https:\/\/www.artspeculation.net\/index.php?rest_route=\/wp\/v2\/pages\/2113\/revisions"}],"predecessor-version":[{"id":2867,"href":"https:\/\/www.artspeculation.net\/index.php?rest_route=\/wp\/v2\/pages\/2113\/revisions\/2867"}],"up":[{"embeddable":true,"href":"https:\/\/www.artspeculation.net\/index.php?rest_route=\/wp\/v2\/pages\/2082"}],"wp:attachment":[{"href":"https:\/\/www.artspeculation.net\/index.php?rest_route=%2Fwp%2Fv2%2Fmedia&parent=2113"}],"curies":[{"name":"wp","href":"https:\/\/api.w.org\/{rel}","templated":true}]}}