{"id":2105,"date":"2016-12-28T17:53:25","date_gmt":"2016-12-28T17:53:25","guid":{"rendered":"http:\/\/www.artspeculation.net\/?page_id=2105"},"modified":"2022-04-12T22:05:14","modified_gmt":"2022-04-12T22:05:14","slug":"fidele-interpretation","status":"publish","type":"page","link":"https:\/\/www.artspeculation.net\/?page_id=2105","title":{"rendered":"Fid\u00e8le interpr\u00e9tation"},"content":{"rendered":"\n<div class=\"wp-block-columns\">\n<div class=\"wp-block-column\" style=\"flex-basis:100%\">\n<p>\n\n<div class=\"ngg-galleryoverview ngg-slideshow\"\n\t id=\"ngg-slideshow-18316441f4be6c2e628795f1bab77a44-16132545500\"\n     data-gallery-id=\"18316441f4be6c2e628795f1bab77a44\"\n     style=\"max-width: 800px; max-height: 600px;\">\n\n \t<div id=\"ngg-image-0\" class=\"ngg-gallery-slideshow-image\" style=\"height:600px\">\n\n        <a href=\"https:\/\/www.artspeculation.net\/wp-content\/gallery\/pape\/pape1.jpg\"\n           title=\"\"\n           data-src=\"https:\/\/www.artspeculation.net\/wp-content\/gallery\/pape\/pape1.jpg\"\n           data-thumbnail=\"https:\/\/www.artspeculation.net\/wp-content\/gallery\/pape\/thumbs\/thumbs_pape1.jpg\"\n           data-image-id=\"309\"\n           data-title=\"pape1\"\n           data-description=\"\"\n           >\n\n            <img data-image-id='309'\n                 title=\"\"\n                 alt=\"pape1\"\n                 src=\"https:\/\/www.artspeculation.net\/wp-content\/gallery\/pape\/pape1.jpg\"\n                 style=\"max-height: 580px;\"\/>\n        <\/a>\n\n        <\/div> \n<div id=\"ngg-image-1\" class=\"ngg-gallery-slideshow-image\" style=\"height:600px\">\n\n        <a href=\"https:\/\/www.artspeculation.net\/wp-content\/gallery\/pape\/pape1detail.jpg\"\n           title=\"\"\n           data-src=\"https:\/\/www.artspeculation.net\/wp-content\/gallery\/pape\/pape1detail.jpg\"\n           data-thumbnail=\"https:\/\/www.artspeculation.net\/wp-content\/gallery\/pape\/thumbs\/thumbs_pape1detail.jpg\"\n           data-image-id=\"310\"\n           data-title=\"pape1detail\"\n           data-description=\"\"\n           >\n\n            <img data-image-id='310'\n                 title=\"\"\n                 alt=\"pape1detail\"\n                 src=\"https:\/\/www.artspeculation.net\/wp-content\/gallery\/pape\/pape1detail.jpg\"\n                 style=\"max-height: 580px;\"\/>\n        <\/a>\n\n        <\/div> \n<div id=\"ngg-image-2\" class=\"ngg-gallery-slideshow-image\" style=\"height:600px\">\n\n        <a href=\"https:\/\/www.artspeculation.net\/wp-content\/gallery\/pape\/pape2.jpg\"\n           title=\"\"\n           data-src=\"https:\/\/www.artspeculation.net\/wp-content\/gallery\/pape\/pape2.jpg\"\n           data-thumbnail=\"https:\/\/www.artspeculation.net\/wp-content\/gallery\/pape\/thumbs\/thumbs_pape2.jpg\"\n           data-image-id=\"311\"\n           data-title=\"pape2\"\n           data-description=\"\"\n           >\n\n            <img data-image-id='311'\n                 title=\"\"\n                 alt=\"pape2\"\n                 src=\"https:\/\/www.artspeculation.net\/wp-content\/gallery\/pape\/pape2.jpg\"\n                 style=\"max-height: 580px;\"\/>\n        <\/a>\n\n        <\/div> \n<\/div>\n\n\n\t\t<!-- Thumbnails Link -->\n\t<div class=\"slideshowlink\" style=\"max-width: 800px;\">\n        <a href='https:\/\/www.artspeculation.net\/index.php\/nggallery\/thumbnails?page_id=2105'><\/a>\n\t<\/div>\n\n<br><strong>Fid\u00e8le interpr\u00e9tation<\/strong> &nbsp;&nbsp;2016 &#8211; 122\u00d780 cm &#8211; toile, pi\u00e8ce de puzzle, peinture acrylique.<br><br><em>La p\u00e9dagogie c\u2019est la r\u00e9p\u00e9tition. Sauf qu\u2019\u00e0 r\u00e9p\u00e9ter les m\u00eames histoires on finit par fabriquer des monstres.<\/em><br><br><br><small>Pour agrandir, cliquez sur l&rsquo;image :<\/small><br><br><a class=\"thickbox\" title=\"Fid\u00e8le interpr\u00e9tation   2016 - 122\u00d780 cm - toile, pi\u00e8ce de puzzle, peinture acrylique.\" href=\"https:\/\/www.artspeculation.net\/wp-content\/gallery\/pape\/pape1.jpg\" rel=\"\"><img class=\"ngg-singlepic ngg-left\" src=\"https:\/\/www.artspeculation.net\/wp-content\/gallery\/pape\/thumbs\/thumbs_pape1.jpg\" alt=\"Fid\u00e8le interpr\u00e9tation\"><\/a><strong>Fid\u00e8le interpr\u00e9tation<\/strong> &nbsp;&nbsp;2016 &#8211; 122\u00d780 cm &#8211; toile, pi\u00e8ce de puzzle, peinture acrylique.<\/p>\n<p><br><br><br><a class=\"thickbox\" title=\"Fid\u00e8le interpr\u00e9tation   2016 - 122\u00d780 cm - toile, pi\u00e8ce de puzzle, peinture acrylique.\" href=\"https:\/\/www.artspeculation.net\/wp-content\/gallery\/pape\/pape1detail.jpg\" rel=\"\"><img class=\"ngg-singlepic ngg-left\" src=\"https:\/\/www.artspeculation.net\/wp-content\/gallery\/pape\/thumbs\/thumbs_pape1detail.jpg\" alt=\"Fid\u00e8le interpr\u00e9tation\"><\/a><strong>Fid\u00e8le interpr\u00e9tation<\/strong> &nbsp;&nbsp;(d\u00e9tail) 2016 &#8211; 122\u00d780 cm &#8211; toile, pi\u00e8ce de puzzle, peinture acrylique.<br><br><br><br><\/p>\n<p><a href=\"https:\/\/www.artspeculation.net\/?page_id=34\"> Retour portofolio<\/a><\/p>\n<\/div>\n<\/div>\n","protected":false},"excerpt":{"rendered":"<p>Fid\u00e8le interpr\u00e9tation &nbsp;&nbsp;2016 &#8211; 122\u00d780 cm &#8211; toile, pi\u00e8ce de puzzle, peinture acrylique. La p\u00e9dagogie c\u2019est la r\u00e9p\u00e9tition. Sauf qu\u2019\u00e0 r\u00e9p\u00e9ter les m\u00eames histoires on finit par fabriquer des monstres. Pour agrandir, cliquez sur l&rsquo;image : Fid\u00e8le interpr\u00e9tation &nbsp;&nbsp;2016 &#8211; 122\u00d780 cm &#8211; toile, pi\u00e8ce de puzzle, peinture acrylique. Fid\u00e8le interpr\u00e9tation &nbsp;&nbsp;(d\u00e9tail) 2016 &#8211; 122\u00d780 [&hellip;]<\/p>\n","protected":false},"author":1,"featured_media":0,"parent":2082,"menu_order":0,"comment_status":"closed","ping_status":"closed","template":"onecolumn-page.php","meta":{"ngg_post_thumbnail":0},"_links":{"self":[{"href":"https:\/\/www.artspeculation.net\/index.php?rest_route=\/wp\/v2\/pages\/2105"}],"collection":[{"href":"https:\/\/www.artspeculation.net\/index.php?rest_route=\/wp\/v2\/pages"}],"about":[{"href":"https:\/\/www.artspeculation.net\/index.php?rest_route=\/wp\/v2\/types\/page"}],"author":[{"embeddable":true,"href":"https:\/\/www.artspeculation.net\/index.php?rest_route=\/wp\/v2\/users\/1"}],"replies":[{"embeddable":true,"href":"https:\/\/www.artspeculation.net\/index.php?rest_route=%2Fwp%2Fv2%2Fcomments&post=2105"}],"version-history":[{"count":9,"href":"https:\/\/www.artspeculation.net\/index.php?rest_route=\/wp\/v2\/pages\/2105\/revisions"}],"predecessor-version":[{"id":2878,"href":"https:\/\/www.artspeculation.net\/index.php?rest_route=\/wp\/v2\/pages\/2105\/revisions\/2878"}],"up":[{"embeddable":true,"href":"https:\/\/www.artspeculation.net\/index.php?rest_route=\/wp\/v2\/pages\/2082"}],"wp:attachment":[{"href":"https:\/\/www.artspeculation.net\/index.php?rest_route=%2Fwp%2Fv2%2Fmedia&parent=2105"}],"curies":[{"name":"wp","href":"https:\/\/api.w.org\/{rel}","templated":true}]}}