{"id":2102,"date":"2017-01-05T23:25:09","date_gmt":"2017-01-05T23:25:09","guid":{"rendered":"http:\/\/www.artspeculation.net\/?page_id=2102"},"modified":"2022-04-12T21:52:22","modified_gmt":"2022-04-12T21:52:22","slug":"de-la-finance-consideree-comme-lun-des-beaux-arts","status":"publish","type":"page","link":"https:\/\/www.artspeculation.net\/?page_id=2102","title":{"rendered":"De la finance consid\u00e9r\u00e9e comme l\u2019un des beaux arts"},"content":{"rendered":"\n<div class=\"wp-block-columns\">\n<div class=\"wp-block-column\" style=\"flex-basis:100%\">\n<p>\n\n<div class=\"ngg-galleryoverview ngg-slideshow\"\n\t id=\"ngg-slideshow-4b0cbde93a5a0853bd08b5384b3b101a-14068432360\"\n     data-gallery-id=\"4b0cbde93a5a0853bd08b5384b3b101a\"\n     style=\"max-width: 800px; max-height: 600px;\">\n\n \t<div id=\"ngg-image-0\" class=\"ngg-gallery-slideshow-image\" style=\"height:600px\">\n\n        <a href=\"https:\/\/www.artspeculation.net\/wp-content\/gallery\/tirelire\/tirelire.jpg\"\n           title=\"\"\n           data-src=\"https:\/\/www.artspeculation.net\/wp-content\/gallery\/tirelire\/tirelire.jpg\"\n           data-thumbnail=\"https:\/\/www.artspeculation.net\/wp-content\/gallery\/tirelire\/thumbs\/thumbs_tirelire.jpg\"\n           data-image-id=\"317\"\n           data-title=\"tirelire\"\n           data-description=\"\"\n           >\n\n            <img data-image-id='317'\n                 title=\"\"\n                 alt=\"tirelire\"\n                 src=\"https:\/\/www.artspeculation.net\/wp-content\/gallery\/tirelire\/tirelire.jpg\"\n                 style=\"max-height: 580px;\"\/>\n        <\/a>\n\n        <\/div> \n<div id=\"ngg-image-1\" class=\"ngg-gallery-slideshow-image\" style=\"height:600px\">\n\n        <a href=\"https:\/\/www.artspeculation.net\/wp-content\/gallery\/tirelire\/tirelire_detail1.jpg\"\n           title=\"\"\n           data-src=\"https:\/\/www.artspeculation.net\/wp-content\/gallery\/tirelire\/tirelire_detail1.jpg\"\n           data-thumbnail=\"https:\/\/www.artspeculation.net\/wp-content\/gallery\/tirelire\/thumbs\/thumbs_tirelire_detail1.jpg\"\n           data-image-id=\"318\"\n           data-title=\"tirelire_detail1\"\n           data-description=\"\"\n           >\n\n            <img data-image-id='318'\n                 title=\"\"\n                 alt=\"tirelire_detail1\"\n                 src=\"https:\/\/www.artspeculation.net\/wp-content\/gallery\/tirelire\/tirelire_detail1.jpg\"\n                 style=\"max-height: 580px;\"\/>\n        <\/a>\n\n        <\/div> \n<div id=\"ngg-image-2\" class=\"ngg-gallery-slideshow-image\" style=\"height:600px\">\n\n        <a href=\"https:\/\/www.artspeculation.net\/wp-content\/gallery\/tirelire\/tirelire_detail2.jpg\"\n           title=\"\"\n           data-src=\"https:\/\/www.artspeculation.net\/wp-content\/gallery\/tirelire\/tirelire_detail2.jpg\"\n           data-thumbnail=\"https:\/\/www.artspeculation.net\/wp-content\/gallery\/tirelire\/thumbs\/thumbs_tirelire_detail2.jpg\"\n           data-image-id=\"319\"\n           data-title=\"tirelire_detail2\"\n           data-description=\"\"\n           >\n\n            <img data-image-id='319'\n                 title=\"\"\n                 alt=\"tirelire_detail2\"\n                 src=\"https:\/\/www.artspeculation.net\/wp-content\/gallery\/tirelire\/tirelire_detail2.jpg\"\n                 style=\"max-height: 580px;\"\/>\n        <\/a>\n\n        <\/div> \n<\/div>\n\n\n\t\t<!-- Thumbnails Link -->\n\t<div class=\"slideshowlink\" style=\"max-width: 800px;\">\n        <a href='https:\/\/www.artspeculation.net\/index.php\/nggallery\/thumbnails?page_id=2102'><\/a>\n\t<\/div>\n\n<br><strong>De la finance consid\u00e9r\u00e9e comme l\u2019un des beaux arts<\/strong> &nbsp;&nbsp;2016 &#8211; 162\u00d7130 cm &#8211; jetons de poker, toile.<br><br><em>Les artistes de la finance jouent avec les petites \u00e9conomies du peuple sans \u00e9tats d\u2019\u00e2mes. L\u2019art contemporain est lui aussi capable de transformer en or n\u2019importe quoi, m\u00eame le vide.<br>Tant qu\u2019on est riche on peut payer.<\/em><br><br><br><small>Pour agrandir, cliquez sur l&rsquo;image :<\/small><br><br><a class=\"thickbox\" title=\"De la finance consid\u00e9r\u00e9e comme l\u2019un des beaux arts   2016 - 162\u00d7130 cm - jetons de poker, toile.\" href=\"https:\/\/www.artspeculation.net\/wp-content\/gallery\/tirelire\/tirelire.jpg\" rel=\"\"><img class=\"ngg-singlepic ngg-left\" src=\"https:\/\/www.artspeculation.net\/wp-content\/gallery\/tirelire\/thumbs\/thumbs_tirelire.jpg\" alt=\"De la finance consid\u00e9r\u00e9e comme l\u2019un des beaux arts\"><\/a><strong>De la finance consid\u00e9r\u00e9e comme l\u2019un des beaux arts<\/strong> &nbsp;&nbsp;2016 &#8211; 162\u00d7130 cm &#8211; jetons de poker, toile.<\/p>\n<p><br><br><a class=\"thickbox\" title=\"De la finance consid\u00e9r\u00e9e comme l\u2019un des beaux arts   2016 - 162\u00d7130 cm - jetons de poker, toile.\" href=\"https:\/\/www.artspeculation.net\/wp-content\/gallery\/tirelire\/tirelire_detail1.jpg\" rel=\"\"><img class=\"ngg-singlepic ngg-left\" src=\"https:\/\/www.artspeculation.net\/wp-content\/gallery\/tirelire\/thumbs\/thumbs_tirelire_detail1.jpg\" alt=\"De la finance consid\u00e9r\u00e9e comme l\u2019un des beaux arts\"><\/a><strong>De la finance consid\u00e9r\u00e9e comme l\u2019un des beaux arts<\/strong> &nbsp;&nbsp;(d\u00e9tail) 2016 &#8211; 162\u00d7130 cm &#8211; jetons de poker, toile.<\/p>\n<p><br><br><a class=\"thickbox\" title=\"De la finance consid\u00e9r\u00e9e comme l\u2019un des beaux arts   2016 - 162\u00d7130 cm - jetons de poker, toile.\" href=\"https:\/\/www.artspeculation.net\/wp-content\/gallery\/tirelire\/tirelire_detail2.jpg\" rel=\"\"><img class=\"ngg-singlepic ngg-left\" src=\"https:\/\/www.artspeculation.net\/wp-content\/gallery\/tirelire\/thumbs\/thumbs_tirelire_detail2.jpg\" alt=\"De la finance consid\u00e9r\u00e9e comme l\u2019un des beaux arts\"><\/a><strong>De la finance consid\u00e9r\u00e9e comme l\u2019un des beaux arts<\/strong> &nbsp;&nbsp;(d\u00e9tail) 2016 &#8211; 162\u00d7130 cm &#8211; jetons de poker, toile.<br><br><br><\/p>\n<p><a href=\"https:\/\/www.artspeculation.net\/?page_id=34\"> Retour portofolio<\/a><\/p>\n<\/div>\n<\/div>\n","protected":false},"excerpt":{"rendered":"<p>De la finance consid\u00e9r\u00e9e comme l\u2019un des beaux arts &nbsp;&nbsp;2016 &#8211; 162\u00d7130 cm &#8211; jetons de poker, toile. Les artistes de la finance jouent avec les petites \u00e9conomies du peuple sans \u00e9tats d\u2019\u00e2mes. L\u2019art contemporain est lui aussi capable de transformer en or n\u2019importe quoi, m\u00eame le vide.Tant qu\u2019on est riche on peut payer. Pour [&hellip;]<\/p>\n","protected":false},"author":1,"featured_media":0,"parent":2082,"menu_order":0,"comment_status":"closed","ping_status":"closed","template":"onecolumn-page.php","meta":{"ngg_post_thumbnail":0},"_links":{"self":[{"href":"https:\/\/www.artspeculation.net\/index.php?rest_route=\/wp\/v2\/pages\/2102"}],"collection":[{"href":"https:\/\/www.artspeculation.net\/index.php?rest_route=\/wp\/v2\/pages"}],"about":[{"href":"https:\/\/www.artspeculation.net\/index.php?rest_route=\/wp\/v2\/types\/page"}],"author":[{"embeddable":true,"href":"https:\/\/www.artspeculation.net\/index.php?rest_route=\/wp\/v2\/users\/1"}],"replies":[{"embeddable":true,"href":"https:\/\/www.artspeculation.net\/index.php?rest_route=%2Fwp%2Fv2%2Fcomments&post=2102"}],"version-history":[{"count":12,"href":"https:\/\/www.artspeculation.net\/index.php?rest_route=\/wp\/v2\/pages\/2102\/revisions"}],"predecessor-version":[{"id":2831,"href":"https:\/\/www.artspeculation.net\/index.php?rest_route=\/wp\/v2\/pages\/2102\/revisions\/2831"}],"up":[{"embeddable":true,"href":"https:\/\/www.artspeculation.net\/index.php?rest_route=\/wp\/v2\/pages\/2082"}],"wp:attachment":[{"href":"https:\/\/www.artspeculation.net\/index.php?rest_route=%2Fwp%2Fv2%2Fmedia&parent=2102"}],"curies":[{"name":"wp","href":"https:\/\/api.w.org\/{rel}","templated":true}]}}