{"id":2089,"date":"2016-12-28T17:30:27","date_gmt":"2016-12-28T17:30:27","guid":{"rendered":"http:\/\/www.artspeculation.net\/?page_id=2089"},"modified":"2022-04-12T21:53:36","modified_gmt":"2022-04-12T21:53:36","slug":"margaritas-ante-porcos","status":"publish","type":"page","link":"https:\/\/www.artspeculation.net\/?page_id=2089","title":{"rendered":"Margaritas ante porcos"},"content":{"rendered":"\n<div class=\"wp-block-columns\">\n<div class=\"wp-block-column\" style=\"flex-basis:100%\">\n<p>\n\n<div class=\"ngg-galleryoverview ngg-slideshow\"\n\t id=\"ngg-slideshow-93b71ecb49b09525cb0828a5ea275c31-17408842630\"\n     data-gallery-id=\"93b71ecb49b09525cb0828a5ea275c31\"\n     style=\"max-width: 800px; max-height: 600px;\">\n\n \t<div id=\"ngg-image-0\" class=\"ngg-gallery-slideshow-image\" style=\"height:600px\">\n\n        <a href=\"https:\/\/www.artspeculation.net\/wp-content\/gallery\/margaritas\/margaritas1.jpg\"\n           title=\"\"\n           data-src=\"https:\/\/www.artspeculation.net\/wp-content\/gallery\/margaritas\/margaritas1.jpg\"\n           data-thumbnail=\"https:\/\/www.artspeculation.net\/wp-content\/gallery\/margaritas\/thumbs\/thumbs_margaritas1.jpg\"\n           data-image-id=\"306\"\n           data-title=\"margaritas1\"\n           data-description=\"\"\n           >\n\n            <img data-image-id='306'\n                 title=\"\"\n                 alt=\"margaritas1\"\n                 src=\"https:\/\/www.artspeculation.net\/wp-content\/gallery\/margaritas\/margaritas1.jpg\"\n                 style=\"max-height: 580px;\"\/>\n        <\/a>\n\n        <\/div> \n<div id=\"ngg-image-1\" class=\"ngg-gallery-slideshow-image\" style=\"height:600px\">\n\n        <a href=\"https:\/\/www.artspeculation.net\/wp-content\/gallery\/margaritas\/margaritas2.jpg\"\n           title=\"\"\n           data-src=\"https:\/\/www.artspeculation.net\/wp-content\/gallery\/margaritas\/margaritas2.jpg\"\n           data-thumbnail=\"https:\/\/www.artspeculation.net\/wp-content\/gallery\/margaritas\/thumbs\/thumbs_margaritas2.jpg\"\n           data-image-id=\"307\"\n           data-title=\"margaritas2\"\n           data-description=\"\"\n           >\n\n            <img data-image-id='307'\n                 title=\"\"\n                 alt=\"margaritas2\"\n                 src=\"https:\/\/www.artspeculation.net\/wp-content\/gallery\/margaritas\/margaritas2.jpg\"\n                 style=\"max-height: 580px;\"\/>\n        <\/a>\n\n        <\/div> \n<div id=\"ngg-image-2\" class=\"ngg-gallery-slideshow-image\" style=\"height:600px\">\n\n        <a href=\"https:\/\/www.artspeculation.net\/wp-content\/gallery\/margaritas\/margaritas_detail.jpg\"\n           title=\"\"\n           data-src=\"https:\/\/www.artspeculation.net\/wp-content\/gallery\/margaritas\/margaritas_detail.jpg\"\n           data-thumbnail=\"https:\/\/www.artspeculation.net\/wp-content\/gallery\/margaritas\/thumbs\/thumbs_margaritas_detail.jpg\"\n           data-image-id=\"308\"\n           data-title=\"margaritas_detail\"\n           data-description=\"\"\n           >\n\n            <img data-image-id='308'\n                 title=\"\"\n                 alt=\"margaritas_detail\"\n                 src=\"https:\/\/www.artspeculation.net\/wp-content\/gallery\/margaritas\/margaritas_detail.jpg\"\n                 style=\"max-height: 580px;\"\/>\n        <\/a>\n\n        <\/div> \n<\/div>\n\n\n\t\t<!-- Thumbnails Link -->\n\t<div class=\"slideshowlink\" style=\"max-width: 800px;\">\n        <a href='https:\/\/www.artspeculation.net\/index.php\/nggallery\/thumbnails?page_id=2089'><\/a>\n\t<\/div>\n\n<br><strong>Margaritas ante porcos<\/strong> &nbsp;&nbsp;2016 &#8211; installation, 80\u00d7120\u00d7120 cm &#8211; tirelire en porcelaine, affiche encadr\u00e9e sous verre, tr\u00e9teaux en bois.<br><br>Nolite mittere margaritas ante porcos,<em> dit l\u2019Evangile, ne jetez pas les perles aux pourceaux. Ce langage figur\u00e9 signifie : n&rsquo;essayez pas de faire appr\u00e9cier la beaut\u00e9 \u00e0 ceux qui sont bassement mat\u00e9rialistes. Cette locution est \u00e0 l\u2019origine du proverbe employ\u00e9 lorsqu&rsquo;il est question d&rsquo;\u0153uvres d&rsquo;art jug\u00e9es par un public ignorant ou grossier.<br>Chacun pense que \u00e7a concerne l\u2019autre.<\/em><br><br><br><small>Pour agrandir, cliquez sur l&rsquo;image :<\/small><br><br><a class=\"thickbox\" title=\"Margaritas ante porcos   2016 - installation, 80\u00d7120\u00d7120 cm - tirelire en porcelaine, affiche encadr\u00e9e sous verre, tr\u00e9teaux en bois.\" href=\"https:\/\/www.artspeculation.net\/wp-content\/gallery\/margaritas\/margaritas1.jpg\" rel=\"\"><img class=\"ngg-singlepic ngg-left\" src=\"https:\/\/www.artspeculation.net\/wp-content\/gallery\/margaritas\/thumbs\/thumbs_margaritas1.jpg\" alt=\"Margaritas ante porcos\"><\/a><strong>Margaritas ante porcos<\/strong> &nbsp;&nbsp;2016 &#8211; installation, 80\u00d7120\u00d7120 cm &#8211; tirelire en porcelaine, affiche encadr\u00e9e sous verre, tr\u00e9teaux en bois.<br><br><br><a class=\"thickbox\" title=\"Margaritas ante porcos   2016 - installation, 80\u00d7120\u00d7120 cm - tirelire en porcelaine, affiche encadr\u00e9e sous verre, tr\u00e9teaux en bois.\" href=\"https:\/\/www.artspeculation.net\/wp-content\/gallery\/margaritas\/margaritas_detail.jpg\" rel=\"\"><img class=\"ngg-singlepic ngg-left\" src=\"https:\/\/www.artspeculation.net\/wp-content\/gallery\/margaritas\/thumbs\/thumbs_margaritas_detail.jpg\" alt=\"Margaritas ante porcos\"><\/a><strong>Margaritas ante porcos<\/strong> &nbsp;&nbsp;(d\u00e9tail) 2016 &#8211; installation, 80\u00d7120\u00d7120 cm &#8211; tirelire en porcelaine, affiche encadr\u00e9e sous verre, tr\u00e9teaux en bois.<br><br><br><a class=\"thickbox\" title=\"Margaritas ante porcos   2016 - installation, 80\u00d7120\u00d7120 cm - tirelire en porcelaine, affiche encadr\u00e9e sous verre, tr\u00e9teaux en bois.\" href=\"https:\/\/www.artspeculation.net\/wp-content\/gallery\/margaritas\/margaritas2.jpg\" rel=\"\"><img class=\"ngg-singlepic ngg-left\" src=\"https:\/\/www.artspeculation.net\/wp-content\/gallery\/margaritas\/thumbs\/thumbs_margaritas2.jpg\" alt=\"Margaritas ante porcos\"><\/a><strong>Margaritas ante porcos<\/strong> &nbsp;&nbsp;2016 &#8211; installation, 80\u00d7120\u00d7120 cm &#8211; tirelire en porcelaine, affiche encadr\u00e9e sous verre, tr\u00e9teaux en bois.<br><br><br><br><br><a href=\"https:\/\/www.artspeculation.net\/?page_id=34\"> Retour portofolio<\/a><\/p>\n<\/div>\n<\/div>\n","protected":false},"excerpt":{"rendered":"<p>Margaritas ante porcos &nbsp;&nbsp;2016 &#8211; installation, 80\u00d7120\u00d7120 cm &#8211; tirelire en porcelaine, affiche encadr\u00e9e sous verre, tr\u00e9teaux en bois. Nolite mittere margaritas ante porcos, dit l\u2019Evangile, ne jetez pas les perles aux pourceaux. Ce langage figur\u00e9 signifie : n&rsquo;essayez pas de faire appr\u00e9cier la beaut\u00e9 \u00e0 ceux qui sont bassement mat\u00e9rialistes. Cette locution est \u00e0 [&hellip;]<\/p>\n","protected":false},"author":1,"featured_media":0,"parent":2082,"menu_order":0,"comment_status":"closed","ping_status":"closed","template":"onecolumn-page.php","meta":{"ngg_post_thumbnail":0},"_links":{"self":[{"href":"https:\/\/www.artspeculation.net\/index.php?rest_route=\/wp\/v2\/pages\/2089"}],"collection":[{"href":"https:\/\/www.artspeculation.net\/index.php?rest_route=\/wp\/v2\/pages"}],"about":[{"href":"https:\/\/www.artspeculation.net\/index.php?rest_route=\/wp\/v2\/types\/page"}],"author":[{"embeddable":true,"href":"https:\/\/www.artspeculation.net\/index.php?rest_route=\/wp\/v2\/users\/1"}],"replies":[{"embeddable":true,"href":"https:\/\/www.artspeculation.net\/index.php?rest_route=%2Fwp%2Fv2%2Fcomments&post=2089"}],"version-history":[{"count":14,"href":"https:\/\/www.artspeculation.net\/index.php?rest_route=\/wp\/v2\/pages\/2089\/revisions"}],"predecessor-version":[{"id":2835,"href":"https:\/\/www.artspeculation.net\/index.php?rest_route=\/wp\/v2\/pages\/2089\/revisions\/2835"}],"up":[{"embeddable":true,"href":"https:\/\/www.artspeculation.net\/index.php?rest_route=\/wp\/v2\/pages\/2082"}],"wp:attachment":[{"href":"https:\/\/www.artspeculation.net\/index.php?rest_route=%2Fwp%2Fv2%2Fmedia&parent=2089"}],"curies":[{"name":"wp","href":"https:\/\/api.w.org\/{rel}","templated":true}]}}