{"id":2058,"date":"2015-11-02T11:42:41","date_gmt":"2015-11-02T11:42:41","guid":{"rendered":"http:\/\/www.artspeculation.net\/?page_id=2058"},"modified":"2024-08-30T21:18:55","modified_gmt":"2024-08-30T21:18:55","slug":"injustice","status":"publish","type":"page","link":"https:\/\/www.artspeculation.net\/?page_id=2058","title":{"rendered":"Injustice"},"content":{"rendered":"\n<div class=\"wp-block-columns\">\n<div class=\"wp-block-column\" style=\"flex-basis:100%\">\n<p>\n\n<div class=\"ngg-galleryoverview ngg-slideshow\"\n\t id=\"ngg-slideshow-690cb4deb854b3acd3f98246d2adedd5-18572593080\"\n     data-gallery-id=\"690cb4deb854b3acd3f98246d2adedd5\"\n     style=\"max-width: 800px; max-height: 600px;\">\n\n \t<div id=\"ngg-image-0\" class=\"ngg-gallery-slideshow-image\" style=\"height:600px\">\n\n        <a href=\"https:\/\/www.artspeculation.net\/wp-content\/gallery\/injustice\/injustice1.jpg\"\n           title=\"\"\n           data-src=\"https:\/\/www.artspeculation.net\/wp-content\/gallery\/injustice\/injustice1.jpg\"\n           data-thumbnail=\"https:\/\/www.artspeculation.net\/wp-content\/gallery\/injustice\/thumbs\/thumbs_injustice1.jpg\"\n           data-image-id=\"277\"\n           data-title=\"injustice1\"\n           data-description=\"\"\n           >\n\n            <img data-image-id='277'\n                 title=\"\"\n                 alt=\"injustice1\"\n                 src=\"https:\/\/www.artspeculation.net\/wp-content\/gallery\/injustice\/injustice1.jpg\"\n                 style=\"max-height: 580px;\"\/>\n        <\/a>\n\n        <\/div> \n<div id=\"ngg-image-1\" class=\"ngg-gallery-slideshow-image\" style=\"height:600px\">\n\n        <a href=\"https:\/\/www.artspeculation.net\/wp-content\/gallery\/injustice\/matrimoinegenetique.jpg\"\n           title=\"\"\n           data-src=\"https:\/\/www.artspeculation.net\/wp-content\/gallery\/injustice\/matrimoinegenetique.jpg\"\n           data-thumbnail=\"https:\/\/www.artspeculation.net\/wp-content\/gallery\/injustice\/thumbs\/thumbs_matrimoinegenetique.jpg\"\n           data-image-id=\"275\"\n           data-title=\"matrimoinegenetique\"\n           data-description=\"\"\n           >\n\n            <img data-image-id='275'\n                 title=\"\"\n                 alt=\"matrimoinegenetique\"\n                 src=\"https:\/\/www.artspeculation.net\/wp-content\/gallery\/injustice\/matrimoinegenetique.jpg\"\n                 style=\"max-height: 580px;\"\/>\n        <\/a>\n\n        <\/div> \n<div id=\"ngg-image-2\" class=\"ngg-gallery-slideshow-image\" style=\"height:600px\">\n\n        <a href=\"https:\/\/www.artspeculation.net\/wp-content\/gallery\/injustice\/patrimoinegenetique.jpg\"\n           title=\"\"\n           data-src=\"https:\/\/www.artspeculation.net\/wp-content\/gallery\/injustice\/patrimoinegenetique.jpg\"\n           data-thumbnail=\"https:\/\/www.artspeculation.net\/wp-content\/gallery\/injustice\/thumbs\/thumbs_patrimoinegenetique.jpg\"\n           data-image-id=\"276\"\n           data-title=\"patrimoinegenetique\"\n           data-description=\"\"\n           >\n\n            <img data-image-id='276'\n                 title=\"\"\n                 alt=\"patrimoinegenetique\"\n                 src=\"https:\/\/www.artspeculation.net\/wp-content\/gallery\/injustice\/patrimoinegenetique.jpg\"\n                 style=\"max-height: 580px;\"\/>\n        <\/a>\n\n        <\/div> \n<\/div>\n\n\n\t\t<!-- Thumbnails Link -->\n\t<div class=\"slideshowlink\" style=\"max-width: 800px;\">\n        <a href='https:\/\/www.artspeculation.net\/index.php\/nggallery\/thumbnails?page_id=2058'><\/a>\n\t<\/div>\n\n<br><strong>Injustice<\/strong> &nbsp;&nbsp;2015 &#8211; diptyque photographique, 80\u00d750 cm et 50\u00d750 cm &#8211; photographie des chromosomes sexuels humains X et Y.<br><br><em>Chez les mammif\u00e8res th\u00e9riens, dont l&rsquo;esp\u00e8ce humaine, la diff\u00e9rentiation entre m\u00e2le et femelle se fait par la pr\u00e9sence d&rsquo;un chromosome Y transmis par le gam\u00e8te m\u00e2le. Ces photographies repr\u00e9sentent une paire de chromosomes \u00e0 la m\u00eame \u00e9chelle. Leur titre \u00ab\u00a0Matrimoine g\u00e9n\u00e9tique\u00a0\u00bb et \u00ab\u00a0Patrimoine g\u00e9n\u00e9tique\u00a0\u00bb identifie l&rsquo;origine du chromosome h\u00e9rit\u00e9. Ce qui saute aux yeux c&rsquo;est la diff\u00e9rence manifeste du mat\u00e9riel g\u00e9n\u00e9tique transmis, questionnant les pr\u00e9suppos\u00e9s culturels et toute interpr\u00e9tation naturaliste des faits culturels.<\/em><br><br><br><small>Pour agrandir, cliquez sur l&rsquo;image :<\/small><br><br><a class=\"thickbox\" title=\"Injustice   2015 - diptyque photographique, 80\u00d750 cm et 50\u00d750 cm - photographie des chromosomes sexuels humains X et Y.\" href=\"https:\/\/www.artspeculation.net\/wp-content\/gallery\/injustice\/injustice1.jpg\" rel=\"\"><img class=\"ngg-singlepic ngg-left\" src=\"https:\/\/www.artspeculation.net\/wp-content\/gallery\/injustice\/thumbs\/thumbs_injustice1.jpg\" alt=\"Injustice\"><\/a><strong>Injustice<\/strong> &nbsp;&nbsp;2015 &#8211; diptyque photographique, 80\u00d750 cm et 50\u00d750 cm &#8211; photographie des chromosomes sexuels humains X et Y.<br><br><br><a class=\"thickbox\" title=\"Injustice   2015 - diptyque photographique, 80\u00d750 cm et 50\u00d750 cm - photographie des chromosomes sexuels humains X et Y.\" href=\"https:\/\/www.artspeculation.net\/wp-content\/gallery\/injustice\/matrimoinegenetique.jpg\" rel=\"\"><img class=\"ngg-singlepic ngg-left\" src=\"https:\/\/www.artspeculation.net\/wp-content\/gallery\/injustice\/thumbs\/thumbs_matrimoinegenetique.jpg\" alt=\"Injustice\"><\/a><strong>Injustice<\/strong> &nbsp;&nbsp;2015 &#8211; diptyque photographique, 80\u00d750 cm et 50\u00d750 cm &#8211; photographie des chromosomes sexuels humains X et Y.<br><br><br><a class=\"thickbox\" title=\"Injustice   2015 - diptyque photographique, 80\u00d750 cm et 50\u00d750 cm - photographie des chromosomes sexuels humains X et Y.\" href=\"https:\/\/www.artspeculation.net\/wp-content\/gallery\/injustice\/patrimoinegenetique.jpg\" rel=\"\"><img class=\"ngg-singlepic ngg-left\" src=\"https:\/\/www.artspeculation.net\/wp-content\/gallery\/injustice\/thumbs\/thumbs_patrimoinegenetique.jpg\" alt=\"Injustice\"><\/a><strong>Injustice<\/strong> &nbsp;&nbsp;2015 &#8211; diptyque photographique, 80\u00d750 cm et 50\u00d750 cm &#8211; photographie des chromosomes sexuels humains X et Y.<br><br><br><br><br><\/p>\n<p><a href=\"https:\/\/www.artspeculation.net\/?page_id=34\"> Retour portofolio<\/a><\/p>\n<\/div>\n<\/div>\n","protected":false},"excerpt":{"rendered":"<p>Injustice &nbsp;&nbsp;2015 &#8211; diptyque photographique, 80\u00d750 cm et 50\u00d750 cm &#8211; photographie des chromosomes sexuels humains X et Y. Chez les mammif\u00e8res th\u00e9riens, dont l&rsquo;esp\u00e8ce humaine, la diff\u00e9rentiation entre m\u00e2le et femelle se fait par la pr\u00e9sence d&rsquo;un chromosome Y transmis par le gam\u00e8te m\u00e2le. Ces photographies repr\u00e9sentent une paire de chromosomes \u00e0 la m\u00eame [&hellip;]<\/p>\n","protected":false},"author":1,"featured_media":0,"parent":1853,"menu_order":0,"comment_status":"closed","ping_status":"closed","template":"","meta":{"ngg_post_thumbnail":0},"_links":{"self":[{"href":"https:\/\/www.artspeculation.net\/index.php?rest_route=\/wp\/v2\/pages\/2058"}],"collection":[{"href":"https:\/\/www.artspeculation.net\/index.php?rest_route=\/wp\/v2\/pages"}],"about":[{"href":"https:\/\/www.artspeculation.net\/index.php?rest_route=\/wp\/v2\/types\/page"}],"author":[{"embeddable":true,"href":"https:\/\/www.artspeculation.net\/index.php?rest_route=\/wp\/v2\/users\/1"}],"replies":[{"embeddable":true,"href":"https:\/\/www.artspeculation.net\/index.php?rest_route=%2Fwp%2Fv2%2Fcomments&post=2058"}],"version-history":[{"count":4,"href":"https:\/\/www.artspeculation.net\/index.php?rest_route=\/wp\/v2\/pages\/2058\/revisions"}],"predecessor-version":[{"id":2869,"href":"https:\/\/www.artspeculation.net\/index.php?rest_route=\/wp\/v2\/pages\/2058\/revisions\/2869"}],"up":[{"embeddable":true,"href":"https:\/\/www.artspeculation.net\/index.php?rest_route=\/wp\/v2\/pages\/1853"}],"wp:attachment":[{"href":"https:\/\/www.artspeculation.net\/index.php?rest_route=%2Fwp%2Fv2%2Fmedia&parent=2058"}],"curies":[{"name":"wp","href":"https:\/\/api.w.org\/{rel}","templated":true}]}}