{"id":2037,"date":"2015-09-21T18:48:10","date_gmt":"2015-09-21T18:48:10","guid":{"rendered":"http:\/\/www.artspeculation.net\/?page_id=2037"},"modified":"2024-08-30T20:10:44","modified_gmt":"2024-08-30T20:10:44","slug":"plaque-or","status":"publish","type":"page","link":"https:\/\/www.artspeculation.net\/?page_id=2037","title":{"rendered":"Plaqu\u00e9 or"},"content":{"rendered":"\n<div class=\"wp-block-columns\">\n<div class=\"wp-block-column\" style=\"flex-basis:100%\">\n<p>\n\n<div class=\"ngg-galleryoverview ngg-slideshow\"\n\t id=\"ngg-slideshow-c1f1aa598d19e116a15e0369a5d54c97-7284654760\"\n     data-gallery-id=\"c1f1aa598d19e116a15e0369a5d54c97\"\n     style=\"max-width: 800px; max-height: 600px;\">\n\n \t<div id=\"ngg-image-0\" class=\"ngg-gallery-slideshow-image\" style=\"height:600px\">\n\n        <a href=\"https:\/\/www.artspeculation.net\/wp-content\/gallery\/vanity\/vanity1.jpg\"\n           title=\"\"\n           data-src=\"https:\/\/www.artspeculation.net\/wp-content\/gallery\/vanity\/vanity1.jpg\"\n           data-thumbnail=\"https:\/\/www.artspeculation.net\/wp-content\/gallery\/vanity\/thumbs\/thumbs_vanity1.jpg\"\n           data-image-id=\"269\"\n           data-title=\"vanity1\"\n           data-description=\"\"\n           >\n\n            <img data-image-id='269'\n                 title=\"\"\n                 alt=\"vanity1\"\n                 src=\"https:\/\/www.artspeculation.net\/wp-content\/gallery\/vanity\/vanity1.jpg\"\n                 style=\"max-height: 580px;\"\/>\n        <\/a>\n\n        <\/div> \n<div id=\"ngg-image-1\" class=\"ngg-gallery-slideshow-image\" style=\"height:600px\">\n\n        <a href=\"https:\/\/www.artspeculation.net\/wp-content\/gallery\/vanity\/vanity3.jpg\"\n           title=\"\"\n           data-src=\"https:\/\/www.artspeculation.net\/wp-content\/gallery\/vanity\/vanity3.jpg\"\n           data-thumbnail=\"https:\/\/www.artspeculation.net\/wp-content\/gallery\/vanity\/thumbs\/thumbs_vanity3.jpg\"\n           data-image-id=\"271\"\n           data-title=\"vanity3\"\n           data-description=\"\"\n           >\n\n            <img data-image-id='271'\n                 title=\"\"\n                 alt=\"vanity3\"\n                 src=\"https:\/\/www.artspeculation.net\/wp-content\/gallery\/vanity\/vanity3.jpg\"\n                 style=\"max-height: 580px;\"\/>\n        <\/a>\n\n        <\/div> \n<div id=\"ngg-image-2\" class=\"ngg-gallery-slideshow-image\" style=\"height:600px\">\n\n        <a href=\"https:\/\/www.artspeculation.net\/wp-content\/gallery\/vanity\/vanity2.jpg\"\n           title=\"\"\n           data-src=\"https:\/\/www.artspeculation.net\/wp-content\/gallery\/vanity\/vanity2.jpg\"\n           data-thumbnail=\"https:\/\/www.artspeculation.net\/wp-content\/gallery\/vanity\/thumbs\/thumbs_vanity2.jpg\"\n           data-image-id=\"270\"\n           data-title=\"vanity2\"\n           data-description=\"\"\n           >\n\n            <img data-image-id='270'\n                 title=\"\"\n                 alt=\"vanity2\"\n                 src=\"https:\/\/www.artspeculation.net\/wp-content\/gallery\/vanity\/vanity2.jpg\"\n                 style=\"max-height: 580px;\"\/>\n        <\/a>\n\n        <\/div> \n<div id=\"ngg-image-3\" class=\"ngg-gallery-slideshow-image\" style=\"height:600px\">\n\n        <a href=\"https:\/\/www.artspeculation.net\/wp-content\/gallery\/vanity\/vanity4.jpg\"\n           title=\"\"\n           data-src=\"https:\/\/www.artspeculation.net\/wp-content\/gallery\/vanity\/vanity4.jpg\"\n           data-thumbnail=\"https:\/\/www.artspeculation.net\/wp-content\/gallery\/vanity\/thumbs\/thumbs_vanity4.jpg\"\n           data-image-id=\"272\"\n           data-title=\"vanity4\"\n           data-description=\"\"\n           >\n\n            <img data-image-id='272'\n                 title=\"\"\n                 alt=\"vanity4\"\n                 src=\"https:\/\/www.artspeculation.net\/wp-content\/gallery\/vanity\/vanity4.jpg\"\n                 style=\"max-height: 580px;\"\/>\n        <\/a>\n\n        <\/div> \n<\/div>\n\n\n\t\t<!-- Thumbnails Link -->\n\t<div class=\"slideshowlink\" style=\"max-width: 800px;\">\n        <a href='https:\/\/www.artspeculation.net\/index.php\/nggallery\/thumbnails?page_id=2037'><\/a>\n\t<\/div>\n\n<br><strong>Plaqu\u00e9 or<\/strong> &nbsp;&nbsp;2015 &#8211; 150\u00d7140 cm \u2013 ch\u00e2ssis toil\u00e9, pi\u00e8ces de puzzle, peinture acrylique.<\/p>\n<p><em>Dans une organisation sociale, privil\u00e9gier la culture g\u00e9n\u00e9rale comme principe de discrimination et de distribution du pouvoir est-il justifi\u00e9 quand il ne s&rsquo;agit en fait que d&rsquo;une apparence, d&rsquo;un plaquage superficiel.<br>Se revendiquer d&rsquo;une culture, ou faire \u00e9talage de sa culture, n&rsquo;est-ce pas toujours avouer sa vanit\u00e9 ?<\/em><\/p>\n<p><small>Pour agrandir, cliquez sur l&rsquo;image :<\/small><\/p>\n<p><a class=\"thickbox\" title=\"Plaqu\u00e9 or   2015 - 150\u00d7140 cm \u2013 ch\u00e2ssis toil\u00e9, pi\u00e8ces de puzzle, peinture acrylique.\" href=\"https:\/\/www.artspeculation.net\/wp-content\/gallery\/vanity\/vanity1.jpg\" rel=\"\"><img class=\"ngg-singlepic ngg-left\" src=\"https:\/\/www.artspeculation.net\/wp-content\/gallery\/vanity\/thumbs\/thumbs_vanity1.jpg\" alt=\"Plaqu\u00e9 or\"><\/a><strong>Plaqu\u00e9 or<\/strong> &nbsp;&nbsp;2015 &#8211; 150\u00d7140 cm \u2013 ch\u00e2ssis toil\u00e9, pi\u00e8ces de puzzle, peinture acrylique.<\/p>\n<p><a class=\"thickbox\" title=\"Plaqu\u00e9 or (d\u00e9tail)   2015 - 150\u00d7140 cm \u2013 ch\u00e2ssis toil\u00e9, pi\u00e8ces de puzzle, peinture acrylique.\" href=\"https:\/\/www.artspeculation.net\/wp-content\/gallery\/vanity\/vanity3.jpg\" rel=\"\"><img class=\"ngg-singlepic ngg-left\" src=\"https:\/\/www.artspeculation.net\/wp-content\/gallery\/vanity\/thumbs\/thumbs_vanity3.jpg\" alt=\"Plaqu\u00e9 or (d\u00e9tail)\"><\/a><strong>Plaqu\u00e9 or<\/strong> (d\u00e9tail) &nbsp;&nbsp;2015 &#8211; 150\u00d7140 cm \u2013 ch\u00e2ssis toil\u00e9, pi\u00e8ces de puzzle, peinture acrylique.<\/p>\n<p><a class=\"thickbox\" title=\"Plaqu\u00e9 or (d\u00e9tail)   2015 - 150\u00d7140 cm \u2013 ch\u00e2ssis toil\u00e9, pi\u00e8ces de puzzle, peinture acrylique.\" href=\"https:\/\/www.artspeculation.net\/wp-content\/gallery\/vanity\/vanity2.jpg\" rel=\"\"><img class=\"ngg-singlepic ngg-left\" src=\"https:\/\/www.artspeculation.net\/wp-content\/gallery\/vanity\/thumbs\/thumbs_vanity2.jpg\" alt=\"Plaqu\u00e9 or\"><\/a><strong>Plaqu\u00e9 or<\/strong> &nbsp;&nbsp;2015 &#8211; 150\u00d7140 cm \u2013 chassis toil\u00e9, pi\u00e8ces de puzzle, peinture acrylique.<\/p>\n<p><a class=\"thickbox\" title=\"Plaqu\u00e9 or   2015 - 150\u00d7140 cm \u2013 chassis toil\u00e9, pi\u00e8ces de puzzle, peinture acrylique.\" href=\"https:\/\/www.artspeculation.net\/wp-content\/gallery\/vanity\/vanity4.jpg\" rel=\"\"><img class=\"ngg-singlepic ngg-left\" src=\"https:\/\/www.artspeculation.net\/wp-content\/gallery\/vanity\/thumbs\/thumbs_vanity4.jpg\" alt=\"Plaqu\u00e9 or (d\u00e9tail)\"><\/a><strong>Plaqu\u00e9 or<\/strong> (d\u00e9tail) &nbsp;&nbsp;2015 &#8211; 150\u00d7140 cm \u2013 chassis toil\u00e9, pi\u00e8ces de puzzle, peinture acrylique.<\/p>\n<p><\/p>\n<p>&nbsp;<\/p>\n<p><a href=\"https:\/\/www.artspeculation.net\/?page_id=34\"> Retour portofolio<\/a><\/p>\n<\/div>\n<\/div>\n","protected":false},"excerpt":{"rendered":"<p>Plaqu\u00e9 or &nbsp;&nbsp;2015 &#8211; 150\u00d7140 cm \u2013 ch\u00e2ssis toil\u00e9, pi\u00e8ces de puzzle, peinture acrylique. Dans une organisation sociale, privil\u00e9gier la culture g\u00e9n\u00e9rale comme principe de discrimination et de distribution du pouvoir est-il justifi\u00e9 quand il ne s&rsquo;agit en fait que d&rsquo;une apparence, d&rsquo;un plaquage superficiel.Se revendiquer d&rsquo;une culture, ou faire \u00e9talage de sa culture, n&rsquo;est-ce [&hellip;]<\/p>\n","protected":false},"author":1,"featured_media":0,"parent":1853,"menu_order":0,"comment_status":"closed","ping_status":"open","template":"","meta":{"ngg_post_thumbnail":0},"_links":{"self":[{"href":"https:\/\/www.artspeculation.net\/index.php?rest_route=\/wp\/v2\/pages\/2037"}],"collection":[{"href":"https:\/\/www.artspeculation.net\/index.php?rest_route=\/wp\/v2\/pages"}],"about":[{"href":"https:\/\/www.artspeculation.net\/index.php?rest_route=\/wp\/v2\/types\/page"}],"author":[{"embeddable":true,"href":"https:\/\/www.artspeculation.net\/index.php?rest_route=\/wp\/v2\/users\/1"}],"replies":[{"embeddable":true,"href":"https:\/\/www.artspeculation.net\/index.php?rest_route=%2Fwp%2Fv2%2Fcomments&post=2037"}],"version-history":[{"count":9,"href":"https:\/\/www.artspeculation.net\/index.php?rest_route=\/wp\/v2\/pages\/2037\/revisions"}],"predecessor-version":[{"id":3459,"href":"https:\/\/www.artspeculation.net\/index.php?rest_route=\/wp\/v2\/pages\/2037\/revisions\/3459"}],"up":[{"embeddable":true,"href":"https:\/\/www.artspeculation.net\/index.php?rest_route=\/wp\/v2\/pages\/1853"}],"wp:attachment":[{"href":"https:\/\/www.artspeculation.net\/index.php?rest_route=%2Fwp%2Fv2%2Fmedia&parent=2037"}],"curies":[{"name":"wp","href":"https:\/\/api.w.org\/{rel}","templated":true}]}}