{"id":2,"date":"2012-02-14T14:02:08","date_gmt":"2012-02-14T14:02:08","guid":{"rendered":"http:\/\/www.artspeculation.net\/?page_id=2"},"modified":"2022-05-17T20:08:09","modified_gmt":"2022-05-17T20:08:09","slug":"page-d-exemple","status":"publish","type":"page","link":"https:\/\/www.artspeculation.net\/?page_id=2","title":{"rendered":"Pr\u00e9sentation"},"content":{"rendered":"<p><a href=\"https:\/\/www.artspeculation.net\/wp-content\/uploads\/2012\/02\/artiste.jpg\"><img loading=\"lazy\" class=\"alignleft size-medium wp-image-172\" title=\"artiste\" src=\"https:\/\/www.artspeculation.net\/wp-content\/uploads\/2012\/02\/artiste-225x300.jpg\" alt=\"\" width=\"225\" height=\"300\" srcset=\"https:\/\/www.artspeculation.net\/wp-content\/uploads\/2012\/02\/artiste-225x300.jpg 225w, https:\/\/www.artspeculation.net\/wp-content\/uploads\/2012\/02\/artiste.jpg 600w\" sizes=\"(max-width: 225px) 100vw, 225px\" \/><\/a>En 2009, un petit groupe transdisciplinaire informel de r\u00e9flexion sur les convergences entre les approches artistiques et scientifiques prend corps ; l\u2019\u00e9cole polymorphique est ainsi lanc\u00e9e discr\u00e8tement au Mus\u00e9um de Paris. Les personnes qui y participent, proviennent d\u2019horizons diff\u00e9rents et \u00e9voluent tant dans les domaines culturels que scientifiques. Rapidement, il appara\u00eet que la d\u00e9marche artistique contemporaine est un moyen de donner corps aux r\u00e9flexions et probl\u00e9matiques identifi\u00e9es. \u00ab artspeculation \u00bb r\u00e9sulte de cette volont\u00e9 de se confronter au champ comp\u00e9titif et professionnel de l\u2019art contemporain.<\/p>\n<p>\u00ab artspeculation \u00bb est une entit\u00e9 virtuelle enti\u00e8rement d\u00e9di\u00e9e \u00e0 la cr\u00e9ation artistique. Il s\u2019agit d\u2019un artiste collectif dont les \u00e9l\u00e9ments, volontairement anonymes, participent conjointement et indistinctement \u00e0 production. L\u2019\u00e9laboration des propositions artistiques r\u00e9sulte d\u2019un travail de r\u00e9flexion partag\u00e9.<\/p>\n<p><a href=\"https:\/\/www.artspeculation.net\/wp-content\/uploads\/2012\/02\/artistes.jpg\"><img loading=\"lazy\" class=\"alignright size-medium wp-image-173\" title=\"artistes\" src=\"https:\/\/www.artspeculation.net\/wp-content\/uploads\/2012\/02\/artistes-300x225.jpg\" alt=\"\" width=\"300\" height=\"225\" srcset=\"https:\/\/www.artspeculation.net\/wp-content\/uploads\/2012\/02\/artistes-300x225.jpg 300w, https:\/\/www.artspeculation.net\/wp-content\/uploads\/2012\/02\/artistes-785x588.jpg 785w, https:\/\/www.artspeculation.net\/wp-content\/uploads\/2012\/02\/artistes.jpg 800w\" sizes=\"(max-width: 300px) 100vw, 300px\" \/><\/a>\u00ab artspeculation \u00bb s\u2019int\u00e9resse tout particuli\u00e8rement aux ph\u00e9nom\u00e8nes r\u00e9sultants de l\u2019ambition permanente de l\u2019homme de vouloir simplifier et organiser son environnement, au sein d\u2019un univers naturel et culturel qui se r\u00e9v\u00e8le terriblement complexe.<br \/>\n\u00ab artspeculation \u00bb nomme \u00ab Absurdit\u00e9s \u00bb les r\u00e9alisations portant sur le th\u00e8me des relations de l\u2019homme \u00e0 son environnement naturel et culturel ; celles-ci font appara\u00eetre des paradoxes, des contradictions, des d\u00e9nis, preuves de son incapacit\u00e9 \u00e0 appr\u00e9hender la complexit\u00e9.<\/p>\n<p>\u00ab artspeculation \u00bb travaille notamment avec des puzzles parce ce jeu est absurde. D\u00e9truire une image pour la reconstruire est un geste \u00e9tonnant.<br \/>\nIl y a autant de sens \u00e0 chercher dans ce geste que dans celui de vivre. Nous cherchons continuellement un sens \u00e0 l\u2019existence, \u00e0 nos actions, alors m\u00eame que l\u2019on est avant tout en proie \u00e0 nos envies, nos passions, nos angoisses, nos r\u00e9actions au monde ext\u00e9rieur. Pour fuir l\u2019absurdit\u00e9, l\u2019homme se construit des syst\u00e8mes dans lesquels, id\u00e9alement, toutes les pi\u00e8ces devraient s\u2019emboiter, s\u2019ajuster.<\/p>\n","protected":false},"excerpt":{"rendered":"<p>En 2009, un petit groupe transdisciplinaire informel de r\u00e9flexion sur les convergences entre les approches artistiques et scientifiques prend corps ; l\u2019\u00e9cole polymorphique est ainsi lanc\u00e9e discr\u00e8tement au Mus\u00e9um de Paris. Les personnes qui y participent, proviennent d\u2019horizons diff\u00e9rents et \u00e9voluent tant dans les domaines culturels que scientifiques. Rapidement, il appara\u00eet que la d\u00e9marche artistique [&hellip;]<\/p>\n","protected":false},"author":1,"featured_media":0,"parent":0,"menu_order":0,"comment_status":"closed","ping_status":"open","template":"onecolumn-page.php","meta":{"ngg_post_thumbnail":0},"_links":{"self":[{"href":"https:\/\/www.artspeculation.net\/index.php?rest_route=\/wp\/v2\/pages\/2"}],"collection":[{"href":"https:\/\/www.artspeculation.net\/index.php?rest_route=\/wp\/v2\/pages"}],"about":[{"href":"https:\/\/www.artspeculation.net\/index.php?rest_route=\/wp\/v2\/types\/page"}],"author":[{"embeddable":true,"href":"https:\/\/www.artspeculation.net\/index.php?rest_route=\/wp\/v2\/users\/1"}],"replies":[{"embeddable":true,"href":"https:\/\/www.artspeculation.net\/index.php?rest_route=%2Fwp%2Fv2%2Fcomments&post=2"}],"version-history":[{"count":27,"href":"https:\/\/www.artspeculation.net\/index.php?rest_route=\/wp\/v2\/pages\/2\/revisions"}],"predecessor-version":[{"id":3015,"href":"https:\/\/www.artspeculation.net\/index.php?rest_route=\/wp\/v2\/pages\/2\/revisions\/3015"}],"wp:attachment":[{"href":"https:\/\/www.artspeculation.net\/index.php?rest_route=%2Fwp%2Fv2%2Fmedia&parent=2"}],"curies":[{"name":"wp","href":"https:\/\/api.w.org\/{rel}","templated":true}]}}