{"id":1992,"date":"2015-09-20T18:40:28","date_gmt":"2015-09-20T18:40:28","guid":{"rendered":"http:\/\/www.artspeculation.net\/?page_id=1992"},"modified":"2023-07-12T08:38:27","modified_gmt":"2023-07-12T08:38:27","slug":"expositions","status":"publish","type":"page","link":"https:\/\/www.artspeculation.net\/?page_id=1992","title":{"rendered":"Expositions"},"content":{"rendered":"<p><a href=\"https:\/\/www.artspeculation.net\/?page_id=3187\">Ali\u00e9n\u00e9s<\/a>, Salon des Mar\u00e9chaux, Minist\u00e8re de la culture, 2022<\/p>\n<p><a href=\"https:\/\/www.artspeculation.net\/?page_id=2787\">Ali\u00e9n\u00e9s<\/a> &#8211; Galerie des Gobelins, Mobilier National, Paris 2022<\/p>\n<p><a href=\"https:\/\/www.artspeculation.net\/?page_id=2375\">IKEART<\/a> &#8211; Art Gallery L&rsquo;Oeil et la Main, Paris, 2021<\/p>\n<p><a href=\"https:\/\/www.artspeculation.net\/?page_id=2776\">M\u00e9tamorphose #2<\/a> &#8211; Orangerie du Jardin des Plantes, Rouen, 2019<\/p>\n<p><a href=\"https:\/\/www.artspeculation.net\/?page_id=2172\">Duchamp dans sa ville<\/a> &#8211; Rouen, 2018<br>&nbsp; \u00c9cole Nationale Sup\u00e9rieur d&rsquo;Architecture de Normandie &#8211; 2018<br>&nbsp; <a href=\"https:\/\/www.artspeculation.net\/?page_id=3230\">ACCESS DENIED<\/a> \u00e0 la Halles aux Toiles &#8211; Rouen, 2018<br>&nbsp; Mus\u00e9e des Beaux-Arts &#8211; Rouen, 2018<\/p>\n<p>Crois\u00e9e d&rsquo;Art &#8211; Eus, 2017<\/p>\n<p>Hommage \u00e0 Patrice Qu\u00e9r\u00e9el &#8211; Rouen, 2015<\/p>\n<p><a href=\"https:\/\/www.artspeculation.net\/?page_id=2058\">Lancement de la Saison de l\u2019\u00c9galit\u00e9<\/a> &#8211; Th\u00e9\u00e2tre le Moulin, Louviers, 2015<\/p>\n<p><a href=\"https:\/\/www.artspeculation.net\/?page_id=1491\">Cimeti\u00e8re de l&rsquo;Art<\/a> &#8211; Noll\u00e9val, 2014<\/p>\n<p><a href=\"https:\/\/www.artspeculation.net\/?page_id=1381\">Printemps en Seines<\/a> &#8211; Rouen, 2014<\/p>\n<p><a href=\"https:\/\/www.artspeculation.net\/?page_id=1511\">Art-O-Rama<\/a> &#8211; Marseille, 2014<\/p>\n<p>Christmas Art Fair &#8211; Marseille, 2013<\/p>\n<p>Parcours des mondes insolites &#8211; Paris, 2013<\/p>\n<p>&nbsp;<\/p>\n\n\n<p><\/p>\n","protected":false},"excerpt":{"rendered":"<p>Ali\u00e9n\u00e9s, Salon des Mar\u00e9chaux, Minist\u00e8re de la culture, 2022 Ali\u00e9n\u00e9s &#8211; Galerie des Gobelins, Mobilier National, Paris 2022 IKEART &#8211; Art Gallery L&rsquo;Oeil et la Main, Paris, 2021 M\u00e9tamorphose #2 &#8211; Orangerie du Jardin des Plantes, Rouen, 2019 Duchamp dans sa ville &#8211; Rouen, 2018&nbsp; \u00c9cole Nationale Sup\u00e9rieur d&rsquo;Architecture de Normandie &#8211; 2018&nbsp; ACCESS DENIED [&hellip;]<\/p>\n","protected":false},"author":1,"featured_media":0,"parent":0,"menu_order":0,"comment_status":"closed","ping_status":"closed","template":"","meta":{"ngg_post_thumbnail":0},"_links":{"self":[{"href":"https:\/\/www.artspeculation.net\/index.php?rest_route=\/wp\/v2\/pages\/1992"}],"collection":[{"href":"https:\/\/www.artspeculation.net\/index.php?rest_route=\/wp\/v2\/pages"}],"about":[{"href":"https:\/\/www.artspeculation.net\/index.php?rest_route=\/wp\/v2\/types\/page"}],"author":[{"embeddable":true,"href":"https:\/\/www.artspeculation.net\/index.php?rest_route=\/wp\/v2\/users\/1"}],"replies":[{"embeddable":true,"href":"https:\/\/www.artspeculation.net\/index.php?rest_route=%2Fwp%2Fv2%2Fcomments&post=1992"}],"version-history":[{"count":12,"href":"https:\/\/www.artspeculation.net\/index.php?rest_route=\/wp\/v2\/pages\/1992\/revisions"}],"predecessor-version":[{"id":3272,"href":"https:\/\/www.artspeculation.net\/index.php?rest_route=\/wp\/v2\/pages\/1992\/revisions\/3272"}],"wp:attachment":[{"href":"https:\/\/www.artspeculation.net\/index.php?rest_route=%2Fwp%2Fv2%2Fmedia&parent=1992"}],"curies":[{"name":"wp","href":"https:\/\/api.w.org\/{rel}","templated":true}]}}