{"id":1847,"date":"2015-09-20T16:18:30","date_gmt":"2015-09-20T16:18:30","guid":{"rendered":"http:\/\/www.artspeculation.net\/?page_id=1847"},"modified":"2022-04-12T22:04:58","modified_gmt":"2022-04-12T22:04:58","slug":"succes-garanti","status":"publish","type":"page","link":"https:\/\/www.artspeculation.net\/?page_id=1847","title":{"rendered":"Success story-telling"},"content":{"rendered":"\n<div class=\"wp-block-columns\">\n<div class=\"wp-block-column\" style=\"flex-basis:100%\">\n<p>\n\n<div class=\"ngg-galleryoverview ngg-slideshow\"\n\t id=\"ngg-slideshow-695604bb227c59db420dec40971aee4c-6304680570\"\n     data-gallery-id=\"695604bb227c59db420dec40971aee4c\"\n     style=\"max-width: 800px; max-height: 600px;\">\n\n \t<div id=\"ngg-image-0\" class=\"ngg-gallery-slideshow-image\" style=\"height:600px\">\n\n        <a href=\"https:\/\/www.artspeculation.net\/wp-content\/gallery\/picasso\/picasso1.jpg\"\n           title=\"\"\n           data-src=\"https:\/\/www.artspeculation.net\/wp-content\/gallery\/picasso\/picasso1.jpg\"\n           data-thumbnail=\"https:\/\/www.artspeculation.net\/wp-content\/gallery\/picasso\/thumbs\/thumbs_picasso1.jpg\"\n           data-image-id=\"267\"\n           data-title=\"picasso1\"\n           data-description=\"\"\n           >\n\n            <img data-image-id='267'\n                 title=\"\"\n                 alt=\"picasso1\"\n                 src=\"https:\/\/www.artspeculation.net\/wp-content\/gallery\/picasso\/picasso1.jpg\"\n                 style=\"max-height: 580px;\"\/>\n        <\/a>\n\n        <\/div> \n<div id=\"ngg-image-1\" class=\"ngg-gallery-slideshow-image\" style=\"height:600px\">\n\n        <a href=\"https:\/\/www.artspeculation.net\/wp-content\/gallery\/picasso\/picasso2.jpg\"\n           title=\"\"\n           data-src=\"https:\/\/www.artspeculation.net\/wp-content\/gallery\/picasso\/picasso2.jpg\"\n           data-thumbnail=\"https:\/\/www.artspeculation.net\/wp-content\/gallery\/picasso\/thumbs\/thumbs_picasso2.jpg\"\n           data-image-id=\"268\"\n           data-title=\"picasso2\"\n           data-description=\"\"\n           >\n\n            <img data-image-id='268'\n                 title=\"\"\n                 alt=\"picasso2\"\n                 src=\"https:\/\/www.artspeculation.net\/wp-content\/gallery\/picasso\/picasso2.jpg\"\n                 style=\"max-height: 580px;\"\/>\n        <\/a>\n\n        <\/div> \n<\/div>\n\n\n\t\t<!-- Thumbnails Link -->\n\t<div class=\"slideshowlink\" style=\"max-width: 800px;\">\n        <a href='https:\/\/www.artspeculation.net\/index.php\/nggallery\/thumbnails?page_id=1847'><\/a>\n\t<\/div>\n\n<br><strong>Success story-telling<\/strong> &nbsp;&nbsp;2015 &#8211; 130&#215;70 cm &#8211; cadre en bois, peinture \u00e0 l&rsquo;huile et acrylique sur toile.<br><br><em>Ce n\u2019est parce que l\u2019on produit un chef d\u2019\u0153uvre qu\u2019il se vend. En fait, pour se vendre, une peinture doit respecter la r\u00e8gle des trois S (\u00ab the Three S rule \u00bb) : \u00ab Subject, Style, Signature \u00bb.<br><br>R\u00e8gle des 3 S :<br>1. Sujet : on choisira un sujet simple qui ne soit ni choquant, ni critique, ni provoquant \u2026 et qui sera agr\u00e9able \u00e0 contempler dans un int\u00e9rieur urbain. Par exemple un paysage de campagne conviendra parfaitement.<br>2. Style : il faut un choisir un style facilement reconnaissable par le public et qui lui plait : comme on constate que les expositions les plus fr\u00e9quent\u00e9es sont celles qui concernent les impressionnistes, cette technique et ce style sont donc \u00e0 privil\u00e9gier.<br>3. Signature : la signature doit \u00eatre bien visible et bien lisible car c\u2019est finalement l\u2019\u00e9l\u00e9ment d\u00e9terminant la valeur et le d\u00e9sir d\u2019acheter un tableau. Attention : les signatures du type \u00ab Renoir \u00bb, ou \u00ab Dali \u00bb, sont nettement plus attractives que les signatures du type \u00ab Martin \u00bb ou \u00ab Dupont \u00bb.<br><br>Afin de tester la pertinence du protocole celui-ci a \u00e9t\u00e9 test\u00e9 sur eBay avec l&rsquo;annonce suivante : ARTSPECULATION : PEINTURE ORIGINALE &#8211; PAYSAGE IMPRESSIONNISTE SIGNE PICASSO <br><br>N.B. : La recette ne fonctionne \u00e9videmment que si l&rsquo;on y croit.<\/em><br><br><br><small>Pour agrandir, cliquez sur l&rsquo;image :<\/small><br><br><a class=\"thickbox\" title=\"Success story-telling   2015 - 130x70 cm - cadre en bois, peinture \u00e0 l'huile et acrylique sur toile.\" href=\"https:\/\/www.artspeculation.net\/wp-content\/gallery\/picasso\/picasso1.jpg\" rel=\"\"><img class=\"ngg-singlepic ngg-left\" src=\"https:\/\/www.artspeculation.net\/wp-content\/gallery\/picasso\/thumbs\/thumbs_picasso1.jpg\" alt=\"Succ\u00e8s garanti\"><\/a><strong>Success story-telling<\/strong> &nbsp;&nbsp;2015 &#8211; 130&#215;70 cm &#8211; cadre en bois, peinture \u00e0 l&rsquo;huile et acrylique sur toile.<br><br><br><a class=\"thickbox\" title=\"Success story-telling (d\u00e9tail)   2015 - 130x70 cm - cadre en bois, peinture \u00e0 l'huile et acrylique sur toile.\" href=\"https:\/\/www.artspeculation.net\/wp-content\/gallery\/picasso\/picasso2.jpg\" rel=\"\"><img class=\"ngg-singlepic ngg-left\" src=\"https:\/\/www.artspeculation.net\/wp-content\/gallery\/picasso\/thumbs\/thumbs_picasso2.jpg\" alt=\"Success story-telling (d\u00e9tail)\"><\/a><strong>Success story-telling<\/strong> d\u00e9tail &nbsp;&nbsp;2015 &#8211; 130&#215;70 cm &#8211; cadre en bois, peinture \u00e0 l&rsquo;huile et acrylique sur toile.<br><br><br><br><br><\/p>\n<p><a href=\"https:\/\/www.artspeculation.net\/?page_id=379\"> Retour portofolio<\/a><\/p>\n<\/div>\n<\/div>\n","protected":false},"excerpt":{"rendered":"<p>Success story-telling &nbsp;&nbsp;2015 &#8211; 130&#215;70 cm &#8211; cadre en bois, peinture \u00e0 l&rsquo;huile et acrylique sur toile. Ce n\u2019est parce que l\u2019on produit un chef d\u2019\u0153uvre qu\u2019il se vend. En fait, pour se vendre, une peinture doit respecter la r\u00e8gle des trois S (\u00ab the Three S rule \u00bb) : \u00ab Subject, Style, Signature \u00bb. [&hellip;]<\/p>\n","protected":false},"author":1,"featured_media":0,"parent":1853,"menu_order":0,"comment_status":"closed","ping_status":"closed","template":"onecolumn-page.php","meta":{"ngg_post_thumbnail":0},"_links":{"self":[{"href":"https:\/\/www.artspeculation.net\/index.php?rest_route=\/wp\/v2\/pages\/1847"}],"collection":[{"href":"https:\/\/www.artspeculation.net\/index.php?rest_route=\/wp\/v2\/pages"}],"about":[{"href":"https:\/\/www.artspeculation.net\/index.php?rest_route=\/wp\/v2\/types\/page"}],"author":[{"embeddable":true,"href":"https:\/\/www.artspeculation.net\/index.php?rest_route=\/wp\/v2\/users\/1"}],"replies":[{"embeddable":true,"href":"https:\/\/www.artspeculation.net\/index.php?rest_route=%2Fwp%2Fv2%2Fcomments&post=1847"}],"version-history":[{"count":10,"href":"https:\/\/www.artspeculation.net\/index.php?rest_route=\/wp\/v2\/pages\/1847\/revisions"}],"predecessor-version":[{"id":2877,"href":"https:\/\/www.artspeculation.net\/index.php?rest_route=\/wp\/v2\/pages\/1847\/revisions\/2877"}],"up":[{"embeddable":true,"href":"https:\/\/www.artspeculation.net\/index.php?rest_route=\/wp\/v2\/pages\/1853"}],"wp:attachment":[{"href":"https:\/\/www.artspeculation.net\/index.php?rest_route=%2Fwp%2Fv2%2Fmedia&parent=1847"}],"curies":[{"name":"wp","href":"https:\/\/api.w.org\/{rel}","templated":true}]}}