{"id":1783,"date":"2014-12-06T13:04:13","date_gmt":"2014-12-06T13:04:13","guid":{"rendered":"http:\/\/www.artspeculation.net\/?page_id=1783"},"modified":"2022-04-12T22:07:43","modified_gmt":"2022-04-12T22:07:43","slug":"et-pourtant-elles-tournent","status":"publish","type":"page","link":"https:\/\/www.artspeculation.net\/?page_id=1783","title":{"rendered":"Et pourtant elles tournent !"},"content":{"rendered":"\n<div class=\"wp-block-columns\">\n<div class=\"wp-block-column\" style=\"flex-basis:100%\">\n<p>2015 &#8211; projet d&rsquo;installation &#8211; appel \u00e0 projet COAL<br>Th\u00e8me : \u00ab\u00a0Changement climatique\u00a0\u00bb<br>\n\n<div class=\"ngg-galleryoverview ngg-slideshow\"\n\t id=\"ngg-slideshow-1d07bf1e8eaaad361e6ec2cffd649d05-10531358480\"\n     data-gallery-id=\"1d07bf1e8eaaad361e6ec2cffd649d05\"\n     style=\"max-width: 800px; max-height: 600px;\">\n\n \t<div id=\"ngg-image-0\" class=\"ngg-gallery-slideshow-image\" style=\"height:600px\">\n\n        <a href=\"https:\/\/www.artspeculation.net\/wp-content\/gallery\/etpourtantellestournent\/metro2.jpg\"\n           title=\"\"\n           data-src=\"https:\/\/www.artspeculation.net\/wp-content\/gallery\/etpourtantellestournent\/metro2.jpg\"\n           data-thumbnail=\"https:\/\/www.artspeculation.net\/wp-content\/gallery\/etpourtantellestournent\/thumbs\/thumbs_metro2.jpg\"\n           data-image-id=\"258\"\n           data-title=\"metro2\"\n           data-description=\"\"\n           >\n\n            <img data-image-id='258'\n                 title=\"\"\n                 alt=\"metro2\"\n                 src=\"https:\/\/www.artspeculation.net\/wp-content\/gallery\/etpourtantellestournent\/metro2.jpg\"\n                 style=\"max-height: 580px;\"\/>\n        <\/a>\n\n        <\/div> \n<div id=\"ngg-image-1\" class=\"ngg-gallery-slideshow-image\" style=\"height:600px\">\n\n        <a href=\"https:\/\/www.artspeculation.net\/wp-content\/gallery\/etpourtantellestournent\/utopie.jpg\"\n           title=\"\"\n           data-src=\"https:\/\/www.artspeculation.net\/wp-content\/gallery\/etpourtantellestournent\/utopie.jpg\"\n           data-thumbnail=\"https:\/\/www.artspeculation.net\/wp-content\/gallery\/etpourtantellestournent\/thumbs\/thumbs_utopie.jpg\"\n           data-image-id=\"259\"\n           data-title=\"utopie\"\n           data-description=\"\"\n           >\n\n            <img data-image-id='259'\n                 title=\"\"\n                 alt=\"utopie\"\n                 src=\"https:\/\/www.artspeculation.net\/wp-content\/gallery\/etpourtantellestournent\/utopie.jpg\"\n                 style=\"max-height: 580px;\"\/>\n        <\/a>\n\n        <\/div> \n<div id=\"ngg-image-2\" class=\"ngg-gallery-slideshow-image\" style=\"height:600px\">\n\n        <a href=\"https:\/\/www.artspeculation.net\/wp-content\/gallery\/etpourtantellestournent\/metro1.jpg\"\n           title=\"\"\n           data-src=\"https:\/\/www.artspeculation.net\/wp-content\/gallery\/etpourtantellestournent\/metro1.jpg\"\n           data-thumbnail=\"https:\/\/www.artspeculation.net\/wp-content\/gallery\/etpourtantellestournent\/thumbs\/thumbs_metro1.jpg\"\n           data-image-id=\"257\"\n           data-title=\"metro1\"\n           data-description=\"\"\n           >\n\n            <img data-image-id='257'\n                 title=\"\"\n                 alt=\"metro1\"\n                 src=\"https:\/\/www.artspeculation.net\/wp-content\/gallery\/etpourtantellestournent\/metro1.jpg\"\n                 style=\"max-height: 580px;\"\/>\n        <\/a>\n\n        <\/div> \n<div id=\"ngg-image-3\" class=\"ngg-gallery-slideshow-image\" style=\"height:600px\">\n\n        <a href=\"https:\/\/www.artspeculation.net\/wp-content\/gallery\/etpourtantellestournent\/etpourtantelletourne.jpg\"\n           title=\"\"\n           data-src=\"https:\/\/www.artspeculation.net\/wp-content\/gallery\/etpourtantellestournent\/etpourtantelletourne.jpg\"\n           data-thumbnail=\"https:\/\/www.artspeculation.net\/wp-content\/gallery\/etpourtantellestournent\/thumbs\/thumbs_etpourtantelletourne.jpg\"\n           data-image-id=\"256\"\n           data-title=\"etpourtantelletourne\"\n           data-description=\"\"\n           >\n\n            <img data-image-id='256'\n                 title=\"\"\n                 alt=\"etpourtantelletourne\"\n                 src=\"https:\/\/www.artspeculation.net\/wp-content\/gallery\/etpourtantellestournent\/etpourtantelletourne.jpg\"\n                 style=\"max-height: 580px;\"\/>\n        <\/a>\n\n        <\/div> \n<\/div>\n\n\n\t\t<!-- Thumbnails Link -->\n\t<div class=\"slideshowlink\" style=\"max-width: 800px;\">\n        <a href='https:\/\/www.artspeculation.net\/index.php\/nggallery\/thumbnails?page_id=1783'><\/a>\n\t<\/div>\n\n<br>Dans un contexte de changement global, de r\u00e9chauffement climatique, l\u2019adaptation des mentalit\u00e9s et des usages est une n\u00e9cessit\u00e9. L\u2019art peut faciliter cette adaptation notamment quand il interroge le citoyen sur ses r\u00e9sistances \u00e0 l\u2019\u00e9volution de ses pratiques et repr\u00e9sentations.<br>Il peut para\u00eetre surprenant que l\u2019on n\u2019utilise pas la m\u00eame grille d\u2019analyse pour \u00e9valuer un h\u00e9ritage du pass\u00e9 et une proposition pour le futur. Il arrive que l\u2019on se bloque aujourd\u2019hui sur des probl\u00e8mes que l\u2019on imagine insolubles alors que manifestement, \u00e0 une autre \u00e9poque, pour d\u2019autres raisons ou enjeux, on a su le faire.<br>La grande roue de Paris, situ\u00e9e dans le site class\u00e9 du jardin des Tuileries, entre le Louvre et l\u2019ob\u00e9lisque de la place de la Concorde, dans l\u2019alignement historique joignant le Louvre, l\u2019arc de l\u2019Arc de triomphe et la Grande arche de la D\u00e9fense, brille de mille feux, et de ses 50000 ampoules.<br>Dans le m\u00eame temps, les projets d\u2019implantation d\u2019\u00e9olienne se heurtent \u00e0 de vives oppositions alors que les contraintes \u00e0 surmonter paraissent bien moins spectaculaires, que notre pays \u00e9tait couvert de moulins dans les si\u00e8cles pass\u00e9s et que notre avenir souhaitable repose sur le d\u00e9veloppement des \u00e9nergies renouvelables.<br>Nous proposons de poser le probl\u00e8me en faisant la comparaison entre une h\u00e9r\u00e9sie en termes de consommation inutile d\u2019\u00e9nergie et de nuisance esth\u00e9tique accept\u00e9e et un projet utile mais qui para\u00eet irr\u00e9aliste.<\/p>\n<p>La proposition consiste \u00e0 investir un espace publicitaire (par exemple dans une station de m\u00e9tro parisienne tr\u00e8s fr\u00e9quent\u00e9e) avec deux mod\u00e8les d\u2019affiches qui se r\u00e9pondent.<br>La premi\u00e8re est un photomontage repr\u00e9sentant une \u00e9olienne sur la place de la Concorde \u00e0 Paris, accompagn\u00e9 du texte : \u00ab Utopie ? \u00bb.<br>La seconde repr\u00e9sente une vue en noir et blanc de la place de la Concorde avec la Grande roue illumin\u00e9e, accompagn\u00e9e du texte : \u00ab Et pourtant elle tourne ! \u00bb.<\/p>\n<p>En confrontant le public \u00e0 un projet symboliquement fort, une \u00e9olienne au centre de Paris, un pas vers le futur qui pourrait \u00eatre imagin\u00e9 comme le geste d\u2019affirmation d\u2019une politique volontariste, on l\u2019interroge sur les raisons pour lesquelles il accepte ou refuse une \u00e9volution, et sur la nature des obstacles qu\u2019il imagine, en lui montrant que son jugement sur la pertinence d\u2019un projet est tr\u00e8s diff\u00e9rent quand il s\u2019agit d\u2019accepter le maintien d\u2019une r\u00e9alisation, telle que la grande roue, et la mise en place d\u2019un nouveau projet. Les arguments et justifications r\u00e9v\u00e8lent alors notre partialit\u00e9 et le clivage de nos repr\u00e9sentations.<br>Nous rendons ainsi sensible et manifeste ce qui pourrait \u00eatre fait mais auquel on ne pense pas, voire que l\u2019on est incapable d\u2019envisager.<br>Le texte \u00ab Utopie ? \u00bb, nous interroge sur le pourquoi une r\u00e9alisation techniquement faisable, raisonnablement acceptable, peut \u00eatre n\u00e9anmoins inenvisageable pour les m\u00eames motifs que ceux qui pourraient \u00eatre invoqu\u00e9s pour exiger la suppression de la Grande roue.<br>La phrase \u00ab Et pourtant elle tourne ! \u00bb, faisant r\u00e9f\u00e9rence \u00e0 Galil\u00e9e oblig\u00e9 d\u2019abjurer sa th\u00e9orie pourtant valide, rappelle que ce qui est consid\u00e9r\u00e9 comme impossible \u00e0 un moment donn\u00e9, dans un contexte culturel donn\u00e9, peut par la suite s\u2019imposer et la pol\u00e9mique \u00eatre oubli\u00e9e.<br>Pr\u00e9sentant a priori des nuisances analogues, la grande roue a \u00e9t\u00e9 accept\u00e9e par le pass\u00e9 et n\u2019est aujourd\u2019hui plus remise en cause ; l\u2019\u00e9olienne cr\u00e9erait surement une pol\u00e9mique intense alors que dans le contexte actuel de r\u00e9chauffement global, elle est bien plus acceptable.<br>Nous proposons d\u2019utiliser le support publicitaire qui nous parait \u00eatre le medium appropri\u00e9 \u00e0 ce type de proposition : il permet de s\u00e9duire le public par l\u2019image, de l\u2019\u00e9tonner par le sujet, de le faire r\u00e9fl\u00e9chir par l\u2019analogie. L\u2019affichage dans le m\u00e9tro appara\u00eet comme un bon moyen de toucher un public vari\u00e9 et nombreux.<\/p>\n<p>&nbsp;<\/p>\n<p><small>Pour agrandir, cliquez sur l&rsquo;image :<\/small><\/p>\n<p><a class=\"thickbox\" title=\"Et pourtant elles tournent !   2015 - projet d'installation.\" href=\"https:\/\/www.artspeculation.net\/wp-content\/gallery\/etpourtantellestournent\/metro2.jpg\" rel=\"\"><img class=\"ngg-singlepic ngg-left\" src=\"https:\/\/www.artspeculation.net\/wp-content\/gallery\/etpourtantellestournent\/thumbs\/thumbs_metro2.jpg\" alt=\"DIY\"><\/a><br><strong>Et pourtant elles tournent !<\/strong> &nbsp;&nbsp;2015 &#8211; projet d&rsquo;installation.<\/p>\n<p><a class=\"thickbox\" title=\"Et pourtant elles tournent !   2015 - projet d'installation.\" href=\"https:\/\/www.artspeculation.net\/wp-content\/gallery\/etpourtantellestournent\/utopie.jpg\" rel=\"\"><img class=\"ngg-singlepic ngg-left\" src=\"https:\/\/www.artspeculation.net\/wp-content\/gallery\/etpourtantellestournent\/thumbs\/thumbs_utopie.jpg\" alt=\"DIY\"><\/a><br><strong>Et pourtant elles tournent !<\/strong> &nbsp;&nbsp;2015 &#8211; projet d&rsquo;installation.<\/p>\n<p><a class=\"thickbox\" title=\"Et pourtant elles tournent !   2015 - projet d'installation.\" href=\"https:\/\/www.artspeculation.net\/wp-content\/gallery\/etpourtantellestournent\/metro1.jpg\" rel=\"\"><img class=\"ngg-singlepic ngg-left\" src=\"https:\/\/www.artspeculation.net\/wp-content\/gallery\/etpourtantellestournent\/thumbs\/thumbs_metro1.jpg\" alt=\"DIY\"><\/a><br><strong>Et pourtant elles tournent !<\/strong> &nbsp;&nbsp;2015 &#8211; projet d&rsquo;installation.<\/p>\n<p><a class=\"thickbox\" title=\"Et pourtant elles tournent !   2015 - projet d'installation.\" href=\"https:\/\/www.artspeculation.net\/wp-content\/gallery\/etpourtantellestournent\/etpourtantelletourne.jpg\" rel=\"\"><img class=\"ngg-singlepic ngg-left\" src=\"https:\/\/www.artspeculation.net\/wp-content\/gallery\/etpourtantellestournent\/thumbs\/thumbs_etpourtantelletourne.jpg\" alt=\"DIY\"><\/a><br><strong>Et pourtant elles tournent !<\/strong> &nbsp;&nbsp;2015 &#8211; projet d&rsquo;installation.<\/p>\n<p>&nbsp;<\/p>\n<p>&nbsp;<\/p>\n<p><a href=\"https:\/\/www.artspeculation.net\/?page_id=34\"> Retour portofolio<\/a><\/p>\n<\/div>\n<\/div>\n","protected":false},"excerpt":{"rendered":"<p>2015 &#8211; projet d&rsquo;installation &#8211; appel \u00e0 projet COALTh\u00e8me : \u00ab\u00a0Changement climatique\u00a0\u00bb Dans un contexte de changement global, de r\u00e9chauffement climatique, l\u2019adaptation des mentalit\u00e9s et des usages est une n\u00e9cessit\u00e9. L\u2019art peut faciliter cette adaptation notamment quand il interroge le citoyen sur ses r\u00e9sistances \u00e0 l\u2019\u00e9volution de ses pratiques et repr\u00e9sentations.Il peut para\u00eetre surprenant que [&hellip;]<\/p>\n","protected":false},"author":1,"featured_media":0,"parent":17,"menu_order":0,"comment_status":"closed","ping_status":"closed","template":"onecolumn-page.php","meta":{"ngg_post_thumbnail":0},"_links":{"self":[{"href":"https:\/\/www.artspeculation.net\/index.php?rest_route=\/wp\/v2\/pages\/1783"}],"collection":[{"href":"https:\/\/www.artspeculation.net\/index.php?rest_route=\/wp\/v2\/pages"}],"about":[{"href":"https:\/\/www.artspeculation.net\/index.php?rest_route=\/wp\/v2\/types\/page"}],"author":[{"embeddable":true,"href":"https:\/\/www.artspeculation.net\/index.php?rest_route=\/wp\/v2\/users\/1"}],"replies":[{"embeddable":true,"href":"https:\/\/www.artspeculation.net\/index.php?rest_route=%2Fwp%2Fv2%2Fcomments&post=1783"}],"version-history":[{"count":8,"href":"https:\/\/www.artspeculation.net\/index.php?rest_route=\/wp\/v2\/pages\/1783\/revisions"}],"predecessor-version":[{"id":2883,"href":"https:\/\/www.artspeculation.net\/index.php?rest_route=\/wp\/v2\/pages\/1783\/revisions\/2883"}],"up":[{"embeddable":true,"href":"https:\/\/www.artspeculation.net\/index.php?rest_route=\/wp\/v2\/pages\/17"}],"wp:attachment":[{"href":"https:\/\/www.artspeculation.net\/index.php?rest_route=%2Fwp%2Fv2%2Fmedia&parent=1783"}],"curies":[{"name":"wp","href":"https:\/\/api.w.org\/{rel}","templated":true}]}}