{"id":1761,"date":"2014-11-19T12:30:05","date_gmt":"2014-11-19T12:30:05","guid":{"rendered":"http:\/\/www.artspeculation.net\/?page_id=1761"},"modified":"2022-04-12T21:43:23","modified_gmt":"2022-04-12T21:43:23","slug":"grandeur-et-decadence","status":"publish","type":"page","link":"https:\/\/www.artspeculation.net\/?page_id=1761","title":{"rendered":"Grandeur et d\u00e9cadence"},"content":{"rendered":"\n<div class=\"wp-block-columns\">\n<div class=\"wp-block-column\" style=\"flex-basis:100%\">\n<p>\n\n<div class=\"ngg-galleryoverview ngg-slideshow\"\n\t id=\"ngg-slideshow-e58e18f9e015de2342850423ef095b48-10580418890\"\n     data-gallery-id=\"e58e18f9e015de2342850423ef095b48\"\n     style=\"max-width: 800px; max-height: 600px;\">\n\n \t<div id=\"ngg-image-0\" class=\"ngg-gallery-slideshow-image\" style=\"height:600px\">\n\n        <a href=\"https:\/\/www.artspeculation.net\/wp-content\/gallery\/grandeuretdecadence\/grandeur1.jpg\"\n           title=\"\"\n           data-src=\"https:\/\/www.artspeculation.net\/wp-content\/gallery\/grandeuretdecadence\/grandeur1.jpg\"\n           data-thumbnail=\"https:\/\/www.artspeculation.net\/wp-content\/gallery\/grandeuretdecadence\/thumbs\/thumbs_grandeur1.jpg\"\n           data-image-id=\"247\"\n           data-title=\"grandeur1\"\n           data-description=\"\"\n           >\n\n            <img data-image-id='247'\n                 title=\"\"\n                 alt=\"grandeur1\"\n                 src=\"https:\/\/www.artspeculation.net\/wp-content\/gallery\/grandeuretdecadence\/grandeur1.jpg\"\n                 style=\"max-height: 580px;\"\/>\n        <\/a>\n\n        <\/div> \n<div id=\"ngg-image-1\" class=\"ngg-gallery-slideshow-image\" style=\"height:600px\">\n\n        <a href=\"https:\/\/www.artspeculation.net\/wp-content\/gallery\/grandeuretdecadence\/grandeur_atelier1.jpg\"\n           title=\"\"\n           data-src=\"https:\/\/www.artspeculation.net\/wp-content\/gallery\/grandeuretdecadence\/grandeur_atelier1.jpg\"\n           data-thumbnail=\"https:\/\/www.artspeculation.net\/wp-content\/gallery\/grandeuretdecadence\/thumbs\/thumbs_grandeur_atelier1.jpg\"\n           data-image-id=\"248\"\n           data-title=\"grandeur_atelier1\"\n           data-description=\"\"\n           >\n\n            <img data-image-id='248'\n                 title=\"\"\n                 alt=\"grandeur_atelier1\"\n                 src=\"https:\/\/www.artspeculation.net\/wp-content\/gallery\/grandeuretdecadence\/grandeur_atelier1.jpg\"\n                 style=\"max-height: 580px;\"\/>\n        <\/a>\n\n        <\/div> \n<div id=\"ngg-image-2\" class=\"ngg-gallery-slideshow-image\" style=\"height:600px\">\n\n        <a href=\"https:\/\/www.artspeculation.net\/wp-content\/gallery\/grandeuretdecadence\/grandeur_atelier2.jpg\"\n           title=\"\"\n           data-src=\"https:\/\/www.artspeculation.net\/wp-content\/gallery\/grandeuretdecadence\/grandeur_atelier2.jpg\"\n           data-thumbnail=\"https:\/\/www.artspeculation.net\/wp-content\/gallery\/grandeuretdecadence\/thumbs\/thumbs_grandeur_atelier2.jpg\"\n           data-image-id=\"249\"\n           data-title=\"grandeur_atelier2\"\n           data-description=\"\"\n           >\n\n            <img data-image-id='249'\n                 title=\"\"\n                 alt=\"grandeur_atelier2\"\n                 src=\"https:\/\/www.artspeculation.net\/wp-content\/gallery\/grandeuretdecadence\/grandeur_atelier2.jpg\"\n                 style=\"max-height: 580px;\"\/>\n        <\/a>\n\n        <\/div> \n<div id=\"ngg-image-3\" class=\"ngg-gallery-slideshow-image\" style=\"height:600px\">\n\n        <a href=\"https:\/\/www.artspeculation.net\/wp-content\/gallery\/grandeuretdecadence\/grandeur_detail1.jpg\"\n           title=\"\"\n           data-src=\"https:\/\/www.artspeculation.net\/wp-content\/gallery\/grandeuretdecadence\/grandeur_detail1.jpg\"\n           data-thumbnail=\"https:\/\/www.artspeculation.net\/wp-content\/gallery\/grandeuretdecadence\/thumbs\/thumbs_grandeur_detail1.jpg\"\n           data-image-id=\"250\"\n           data-title=\"grandeur_detail1\"\n           data-description=\"\"\n           >\n\n            <img data-image-id='250'\n                 title=\"\"\n                 alt=\"grandeur_detail1\"\n                 src=\"https:\/\/www.artspeculation.net\/wp-content\/gallery\/grandeuretdecadence\/grandeur_detail1.jpg\"\n                 style=\"max-height: 580px;\"\/>\n        <\/a>\n\n        <\/div> \n<div id=\"ngg-image-4\" class=\"ngg-gallery-slideshow-image\" style=\"height:600px\">\n\n        <a href=\"https:\/\/www.artspeculation.net\/wp-content\/gallery\/grandeuretdecadence\/grandeur_detail2.jpg\"\n           title=\"\"\n           data-src=\"https:\/\/www.artspeculation.net\/wp-content\/gallery\/grandeuretdecadence\/grandeur_detail2.jpg\"\n           data-thumbnail=\"https:\/\/www.artspeculation.net\/wp-content\/gallery\/grandeuretdecadence\/thumbs\/thumbs_grandeur_detail2.jpg\"\n           data-image-id=\"251\"\n           data-title=\"grandeur_detail2\"\n           data-description=\"\"\n           >\n\n            <img data-image-id='251'\n                 title=\"\"\n                 alt=\"grandeur_detail2\"\n                 src=\"https:\/\/www.artspeculation.net\/wp-content\/gallery\/grandeuretdecadence\/grandeur_detail2.jpg\"\n                 style=\"max-height: 580px;\"\/>\n        <\/a>\n\n        <\/div> \n<div id=\"ngg-image-5\" class=\"ngg-gallery-slideshow-image\" style=\"height:600px\">\n\n        <a href=\"https:\/\/www.artspeculation.net\/wp-content\/gallery\/grandeuretdecadence\/grandeur_detail3.jpg\"\n           title=\"\"\n           data-src=\"https:\/\/www.artspeculation.net\/wp-content\/gallery\/grandeuretdecadence\/grandeur_detail3.jpg\"\n           data-thumbnail=\"https:\/\/www.artspeculation.net\/wp-content\/gallery\/grandeuretdecadence\/thumbs\/thumbs_grandeur_detail3.jpg\"\n           data-image-id=\"252\"\n           data-title=\"grandeur_detail3\"\n           data-description=\"\"\n           >\n\n            <img data-image-id='252'\n                 title=\"\"\n                 alt=\"grandeur_detail3\"\n                 src=\"https:\/\/www.artspeculation.net\/wp-content\/gallery\/grandeuretdecadence\/grandeur_detail3.jpg\"\n                 style=\"max-height: 580px;\"\/>\n        <\/a>\n\n        <\/div> \n<div id=\"ngg-image-6\" class=\"ngg-gallery-slideshow-image\" style=\"height:600px\">\n\n        <a href=\"https:\/\/www.artspeculation.net\/wp-content\/gallery\/grandeuretdecadence\/grandeur_detail4.jpg\"\n           title=\"\"\n           data-src=\"https:\/\/www.artspeculation.net\/wp-content\/gallery\/grandeuretdecadence\/grandeur_detail4.jpg\"\n           data-thumbnail=\"https:\/\/www.artspeculation.net\/wp-content\/gallery\/grandeuretdecadence\/thumbs\/thumbs_grandeur_detail4.jpg\"\n           data-image-id=\"253\"\n           data-title=\"grandeur_detail4\"\n           data-description=\"\"\n           >\n\n            <img data-image-id='253'\n                 title=\"\"\n                 alt=\"grandeur_detail4\"\n                 src=\"https:\/\/www.artspeculation.net\/wp-content\/gallery\/grandeuretdecadence\/grandeur_detail4.jpg\"\n                 style=\"max-height: 580px;\"\/>\n        <\/a>\n\n        <\/div> \n<div id=\"ngg-image-7\" class=\"ngg-gallery-slideshow-image\" style=\"height:600px\">\n\n        <a href=\"https:\/\/www.artspeculation.net\/wp-content\/gallery\/grandeuretdecadence\/grandeur_detail5.jpg\"\n           title=\"\"\n           data-src=\"https:\/\/www.artspeculation.net\/wp-content\/gallery\/grandeuretdecadence\/grandeur_detail5.jpg\"\n           data-thumbnail=\"https:\/\/www.artspeculation.net\/wp-content\/gallery\/grandeuretdecadence\/thumbs\/thumbs_grandeur_detail5.jpg\"\n           data-image-id=\"254\"\n           data-title=\"grandeur_detail5\"\n           data-description=\"\"\n           >\n\n            <img data-image-id='254'\n                 title=\"\"\n                 alt=\"grandeur_detail5\"\n                 src=\"https:\/\/www.artspeculation.net\/wp-content\/gallery\/grandeuretdecadence\/grandeur_detail5.jpg\"\n                 style=\"max-height: 580px;\"\/>\n        <\/a>\n\n        <\/div> \n<div id=\"ngg-image-8\" class=\"ngg-gallery-slideshow-image\" style=\"height:600px\">\n\n        <a href=\"https:\/\/www.artspeculation.net\/wp-content\/gallery\/grandeuretdecadence\/grandeur_detail6.jpg\"\n           title=\"\"\n           data-src=\"https:\/\/www.artspeculation.net\/wp-content\/gallery\/grandeuretdecadence\/grandeur_detail6.jpg\"\n           data-thumbnail=\"https:\/\/www.artspeculation.net\/wp-content\/gallery\/grandeuretdecadence\/thumbs\/thumbs_grandeur_detail6.jpg\"\n           data-image-id=\"255\"\n           data-title=\"grandeur_detail6\"\n           data-description=\"\"\n           >\n\n            <img data-image-id='255'\n                 title=\"\"\n                 alt=\"grandeur_detail6\"\n                 src=\"https:\/\/www.artspeculation.net\/wp-content\/gallery\/grandeuretdecadence\/grandeur_detail6.jpg\"\n                 style=\"max-height: 580px;\"\/>\n        <\/a>\n\n        <\/div> \n<\/div>\n\n\n\t\t<!-- Thumbnails Link -->\n\t<div class=\"slideshowlink\" style=\"max-width: 800px;\">\n        <a href='https:\/\/www.artspeculation.net\/index.php\/nggallery\/thumbnails?page_id=1761'><\/a>\n\t<\/div>\n\n<br><strong>Grandeur et d\u00e9cadence<\/strong> &nbsp;&nbsp;2014 &#8211; polyptyque de 235\u00d7270 cm \u2013 ch\u00e2ssis toil\u00e9, chambre \u00e0 air, acrylique.<\/p>\n<p><em>Un dr\u00f4le de cheval dans une dr\u00f4le de prairie.<\/em><br>artspeculation<em> renoue avec la peinture animali\u00e8re comme l&rsquo;a popularis\u00e9e Paulus Potter.<br>A cette \u00e9poque, le cheval \u00e9tait suffisamment important pour devenir le sujet exclusif d&rsquo;un tableau. Et Buffon disait du cheval qu&rsquo;il \u00e9tait \u00abla plus noble conqu\u00eate que l&rsquo;homme ait jamais faite&#8230;\u00bb. Nature dompt\u00e9e, domestiqu\u00e9e, asservie, ma\u00eetris\u00e9e &#8230; Jusqu&rsquo;\u00e0 la disparition du caract\u00e8re sauvage. Aujourd&rsquo;hui, l&rsquo;image du cheval est le logo d&rsquo;une \u00e9curie de course automobile. En un si\u00e8cle, le statut du cheval a bascul\u00e9. Son importance dans la guerre ou l&rsquo;agriculture n&rsquo;est plus d&rsquo;actualit\u00e9. Reste le mythe. Apr\u00e8s la conqu\u00eate, l&rsquo;abandon.<br>Sous couvert de discours \u00e9cologistes, n&rsquo;y a-t-il pas de risque \u00e0 justifier la n\u00e9cessit\u00e9 de protection de la nature par son utilit\u00e9 pour notre soci\u00e9t\u00e9 ? Les \u00ab\u00a0bons\u00a0\u00bb insectes pollinisent nos cultures, les zones humides \u00ab\u00a0bien situ\u00e9es\u00a0\u00bb r\u00e9gulent les crues, la biodiversit\u00e9 \u00e0 pr\u00e9server est celle qui peut fournir des mol\u00e9cules pour l&rsquo;industrie pharmaceutique &#8230;<br>Est-on capable de penser la nature autrement qu&rsquo;\u00e0 travers l&rsquo;usage et les b\u00e9n\u00e9fices que l&rsquo;on peut en tirer ?<br>La nature que l&rsquo;on aime est bien peu sauvage.<\/em><\/p>\n<p>&nbsp;<\/p>\n<p><small>Pour agrandir, cliquez sur l&rsquo;image :<\/small><\/p>\n<p><a class=\"thickbox\" title=\"Grandeur et d\u00e9cadence   2014 - polyptyque de 235\u00d7270 cm \u2013 ch\u00e2ssis toil\u00e9, chambre \u00e0 air, acrylique.\" href=\"https:\/\/www.artspeculation.net\/wp-content\/gallery\/grandeuretdecadence\/grandeur1.jpg\" rel=\"\"><img class=\"ngg-singlepic ngg-left\" src=\"https:\/\/www.artspeculation.net\/wp-content\/gallery\/grandeuretdecadence\/thumbs\/thumbs_grandeur1.jpg\" alt=\"Grandeur et d\u00e9cadence\"><\/a><br><strong>Grandeur et d\u00e9cadence<\/strong> &nbsp;&nbsp;2014 &#8211; polyptyque de 235\u00d7270 cm \u2013 ch\u00e2ssis toil\u00e9, chambre \u00e0 air, acrylique.<\/p>\n<p><a class=\"thickbox\" title=\"Grandeur et d\u00e9cadence (d\u00e9tail)  2014 - polyptyque de 235\u00d7270 cm \u2013 ch\u00e2ssis toil\u00e9, chambre \u00e0 air, acrylique.\" href=\"https:\/\/www.artspeculation.net\/wp-content\/gallery\/grandeuretdecadence\/grandeur_detail1.jpg\" rel=\"\"><img class=\"ngg-singlepic ngg-left\" src=\"https:\/\/www.artspeculation.net\/wp-content\/gallery\/grandeuretdecadence\/thumbs\/thumbs_grandeur_detail1.jpg\" alt=\"Grandeur et d\u00e9cadence (d\u00e9tail)\"><\/a><br><strong>Grandeur et d\u00e9cadence<\/strong> (d\u00e9tail) &nbsp;&nbsp;2014 &#8211; polyptyque de 235\u00d7270 cm \u2013 ch\u00e2ssis toil\u00e9, chambre \u00e0 air, acrylique.<\/p>\n<p><a class=\"thickbox\" title=\"Grandeur et d\u00e9cadence (d\u00e9tail)  2014 - polyptyque de 235\u00d7270 cm \u2013 ch\u00e2ssis toil\u00e9, chambre \u00e0 air, acrylique.\" href=\"https:\/\/www.artspeculation.net\/wp-content\/gallery\/grandeuretdecadence\/grandeur_detail2.jpg\" rel=\"\"><img class=\"ngg-singlepic ngg-left\" src=\"https:\/\/www.artspeculation.net\/wp-content\/gallery\/grandeuretdecadence\/thumbs\/thumbs_grandeur_detail2.jpg\" alt=\"Grandeur et d\u00e9cadence (d\u00e9tail)\"><\/a><br><strong>Grandeur et d\u00e9cadence<\/strong> (d\u00e9tail) &nbsp;&nbsp;2014 &#8211; polyptyque de 235\u00d7270 cm \u2013 ch\u00e2ssis toil\u00e9, chambre \u00e0 air, acrylique.<\/p>\n<p><a class=\"thickbox\" title=\"Grandeur et d\u00e9cadence (d\u00e9tail)  2014 - polyptyque de 235\u00d7270 cm \u2013 ch\u00e2ssis toil\u00e9, chambre \u00e0 air, acrylique.\" href=\"https:\/\/www.artspeculation.net\/wp-content\/gallery\/grandeuretdecadence\/grandeur_detail3.jpg\" rel=\"\"><img class=\"ngg-singlepic ngg-left\" src=\"https:\/\/www.artspeculation.net\/wp-content\/gallery\/grandeuretdecadence\/thumbs\/thumbs_grandeur_detail3.jpg\" alt=\"Grandeur et d\u00e9cadence (d\u00e9tail)\"><\/a><br><strong>Grandeur et d\u00e9cadence<\/strong> (d\u00e9tail) &nbsp;&nbsp;2014 &#8211; polyptyque de 235\u00d7270 cm \u2013 ch\u00e2ssis toil\u00e9, chambre \u00e0 air, acrylique.<\/p>\n<p><a class=\"thickbox\" title=\"Grandeur et d\u00e9cadence (d\u00e9tail)  2014 - polyptyque de 235\u00d7270 cm \u2013 ch\u00e2ssis toil\u00e9, chambre \u00e0 air, acrylique.\" href=\"https:\/\/www.artspeculation.net\/wp-content\/gallery\/grandeuretdecadence\/grandeur_detail4.jpg\" rel=\"\"><img class=\"ngg-singlepic ngg-left\" src=\"https:\/\/www.artspeculation.net\/wp-content\/gallery\/grandeuretdecadence\/thumbs\/thumbs_grandeur_detail4.jpg\" alt=\"Grandeur et d\u00e9cadence (d\u00e9tail)\"><\/a><br><strong>Grandeur et d\u00e9cadence<\/strong> (d\u00e9tail) &nbsp;&nbsp;2014 &#8211; polyptyque de 235\u00d7270 cm \u2013 ch\u00e2ssis toil\u00e9, chambre \u00e0 air, acrylique.<\/p>\n<p><a class=\"thickbox\" title=\"Grandeur et d\u00e9cadence (d\u00e9tail)  2014 - polyptyque de 235\u00d7270 cm \u2013 ch\u00e2ssis toil\u00e9, chambre \u00e0 air, acrylique.\" href=\"https:\/\/www.artspeculation.net\/wp-content\/gallery\/grandeuretdecadence\/grandeur_detail5.jpg\" rel=\"\"><img class=\"ngg-singlepic ngg-left\" src=\"https:\/\/www.artspeculation.net\/wp-content\/gallery\/grandeuretdecadence\/thumbs\/thumbs_grandeur_detail5.jpg\" alt=\"Grandeur et d\u00e9cadence (d\u00e9tail)\"><\/a><br><strong>Grandeur et d\u00e9cadence<\/strong> (d\u00e9tail) &nbsp;&nbsp;2014 &#8211; polyptyque de 235\u00d7270 cm \u2013 ch\u00e2ssis toil\u00e9, chambre \u00e0 air, acrylique.<\/p>\n<p><a class=\"thickbox\" title=\"Grandeur et d\u00e9cadence (d\u00e9tail)  2014 - polyptyque de 235\u00d7270 cm \u2013 ch\u00e2ssis toil\u00e9, chambre \u00e0 air, acrylique.\" href=\"https:\/\/www.artspeculation.net\/wp-content\/gallery\/grandeuretdecadence\/grandeur_detail6.jpg\" rel=\"\"><img class=\"ngg-singlepic ngg-left\" src=\"https:\/\/www.artspeculation.net\/wp-content\/gallery\/grandeuretdecadence\/thumbs\/thumbs_grandeur_detail6.jpg\" alt=\"Grandeur et d\u00e9cadence (d\u00e9tail)\"><\/a><br><strong>Grandeur et d\u00e9cadence<\/strong> (d\u00e9tail) &nbsp;&nbsp;2014 &#8211; polyptyque de 235\u00d7270 cm \u2013 ch\u00e2ssis toil\u00e9, chambre \u00e0 air, acrylique.<\/p>\n<p>&nbsp;<\/p>\n<p>&nbsp;<\/p>\n<p><a href=\"https:\/\/www.artspeculation.net\/?page_id=34\"> Retour portofolio<\/a><\/p>\n<\/div>\n<\/div>\n","protected":false},"excerpt":{"rendered":"<p>Grandeur et d\u00e9cadence &nbsp;&nbsp;2014 &#8211; polyptyque de 235\u00d7270 cm \u2013 ch\u00e2ssis toil\u00e9, chambre \u00e0 air, acrylique. Un dr\u00f4le de cheval dans une dr\u00f4le de prairie.artspeculation renoue avec la peinture animali\u00e8re comme l&rsquo;a popularis\u00e9e Paulus Potter.A cette \u00e9poque, le cheval \u00e9tait suffisamment important pour devenir le sujet exclusif d&rsquo;un tableau. Et Buffon disait du cheval qu&rsquo;il [&hellip;]<\/p>\n","protected":false},"author":1,"featured_media":0,"parent":1408,"menu_order":0,"comment_status":"closed","ping_status":"closed","template":"onecolumn-page.php","meta":{"ngg_post_thumbnail":0},"_links":{"self":[{"href":"https:\/\/www.artspeculation.net\/index.php?rest_route=\/wp\/v2\/pages\/1761"}],"collection":[{"href":"https:\/\/www.artspeculation.net\/index.php?rest_route=\/wp\/v2\/pages"}],"about":[{"href":"https:\/\/www.artspeculation.net\/index.php?rest_route=\/wp\/v2\/types\/page"}],"author":[{"embeddable":true,"href":"https:\/\/www.artspeculation.net\/index.php?rest_route=\/wp\/v2\/users\/1"}],"replies":[{"embeddable":true,"href":"https:\/\/www.artspeculation.net\/index.php?rest_route=%2Fwp%2Fv2%2Fcomments&post=1761"}],"version-history":[{"count":17,"href":"https:\/\/www.artspeculation.net\/index.php?rest_route=\/wp\/v2\/pages\/1761\/revisions"}],"predecessor-version":[{"id":2812,"href":"https:\/\/www.artspeculation.net\/index.php?rest_route=\/wp\/v2\/pages\/1761\/revisions\/2812"}],"up":[{"embeddable":true,"href":"https:\/\/www.artspeculation.net\/index.php?rest_route=\/wp\/v2\/pages\/1408"}],"wp:attachment":[{"href":"https:\/\/www.artspeculation.net\/index.php?rest_route=%2Fwp%2Fv2%2Fmedia&parent=1761"}],"curies":[{"name":"wp","href":"https:\/\/api.w.org\/{rel}","templated":true}]}}