{"id":1666,"date":"2014-10-06T16:36:55","date_gmt":"2014-10-06T16:36:55","guid":{"rendered":"http:\/\/www.artspeculation.net\/?page_id=1666"},"modified":"2022-04-12T22:14:05","modified_gmt":"2022-04-12T22:14:05","slug":"petit-patin","status":"publish","type":"page","link":"https:\/\/www.artspeculation.net\/?page_id=1666","title":{"rendered":"Petit patin"},"content":{"rendered":"\n<div class=\"wp-block-columns\">\n<div class=\"wp-block-column\" style=\"flex-basis:100%\">\n<p>\n\n<div class=\"ngg-galleryoverview ngg-slideshow\"\n\t id=\"ngg-slideshow-faf98ba600092c824eeab929db203caf-10227254400\"\n     data-gallery-id=\"faf98ba600092c824eeab929db203caf\"\n     style=\"max-width: 800px; max-height: 600px;\">\n\n \t<div id=\"ngg-image-0\" class=\"ngg-gallery-slideshow-image\" style=\"height:600px\">\n\n        <a href=\"https:\/\/www.artspeculation.net\/wp-content\/gallery\/petitpatin\/petitspatins1.jpg\"\n           title=\"\"\n           data-src=\"https:\/\/www.artspeculation.net\/wp-content\/gallery\/petitpatin\/petitspatins1.jpg\"\n           data-thumbnail=\"https:\/\/www.artspeculation.net\/wp-content\/gallery\/petitpatin\/thumbs\/thumbs_petitspatins1.jpg\"\n           data-image-id=\"224\"\n           data-title=\"petitspatins1\"\n           data-description=\"\"\n           >\n\n            <img data-image-id='224'\n                 title=\"\"\n                 alt=\"petitspatins1\"\n                 src=\"https:\/\/www.artspeculation.net\/wp-content\/gallery\/petitpatin\/petitspatins1.jpg\"\n                 style=\"max-height: 580px;\"\/>\n        <\/a>\n\n        <\/div> \n<div id=\"ngg-image-1\" class=\"ngg-gallery-slideshow-image\" style=\"height:600px\">\n\n        <a href=\"https:\/\/www.artspeculation.net\/wp-content\/gallery\/petitpatin\/petitspatins_detail.jpg\"\n           title=\"\"\n           data-src=\"https:\/\/www.artspeculation.net\/wp-content\/gallery\/petitpatin\/petitspatins_detail.jpg\"\n           data-thumbnail=\"https:\/\/www.artspeculation.net\/wp-content\/gallery\/petitpatin\/thumbs\/thumbs_petitspatins_detail.jpg\"\n           data-image-id=\"246\"\n           data-title=\"petitspatins_detail\"\n           data-description=\"\"\n           >\n\n            <img data-image-id='246'\n                 title=\"\"\n                 alt=\"petitspatins_detail\"\n                 src=\"https:\/\/www.artspeculation.net\/wp-content\/gallery\/petitpatin\/petitspatins_detail.jpg\"\n                 style=\"max-height: 580px;\"\/>\n        <\/a>\n\n        <\/div> \n<\/div>\n\n\n\t\t<!-- Thumbnails Link -->\n\t<div class=\"slideshowlink\" style=\"max-width: 800px;\">\n        <a href='https:\/\/www.artspeculation.net\/index.php\/nggallery\/thumbnails?page_id=1666'><\/a>\n\t<\/div>\n\n<br><strong>Petit patin<\/strong> &nbsp;&nbsp;2014 &#8211; 20x8cm &#8211; Fausse paire de pantoufle en fausse fourrure de fauve, fausse signature en forme de vraie contrep\u00e8terie.<br><br><em>La pantoufle de vair de Cendrillon trouv\u00e9e au supermarch\u00e9, accessible \u00e0 tous. Et \u00e0 c\u00f4t\u00e9, tout \u00e0 fait semblable, mais portant la griffe du cr\u00e9ateur, une \u0153uvre d\u2019art unique destin\u00e9e \u00e0 ceux qui savent reconna\u00eetre de l\u2019art contemporain.<br>La chaussure, de marque, pi\u00e9destal, \u00e9talage du style ou du statut. Le mythe de la marque touche aussi bien l\u2019\u00e9lite que les masses populaires. R\u00eaves princiers et commerce du virtuel.<\/em><br><br><br><small>Pour agrandir, cliquez sur l&rsquo;image :<\/small><br><br><a class=\"thickbox\" title=\"Petit patin   2014 - 20x8cm - Fausse paire de pantoufle en fausse fourrure de fauve, fausse signature en forme de vraie contrep\u00e8terie.\" href=\"https:\/\/www.artspeculation.net\/wp-content\/gallery\/petitpatin\/petitspatins1.jpg\" rel=\"\"><img class=\"ngg-singlepic ngg-left\" src=\"https:\/\/www.artspeculation.net\/wp-content\/gallery\/petitpatin\/thumbs\/thumbs_petitspatins1.jpg\" alt=\"Petit patin\"><\/a><strong>Petit patin<\/strong> &nbsp;&nbsp;2014 &#8211; 20x8cm &#8211; Fausse paire de pantoufle en fausse fourrure de fauve, fausse signature en forme de vraie contrep\u00e8terie.<br><br><br><a class=\"thickbox\" title=\"Petit patin (d\u00e9tail)   2014 - 20x8cm - Fausse paire de pantoufle en fausse fourrure de fauve, fausse signature en forme de vraie contrep\u00e8terie.\" href=\"https:\/\/www.artspeculation.net\/wp-content\/gallery\/petitpatin\/petitspatins_detail.jpg\" rel=\"\"><img class=\"ngg-singlepic ngg-left\" src=\"https:\/\/www.artspeculation.net\/wp-content\/gallery\/petitpatin\/thumbs\/thumbs_petitspatins_detail.jpg\" alt=\"Petit patin d\u00e9tail\"><\/a><strong>Petit patin<\/strong> d\u00e9tail &nbsp;&nbsp;2014 &#8211; 20x8cm &#8211; Fausse paire de pantoufle en fausse fourrure de fauve, fausse signature en forme de vraie contrep\u00e8terie.<br><br><br><br><br><a href=\"https:\/\/www.artspeculation.net\/?page_id=34\"> Retour portofolio<\/a><\/p>\n<\/div>\n<\/div>\n","protected":false},"excerpt":{"rendered":"<p>Petit patin &nbsp;&nbsp;2014 &#8211; 20x8cm &#8211; Fausse paire de pantoufle en fausse fourrure de fauve, fausse signature en forme de vraie contrep\u00e8terie. La pantoufle de vair de Cendrillon trouv\u00e9e au supermarch\u00e9, accessible \u00e0 tous. Et \u00e0 c\u00f4t\u00e9, tout \u00e0 fait semblable, mais portant la griffe du cr\u00e9ateur, une \u0153uvre d\u2019art unique destin\u00e9e \u00e0 ceux qui [&hellip;]<\/p>\n","protected":false},"author":1,"featured_media":0,"parent":1408,"menu_order":0,"comment_status":"closed","ping_status":"closed","template":"onecolumn-page.php","meta":{"ngg_post_thumbnail":0},"_links":{"self":[{"href":"https:\/\/www.artspeculation.net\/index.php?rest_route=\/wp\/v2\/pages\/1666"}],"collection":[{"href":"https:\/\/www.artspeculation.net\/index.php?rest_route=\/wp\/v2\/pages"}],"about":[{"href":"https:\/\/www.artspeculation.net\/index.php?rest_route=\/wp\/v2\/types\/page"}],"author":[{"embeddable":true,"href":"https:\/\/www.artspeculation.net\/index.php?rest_route=\/wp\/v2\/users\/1"}],"replies":[{"embeddable":true,"href":"https:\/\/www.artspeculation.net\/index.php?rest_route=%2Fwp%2Fv2%2Fcomments&post=1666"}],"version-history":[{"count":11,"href":"https:\/\/www.artspeculation.net\/index.php?rest_route=\/wp\/v2\/pages\/1666\/revisions"}],"predecessor-version":[{"id":2903,"href":"https:\/\/www.artspeculation.net\/index.php?rest_route=\/wp\/v2\/pages\/1666\/revisions\/2903"}],"up":[{"embeddable":true,"href":"https:\/\/www.artspeculation.net\/index.php?rest_route=\/wp\/v2\/pages\/1408"}],"wp:attachment":[{"href":"https:\/\/www.artspeculation.net\/index.php?rest_route=%2Fwp%2Fv2%2Fmedia&parent=1666"}],"curies":[{"name":"wp","href":"https:\/\/api.w.org\/{rel}","templated":true}]}}