{"id":1654,"date":"2014-10-06T16:24:44","date_gmt":"2014-10-06T16:24:44","guid":{"rendered":"http:\/\/www.artspeculation.net\/?page_id=1654"},"modified":"2022-04-12T22:15:07","modified_gmt":"2022-04-12T22:15:07","slug":"carre-blanc","status":"publish","type":"page","link":"https:\/\/www.artspeculation.net\/?page_id=1654","title":{"rendered":"Carr\u00e9 blanc"},"content":{"rendered":"\n<div class=\"wp-block-columns\">\n<div class=\"wp-block-column\" style=\"flex-basis:100%\">\n<p>\n\n<div class=\"ngg-galleryoverview ngg-slideshow\"\n\t id=\"ngg-slideshow-ee6ab8605ece6d0451d7b9a684875baa-2271944490\"\n     data-gallery-id=\"ee6ab8605ece6d0451d7b9a684875baa\"\n     style=\"max-width: 800px; max-height: 600px;\">\n\n \t<div id=\"ngg-image-0\" class=\"ngg-gallery-slideshow-image\" style=\"height:600px\">\n\n        <a href=\"https:\/\/www.artspeculation.net\/wp-content\/gallery\/carreblanc\/carreblanc.jpg\"\n           title=\"\"\n           data-src=\"https:\/\/www.artspeculation.net\/wp-content\/gallery\/carreblanc\/carreblanc.jpg\"\n           data-thumbnail=\"https:\/\/www.artspeculation.net\/wp-content\/gallery\/carreblanc\/thumbs\/thumbs_carreblanc.jpg\"\n           data-image-id=\"223\"\n           data-title=\"carreblanc\"\n           data-description=\"\"\n           >\n\n            <img data-image-id='223'\n                 title=\"\"\n                 alt=\"carreblanc\"\n                 src=\"https:\/\/www.artspeculation.net\/wp-content\/gallery\/carreblanc\/carreblanc.jpg\"\n                 style=\"max-height: 580px;\"\/>\n        <\/a>\n\n        <\/div> \n<div id=\"ngg-image-1\" class=\"ngg-gallery-slideshow-image\" style=\"height:600px\">\n\n        <a href=\"https:\/\/www.artspeculation.net\/wp-content\/gallery\/carreblanc\/carreblanc1.jpg\"\n           title=\"\"\n           data-src=\"https:\/\/www.artspeculation.net\/wp-content\/gallery\/carreblanc\/carreblanc1.jpg\"\n           data-thumbnail=\"https:\/\/www.artspeculation.net\/wp-content\/gallery\/carreblanc\/thumbs\/thumbs_carreblanc1.jpg\"\n           data-image-id=\"245\"\n           data-title=\"carreblanc1\"\n           data-description=\"\"\n           >\n\n            <img data-image-id='245'\n                 title=\"\"\n                 alt=\"carreblanc1\"\n                 src=\"https:\/\/www.artspeculation.net\/wp-content\/gallery\/carreblanc\/carreblanc1.jpg\"\n                 style=\"max-height: 580px;\"\/>\n        <\/a>\n\n        <\/div> \n<\/div>\n\n\n\t\t<!-- Thumbnails Link -->\n\t<div class=\"slideshowlink\" style=\"max-width: 800px;\">\n        <a href='https:\/\/www.artspeculation.net\/index.php\/nggallery\/thumbnails?page_id=1654'><\/a>\n\t<\/div>\n\n<br><strong>Carr\u00e9 blanc<\/strong> &nbsp;&nbsp;2014 &#8211; 2x 30x30cm &#8211; 2 feuilles de papier blanc dont une est sign\u00e9e de l&rsquo;artiste ARTSPECULATION.<br><br><em>Le carr\u00e9 blanc sur fond blanc de Mal\u00e9vitch est souvent consid\u00e9r\u00e9 comme le premier monochrome de la peinture contemporaine. Le carr\u00e9 blanc rappelle aussi une signal\u00e9tique de la t\u00e9l\u00e9vision fran\u00e7aise attirant l&rsquo;attention sur la perversit\u00e9 du spectacle. Enfin, le ph\u00e9nom\u00e8ne de la page blanche se manifeste par une impuissance \u00e0 la cr\u00e9ation. Plus le temps passe, plus la t\u00e2che devient difficile \u00e0 entreprendre. Autant s\u2019arr\u00eater tout de suite et en signer l&rsquo;absence.<br>Notre perversit\u00e9 est d&rsquo;avoir transformer l&rsquo;objet sans avoir modifier le sujet. La page blanche sign\u00e9e est devenu un objet esth\u00e9tique.<\/em><br><br><br><small>Pour agrandir, cliquez sur l&rsquo;image :<\/small><br><br><a class=\"thickbox\" title=\"Carr\u00e9 blanc   2014 - 2x 30x30cm - 2  feuilles de papier blanc dont une est sign\u00e9e de l'artiste ARTSPECULATION.\" href=\"https:\/\/www.artspeculation.net\/wp-content\/gallery\/carreblanc\/carreblanc1.jpg\" rel=\"\"><img class=\"ngg-singlepic ngg-left\" src=\"https:\/\/www.artspeculation.net\/wp-content\/gallery\/carreblanc\/thumbs\/thumbs_carreblanc1.jpg\" alt=\"Monochrome\"><\/a><strong>Carr\u00e9 blanc<\/strong> &nbsp;&nbsp;2014 &#8211; 2x 30x30cm &#8211; 2 feuilles de papier blanc dont une est sign\u00e9e de l&rsquo;artiste ARTSPECULATION.<br><br><a class=\"thickbox\" title=\"Carr\u00e9 blanc   2014 - 2x 30x30cm - 2  feuilles de papier blanc dont une est sign\u00e9e de l'artiste ARTSPECULATION.\" href=\"https:\/\/www.artspeculation.net\/wp-content\/gallery\/carreblanc\/carreblanc.jpg\" rel=\"\"><img class=\"ngg-singlepic ngg-left\" src=\"https:\/\/www.artspeculation.net\/wp-content\/gallery\/carreblanc\/thumbs\/thumbs_carreblanc.jpg\" alt=\"Monochrome\"><\/a><strong>Carr\u00e9 blanc<\/strong> &nbsp;&nbsp;2014 &#8211; 2x 30x30cm &#8211; 2 feuilles de papier blanc dont une est sign\u00e9e de l&rsquo;artiste ARTSPECULATION.<br><br><br><br><\/p>\n<p><a href=\"https:\/\/www.artspeculation.net\/?page_id=34\"> Retour portofolio<\/a><\/p>\n<\/div>\n<\/div>\n","protected":false},"excerpt":{"rendered":"<p>Carr\u00e9 blanc &nbsp;&nbsp;2014 &#8211; 2x 30x30cm &#8211; 2 feuilles de papier blanc dont une est sign\u00e9e de l&rsquo;artiste ARTSPECULATION. Le carr\u00e9 blanc sur fond blanc de Mal\u00e9vitch est souvent consid\u00e9r\u00e9 comme le premier monochrome de la peinture contemporaine. Le carr\u00e9 blanc rappelle aussi une signal\u00e9tique de la t\u00e9l\u00e9vision fran\u00e7aise attirant l&rsquo;attention sur la perversit\u00e9 du [&hellip;]<\/p>\n","protected":false},"author":1,"featured_media":0,"parent":1408,"menu_order":0,"comment_status":"closed","ping_status":"closed","template":"onecolumn-page.php","meta":{"ngg_post_thumbnail":0},"_links":{"self":[{"href":"https:\/\/www.artspeculation.net\/index.php?rest_route=\/wp\/v2\/pages\/1654"}],"collection":[{"href":"https:\/\/www.artspeculation.net\/index.php?rest_route=\/wp\/v2\/pages"}],"about":[{"href":"https:\/\/www.artspeculation.net\/index.php?rest_route=\/wp\/v2\/types\/page"}],"author":[{"embeddable":true,"href":"https:\/\/www.artspeculation.net\/index.php?rest_route=\/wp\/v2\/users\/1"}],"replies":[{"embeddable":true,"href":"https:\/\/www.artspeculation.net\/index.php?rest_route=%2Fwp%2Fv2%2Fcomments&post=1654"}],"version-history":[{"count":17,"href":"https:\/\/www.artspeculation.net\/index.php?rest_route=\/wp\/v2\/pages\/1654\/revisions"}],"predecessor-version":[{"id":2905,"href":"https:\/\/www.artspeculation.net\/index.php?rest_route=\/wp\/v2\/pages\/1654\/revisions\/2905"}],"up":[{"embeddable":true,"href":"https:\/\/www.artspeculation.net\/index.php?rest_route=\/wp\/v2\/pages\/1408"}],"wp:attachment":[{"href":"https:\/\/www.artspeculation.net\/index.php?rest_route=%2Fwp%2Fv2%2Fmedia&parent=1654"}],"curies":[{"name":"wp","href":"https:\/\/api.w.org\/{rel}","templated":true}]}}