{"id":164,"date":"2012-03-02T21:35:52","date_gmt":"2012-03-02T21:35:52","guid":{"rendered":"http:\/\/www.artspeculation.net\/?page_id=164"},"modified":"2022-04-12T08:09:34","modified_gmt":"2022-04-12T08:09:34","slug":"united-colors","status":"publish","type":"page","link":"https:\/\/www.artspeculation.net\/?page_id=164","title":{"rendered":"United colors"},"content":{"rendered":"\n<div class=\"wp-container-1 wp-block-group\"><div class=\"wp-block-group__inner-container\">\n<p>\n\n<div class=\"ngg-galleryoverview ngg-slideshow\"\n\t id=\"ngg-slideshow-550da0cc001395b9899c1f7f02e7084d-1664697730\"\n     data-gallery-id=\"550da0cc001395b9899c1f7f02e7084d\"\n     style=\"max-width: 800px; max-height: 600px;\">\n\n \t<div id=\"ngg-image-0\" class=\"ngg-gallery-slideshow-image\" style=\"height:600px\">\n\n        <a href=\"https:\/\/www.artspeculation.net\/wp-content\/gallery\/united-colors\/unitedcolors.jpg\"\n           title=\"2011 - quadriptyque, 200x200 cm - peinture acrylique sur toile.\"\n           data-src=\"https:\/\/www.artspeculation.net\/wp-content\/gallery\/united-colors\/unitedcolors.jpg\"\n           data-thumbnail=\"https:\/\/www.artspeculation.net\/wp-content\/gallery\/united-colors\/thumbs\/thumbs_unitedcolors.jpg\"\n           data-image-id=\"68\"\n           data-title=\"United colors\"\n           data-description=\"2011 - quadriptyque, 200x200 cm - peinture acrylique sur toile.\"\n           >\n\n            <img data-image-id='68'\n                 title=\"2011 - quadriptyque, 200x200 cm - peinture acrylique sur toile.\"\n                 alt=\"United colors\"\n                 src=\"https:\/\/www.artspeculation.net\/wp-content\/gallery\/united-colors\/unitedcolors.jpg\"\n                 style=\"max-height: 580px;\"\/>\n        <\/a>\n\n        <\/div> \n<div id=\"ngg-image-1\" class=\"ngg-gallery-slideshow-image\" style=\"height:600px\">\n\n        <a href=\"https:\/\/www.artspeculation.net\/wp-content\/gallery\/united-colors\/unitedcolors1.jpg\"\n           title=\"2011 - 100x100 cm - peinture acrylique sur toile.\"\n           data-src=\"https:\/\/www.artspeculation.net\/wp-content\/gallery\/united-colors\/unitedcolors1.jpg\"\n           data-thumbnail=\"https:\/\/www.artspeculation.net\/wp-content\/gallery\/united-colors\/thumbs\/thumbs_unitedcolors1.jpg\"\n           data-image-id=\"69\"\n           data-title=\"United colors 1\/4\"\n           data-description=\"2011 - 100x100 cm - peinture acrylique sur toile.\"\n           >\n\n            <img data-image-id='69'\n                 title=\"2011 - 100x100 cm - peinture acrylique sur toile.\"\n                 alt=\"United colors 1\/4\"\n                 src=\"https:\/\/www.artspeculation.net\/wp-content\/gallery\/united-colors\/unitedcolors1.jpg\"\n                 style=\"max-height: 580px;\"\/>\n        <\/a>\n\n        <\/div> \n<div id=\"ngg-image-2\" class=\"ngg-gallery-slideshow-image\" style=\"height:600px\">\n\n        <a href=\"https:\/\/www.artspeculation.net\/wp-content\/gallery\/united-colors\/unitedcolors2.jpg\"\n           title=\"2011 - 100x100 cm - peinture acrylique sur toile.\"\n           data-src=\"https:\/\/www.artspeculation.net\/wp-content\/gallery\/united-colors\/unitedcolors2.jpg\"\n           data-thumbnail=\"https:\/\/www.artspeculation.net\/wp-content\/gallery\/united-colors\/thumbs\/thumbs_unitedcolors2.jpg\"\n           data-image-id=\"70\"\n           data-title=\"United colors 2\/4\"\n           data-description=\"2011 - 100x100 cm - peinture acrylique sur toile.\"\n           >\n\n            <img data-image-id='70'\n                 title=\"2011 - 100x100 cm - peinture acrylique sur toile.\"\n                 alt=\"United colors 2\/4\"\n                 src=\"https:\/\/www.artspeculation.net\/wp-content\/gallery\/united-colors\/unitedcolors2.jpg\"\n                 style=\"max-height: 580px;\"\/>\n        <\/a>\n\n        <\/div> \n<div id=\"ngg-image-3\" class=\"ngg-gallery-slideshow-image\" style=\"height:600px\">\n\n        <a href=\"https:\/\/www.artspeculation.net\/wp-content\/gallery\/united-colors\/unitedcolors3.jpg\"\n           title=\"2011 - 100x100 cm - peinture acrylique sur toile.\"\n           data-src=\"https:\/\/www.artspeculation.net\/wp-content\/gallery\/united-colors\/unitedcolors3.jpg\"\n           data-thumbnail=\"https:\/\/www.artspeculation.net\/wp-content\/gallery\/united-colors\/thumbs\/thumbs_unitedcolors3.jpg\"\n           data-image-id=\"71\"\n           data-title=\"United colors 3\/4\"\n           data-description=\"2011 - 100x100 cm - peinture acrylique sur toile.\"\n           >\n\n            <img data-image-id='71'\n                 title=\"2011 - 100x100 cm - peinture acrylique sur toile.\"\n                 alt=\"United colors 3\/4\"\n                 src=\"https:\/\/www.artspeculation.net\/wp-content\/gallery\/united-colors\/unitedcolors3.jpg\"\n                 style=\"max-height: 580px;\"\/>\n        <\/a>\n\n        <\/div> \n<div id=\"ngg-image-4\" class=\"ngg-gallery-slideshow-image\" style=\"height:600px\">\n\n        <a href=\"https:\/\/www.artspeculation.net\/wp-content\/gallery\/united-colors\/unitedcolors4.jpg\"\n           title=\"2011 - 100x100 cm - peinture acrylique sur toile.\"\n           data-src=\"https:\/\/www.artspeculation.net\/wp-content\/gallery\/united-colors\/unitedcolors4.jpg\"\n           data-thumbnail=\"https:\/\/www.artspeculation.net\/wp-content\/gallery\/united-colors\/thumbs\/thumbs_unitedcolors4.jpg\"\n           data-image-id=\"72\"\n           data-title=\"United colors 4\/4\"\n           data-description=\"2011 - 100x100 cm - peinture acrylique sur toile.\"\n           >\n\n            <img data-image-id='72'\n                 title=\"2011 - 100x100 cm - peinture acrylique sur toile.\"\n                 alt=\"United colors 4\/4\"\n                 src=\"https:\/\/www.artspeculation.net\/wp-content\/gallery\/united-colors\/unitedcolors4.jpg\"\n                 style=\"max-height: 580px;\"\/>\n        <\/a>\n\n        <\/div> \n<div id=\"ngg-image-5\" class=\"ngg-gallery-slideshow-image\" style=\"height:600px\">\n\n        <a href=\"https:\/\/www.artspeculation.net\/wp-content\/gallery\/united-colors\/unitedcolorsdetail.jpg\"\n           title=\"2011 - 100x100 cm - peinture acrylique sur toile.\"\n           data-src=\"https:\/\/www.artspeculation.net\/wp-content\/gallery\/united-colors\/unitedcolorsdetail.jpg\"\n           data-thumbnail=\"https:\/\/www.artspeculation.net\/wp-content\/gallery\/united-colors\/thumbs\/thumbs_unitedcolorsdetail.jpg\"\n           data-image-id=\"109\"\n           data-title=\"United colors 2\/4 d\u00e9tail\"\n           data-description=\"2011 - 100x100 cm - peinture acrylique sur toile.\"\n           >\n\n            <img data-image-id='109'\n                 title=\"2011 - 100x100 cm - peinture acrylique sur toile.\"\n                 alt=\"United colors 2\/4 d\u00e9tail\"\n                 src=\"https:\/\/www.artspeculation.net\/wp-content\/gallery\/united-colors\/unitedcolorsdetail.jpg\"\n                 style=\"max-height: 580px;\"\/>\n        <\/a>\n\n        <\/div> \n<\/div>\n\n\n\t\t<!-- Thumbnails Link -->\n\t<div class=\"slideshowlink\" style=\"max-width: 800px;\">\n        <a href='https:\/\/www.artspeculation.net\/index.php\/nggallery\/thumbnails?page_id=164'><\/a>\n\t<\/div>\n\n<br><strong>United colors<\/strong> &nbsp;&nbsp;2011 &#8211; quadriptyque, 200&#215;200 cm &#8211; peinture acrylique sur toile.<\/p>\n<p><em>M\u00e9taphore du paradoxe qui provient du d\u00e9sir de se singulariser tout en voulant respecter les r\u00e8gles du groupe social auquel on appartient. Quelles que soient les fronti\u00e8res, culturelles, religieuses, g\u00e9ographiques, toutes n\u2019existent en fait que dans la t\u00eate des individus.<\/em><\/p>\n<p>&nbsp;<\/p>\n<p><small>Pour agrandir, cliquez sur l&rsquo;image :<\/small><\/p>\n<p><a class=\"thickbox\" title=\"United colors   2011 - quadriptyque, 200x200 cm - peinture acrylique sur toile.\" href=\"https:\/\/www.artspeculation.net\/wp-content\/gallery\/united-colors\/unitedcolors.jpg\" rel=\"\"><img class=\"ngg-singlepic ngg-left\" src=\"https:\/\/www.artspeculation.net\/wp-content\/gallery\/united-colors\/thumbs\/thumbs_unitedcolors.jpg\" alt=\"United colors\"><\/a><br><strong>United colors<\/strong> &nbsp;&nbsp;2011 &#8211; quadriptyque, 200&#215;200 cm &#8211; peinture acrylique sur toile.<\/p>\n<p><a class=\"thickbox\" title=\"United colors 1\/4   2011 - 100x100 cm - peinture acrylique sur toile.\" href=\"https:\/\/www.artspeculation.net\/wp-content\/gallery\/united-colors\/unitedcolors1.jpg\" rel=\"\"><img class=\"ngg-singlepic ngg-left\" src=\"https:\/\/www.artspeculation.net\/wp-content\/gallery\/united-colors\/thumbs\/thumbs_unitedcolors1.jpg\" alt=\"United colors 1\/4\"><\/a><br><strong>United colors 1\/4<\/strong> &nbsp;&nbsp;2011 &#8211; 100&#215;100 cm &#8211; peinture acrylique sur toile.<\/p>\n<p><a class=\"thickbox\" title=\"United colors 2\/4   2011 - 100x100 cm - peinture acrylique sur toile.\" href=\"https:\/\/www.artspeculation.net\/wp-content\/gallery\/united-colors\/unitedcolors2.jpg\" rel=\"\"><img class=\"ngg-singlepic ngg-left\" src=\"https:\/\/www.artspeculation.net\/wp-content\/gallery\/united-colors\/thumbs\/thumbs_unitedcolors2.jpg\" alt=\"United colors 2\/4\"><\/a><br><strong>United colors 2\/4<\/strong> &nbsp;&nbsp;2011 &#8211; 100&#215;100 cm &#8211; peinture acrylique sur toile.<\/p>\n<p><a class=\"thickbox\" title=\"United colors 3\/4   2011 - 100x100 cm - peinture acrylique sur toile.\" href=\"https:\/\/www.artspeculation.net\/wp-content\/gallery\/united-colors\/unitedcolors3.jpg\" rel=\"\"><img class=\"ngg-singlepic ngg-left\" src=\"https:\/\/www.artspeculation.net\/wp-content\/gallery\/united-colors\/thumbs\/thumbs_unitedcolors3.jpg\" alt=\"United colors 3\/4\"><\/a><br><strong>United colors 3\/4<\/strong> &nbsp;&nbsp;2011 &#8211; 100&#215;100 cm &#8211; peinture acrylique sur toile.<\/p>\n<p><a class=\"thickbox\" title=\"United colors 4\/4   2011 - 100x100 cm - peinture acrylique sur toile.\" href=\"https:\/\/www.artspeculation.net\/wp-content\/gallery\/united-colors\/unitedcolors4.jpg\" rel=\"\"><img class=\"ngg-singlepic ngg-left\" src=\"https:\/\/www.artspeculation.net\/wp-content\/gallery\/united-colors\/thumbs\/thumbs_unitedcolors4.jpg\" alt=\"United colors 4\/4\"><\/a><br><strong>United colors 4\/4<\/strong> &nbsp;&nbsp;2011 &#8211; 100&#215;100 cm &#8211; peinture acrylique sur toile.<\/p>\n<p><a class=\"thickbox\" title=\"United colors 2\/4 (d\u00e9tail)   2011 - 100x100 cm - peinture acrylique sur toile.\" href=\"https:\/\/www.artspeculation.net\/wp-content\/gallery\/united-colors\/unitedcolorsdetail.jpg\" rel=\"\"><img class=\"ngg-singlepic ngg-left\" src=\"https:\/\/www.artspeculation.net\/wp-content\/gallery\/united-colors\/thumbs\/thumbs_unitedcolorsdetail.jpg\" alt=\"United colors 2\/4 d\u00e9tail\"><\/a><br><strong>United colors 2\/4<\/strong> d\u00e9tail &nbsp;&nbsp;2011 &#8211; 100&#215;100 cm &#8211; peinture acrylique sur toile.<\/p>\n<p>&nbsp;<\/p>\n<p>&nbsp;<\/p>\n<p><a href=\"https:\/\/www.artspeculation.net\/?page_id=34\"> Retour portofolio<\/a><\/p>\n<\/div><\/div>\n","protected":false},"excerpt":{"rendered":"<p>United colors &nbsp;&nbsp;2011 &#8211; quadriptyque, 200&#215;200 cm &#8211; peinture acrylique sur toile. M\u00e9taphore du paradoxe qui provient du d\u00e9sir de se singulariser tout en voulant respecter les r\u00e8gles du groupe social auquel on appartient. Quelles que soient les fronti\u00e8res, culturelles, religieuses, g\u00e9ographiques, toutes n\u2019existent en fait que dans la t\u00eate des individus. &nbsp; Pour agrandir, [&hellip;]<\/p>\n","protected":false},"author":1,"featured_media":0,"parent":1339,"menu_order":0,"comment_status":"closed","ping_status":"closed","template":"onecolumn-page.php","meta":{"ngg_post_thumbnail":0},"_links":{"self":[{"href":"https:\/\/www.artspeculation.net\/index.php?rest_route=\/wp\/v2\/pages\/164"}],"collection":[{"href":"https:\/\/www.artspeculation.net\/index.php?rest_route=\/wp\/v2\/pages"}],"about":[{"href":"https:\/\/www.artspeculation.net\/index.php?rest_route=\/wp\/v2\/types\/page"}],"author":[{"embeddable":true,"href":"https:\/\/www.artspeculation.net\/index.php?rest_route=\/wp\/v2\/users\/1"}],"replies":[{"embeddable":true,"href":"https:\/\/www.artspeculation.net\/index.php?rest_route=%2Fwp%2Fv2%2Fcomments&post=164"}],"version-history":[{"count":43,"href":"https:\/\/www.artspeculation.net\/index.php?rest_route=\/wp\/v2\/pages\/164\/revisions"}],"predecessor-version":[{"id":2552,"href":"https:\/\/www.artspeculation.net\/index.php?rest_route=\/wp\/v2\/pages\/164\/revisions\/2552"}],"up":[{"embeddable":true,"href":"https:\/\/www.artspeculation.net\/index.php?rest_route=\/wp\/v2\/pages\/1339"}],"wp:attachment":[{"href":"https:\/\/www.artspeculation.net\/index.php?rest_route=%2Fwp%2Fv2%2Fmedia&parent=164"}],"curies":[{"name":"wp","href":"https:\/\/api.w.org\/{rel}","templated":true}]}}