{"id":1614,"date":"2014-10-06T14:57:59","date_gmt":"2014-10-06T14:57:59","guid":{"rendered":"http:\/\/www.artspeculation.net\/?page_id=1614"},"modified":"2022-04-12T22:10:56","modified_gmt":"2022-04-12T22:10:56","slug":"contre-sens","status":"publish","type":"page","link":"https:\/\/www.artspeculation.net\/?page_id=1614","title":{"rendered":"Contre sens"},"content":{"rendered":"\n<div class=\"wp-block-columns\">\n<div class=\"wp-block-column\" style=\"flex-basis:100%\">\n<p>\n\n<div class=\"ngg-galleryoverview ngg-slideshow\"\n\t id=\"ngg-slideshow-1052927290f3a2ca2d82af59163f0348-6866595800\"\n     data-gallery-id=\"1052927290f3a2ca2d82af59163f0348\"\n     style=\"max-width: 800px; max-height: 600px;\">\n\n \t<div id=\"ngg-image-0\" class=\"ngg-gallery-slideshow-image\" style=\"height:600px\">\n\n        <a href=\"https:\/\/www.artspeculation.net\/wp-content\/gallery\/contresens\/contresens1.jpg\"\n           title=\"\"\n           data-src=\"https:\/\/www.artspeculation.net\/wp-content\/gallery\/contresens\/contresens1.jpg\"\n           data-thumbnail=\"https:\/\/www.artspeculation.net\/wp-content\/gallery\/contresens\/thumbs\/thumbs_contresens1.jpg\"\n           data-image-id=\"221\"\n           data-title=\"contresens1\"\n           data-description=\"\"\n           >\n\n            <img data-image-id='221'\n                 title=\"\"\n                 alt=\"contresens1\"\n                 src=\"https:\/\/www.artspeculation.net\/wp-content\/gallery\/contresens\/contresens1.jpg\"\n                 style=\"max-height: 580px;\"\/>\n        <\/a>\n\n        <\/div> \n<div id=\"ngg-image-1\" class=\"ngg-gallery-slideshow-image\" style=\"height:600px\">\n\n        <a href=\"https:\/\/www.artspeculation.net\/wp-content\/gallery\/contresens\/contresens2.jpg\"\n           title=\"\"\n           data-src=\"https:\/\/www.artspeculation.net\/wp-content\/gallery\/contresens\/contresens2.jpg\"\n           data-thumbnail=\"https:\/\/www.artspeculation.net\/wp-content\/gallery\/contresens\/thumbs\/thumbs_contresens2.jpg\"\n           data-image-id=\"222\"\n           data-title=\"contresens2\"\n           data-description=\"\"\n           >\n\n            <img data-image-id='222'\n                 title=\"\"\n                 alt=\"contresens2\"\n                 src=\"https:\/\/www.artspeculation.net\/wp-content\/gallery\/contresens\/contresens2.jpg\"\n                 style=\"max-height: 580px;\"\/>\n        <\/a>\n\n        <\/div> \n<div id=\"ngg-image-2\" class=\"ngg-gallery-slideshow-image\" style=\"height:600px\">\n\n        <a href=\"https:\/\/www.artspeculation.net\/wp-content\/gallery\/contresens\/contresens_detail.jpg\"\n           title=\"\"\n           data-src=\"https:\/\/www.artspeculation.net\/wp-content\/gallery\/contresens\/contresens_detail.jpg\"\n           data-thumbnail=\"https:\/\/www.artspeculation.net\/wp-content\/gallery\/contresens\/thumbs\/thumbs_contresens_detail.jpg\"\n           data-image-id=\"226\"\n           data-title=\"contresens_detail\"\n           data-description=\"\"\n           >\n\n            <img data-image-id='226'\n                 title=\"\"\n                 alt=\"contresens_detail\"\n                 src=\"https:\/\/www.artspeculation.net\/wp-content\/gallery\/contresens\/contresens_detail.jpg\"\n                 style=\"max-height: 580px;\"\/>\n        <\/a>\n\n        <\/div> \n<\/div>\n\n\n\t\t<!-- Thumbnails Link -->\n\t<div class=\"slideshowlink\" style=\"max-width: 800px;\">\n        <a href='https:\/\/www.artspeculation.net\/index.php\/nggallery\/thumbnails?page_id=1614'><\/a>\n\t<\/div>\n\n<br><strong>Contre sens<\/strong> &nbsp;&nbsp;2014 &#8211; 4 \u00e9l\u00e9ments de 100\u00d7120 cm \u2013 papier kraft, encadrement sous verre.<br><br><em>Il s\u2019agit ici d\u2019un produit r\u00e9siduel de notre production, un \u00ab by-product \u00bb ou \u00ab by-art \u00bb. Tels la palette du peintre ou les projections sur les murs de l\u2019atelier quand ils sont pr\u00e9sent\u00e9s au public lors d&rsquo;une exposition. C\u2019est un pur produit du hasard, un d\u00e9chet de notre processus de cr\u00e9ation. Habituellement, ces traces sont destin\u00e9es \u00e0 dispara\u00eetre et finissent \u00e0 la poubelle. Nous choisissons ici de leurs donner toute l\u2019importance d\u2019une \u0153uvre \u00e0 part enti\u00e8re, parce que nous les trouvons belles. Ici on joue finalement avec les r\u00e8gles de l\u2019art contemporain, en les pr\u00e9sentant comme une \u0153uvre historiquement r\u00e9f\u00e9renc\u00e9e alors qu&rsquo;il ne s&rsquo;agit en fait que d&rsquo;une proposition intrins\u00e8quement d\u00e9nu\u00e9e de sens.<\/em><br><br><br><small>Pour agrandir, cliquez sur l&rsquo;image :<\/small><br><br><a class=\"thickbox\" title=\"Contre sens   2014 - 4 \u00e9l\u00e9ments de 100\u00d7120 cm \u2013 papier kraft, encadrement sous verre.\" href=\"https:\/\/www.artspeculation.net\/wp-content\/gallery\/contresens\/contresens1.jpg\" rel=\"\"><img class=\"ngg-singlepic ngg-left\" src=\"https:\/\/www.artspeculation.net\/wp-content\/gallery\/contresens\/thumbs\/thumbs_contresens1.jpg\" alt=\"Contre sens\"><\/a><strong>Contre sens<\/strong> &nbsp;&nbsp;2014 &#8211; 4 \u00e9l\u00e9ments de 100\u00d7120 cm \u2013 papier kraft, encadrement sous verre.<br><br><br><a class=\"thickbox\" title=\"Contre sens   2014 - 4 \u00e9l\u00e9ments de 100\u00d7120 cm \u2013 papier kraft, encadrement sous verre.\" href=\"https:\/\/www.artspeculation.net\/wp-content\/gallery\/contresens\/contresens2.jpg\" rel=\"\"><img class=\"ngg-singlepic ngg-left\" src=\"https:\/\/www.artspeculation.net\/wp-content\/gallery\/contresens\/thumbs\/thumbs_contresens2.jpg\" alt=\"Contre sens\"><\/a><strong>Contre sens<\/strong> (d\u00e9tail) &nbsp;&nbsp;2014 &#8211; 4 \u00e9l\u00e9ments de 100\u00d7120 cm \u2013 papier kraft, encadrement sous verre.<br><br><br><a class=\"thickbox\" title=\"Contre sens (d\u00e9tail)   2014 - 4 \u00e9l\u00e9ments de 100\u00d7120 cm \u2013 papier kraft, encadrement sous verre.\" href=\"https:\/\/www.artspeculation.net\/wp-content\/gallery\/contresens\/contresens_detail.jpg\" rel=\"\"><img class=\"ngg-singlepic ngg-left\" src=\"https:\/\/www.artspeculation.net\/wp-content\/gallery\/contresens\/thumbs\/thumbs_contresens_detail.jpg\" alt=\"Contre sens (d\u00e9tail)\"><\/a><strong>Contre sens<\/strong> (d\u00e9tail) &nbsp;&nbsp;2014 &#8211; 4 \u00e9l\u00e9ments de 100\u00d7120 cm \u2013 papier kraft, encadrement sous verre.<br><br><br><br><\/p>\n<p><a href=\"https:\/\/www.artspeculation.net\/?page_id=34\"> Retour portofolio<\/a><\/p>\n<\/div>\n<\/div>\n","protected":false},"excerpt":{"rendered":"<p>Contre sens &nbsp;&nbsp;2014 &#8211; 4 \u00e9l\u00e9ments de 100\u00d7120 cm \u2013 papier kraft, encadrement sous verre. Il s\u2019agit ici d\u2019un produit r\u00e9siduel de notre production, un \u00ab by-product \u00bb ou \u00ab by-art \u00bb. Tels la palette du peintre ou les projections sur les murs de l\u2019atelier quand ils sont pr\u00e9sent\u00e9s au public lors d&rsquo;une exposition. C\u2019est [&hellip;]<\/p>\n","protected":false},"author":1,"featured_media":0,"parent":1408,"menu_order":0,"comment_status":"closed","ping_status":"closed","template":"onecolumn-page.php","meta":{"ngg_post_thumbnail":0},"_links":{"self":[{"href":"https:\/\/www.artspeculation.net\/index.php?rest_route=\/wp\/v2\/pages\/1614"}],"collection":[{"href":"https:\/\/www.artspeculation.net\/index.php?rest_route=\/wp\/v2\/pages"}],"about":[{"href":"https:\/\/www.artspeculation.net\/index.php?rest_route=\/wp\/v2\/types\/page"}],"author":[{"embeddable":true,"href":"https:\/\/www.artspeculation.net\/index.php?rest_route=\/wp\/v2\/users\/1"}],"replies":[{"embeddable":true,"href":"https:\/\/www.artspeculation.net\/index.php?rest_route=%2Fwp%2Fv2%2Fcomments&post=1614"}],"version-history":[{"count":13,"href":"https:\/\/www.artspeculation.net\/index.php?rest_route=\/wp\/v2\/pages\/1614\/revisions"}],"predecessor-version":[{"id":2895,"href":"https:\/\/www.artspeculation.net\/index.php?rest_route=\/wp\/v2\/pages\/1614\/revisions\/2895"}],"up":[{"embeddable":true,"href":"https:\/\/www.artspeculation.net\/index.php?rest_route=\/wp\/v2\/pages\/1408"}],"wp:attachment":[{"href":"https:\/\/www.artspeculation.net\/index.php?rest_route=%2Fwp%2Fv2%2Fmedia&parent=1614"}],"curies":[{"name":"wp","href":"https:\/\/api.w.org\/{rel}","templated":true}]}}