{"id":1606,"date":"2014-10-06T14:40:46","date_gmt":"2014-10-06T14:40:46","guid":{"rendered":"http:\/\/www.artspeculation.net\/?page_id=1606"},"modified":"2022-04-12T22:12:14","modified_gmt":"2022-04-12T22:12:14","slug":"dialogue-avec-linvisible","status":"publish","type":"page","link":"https:\/\/www.artspeculation.net\/?page_id=1606","title":{"rendered":"Dialogue avec l\u2019invisible"},"content":{"rendered":"\n<div class=\"wp-block-columns\">\n<div class=\"wp-block-column\" style=\"flex-basis:100%\">\n<p>Dialogue iconocratique et iconoclaste<br>\n\n<div class=\"ngg-galleryoverview ngg-slideshow\"\n\t id=\"ngg-slideshow-c61e44eea52a1f8aba66c1ee97193b49-4556015870\"\n     data-gallery-id=\"c61e44eea52a1f8aba66c1ee97193b49\"\n     style=\"max-width: 800px; max-height: 600px;\">\n\n \t<div id=\"ngg-image-0\" class=\"ngg-gallery-slideshow-image\" style=\"height:600px\">\n\n        <a href=\"https:\/\/www.artspeculation.net\/wp-content\/gallery\/dialogue\/jocondes1.jpg\"\n           title=\"\"\n           data-src=\"https:\/\/www.artspeculation.net\/wp-content\/gallery\/dialogue\/jocondes1.jpg\"\n           data-thumbnail=\"https:\/\/www.artspeculation.net\/wp-content\/gallery\/dialogue\/thumbs\/thumbs_jocondes1.jpg\"\n           data-image-id=\"219\"\n           data-title=\"jocondes1\"\n           data-description=\"\"\n           >\n\n            <img data-image-id='219'\n                 title=\"\"\n                 alt=\"jocondes1\"\n                 src=\"https:\/\/www.artspeculation.net\/wp-content\/gallery\/dialogue\/jocondes1.jpg\"\n                 style=\"max-height: 580px;\"\/>\n        <\/a>\n\n        <\/div> \n<div id=\"ngg-image-1\" class=\"ngg-gallery-slideshow-image\" style=\"height:600px\">\n\n        <a href=\"https:\/\/www.artspeculation.net\/wp-content\/gallery\/dialogue\/jocondes2.jpg\"\n           title=\"\"\n           data-src=\"https:\/\/www.artspeculation.net\/wp-content\/gallery\/dialogue\/jocondes2.jpg\"\n           data-thumbnail=\"https:\/\/www.artspeculation.net\/wp-content\/gallery\/dialogue\/thumbs\/thumbs_jocondes2.jpg\"\n           data-image-id=\"220\"\n           data-title=\"jocondes2\"\n           data-description=\"\"\n           >\n\n            <img data-image-id='220'\n                 title=\"\"\n                 alt=\"jocondes2\"\n                 src=\"https:\/\/www.artspeculation.net\/wp-content\/gallery\/dialogue\/jocondes2.jpg\"\n                 style=\"max-height: 580px;\"\/>\n        <\/a>\n\n        <\/div> \n<\/div>\n\n\n\t\t<!-- Thumbnails Link -->\n\t<div class=\"slideshowlink\" style=\"max-width: 800px;\">\n        <a href='https:\/\/www.artspeculation.net\/index.php\/nggallery\/thumbnails?page_id=1606'><\/a>\n\t<\/div>\n\n<br><strong>Dialogue avec l\u2019invisible<\/strong> &nbsp;&nbsp;2014 &#8211; 8 \u00e9l\u00e9ments de 5\u00d735\u00d725 cm \u2013 boites de puzzles repr\u00e9sentant des puzzles incomplets de la Joconde.<br><br><em>La Joconde est l\u2019arch\u00e9type du chef d\u2019\u0153uvre. Qui ose dire que face \u00e0 la Joconde il n\u2019a pas ressenti cette fen\u00eatre ouverte sur l\u2019invisible, cet \u00e9l\u00e9ment myst\u00e9rieux qui nous fait dire qu\u2019il y a plus que ce que l\u2019on voit.<br>En modifiant l&rsquo;image, on perturbe la compr\u00e9hension. Si on efface la repr\u00e9sentation tout en restant dans le domaine de l\u2019esth\u00e9tique, on sera toujours satisfait, toujours \u00e9mu, mais on aura modifier le sens. Est-ce que la qualit\u00e9 esth\u00e9tique, le sens et la repr\u00e9sentation sont ind\u00e9pendantes ou indissociables ?<br>L\u2019utilisation des images a toujours servi \u00e0 convaincre de la justesse des arguments, de la suppos\u00e9e r\u00e9alit\u00e9 qu\u2019elles illustrent, du sens fourni par le discours qui les accompagne. Plus l\u2019image est belle, ou plus l\u2019\u00e9motion qu\u2019elle provoque est grande, plus facilement on mettra le spectateur sur le chemin de l\u2019adh\u00e9sion \u00e0 ce qu\u2019elle sert, sugg\u00e8re, illustre, et \u00e0 la repr\u00e9sentation propos\u00e9e. Et plus l\u2019image fait \u00e9cho avec des repr\u00e9sentations propre au spectateur, plus l\u2019adh\u00e9sion sera facile. Renforcement positif des repr\u00e9sentations.<br>La science et l\u2019art ont l\u2019ambition de rendre manifeste le monde invisible, notamment par l\u2019image ; la m\u00e9canique cach\u00e9e de l\u2019univers, l\u2019immanence ou la transcendance. Est-ce que montrer c\u2019est d\u00e9montrer ? Est-ce que la qualit\u00e9 de l\u2019image n\u2019est pas ind\u00e9pendante du sens&nbsp;? Est-ce que ce dialogue avec l\u2019invisible, auquel nous donnent acc\u00e8s les images-repr\u00e9sentations, est autre chose qu\u2019un dialogue avec soi-m\u00eame, une r\u00e9activation ou un remaniement de ses propres repr\u00e9sentations ? Dialogue entre l\u2019invisible hors de soi et l\u2019invisible en soi ? Le grand jeu des repr\u00e9sentations.<\/em><br><br><br><small>Pour agrandir, cliquez sur l&rsquo;image :<\/small><br><br><a class=\"thickbox\" title=\"Dialogue avec l\u2019invisible   2014 - 8 \u00e9l\u00e9ments de 5\u00d735\u00d725 cm \u2013 boites de puzzle.\" href=\"https:\/\/www.artspeculation.net\/wp-content\/gallery\/dialogue\/jocondes1.jpg\" rel=\"\"><img class=\"ngg-singlepic ngg-left\" src=\"https:\/\/www.artspeculation.net\/wp-content\/gallery\/dialogue\/thumbs\/thumbs_jocondes1.jpg\" alt=\"Dialogue avec l\u2019invisible\"><\/a><strong>Dialogue avec l\u2019invisible<\/strong> &nbsp;&nbsp;2014 &#8211; 8 \u00e9l\u00e9ments de 5\u00d735\u00d725 cm \u2013 boites de puzzle.<br><br><br><a class=\"thickbox\" title=\"Dialogue avec l\u2019invisible   2014 - 8 \u00e9l\u00e9ments de 5\u00d735\u00d725 cm \u2013 boites de puzzle.\" href=\"https:\/\/www.artspeculation.net\/wp-content\/gallery\/dialogue\/jocondes2.jpg\" rel=\"\"><img class=\"ngg-singlepic ngg-left\" src=\"https:\/\/www.artspeculation.net\/wp-content\/gallery\/dialogue\/thumbs\/thumbs_jocondes2.jpg\" alt=\"Dialogue avec l\u2019invisible\"><\/a><strong>Dialogue avec l\u2019invisible<\/strong> &nbsp;&nbsp;2014 &#8211; 8 \u00e9l\u00e9ments de 5\u00d735\u00d725 cm \u2013 boites de puzzle.<br><br><\/p>\n<p><br><br><a href=\"https:\/\/www.artspeculation.net\/?page_id=34\"> Retour portofolio<\/a><\/p>\n<\/div>\n<\/div>\n","protected":false},"excerpt":{"rendered":"<p>Dialogue iconocratique et iconoclaste Dialogue avec l\u2019invisible &nbsp;&nbsp;2014 &#8211; 8 \u00e9l\u00e9ments de 5\u00d735\u00d725 cm \u2013 boites de puzzles repr\u00e9sentant des puzzles incomplets de la Joconde. La Joconde est l\u2019arch\u00e9type du chef d\u2019\u0153uvre. Qui ose dire que face \u00e0 la Joconde il n\u2019a pas ressenti cette fen\u00eatre ouverte sur l\u2019invisible, cet \u00e9l\u00e9ment myst\u00e9rieux qui nous fait [&hellip;]<\/p>\n","protected":false},"author":1,"featured_media":0,"parent":1408,"menu_order":0,"comment_status":"closed","ping_status":"closed","template":"onecolumn-page.php","meta":{"ngg_post_thumbnail":0},"_links":{"self":[{"href":"https:\/\/www.artspeculation.net\/index.php?rest_route=\/wp\/v2\/pages\/1606"}],"collection":[{"href":"https:\/\/www.artspeculation.net\/index.php?rest_route=\/wp\/v2\/pages"}],"about":[{"href":"https:\/\/www.artspeculation.net\/index.php?rest_route=\/wp\/v2\/types\/page"}],"author":[{"embeddable":true,"href":"https:\/\/www.artspeculation.net\/index.php?rest_route=\/wp\/v2\/users\/1"}],"replies":[{"embeddable":true,"href":"https:\/\/www.artspeculation.net\/index.php?rest_route=%2Fwp%2Fv2%2Fcomments&post=1606"}],"version-history":[{"count":16,"href":"https:\/\/www.artspeculation.net\/index.php?rest_route=\/wp\/v2\/pages\/1606\/revisions"}],"predecessor-version":[{"id":2899,"href":"https:\/\/www.artspeculation.net\/index.php?rest_route=\/wp\/v2\/pages\/1606\/revisions\/2899"}],"up":[{"embeddable":true,"href":"https:\/\/www.artspeculation.net\/index.php?rest_route=\/wp\/v2\/pages\/1408"}],"wp:attachment":[{"href":"https:\/\/www.artspeculation.net\/index.php?rest_route=%2Fwp%2Fv2%2Fmedia&parent=1606"}],"curies":[{"name":"wp","href":"https:\/\/api.w.org\/{rel}","templated":true}]}}