{"id":1600,"date":"2014-10-06T16:59:27","date_gmt":"2014-10-06T16:59:27","guid":{"rendered":"http:\/\/www.artspeculation.net\/?page_id=1600"},"modified":"2022-04-12T22:10:02","modified_gmt":"2022-04-12T22:10:02","slug":"time-machine","status":"publish","type":"page","link":"https:\/\/www.artspeculation.net\/?page_id=1600","title":{"rendered":"Time machine"},"content":{"rendered":"\n<div class=\"wp-block-columns\">\n<div class=\"wp-block-column\" style=\"flex-basis:100%\">\n<p>\n\n<div class=\"ngg-galleryoverview ngg-slideshow\"\n\t id=\"ngg-slideshow-8d055128922f08964332fb1037d77b9a-14530424270\"\n     data-gallery-id=\"8d055128922f08964332fb1037d77b9a\"\n     style=\"max-width: 800px; max-height: 600px;\">\n\n \t<div id=\"ngg-image-0\" class=\"ngg-gallery-slideshow-image\" style=\"height:600px\">\n\n        <a href=\"https:\/\/www.artspeculation.net\/wp-content\/gallery\/time-machine\/timemachine.jpg\"\n           title=\"\"\n           data-src=\"https:\/\/www.artspeculation.net\/wp-content\/gallery\/time-machine\/timemachine.jpg\"\n           data-thumbnail=\"https:\/\/www.artspeculation.net\/wp-content\/gallery\/time-machine\/thumbs\/thumbs_timemachine.jpg\"\n           data-image-id=\"207\"\n           data-title=\"timemachine\"\n           data-description=\"\"\n           >\n\n            <img data-image-id='207'\n                 title=\"\"\n                 alt=\"timemachine\"\n                 src=\"https:\/\/www.artspeculation.net\/wp-content\/gallery\/time-machine\/timemachine.jpg\"\n                 style=\"max-height: 580px;\"\/>\n        <\/a>\n\n        <\/div> \n<div id=\"ngg-image-1\" class=\"ngg-gallery-slideshow-image\" style=\"height:600px\">\n\n        <a href=\"https:\/\/www.artspeculation.net\/wp-content\/gallery\/time-machine\/timemachine1.jpg\"\n           title=\"\"\n           data-src=\"https:\/\/www.artspeculation.net\/wp-content\/gallery\/time-machine\/timemachine1.jpg\"\n           data-thumbnail=\"https:\/\/www.artspeculation.net\/wp-content\/gallery\/time-machine\/thumbs\/thumbs_timemachine1.jpg\"\n           data-image-id=\"225\"\n           data-title=\"timemachine1\"\n           data-description=\"\"\n           >\n\n            <img data-image-id='225'\n                 title=\"\"\n                 alt=\"timemachine1\"\n                 src=\"https:\/\/www.artspeculation.net\/wp-content\/gallery\/time-machine\/timemachine1.jpg\"\n                 style=\"max-height: 580px;\"\/>\n        <\/a>\n\n        <\/div> \n<\/div>\n\n\n\t\t<!-- Thumbnails Link -->\n\t<div class=\"slideshowlink\" style=\"max-width: 800px;\">\n        <a href='https:\/\/www.artspeculation.net\/index.php\/nggallery\/thumbnails?page_id=1600'><\/a>\n\t<\/div>\n\n<br><strong>Time machine<\/strong> &nbsp;&nbsp;2014 &#8211; 150\u00d760\u00d760 cm \u2013 35000 pi\u00e8ces de puzzle peintes, 56 bocaux, cong\u00e9lateur.<br><span style=\"color: white;\">art speculation<\/span><br><em>Time machine est une machine \u00e0 arr\u00eater le temps.<br>On veut pouvoir conserver ce qui nous plait, dans l\u2019\u00e9tat qui nous plait ; les aliments, les choses, les traditions, les cultures, et aujourd\u2019hui l\u2019environnement \u2013 du moins on essaye. On veut pouvoir r\u00eaver que l\u2019on pourra atteindre l\u2019immortalit\u00e9. Mettre \u00e0 l\u2019abri du temps qui transforme. Mais cette transformation c\u2019est la vie, et arr\u00eater le temps c\u2019est la mort. Comment peut-on aborder ce paradoxe ?<br>Ici on a choisi de mettre en bocaux les pi\u00e8ces qui permettaient de reconstruire notre monde : l\u2019<a title=\"lien Grand myst\u00e8re\" href=\"https:\/\/www.artspeculation.net\/?page_id=1146\" target=\"_blank\" rel=\"noopener\">univers<\/a> et la <a title=\"lien Pyramide\" href=\"https:\/\/www.artspeculation.net\/?page_id=1201\" target=\"_blank\" rel=\"noopener\">soci\u00e9t\u00e9<\/a>. Il est probablement plus rassurant, plus confortable, de ne pas faire le puzzle, de ne pas risquer de s\u2019apercevoir qu\u2019il est peut-\u00eatre incomplet ; de prolonger ainsi le plaisir et l\u2019illusion de croire que l\u2019on dispose de tous les \u00e9l\u00e9ments pour le construire.<\/em><br><br><br><small>Pour agrandir, cliquez sur l&rsquo;image :<\/small><br><br><a class=\"thickbox\" title=\"Time machine   2014 - 150\u00d760\u00d760 cm \u2013 35000 pi\u00e8ces de puzzle peintes, 56 bocaux, cong\u00e9lateur.\" href=\"https:\/\/www.artspeculation.net\/wp-content\/gallery\/time-machine\/timemachine1.jpg\" rel=\"\"><img class=\"ngg-singlepic ngg-left\" src=\"https:\/\/www.artspeculation.net\/wp-content\/gallery\/time-machine\/thumbs\/thumbs_timemachine1.jpg\" alt=\"Contre sens\"><\/a><strong>Time machine<\/strong> &nbsp;&nbsp;2014 &#8211; 150\u00d760\u00d760 cm \u2013 35000 pi\u00e8ces de puzzle peintes, 56 bocaux, cong\u00e9lateur.<br><br><br><a class=\"thickbox\" title=\"Time machine   2014 - 150\u00d760\u00d760 cm \u2013 35000 pi\u00e8ces de puzzle peintes, 56 bocaux, cong\u00e9lateur.\" href=\"https:\/\/www.artspeculation.net\/wp-content\/gallery\/time-machine\/timemachine.jpg\" rel=\"\"><img class=\"ngg-singlepic ngg-left\" src=\"https:\/\/www.artspeculation.net\/wp-content\/gallery\/time-machine\/thumbs\/thumbs_timemachine.jpg\" alt=\"Time machine\"><\/a><strong>Time machine<\/strong> (d\u00e9tail) &nbsp;&nbsp;2014 &#8211; 150\u00d760\u00d760 cm \u2013 35000 pi\u00e8ces de puzzle peintes, 56 bocaux, cong\u00e9lateur.<br><br><br><br><br><\/p>\n<p><a href=\"https:\/\/www.artspeculation.net\/?page_id=379\"> Retour portofolio<\/a><\/p>\n<\/div>\n<\/div>\n","protected":false},"excerpt":{"rendered":"<p>Time machine &nbsp;&nbsp;2014 &#8211; 150\u00d760\u00d760 cm \u2013 35000 pi\u00e8ces de puzzle peintes, 56 bocaux, cong\u00e9lateur.art speculationTime machine est une machine \u00e0 arr\u00eater le temps.On veut pouvoir conserver ce qui nous plait, dans l\u2019\u00e9tat qui nous plait ; les aliments, les choses, les traditions, les cultures, et aujourd\u2019hui l\u2019environnement \u2013 du moins on essaye. On veut [&hellip;]<\/p>\n","protected":false},"author":1,"featured_media":0,"parent":1408,"menu_order":0,"comment_status":"closed","ping_status":"closed","template":"onecolumn-page.php","meta":{"ngg_post_thumbnail":0},"_links":{"self":[{"href":"https:\/\/www.artspeculation.net\/index.php?rest_route=\/wp\/v2\/pages\/1600"}],"collection":[{"href":"https:\/\/www.artspeculation.net\/index.php?rest_route=\/wp\/v2\/pages"}],"about":[{"href":"https:\/\/www.artspeculation.net\/index.php?rest_route=\/wp\/v2\/types\/page"}],"author":[{"embeddable":true,"href":"https:\/\/www.artspeculation.net\/index.php?rest_route=\/wp\/v2\/users\/1"}],"replies":[{"embeddable":true,"href":"https:\/\/www.artspeculation.net\/index.php?rest_route=%2Fwp%2Fv2%2Fcomments&post=1600"}],"version-history":[{"count":13,"href":"https:\/\/www.artspeculation.net\/index.php?rest_route=\/wp\/v2\/pages\/1600\/revisions"}],"predecessor-version":[{"id":2891,"href":"https:\/\/www.artspeculation.net\/index.php?rest_route=\/wp\/v2\/pages\/1600\/revisions\/2891"}],"up":[{"embeddable":true,"href":"https:\/\/www.artspeculation.net\/index.php?rest_route=\/wp\/v2\/pages\/1408"}],"wp:attachment":[{"href":"https:\/\/www.artspeculation.net\/index.php?rest_route=%2Fwp%2Fv2%2Fmedia&parent=1600"}],"curies":[{"name":"wp","href":"https:\/\/api.w.org\/{rel}","templated":true}]}}