{"id":1579,"date":"2014-08-19T08:01:41","date_gmt":"2014-08-19T08:01:41","guid":{"rendered":"http:\/\/www.artspeculation.net\/?page_id=1579"},"modified":"2022-04-12T22:09:12","modified_gmt":"2022-04-12T22:09:12","slug":"tapis-de-priere","status":"publish","type":"page","link":"https:\/\/www.artspeculation.net\/?page_id=1579","title":{"rendered":"Tapis de pri\u00e8re"},"content":{"rendered":"\n<div class=\"wp-block-columns\">\n<div class=\"wp-block-column\" style=\"flex-basis:100%\">\n<p>\n\n<div class=\"ngg-galleryoverview ngg-slideshow\"\n\t id=\"ngg-slideshow-964ad2a3115c5b430dfff715d09d2e00-9150681060\"\n     data-gallery-id=\"964ad2a3115c5b430dfff715d09d2e00\"\n     style=\"max-width: 800px; max-height: 600px;\">\n\n \t<div id=\"ngg-image-0\" class=\"ngg-gallery-slideshow-image\" style=\"height:600px\">\n\n        <a href=\"https:\/\/www.artspeculation.net\/wp-content\/gallery\/tapisdepriere\/moulinsart_0.jpg\"\n           title=\"\"\n           data-src=\"https:\/\/www.artspeculation.net\/wp-content\/gallery\/tapisdepriere\/moulinsart_0.jpg\"\n           data-thumbnail=\"https:\/\/www.artspeculation.net\/wp-content\/gallery\/tapisdepriere\/thumbs\/thumbs_moulinsart_0.jpg\"\n           data-image-id=\"214\"\n           data-title=\"moulinsart_0\"\n           data-description=\"\"\n           >\n\n            <img data-image-id='214'\n                 title=\"\"\n                 alt=\"moulinsart_0\"\n                 src=\"https:\/\/www.artspeculation.net\/wp-content\/gallery\/tapisdepriere\/moulinsart_0.jpg\"\n                 style=\"max-height: 580px;\"\/>\n        <\/a>\n\n        <\/div> \n<div id=\"ngg-image-1\" class=\"ngg-gallery-slideshow-image\" style=\"height:600px\">\n\n        <a href=\"https:\/\/www.artspeculation.net\/wp-content\/gallery\/tapisdepriere\/moulinsart1.jpg\"\n           title=\"\"\n           data-src=\"https:\/\/www.artspeculation.net\/wp-content\/gallery\/tapisdepriere\/moulinsart1.jpg\"\n           data-thumbnail=\"https:\/\/www.artspeculation.net\/wp-content\/gallery\/tapisdepriere\/thumbs\/thumbs_moulinsart1.jpg\"\n           data-image-id=\"227\"\n           data-title=\"moulinsart1\"\n           data-description=\"\"\n           >\n\n            <img data-image-id='227'\n                 title=\"\"\n                 alt=\"moulinsart1\"\n                 src=\"https:\/\/www.artspeculation.net\/wp-content\/gallery\/tapisdepriere\/moulinsart1.jpg\"\n                 style=\"max-height: 580px;\"\/>\n        <\/a>\n\n        <\/div> \n<div id=\"ngg-image-2\" class=\"ngg-gallery-slideshow-image\" style=\"height:600px\">\n\n        <a href=\"https:\/\/www.artspeculation.net\/wp-content\/gallery\/tapisdepriere\/moulinsart2.jpg\"\n           title=\"\"\n           data-src=\"https:\/\/www.artspeculation.net\/wp-content\/gallery\/tapisdepriere\/moulinsart2.jpg\"\n           data-thumbnail=\"https:\/\/www.artspeculation.net\/wp-content\/gallery\/tapisdepriere\/thumbs\/thumbs_moulinsart2.jpg\"\n           data-image-id=\"228\"\n           data-title=\"moulinsart2\"\n           data-description=\"\"\n           >\n\n            <img data-image-id='228'\n                 title=\"\"\n                 alt=\"moulinsart2\"\n                 src=\"https:\/\/www.artspeculation.net\/wp-content\/gallery\/tapisdepriere\/moulinsart2.jpg\"\n                 style=\"max-height: 580px;\"\/>\n        <\/a>\n\n        <\/div> \n<div id=\"ngg-image-3\" class=\"ngg-gallery-slideshow-image\" style=\"height:600px\">\n\n        <a href=\"https:\/\/www.artspeculation.net\/wp-content\/gallery\/tapisdepriere\/moulinsartdetail1.jpg\"\n           title=\"\"\n           data-src=\"https:\/\/www.artspeculation.net\/wp-content\/gallery\/tapisdepriere\/moulinsartdetail1.jpg\"\n           data-thumbnail=\"https:\/\/www.artspeculation.net\/wp-content\/gallery\/tapisdepriere\/thumbs\/thumbs_moulinsartdetail1.jpg\"\n           data-image-id=\"229\"\n           data-title=\"moulinsartdetail1\"\n           data-description=\"\"\n           >\n\n            <img data-image-id='229'\n                 title=\"\"\n                 alt=\"moulinsartdetail1\"\n                 src=\"https:\/\/www.artspeculation.net\/wp-content\/gallery\/tapisdepriere\/moulinsartdetail1.jpg\"\n                 style=\"max-height: 580px;\"\/>\n        <\/a>\n\n        <\/div> \n<div id=\"ngg-image-4\" class=\"ngg-gallery-slideshow-image\" style=\"height:600px\">\n\n        <a href=\"https:\/\/www.artspeculation.net\/wp-content\/gallery\/tapisdepriere\/moulinsartdetail2.jpg\"\n           title=\"\"\n           data-src=\"https:\/\/www.artspeculation.net\/wp-content\/gallery\/tapisdepriere\/moulinsartdetail2.jpg\"\n           data-thumbnail=\"https:\/\/www.artspeculation.net\/wp-content\/gallery\/tapisdepriere\/thumbs\/thumbs_moulinsartdetail2.jpg\"\n           data-image-id=\"230\"\n           data-title=\"moulinsartdetail2\"\n           data-description=\"\"\n           >\n\n            <img data-image-id='230'\n                 title=\"\"\n                 alt=\"moulinsartdetail2\"\n                 src=\"https:\/\/www.artspeculation.net\/wp-content\/gallery\/tapisdepriere\/moulinsartdetail2.jpg\"\n                 style=\"max-height: 580px;\"\/>\n        <\/a>\n\n        <\/div> \n<\/div>\n\n\n\t\t<!-- Thumbnails Link -->\n\t<div class=\"slideshowlink\" style=\"max-width: 800px;\">\n        <a href='https:\/\/www.artspeculation.net\/index.php\/nggallery\/thumbnails?page_id=1579'><\/a>\n\t<\/div>\n\n<br><strong>Tapis de pri\u00e8re<\/strong> &nbsp;&nbsp;2014 \u2013 300\u00d7200 cm \u2013 tickets de la fran\u00e7aise des jeux, bande vinyle adh\u00e9sive, polystyr\u00e8ne extrud\u00e9.<br><span style=\"color: white;\">art speculation<\/span><br><em>Plan fa\u00e7ade d\u00e9velopp\u00e9 (ch\u00e2teau de Moulinsart) r\u00e9alis\u00e9 \u00e0 partir de tickets perdant de la Fran\u00e7aise des jeux, jonchant le sol des bureaux de vente. Tapis de pri\u00e8re pour tous ceux qui esp\u00e8rent un \u00e9v\u00e9nement favorable leur permettant d&rsquo;acc\u00e9der \u00e0 la vie dont ils r\u00eavent et qui croient qu&rsquo;ils peuvent \u00eatre entendus.<\/em><br><br><br><small>Pour agrandir, cliquez sur l&rsquo;image :<\/small><br><br><a class=\"thickbox\" title=\"Tapis de pri\u00e8re   2014 \u2013 300\u00d7200 cm \u2013 tickets de la fran\u00e7aise des jeux, bande vinyle adh\u00e9sive, polystyr\u00e8ne extrud\u00e9.\" href=\"https:\/\/www.artspeculation.net\/wp-content\/gallery\/tapisdepriere\/moulinsart.jpg\" rel=\"\"><img class=\"ngg-singlepic ngg-left\" src=\"https:\/\/www.artspeculation.net\/wp-content\/gallery\/tapisdepriere\/thumbs\/thumbs_moulinsart.jpg\" alt=\"Tapis de pri\u00e8re\"><\/a><strong>Tapis de pri\u00e8re<\/strong> &nbsp;&nbsp;2014 \u2013 300\u00d7200 cm \u2013 tickets de la fran\u00e7aise des jeux, bande vinyle adh\u00e9sive, polystyr\u00e8ne extrud\u00e9.<br><br><br><a class=\"thickbox\" title=\"Tapis de pri\u00e8re (d\u00e9tail)   2014 \u2013 300\u00d7200 cm \u2013 tickets de la fran\u00e7aise des jeux, bande vinyle adh\u00e9sive, polystyr\u00e8ne extrud\u00e9.\" href=\"https:\/\/www.artspeculation.net\/wp-content\/gallery\/tapisdepriere\/moulinsartdetail1.jpg\" rel=\"\"><img class=\"ngg-singlepic ngg-left\" src=\"https:\/\/www.artspeculation.net\/wp-content\/gallery\/tapisdepriere\/thumbs\/thumbs_moulinsartdetail1.jpg\" alt=\"Tapis de pri\u00e8re d\u00e9tail\"><\/a><strong>Tapis de pri\u00e8re<\/strong> d\u00e9tail &nbsp;&nbsp;2014 \u2013 300\u00d7200 cm \u2013 tickets de la fran\u00e7aise des jeux, bande vinyle adh\u00e9sive, polystyr\u00e8ne extrud\u00e9.<br><br><br><a class=\"thickbox\" title=\"Tapis de pri\u00e8re (d\u00e9tail)   2014 \u2013 300\u00d7200 cm \u2013 tickets de la fran\u00e7aise des jeux, bande vinyle adh\u00e9sive, polystyr\u00e8ne extrud\u00e9.\" href=\"https:\/\/www.artspeculation.net\/wp-content\/gallery\/tapisdepriere\/moulinsartdetail2.jpg\" rel=\"\"><img class=\"ngg-singlepic ngg-left\" src=\"https:\/\/www.artspeculation.net\/wp-content\/gallery\/tapisdepriere\/thumbs\/thumbs_moulinsartdetail2.jpg\" alt=\"Tapis de pri\u00e8re d\u00e9tail\"><\/a><strong>Tapis de pri\u00e8re<\/strong> d\u00e9tail &nbsp;&nbsp;2014 \u2013 300\u00d7200 cm \u2013 tickets de la fran\u00e7aise des jeux, bande vinyle adh\u00e9sive, polystyr\u00e8ne extrud\u00e9.<br><br><br><a class=\"thickbox\" title=\"Tapis de pri\u00e8re   2014 \u2013 300\u00d7200 cm \u2013 tickets de la fran\u00e7aise des jeux, bande vinyle adh\u00e9sive, polystyr\u00e8ne extrud\u00e9.\" href=\"https:\/\/www.artspeculation.net\/wp-content\/gallery\/tapisdepriere\/moulinsart1.jpg\" rel=\"\"><img class=\"ngg-singlepic ngg-left\" src=\"https:\/\/www.artspeculation.net\/wp-content\/gallery\/tapisdepriere\/thumbs\/thumbs_moulinsart1.jpg\" alt=\"Tapis de pri\u00e8re\"><\/a><strong>Tapis de pri\u00e8re<\/strong>&nbsp;&nbsp;2014 \u2013 300\u00d7200 cm \u2013 tickets de la fran\u00e7aise des jeux, bande vinyle adh\u00e9sive, polystyr\u00e8ne extrud\u00e9.<br><br><br><a class=\"thickbox\" title=\"Tapis de pri\u00e8re   2014 \u2013 300\u00d7200 cm \u2013 tickets de la fran\u00e7aise des jeux, bande vinyle adh\u00e9sive, polystyr\u00e8ne extrud\u00e9.\" href=\"https:\/\/www.artspeculation.net\/wp-content\/gallery\/tapisdepriere\/moulinsart2.jpg\" rel=\"\"><img class=\"ngg-singlepic ngg-left\" src=\"https:\/\/www.artspeculation.net\/wp-content\/gallery\/tapisdepriere\/thumbs\/thumbs_moulinsart2.jpg\" alt=\"Tapis de pri\u00e8re\"><\/a><strong>Tapis de pri\u00e8re<\/strong>&nbsp;&nbsp;2014 \u2013 300\u00d7200 cm \u2013 tickets de la fran\u00e7aise des jeux, bande vinyle adh\u00e9sive, polystyr\u00e8ne extrud\u00e9.<br><br><br><br><\/p>\n<p><a href=\"https:\/\/www.artspeculation.net\/?page_id=34\"> Retour portofolio<\/a><\/p>\n<\/div>\n<\/div>\n","protected":false},"excerpt":{"rendered":"<p>Tapis de pri\u00e8re &nbsp;&nbsp;2014 \u2013 300\u00d7200 cm \u2013 tickets de la fran\u00e7aise des jeux, bande vinyle adh\u00e9sive, polystyr\u00e8ne extrud\u00e9.art speculationPlan fa\u00e7ade d\u00e9velopp\u00e9 (ch\u00e2teau de Moulinsart) r\u00e9alis\u00e9 \u00e0 partir de tickets perdant de la Fran\u00e7aise des jeux, jonchant le sol des bureaux de vente. Tapis de pri\u00e8re pour tous ceux qui esp\u00e8rent un \u00e9v\u00e9nement favorable leur [&hellip;]<\/p>\n","protected":false},"author":1,"featured_media":0,"parent":1408,"menu_order":0,"comment_status":"closed","ping_status":"closed","template":"onecolumn-page.php","meta":{"ngg_post_thumbnail":0},"_links":{"self":[{"href":"https:\/\/www.artspeculation.net\/index.php?rest_route=\/wp\/v2\/pages\/1579"}],"collection":[{"href":"https:\/\/www.artspeculation.net\/index.php?rest_route=\/wp\/v2\/pages"}],"about":[{"href":"https:\/\/www.artspeculation.net\/index.php?rest_route=\/wp\/v2\/types\/page"}],"author":[{"embeddable":true,"href":"https:\/\/www.artspeculation.net\/index.php?rest_route=\/wp\/v2\/users\/1"}],"replies":[{"embeddable":true,"href":"https:\/\/www.artspeculation.net\/index.php?rest_route=%2Fwp%2Fv2%2Fcomments&post=1579"}],"version-history":[{"count":22,"href":"https:\/\/www.artspeculation.net\/index.php?rest_route=\/wp\/v2\/pages\/1579\/revisions"}],"predecessor-version":[{"id":2889,"href":"https:\/\/www.artspeculation.net\/index.php?rest_route=\/wp\/v2\/pages\/1579\/revisions\/2889"}],"up":[{"embeddable":true,"href":"https:\/\/www.artspeculation.net\/index.php?rest_route=\/wp\/v2\/pages\/1408"}],"wp:attachment":[{"href":"https:\/\/www.artspeculation.net\/index.php?rest_route=%2Fwp%2Fv2%2Fmedia&parent=1579"}],"curies":[{"name":"wp","href":"https:\/\/api.w.org\/{rel}","templated":true}]}}