{"id":156,"date":"2012-03-02T20:55:08","date_gmt":"2012-03-02T20:55:08","guid":{"rendered":"http:\/\/www.artspeculation.net\/?page_id=156"},"modified":"2022-04-12T08:17:56","modified_gmt":"2022-04-12T08:17:56","slug":"videopeplum","status":"publish","type":"page","link":"https:\/\/www.artspeculation.net\/?page_id=156","title":{"rendered":"D\u00e9compositions"},"content":{"rendered":"\n<div class=\"wp-container-1 wp-block-group\"><div class=\"wp-block-group__inner-container\">\n<p>\n\n<div class=\"ngg-galleryoverview ngg-slideshow\"\n\t id=\"ngg-slideshow-28fd345543550d7b273f34077896d476-4852152360\"\n     data-gallery-id=\"28fd345543550d7b273f34077896d476\"\n     style=\"max-width: 800px; max-height: 600px;\">\n\n \t<div id=\"ngg-image-0\" class=\"ngg-gallery-slideshow-image\" style=\"height:600px\">\n\n        <a href=\"https:\/\/www.artspeculation.net\/wp-content\/gallery\/videopeplum\/videopeplum1.jpg\"\n           title=\"2011 - 90x70 cm - peinture acrylique sur toile, semi encadrement de bois.\"\n           data-src=\"https:\/\/www.artspeculation.net\/wp-content\/gallery\/videopeplum\/videopeplum1.jpg\"\n           data-thumbnail=\"https:\/\/www.artspeculation.net\/wp-content\/gallery\/videopeplum\/thumbs\/thumbs_videopeplum1.jpg\"\n           data-image-id=\"64\"\n           data-title=\"D\u00e9composition 1\/4\"\n           data-description=\"2011 - 90x70 cm - peinture acrylique sur toile, semi encadrement de bois.\"\n           >\n\n            <img data-image-id='64'\n                 title=\"2011 - 90x70 cm - peinture acrylique sur toile, semi encadrement de bois.\"\n                 alt=\"D\u00e9composition 1\/4\"\n                 src=\"https:\/\/www.artspeculation.net\/wp-content\/gallery\/videopeplum\/videopeplum1.jpg\"\n                 style=\"max-height: 580px;\"\/>\n        <\/a>\n\n        <\/div> \n<div id=\"ngg-image-1\" class=\"ngg-gallery-slideshow-image\" style=\"height:600px\">\n\n        <a href=\"https:\/\/www.artspeculation.net\/wp-content\/gallery\/videopeplum\/videopeplum2.jpg\"\n           title=\"2011 - 110x90 cm - peinture acrylique sur toile, semi encadrement de bois.\"\n           data-src=\"https:\/\/www.artspeculation.net\/wp-content\/gallery\/videopeplum\/videopeplum2.jpg\"\n           data-thumbnail=\"https:\/\/www.artspeculation.net\/wp-content\/gallery\/videopeplum\/thumbs\/thumbs_videopeplum2.jpg\"\n           data-image-id=\"65\"\n           data-title=\"D\u00e9composition 2\/4\"\n           data-description=\"2011 - 110x90 cm - peinture acrylique sur toile, semi encadrement de bois.\"\n           >\n\n            <img data-image-id='65'\n                 title=\"2011 - 110x90 cm - peinture acrylique sur toile, semi encadrement de bois.\"\n                 alt=\"D\u00e9composition 2\/4\"\n                 src=\"https:\/\/www.artspeculation.net\/wp-content\/gallery\/videopeplum\/videopeplum2.jpg\"\n                 style=\"max-height: 580px;\"\/>\n        <\/a>\n\n        <\/div> \n<div id=\"ngg-image-2\" class=\"ngg-gallery-slideshow-image\" style=\"height:600px\">\n\n        <a href=\"https:\/\/www.artspeculation.net\/wp-content\/gallery\/videopeplum\/videopeplum3.jpg\"\n           title=\"2011 - 110x90 cm - peinture acrylique sur toile, semi encadrement de bois.\"\n           data-src=\"https:\/\/www.artspeculation.net\/wp-content\/gallery\/videopeplum\/videopeplum3.jpg\"\n           data-thumbnail=\"https:\/\/www.artspeculation.net\/wp-content\/gallery\/videopeplum\/thumbs\/thumbs_videopeplum3.jpg\"\n           data-image-id=\"66\"\n           data-title=\"D\u00e9composition 3\/4\"\n           data-description=\"2011 - 110x90 cm - peinture acrylique sur toile, semi encadrement de bois.\"\n           >\n\n            <img data-image-id='66'\n                 title=\"2011 - 110x90 cm - peinture acrylique sur toile, semi encadrement de bois.\"\n                 alt=\"D\u00e9composition 3\/4\"\n                 src=\"https:\/\/www.artspeculation.net\/wp-content\/gallery\/videopeplum\/videopeplum3.jpg\"\n                 style=\"max-height: 580px;\"\/>\n        <\/a>\n\n        <\/div> \n<div id=\"ngg-image-3\" class=\"ngg-gallery-slideshow-image\" style=\"height:600px\">\n\n        <a href=\"https:\/\/www.artspeculation.net\/wp-content\/gallery\/videopeplum\/videopeplum4.jpg\"\n           title=\"2011 - 90x70 cm - peinture acrylique sur toile, semi encadrement de bois.\"\n           data-src=\"https:\/\/www.artspeculation.net\/wp-content\/gallery\/videopeplum\/videopeplum4.jpg\"\n           data-thumbnail=\"https:\/\/www.artspeculation.net\/wp-content\/gallery\/videopeplum\/thumbs\/thumbs_videopeplum4.jpg\"\n           data-image-id=\"67\"\n           data-title=\"D\u00e9composition 4\/4\"\n           data-description=\"2011 - 90x70 cm - peinture acrylique sur toile, semi encadrement de bois.\"\n           >\n\n            <img data-image-id='67'\n                 title=\"2011 - 90x70 cm - peinture acrylique sur toile, semi encadrement de bois.\"\n                 alt=\"D\u00e9composition 4\/4\"\n                 src=\"https:\/\/www.artspeculation.net\/wp-content\/gallery\/videopeplum\/videopeplum4.jpg\"\n                 style=\"max-height: 580px;\"\/>\n        <\/a>\n\n        <\/div> \n<\/div>\n\n\n\t\t<!-- Thumbnails Link -->\n\t<div class=\"slideshowlink\" style=\"max-width: 800px;\">\n        <a href='https:\/\/www.artspeculation.net\/index.php\/nggallery\/thumbnails?page_id=156'><\/a>\n\t<\/div>\n\n<br><strong>D\u00e9compositions<\/strong> &nbsp;&nbsp;2012 &#8211; quadriptyque, 90\u00d770 cm, 110\u00d790 cm, 110\u00d790 cm et 90\u00d770 cm &#8211; peinture acrylique sur toile, semi encadrement de bois.<\/p>\n<p><em>Chaque \u00e9l\u00e9ment de ce quadriptyque est une peinture que se suffit \u00e0 elle-m\u00eame. Mais quand on sait qu\u2019il est possible de recomposer l\u2019image en les assemblant, il est difficile de ne pas \u00eatre frustr\u00e9, d\u2019autant plus si l\u2019on sait que cette image n\u2019est pas pr\u00e9sentable dans un univers politiquement correct.<\/em><\/p>\n<p>&nbsp;<\/p>\n<p><small>Pour agrandir, cliquez sur l&rsquo;image :<\/small><\/p>\n<p><a class=\"thickbox\" title=\"D\u00e9compositions   2012 - quadriptyque, 180\u00d7180 cm - peinture acrylique sur toile, semi encadrement de bois.\" href=\"https:\/\/www.artspeculation.net\/wp-content\/gallery\/videopeplum\/videopeplum0.jpg\" rel=\"\"><img class=\"ngg-singlepic ngg-left\" src=\"https:\/\/www.artspeculation.net\/wp-content\/gallery\/videopeplum\/thumbs\/thumbs_videopeplum0.jpg\" alt=\"D\u00e9compositions\"><\/a><br><strong>D\u00e9compositions<\/strong> &nbsp;&nbsp;2012 &#8211; quadriptyque, 180\u00d7180 cm &#8211; peinture acrylique sur toile, semi encadrement de bois.<\/p>\n<p><a class=\"thickbox\" title=\"D\u00e9compositions 1\/4   2012 - 90\u00d770 cm - peinture acrylique sur toile, semi encadrement de bois.\" href=\"https:\/\/www.artspeculation.net\/wp-content\/gallery\/videopeplum\/videopeplum1.jpg\" rel=\"\"><img class=\"ngg-singlepic ngg-left\" src=\"https:\/\/www.artspeculation.net\/wp-content\/gallery\/videopeplum\/thumbs\/thumbs_videopeplum1.jpg\" alt=\"D\u00e9compositions 1\/4\"><\/a><br><strong>D\u00e9compositions 1\/4<\/strong> &nbsp;&nbsp;2012 &#8211; 90\u00d770 cm &#8211; peinture acrylique sur toile, semi encadrement de bois.<\/p>\n<p><a class=\"thickbox\" title=\"D\u00e9compositions 2\/4   2012 - 110\u00d790 cm - peinture acrylique sur toile, semi encadrement de bois.\" href=\"https:\/\/www.artspeculation.net\/wp-content\/gallery\/videopeplum\/videopeplum2.jpg\" rel=\"\"><img class=\"ngg-singlepic ngg-left\" src=\"https:\/\/www.artspeculation.net\/wp-content\/gallery\/videopeplum\/thumbs\/thumbs_videopeplum2.jpg\" alt=\"D\u00e9compositions 2\/4\"><\/a><br><strong>D\u00e9compositions 2\/4<\/strong> &nbsp;&nbsp;2012 &#8211; 110\u00d790 cm &#8211; peinture acrylique sur toile, semi encadrement de bois.<\/p>\n<p><a class=\"thickbox\" title=\"D\u00e9compositions 3\/4   2012 - 110\u00d790 cm - peinture acrylique sur toile, semi encadrement de bois\" href=\"https:\/\/www.artspeculation.net\/wp-content\/gallery\/videopeplum\/videopeplum3.jpg\" rel=\"\"><img class=\"ngg-singlepic ngg-left\" src=\"https:\/\/www.artspeculation.net\/wp-content\/gallery\/videopeplum\/thumbs\/thumbs_videopeplum3.jpg\" alt=\"D\u00e9compositions 3\/4\"><\/a><br><strong>D\u00e9compositions 3\/4<\/strong> &nbsp;&nbsp;2012 &#8211; 110\u00d790 cm &#8211; peinture acrylique sur toile, semi encadrement de bois.<\/p>\n<p><a class=\"thickbox\" title=\"D\u00e9compositions 4\/4   2012 - 90\u00d770 cm - peinture acrylique sur toile, semi encadrement de bois.\" href=\"https:\/\/www.artspeculation.net\/wp-content\/gallery\/videopeplum\/videopeplum4.jpg\" rel=\"\"><img class=\"ngg-singlepic ngg-left\" src=\"https:\/\/www.artspeculation.net\/wp-content\/gallery\/videopeplum\/thumbs\/thumbs_videopeplum4.jpg\" alt=\"D\u00e9compositions 4\/4\"><\/a><br><strong>D\u00e9compositions 4\/4<\/strong> &nbsp;&nbsp;2012 &#8211; 90\u00d770 cm &#8211; peinture acrylique sur toile, semi encadrement de bois.<\/p>\n<p>&nbsp;<\/p>\n<p>&nbsp;<\/p>\n<p><a href=\"https:\/\/www.artspeculation.net\/?page_id=34\"> Retour portofolio<\/a><\/p>\n<\/div><\/div>\n","protected":false},"excerpt":{"rendered":"<p>D\u00e9compositions &nbsp;&nbsp;2012 &#8211; quadriptyque, 90\u00d770 cm, 110\u00d790 cm, 110\u00d790 cm et 90\u00d770 cm &#8211; peinture acrylique sur toile, semi encadrement de bois. Chaque \u00e9l\u00e9ment de ce quadriptyque est une peinture que se suffit \u00e0 elle-m\u00eame. Mais quand on sait qu\u2019il est possible de recomposer l\u2019image en les assemblant, il est difficile de ne pas \u00eatre [&hellip;]<\/p>\n","protected":false},"author":1,"featured_media":0,"parent":1349,"menu_order":0,"comment_status":"closed","ping_status":"closed","template":"onecolumn-page.php","meta":{"ngg_post_thumbnail":0},"_links":{"self":[{"href":"https:\/\/www.artspeculation.net\/index.php?rest_route=\/wp\/v2\/pages\/156"}],"collection":[{"href":"https:\/\/www.artspeculation.net\/index.php?rest_route=\/wp\/v2\/pages"}],"about":[{"href":"https:\/\/www.artspeculation.net\/index.php?rest_route=\/wp\/v2\/types\/page"}],"author":[{"embeddable":true,"href":"https:\/\/www.artspeculation.net\/index.php?rest_route=\/wp\/v2\/users\/1"}],"replies":[{"embeddable":true,"href":"https:\/\/www.artspeculation.net\/index.php?rest_route=%2Fwp%2Fv2%2Fcomments&post=156"}],"version-history":[{"count":57,"href":"https:\/\/www.artspeculation.net\/index.php?rest_route=\/wp\/v2\/pages\/156\/revisions"}],"predecessor-version":[{"id":2564,"href":"https:\/\/www.artspeculation.net\/index.php?rest_route=\/wp\/v2\/pages\/156\/revisions\/2564"}],"up":[{"embeddable":true,"href":"https:\/\/www.artspeculation.net\/index.php?rest_route=\/wp\/v2\/pages\/1349"}],"wp:attachment":[{"href":"https:\/\/www.artspeculation.net\/index.php?rest_route=%2Fwp%2Fv2%2Fmedia&parent=156"}],"curies":[{"name":"wp","href":"https:\/\/api.w.org\/{rel}","templated":true}]}}