{"id":1475,"date":"2014-05-30T13:12:21","date_gmt":"2014-05-30T13:12:21","guid":{"rendered":"http:\/\/www.artspeculation.net\/?page_id=1475"},"modified":"2017-01-28T14:39:02","modified_gmt":"2017-01-28T14:39:02","slug":"nouvelles-du-front","status":"publish","type":"page","link":"https:\/\/www.artspeculation.net\/?page_id=1475","title":{"rendered":"Nouvelles du front"},"content":{"rendered":"<p>2014 &#8211; autod\u00e9rision &#8211; Festival \u00ab\u00a0printemps en Seine\u00a0\u00bb de la Communaut\u00e9 d&rsquo;Agglom\u00e9ration Rouen Elbeuf Austreberthe, Halle au pont roulant de D\u00e8ville-l\u00e8s-Rouen<\/p>\n<p><a href=\"https:\/\/www.artspeculation.net\/?attachment_id=1476\" rel=\"attachment wp-att-1476\"><img loading=\"lazy\" src=\"https:\/\/www.artspeculation.net\/wp-content\/uploads\/2014\/05\/7-1024x682.jpg\" alt=\"\" title=\"Nouvelles du front\" width=\"640\" height=\"426\" class=\"aligncenter size-large wp-image-1476\" srcset=\"https:\/\/www.artspeculation.net\/wp-content\/uploads\/2014\/05\/7-1024x682.jpg 1024w, https:\/\/www.artspeculation.net\/wp-content\/uploads\/2014\/05\/7-300x200.jpg 300w, https:\/\/www.artspeculation.net\/wp-content\/uploads\/2014\/05\/7.jpg 1600w\" sizes=\"(max-width: 640px) 100vw, 640px\" \/><\/a><\/p>\n<p><em>Poursuivant sa campagne en milieu hostile <\/em>artspeculation <em>ex\u00e9cute des grandes man\u0153uvres.<br \/>\nLe bataillon de si\u00e8ge est en ordre de marche, pr\u00eat \u00e0 accueillir le public avide de s\u2019initier \u00e0 la culture contemporaine.<br \/>\nLa d\u00e9fense des valeurs de cette culture si estimable, mais par trop confidentielle, dans les territoires les plus arides, nous contraint \u00e0 cet exil d\u2019o\u00f9 nous vous faisons parvenir cette photo, souvenir du front : salut au public virtuel avant baisser de rideau.<\/em><br \/>\n<BR><BR><BR><BR><BR><BR><BR><\/p>\n<p><a href=\"https:\/\/www.artspeculation.net\/?page_id=34\"> Retour portofolio<\/a><\/p>\n","protected":false},"excerpt":{"rendered":"<p>2014 &#8211; autod\u00e9rision &#8211; Festival \u00ab\u00a0printemps en Seine\u00a0\u00bb de la Communaut\u00e9 d&rsquo;Agglom\u00e9ration Rouen Elbeuf Austreberthe, Halle au pont roulant de D\u00e8ville-l\u00e8s-Rouen Poursuivant sa campagne en milieu hostile artspeculation ex\u00e9cute des grandes man\u0153uvres. Le bataillon de si\u00e8ge est en ordre de marche, pr\u00eat \u00e0 accueillir le public avide de s\u2019initier \u00e0 la culture contemporaine. La d\u00e9fense [&hellip;]<\/p>\n","protected":false},"author":1,"featured_media":0,"parent":1468,"menu_order":0,"comment_status":"closed","ping_status":"closed","template":"onecolumn-page.php","meta":{"ngg_post_thumbnail":0},"_links":{"self":[{"href":"https:\/\/www.artspeculation.net\/index.php?rest_route=\/wp\/v2\/pages\/1475"}],"collection":[{"href":"https:\/\/www.artspeculation.net\/index.php?rest_route=\/wp\/v2\/pages"}],"about":[{"href":"https:\/\/www.artspeculation.net\/index.php?rest_route=\/wp\/v2\/types\/page"}],"author":[{"embeddable":true,"href":"https:\/\/www.artspeculation.net\/index.php?rest_route=\/wp\/v2\/users\/1"}],"replies":[{"embeddable":true,"href":"https:\/\/www.artspeculation.net\/index.php?rest_route=%2Fwp%2Fv2%2Fcomments&post=1475"}],"version-history":[{"count":21,"href":"https:\/\/www.artspeculation.net\/index.php?rest_route=\/wp\/v2\/pages\/1475\/revisions"}],"predecessor-version":[{"id":2169,"href":"https:\/\/www.artspeculation.net\/index.php?rest_route=\/wp\/v2\/pages\/1475\/revisions\/2169"}],"up":[{"embeddable":true,"href":"https:\/\/www.artspeculation.net\/index.php?rest_route=\/wp\/v2\/pages\/1468"}],"wp:attachment":[{"href":"https:\/\/www.artspeculation.net\/index.php?rest_route=%2Fwp%2Fv2%2Fmedia&parent=1475"}],"curies":[{"name":"wp","href":"https:\/\/api.w.org\/{rel}","templated":true}]}}