{"id":1381,"date":"2014-05-26T11:26:24","date_gmt":"2014-05-26T11:26:24","guid":{"rendered":"http:\/\/www.artspeculation.net\/?page_id=1381"},"modified":"2022-04-12T22:17:15","modified_gmt":"2022-04-12T22:17:15","slug":"revolution","status":"publish","type":"page","link":"https:\/\/www.artspeculation.net\/?page_id=1381","title":{"rendered":"R\u00e9volution"},"content":{"rendered":"\n<div class=\"wp-block-columns\">\n<div class=\"wp-block-column\" style=\"flex-basis:100%\">\n<p>\n\n<div class=\"ngg-galleryoverview ngg-slideshow\"\n\t id=\"ngg-slideshow-4d7c491013d0e106c57d1ce6d91d1f2f-18512222140\"\n     data-gallery-id=\"4d7c491013d0e106c57d1ce6d91d1f2f\"\n     style=\"max-width: 800px; max-height: 600px;\">\n\n \t<div id=\"ngg-image-0\" class=\"ngg-gallery-slideshow-image\" style=\"height:600px\">\n\n        <a href=\"https:\/\/www.artspeculation.net\/wp-content\/gallery\/revolution\/revolution1.jpg\"\n           title=\"\"\n           data-src=\"https:\/\/www.artspeculation.net\/wp-content\/gallery\/revolution\/revolution1.jpg\"\n           data-thumbnail=\"https:\/\/www.artspeculation.net\/wp-content\/gallery\/revolution\/thumbs\/thumbs_revolution1.jpg\"\n           data-image-id=\"185\"\n           data-title=\"revolution1\"\n           data-description=\"\"\n           >\n\n            <img data-image-id='185'\n                 title=\"\"\n                 alt=\"revolution1\"\n                 src=\"https:\/\/www.artspeculation.net\/wp-content\/gallery\/revolution\/revolution1.jpg\"\n                 style=\"max-height: 580px;\"\/>\n        <\/a>\n\n        <\/div> \n<div id=\"ngg-image-1\" class=\"ngg-gallery-slideshow-image\" style=\"height:600px\">\n\n        <a href=\"https:\/\/www.artspeculation.net\/wp-content\/gallery\/revolution\/revolution2.jpg\"\n           title=\"\"\n           data-src=\"https:\/\/www.artspeculation.net\/wp-content\/gallery\/revolution\/revolution2.jpg\"\n           data-thumbnail=\"https:\/\/www.artspeculation.net\/wp-content\/gallery\/revolution\/thumbs\/thumbs_revolution2.jpg\"\n           data-image-id=\"186\"\n           data-title=\"revolution2\"\n           data-description=\"\"\n           >\n\n            <img data-image-id='186'\n                 title=\"\"\n                 alt=\"revolution2\"\n                 src=\"https:\/\/www.artspeculation.net\/wp-content\/gallery\/revolution\/revolution2.jpg\"\n                 style=\"max-height: 580px;\"\/>\n        <\/a>\n\n        <\/div> \n<div id=\"ngg-image-2\" class=\"ngg-gallery-slideshow-image\" style=\"height:600px\">\n\n        <a href=\"https:\/\/www.artspeculation.net\/wp-content\/gallery\/revolution\/revolution3.jpg\"\n           title=\"\"\n           data-src=\"https:\/\/www.artspeculation.net\/wp-content\/gallery\/revolution\/revolution3.jpg\"\n           data-thumbnail=\"https:\/\/www.artspeculation.net\/wp-content\/gallery\/revolution\/thumbs\/thumbs_revolution3.jpg\"\n           data-image-id=\"187\"\n           data-title=\"revolution3\"\n           data-description=\"\"\n           >\n\n            <img data-image-id='187'\n                 title=\"\"\n                 alt=\"revolution3\"\n                 src=\"https:\/\/www.artspeculation.net\/wp-content\/gallery\/revolution\/revolution3.jpg\"\n                 style=\"max-height: 580px;\"\/>\n        <\/a>\n\n        <\/div> \n<div id=\"ngg-image-3\" class=\"ngg-gallery-slideshow-image\" style=\"height:600px\">\n\n        <a href=\"https:\/\/www.artspeculation.net\/wp-content\/gallery\/revolution\/revolution4.jpg\"\n           title=\"\"\n           data-src=\"https:\/\/www.artspeculation.net\/wp-content\/gallery\/revolution\/revolution4.jpg\"\n           data-thumbnail=\"https:\/\/www.artspeculation.net\/wp-content\/gallery\/revolution\/thumbs\/thumbs_revolution4.jpg\"\n           data-image-id=\"188\"\n           data-title=\"revolution4\"\n           data-description=\"\"\n           >\n\n            <img data-image-id='188'\n                 title=\"\"\n                 alt=\"revolution4\"\n                 src=\"https:\/\/www.artspeculation.net\/wp-content\/gallery\/revolution\/revolution4.jpg\"\n                 style=\"max-height: 580px;\"\/>\n        <\/a>\n\n        <\/div> \n<div id=\"ngg-image-4\" class=\"ngg-gallery-slideshow-image\" style=\"height:600px\">\n\n        <a href=\"https:\/\/www.artspeculation.net\/wp-content\/gallery\/revolution\/revolution5.jpg\"\n           title=\"\"\n           data-src=\"https:\/\/www.artspeculation.net\/wp-content\/gallery\/revolution\/revolution5.jpg\"\n           data-thumbnail=\"https:\/\/www.artspeculation.net\/wp-content\/gallery\/revolution\/thumbs\/thumbs_revolution5.jpg\"\n           data-image-id=\"189\"\n           data-title=\"revolution5\"\n           data-description=\"\"\n           >\n\n            <img data-image-id='189'\n                 title=\"\"\n                 alt=\"revolution5\"\n                 src=\"https:\/\/www.artspeculation.net\/wp-content\/gallery\/revolution\/revolution5.jpg\"\n                 style=\"max-height: 580px;\"\/>\n        <\/a>\n\n        <\/div> \n<div id=\"ngg-image-5\" class=\"ngg-gallery-slideshow-image\" style=\"height:600px\">\n\n        <a href=\"https:\/\/www.artspeculation.net\/wp-content\/gallery\/revolution\/revolution6.jpg\"\n           title=\"\"\n           data-src=\"https:\/\/www.artspeculation.net\/wp-content\/gallery\/revolution\/revolution6.jpg\"\n           data-thumbnail=\"https:\/\/www.artspeculation.net\/wp-content\/gallery\/revolution\/thumbs\/thumbs_revolution6.jpg\"\n           data-image-id=\"190\"\n           data-title=\"revolution6\"\n           data-description=\"\"\n           >\n\n            <img data-image-id='190'\n                 title=\"\"\n                 alt=\"revolution6\"\n                 src=\"https:\/\/www.artspeculation.net\/wp-content\/gallery\/revolution\/revolution6.jpg\"\n                 style=\"max-height: 580px;\"\/>\n        <\/a>\n\n        <\/div> \n<div id=\"ngg-image-6\" class=\"ngg-gallery-slideshow-image\" style=\"height:600px\">\n\n        <a href=\"https:\/\/www.artspeculation.net\/wp-content\/gallery\/revolution\/revolutionqrcode.jpg\"\n           title=\"\"\n           data-src=\"https:\/\/www.artspeculation.net\/wp-content\/gallery\/revolution\/revolutionqrcode.jpg\"\n           data-thumbnail=\"https:\/\/www.artspeculation.net\/wp-content\/gallery\/revolution\/thumbs\/thumbs_revolutionqrcode.jpg\"\n           data-image-id=\"191\"\n           data-title=\"revolutionqrcode\"\n           data-description=\"\"\n           >\n\n            <img data-image-id='191'\n                 title=\"\"\n                 alt=\"revolutionqrcode\"\n                 src=\"https:\/\/www.artspeculation.net\/wp-content\/gallery\/revolution\/revolutionqrcode.jpg\"\n                 style=\"max-height: 580px;\"\/>\n        <\/a>\n\n        <\/div> \n<\/div>\n\n\n\t\t<!-- Thumbnails Link -->\n\t<div class=\"slideshowlink\" style=\"max-width: 800px;\">\n        <a href='https:\/\/www.artspeculation.net\/index.php\/nggallery\/thumbnails?page_id=1381'><\/a>\n\t<\/div>\n\n<br><strong>R\u00e9volution<\/strong> &nbsp;&nbsp;2014 &#8211; installation dans le cadre du festival \u00ab\u00a0printemps en Seine\u00a0\u00bb de la CREA (Communaut\u00e9 d&rsquo;agglom\u00e9ration Rouen Elbeuf Austreberthe), Halle au pont roulant de D\u00e8ville-l\u00e8s-Rouen &#8211; 10\u00d710 m &#8211; 215 chaises, miroir.<\/p>\n<p><em>\u00c9tonnamment, le mot r\u00e9volution qui signifie \u00ab Mouvement en courbe ferm\u00e9e autour d&rsquo;un axe, dont le point de retour co\u00efncide avec le point de d\u00e9part \u00bb, a \u00e9t\u00e9 \u00e9galement choisi pour d\u00e9signer un changement radical. Ainsi cette polys\u00e9mie peut nous interroger sur les processus r\u00e9volutionnaires : qu\u2019est-ce qui a chang\u00e9 et qu\u2019est-ce qui a \u00e9t\u00e9 conserv\u00e9 ?<br>Cette installation propose la juxtaposition de deux symboles forts : le pont roulant, symbole d\u2019une \u00e9poque industrielle r\u00e9volue, et le QR code, ic\u00f4ne \u00e9sot\u00e9rique de la soci\u00e9t\u00e9 de consommation \u00e0 l\u2019heure du e-commerce, d\u2019internet et des smartphones. Le premier est dans la tourmente, l\u2019outil a \u00e9t\u00e9 d\u00e9localis\u00e9. Le second gagne insidieusement tous les esprits. Les faire se confronter dans un m\u00eame lieu nous invite \u00e0 nous interroger sur ces processus de transformation de la soci\u00e9t\u00e9. Le pont \u00ab roulant \u00bb est l\u00e0 immobile, inutile, pesant, mena\u00e7ant au-dessus d\u2019une installation \u00e9ph\u00e9m\u00e8re et virtuelle.<br>Le message \u00ab Promotion ! \u00bb que d\u00e9livre le QR code form\u00e9 par les chaises est ambivalent : il \u00e9voque \u00e0 la fois un discours mercantile, l\u2019id\u00e9e de la bonne affaire que l\u2019on est sens\u00e9 faire sur Internet, mais \u00e9galement l\u2019\u00e9volution sociale qui nous a men\u00e9 de la r\u00e9volution industrielle \u00e0 la r\u00e9volution informatique.<br>Le labyrinthe que dessinent les chaises dispos\u00e9es dans la salle, cr\u00e9e un cheminement complexe pour arriver au centre de la pi\u00e8ce, rappelant la complexit\u00e9 des applications informatiques dont le param\u00e9trage fait souffrir nombre de contemporain ; parfois des choses a priori simples deviennent tr\u00e8s compliqu\u00e9es. Sur le miroir install\u00e9 dans le labyrinthe est inscrit le mot \u00ab d\u00e9ception \u00bb. Au bout du compte, on se retrouve face \u00e0 soi-m\u00eame et \u00e0 ses repr\u00e9sentations : confront\u00e9s \u00e0 la r\u00e9alit\u00e9, les espoirs projet\u00e9s dans les r\u00e9volutions, les promotions et l\u2019illusion du progr\u00e8s, laissent un go\u00fbt amer.<br>Le ballet du public, avan\u00e7ant sans but dans ce labyrinthe, mais cherchant un sens \u00e0 cela, est peut-\u00eatre \u00e0 l\u2019image de l\u2019homme dans le monde qu\u2019il construit.<\/em><\/p>\n<p>&nbsp;<\/p>\n<p><small>Pour agrandir, cliquez sur l&rsquo;image :<\/small><\/p>\n<p><a class=\"thickbox\" title=\"R\u00e9volution   2014 - installation, 10\u00d710 m - chaises miroir.\" href=\"https:\/\/www.artspeculation.net\/wp-content\/gallery\/revolution\/revolution1.jpg\" rel=\"\"><img class=\"ngg-singlepic ngg-left\" src=\"https:\/\/www.artspeculation.net\/wp-content\/gallery\/revolution\/thumbs\/thumbs_revolution1.jpg\" alt=\"R\u00e9volution\"><\/a><strong>R\u00e9volution<\/strong> &nbsp;&nbsp;2014 &#8211; installation, 10\u00d710 m &#8211; chaises miroir.<\/p>\n<p>&nbsp;<\/p>\n<p><a class=\"thickbox\" title=\"R\u00e9volution   2014 - installation, 10\u00d710 m - chaises miroir.\" href=\"https:\/\/www.artspeculation.net\/wp-content\/gallery\/revolution\/revolution2.jpg\" rel=\"\"><img class=\"ngg-singlepic ngg-left\" src=\"https:\/\/www.artspeculation.net\/wp-content\/gallery\/revolution\/thumbs\/thumbs_revolution2.jpg\" alt=\"R\u00e9volution\"><\/a><strong>R\u00e9volution<\/strong> 2014 &#8211; installation, 10\u00d710 m &#8211; chaises miroir.<\/p>\n<p>&nbsp;<\/p>\n<p><a class=\"thickbox\" title=\"R\u00e9volution   2014 - installation, 10\u00d710 m - chaises miroir.\" href=\"https:\/\/www.artspeculation.net\/wp-content\/gallery\/revolution\/revolution3.jpg\" rel=\"\"><img class=\"ngg-singlepic ngg-left\" src=\"https:\/\/www.artspeculation.net\/wp-content\/gallery\/revolution\/thumbs\/thumbs_revolution3.jpg\" alt=\"R\u00e9volution\"><\/a><strong>R\u00e9volution<\/strong> 2014 &#8211; installation, 10\u00d710 m &#8211; chaises miroir.<\/p>\n<p>&nbsp;<\/p>\n<p><a class=\"thickbox\" title=\"R\u00e9volution   2014 - installation, 10\u00d710 m - chaises miroir.\" href=\"https:\/\/www.artspeculation.net\/wp-content\/gallery\/revolution\/revolution4.jpg\" rel=\"\"><img class=\"ngg-singlepic ngg-left\" src=\"https:\/\/www.artspeculation.net\/wp-content\/gallery\/revolution\/thumbs\/thumbs_revolution4.jpg\" alt=\"R\u00e9volution\"><\/a><strong>R\u00e9volution<\/strong> 2014 &#8211; installation, 10\u00d710 m &#8211; chaises miroir.<\/p>\n<p>&nbsp;<\/p>\n<p><a class=\"thickbox\" title=\"R\u00e9volution   2014 - installation, 10\u00d710 m - chaises miroir.\" href=\"https:\/\/www.artspeculation.net\/wp-content\/gallery\/revolution\/revolution5.jpg\" rel=\"\"><img class=\"ngg-singlepic ngg-left\" src=\"https:\/\/www.artspeculation.net\/wp-content\/gallery\/revolution\/thumbs\/thumbs_revolution5.jpg\" alt=\"R\u00e9volution\"><\/a><strong>R\u00e9volution<\/strong> 2014 &#8211; installation, 10\u00d710 m &#8211; chaises miroir.<\/p>\n<p>&nbsp;<\/p>\n<p><a class=\"thickbox\" title=\"R\u00e9volution   2014 - installation, 10\u00d710 m - chaises miroir.\" href=\"https:\/\/www.artspeculation.net\/wp-content\/gallery\/revolution\/revolution6.jpg\" rel=\"\"><img class=\"ngg-singlepic ngg-left\" src=\"https:\/\/www.artspeculation.net\/wp-content\/gallery\/revolution\/thumbs\/thumbs_revolution6.jpg\" alt=\"R\u00e9volution\"><\/a><strong>R\u00e9volution<\/strong> 2014 &#8211; installation, 10\u00d710 m &#8211; chaises miroir.<\/p>\n<p>&nbsp;<\/p>\n<p>&nbsp;<\/p>\n<p>&nbsp;<\/p>\n<p><a href=\"https:\/\/www.artspeculation.net\/?page_id=34\"> Retour portofolio<\/a><\/p>\n<\/div>\n<\/div>\n","protected":false},"excerpt":{"rendered":"<p>R\u00e9volution &nbsp;&nbsp;2014 &#8211; installation dans le cadre du festival \u00ab\u00a0printemps en Seine\u00a0\u00bb de la CREA (Communaut\u00e9 d&rsquo;agglom\u00e9ration Rouen Elbeuf Austreberthe), Halle au pont roulant de D\u00e8ville-l\u00e8s-Rouen &#8211; 10\u00d710 m &#8211; 215 chaises, miroir. \u00c9tonnamment, le mot r\u00e9volution qui signifie \u00ab Mouvement en courbe ferm\u00e9e autour d&rsquo;un axe, dont le point de retour co\u00efncide avec le [&hellip;]<\/p>\n","protected":false},"author":1,"featured_media":0,"parent":379,"menu_order":0,"comment_status":"closed","ping_status":"closed","template":"onecolumn-page.php","meta":{"ngg_post_thumbnail":0},"_links":{"self":[{"href":"https:\/\/www.artspeculation.net\/index.php?rest_route=\/wp\/v2\/pages\/1381"}],"collection":[{"href":"https:\/\/www.artspeculation.net\/index.php?rest_route=\/wp\/v2\/pages"}],"about":[{"href":"https:\/\/www.artspeculation.net\/index.php?rest_route=\/wp\/v2\/types\/page"}],"author":[{"embeddable":true,"href":"https:\/\/www.artspeculation.net\/index.php?rest_route=\/wp\/v2\/users\/1"}],"replies":[{"embeddable":true,"href":"https:\/\/www.artspeculation.net\/index.php?rest_route=%2Fwp%2Fv2%2Fcomments&post=1381"}],"version-history":[{"count":24,"href":"https:\/\/www.artspeculation.net\/index.php?rest_route=\/wp\/v2\/pages\/1381\/revisions"}],"predecessor-version":[{"id":2908,"href":"https:\/\/www.artspeculation.net\/index.php?rest_route=\/wp\/v2\/pages\/1381\/revisions\/2908"}],"up":[{"embeddable":true,"href":"https:\/\/www.artspeculation.net\/index.php?rest_route=\/wp\/v2\/pages\/379"}],"wp:attachment":[{"href":"https:\/\/www.artspeculation.net\/index.php?rest_route=%2Fwp%2Fv2%2Fmedia&parent=1381"}],"curies":[{"name":"wp","href":"https:\/\/api.w.org\/{rel}","templated":true}]}}