{"id":1327,"date":"2014-03-23T07:06:38","date_gmt":"2014-03-23T07:06:38","guid":{"rendered":"http:\/\/www.artspeculation.net\/?page_id=1327"},"modified":"2022-04-12T22:18:29","modified_gmt":"2022-04-12T22:18:29","slug":"speculation-sur-produits-devives","status":"publish","type":"page","link":"https:\/\/www.artspeculation.net\/?page_id=1327","title":{"rendered":"Sp\u00e9culation sur produits d\u00e9riv\u00e9s"},"content":{"rendered":"\n<div class=\"wp-block-columns\">\n<div class=\"wp-block-column\" style=\"flex-basis:100%\">\n<p>2014 &#8211; installation &#8211; Distributeur automatique, p\u00e2te tricolore<\/p>\n<p>\n\n<div class=\"ngg-galleryoverview ngg-slideshow\"\n\t id=\"ngg-slideshow-08c8015bb0cf0b48dac0adf5cd826fb1-9842248000\"\n     data-gallery-id=\"08c8015bb0cf0b48dac0adf5cd826fb1\"\n     style=\"max-width: 800px; max-height: 600px;\">\n\n \t<div id=\"ngg-image-0\" class=\"ngg-gallery-slideshow-image\" style=\"height:600px\">\n\n        <a href=\"https:\/\/www.artspeculation.net\/wp-content\/gallery\/produit-derive\/produitderive.jpg\"\n           title=\"\"\n           data-src=\"https:\/\/www.artspeculation.net\/wp-content\/gallery\/produit-derive\/produitderive.jpg\"\n           data-thumbnail=\"https:\/\/www.artspeculation.net\/wp-content\/gallery\/produit-derive\/thumbs\/thumbs_produitderive.jpg\"\n           data-image-id=\"183\"\n           data-title=\"produitderive\"\n           data-description=\"\"\n           >\n\n            <img data-image-id='183'\n                 title=\"\"\n                 alt=\"produitderive\"\n                 src=\"https:\/\/www.artspeculation.net\/wp-content\/gallery\/produit-derive\/produitderive.jpg\"\n                 style=\"max-height: 580px;\"\/>\n        <\/a>\n\n        <\/div> \n<\/div>\n\n\n\t\t<!-- Thumbnails Link -->\n\t<div class=\"slideshowlink\" style=\"max-width: 800px;\">\n        <a href='https:\/\/www.artspeculation.net\/index.php\/nggallery\/thumbnails?page_id=1327'><\/a>\n\t<\/div>\n\n<br><em>L&rsquo;actualit\u00e9 est foisonnante : aujourd&rsquo;hui c&rsquo;est jour de vote, les affaires finissent de ruiner la cr\u00e9dibilit\u00e9 de nos hommes politiques, la Russie s&rsquo;appr\u00eate \u00e0 annexer la Crim\u00e9e, un avion a disparu, des manifestations en Espagne d\u00e9noncent l&rsquo;urgence sociale &#8230; On ne parle plus de la crise : quelle crise ?<\/em><\/p>\n<p><em>Dormez, on s&rsquo;occupe de tout.<\/em><\/p>\n<p>&nbsp;<\/p>\n<p><small>Pour agrandir, cliquez sur l&rsquo;image :<\/small><\/p>\n<p><a class=\"thickbox\" title=\"Sp\u00e9culation sur produits d\u00e9riv\u00e9s   2014 - installation - Distributeur automatique, p\u00e2te tricolore\" href=\"https:\/\/www.artspeculation.net\/wp-content\/gallery\/produit-derive\/produitderive.jpg\" rel=\"\"><img class=\"ngg-singlepic ngg-left\" src=\"https:\/\/www.artspeculation.net\/wp-content\/gallery\/produit-derive\/thumbs\/thumbs_produitderive.jpg\" alt=\"Sp\u00e9culation sur produits d\u00e9riv\u00e9s\"><\/a><strong>Sp\u00e9culation sur produits d\u00e9riv\u00e9s<\/strong> &nbsp;&nbsp;2014 &#8211; installation &#8211; Distributeur automatique, p\u00e2te tricolore.<\/p>\n<p>&nbsp;<\/p>\n<p>&nbsp;<\/p>\n<p><a href=\"https:\/\/www.artspeculation.net\/?page_id=34\"> Retour portofolio<\/a><\/p>\n<\/div>\n<\/div>\n","protected":false},"excerpt":{"rendered":"<p>2014 &#8211; installation &#8211; Distributeur automatique, p\u00e2te tricolore L&rsquo;actualit\u00e9 est foisonnante : aujourd&rsquo;hui c&rsquo;est jour de vote, les affaires finissent de ruiner la cr\u00e9dibilit\u00e9 de nos hommes politiques, la Russie s&rsquo;appr\u00eate \u00e0 annexer la Crim\u00e9e, un avion a disparu, des manifestations en Espagne d\u00e9noncent l&rsquo;urgence sociale &#8230; On ne parle plus de la crise : [&hellip;]<\/p>\n","protected":false},"author":1,"featured_media":0,"parent":379,"menu_order":0,"comment_status":"closed","ping_status":"closed","template":"onecolumn-page.php","meta":{"ngg_post_thumbnail":0},"_links":{"self":[{"href":"https:\/\/www.artspeculation.net\/index.php?rest_route=\/wp\/v2\/pages\/1327"}],"collection":[{"href":"https:\/\/www.artspeculation.net\/index.php?rest_route=\/wp\/v2\/pages"}],"about":[{"href":"https:\/\/www.artspeculation.net\/index.php?rest_route=\/wp\/v2\/types\/page"}],"author":[{"embeddable":true,"href":"https:\/\/www.artspeculation.net\/index.php?rest_route=\/wp\/v2\/users\/1"}],"replies":[{"embeddable":true,"href":"https:\/\/www.artspeculation.net\/index.php?rest_route=%2Fwp%2Fv2%2Fcomments&post=1327"}],"version-history":[{"count":12,"href":"https:\/\/www.artspeculation.net\/index.php?rest_route=\/wp\/v2\/pages\/1327\/revisions"}],"predecessor-version":[{"id":2912,"href":"https:\/\/www.artspeculation.net\/index.php?rest_route=\/wp\/v2\/pages\/1327\/revisions\/2912"}],"up":[{"embeddable":true,"href":"https:\/\/www.artspeculation.net\/index.php?rest_route=\/wp\/v2\/pages\/379"}],"wp:attachment":[{"href":"https:\/\/www.artspeculation.net\/index.php?rest_route=%2Fwp%2Fv2%2Fmedia&parent=1327"}],"curies":[{"name":"wp","href":"https:\/\/api.w.org\/{rel}","templated":true}]}}