{"id":1288,"date":"2013-11-25T13:04:09","date_gmt":"2013-11-25T13:04:09","guid":{"rendered":"http:\/\/www.artspeculation.net\/?page_id=1288"},"modified":"2022-04-12T22:20:01","modified_gmt":"2022-04-12T22:20:01","slug":"soyons-fous","status":"publish","type":"page","link":"https:\/\/www.artspeculation.net\/?page_id=1288","title":{"rendered":"Soyons fous !"},"content":{"rendered":"\n<div class=\"wp-block-columns\">\n<div class=\"wp-block-column\" style=\"flex-basis:100%\">\n<p>\n\n<div class=\"ngg-galleryoverview ngg-slideshow\"\n\t id=\"ngg-slideshow-ff37f51eb1d1419172dde1273a418dae-7637512290\"\n     data-gallery-id=\"ff37f51eb1d1419172dde1273a418dae\"\n     style=\"max-width: 800px; max-height: 600px;\">\n\n \t<div id=\"ngg-image-0\" class=\"ngg-gallery-slideshow-image\" style=\"height:600px\">\n\n        <a href=\"https:\/\/www.artspeculation.net\/wp-content\/gallery\/soyons-fous\/soyonsfous.jpg\"\n           title=\"\"\n           data-src=\"https:\/\/www.artspeculation.net\/wp-content\/gallery\/soyons-fous\/soyonsfous.jpg\"\n           data-thumbnail=\"https:\/\/www.artspeculation.net\/wp-content\/gallery\/soyons-fous\/thumbs\/thumbs_soyonsfous.jpg\"\n           data-image-id=\"180\"\n           data-title=\"soyonsfous\"\n           data-description=\"\"\n           >\n\n            <img data-image-id='180'\n                 title=\"\"\n                 alt=\"soyonsfous\"\n                 src=\"https:\/\/www.artspeculation.net\/wp-content\/gallery\/soyons-fous\/soyonsfous.jpg\"\n                 style=\"max-height: 580px;\"\/>\n        <\/a>\n\n        <\/div> \n<div id=\"ngg-image-1\" class=\"ngg-gallery-slideshow-image\" style=\"height:600px\">\n\n        <a href=\"https:\/\/www.artspeculation.net\/wp-content\/gallery\/soyons-fous\/soyonsfousdetail.jpg\"\n           title=\"\"\n           data-src=\"https:\/\/www.artspeculation.net\/wp-content\/gallery\/soyons-fous\/soyonsfousdetail.jpg\"\n           data-thumbnail=\"https:\/\/www.artspeculation.net\/wp-content\/gallery\/soyons-fous\/thumbs\/thumbs_soyonsfousdetail.jpg\"\n           data-image-id=\"181\"\n           data-title=\"soyonsfousdetail\"\n           data-description=\"\"\n           >\n\n            <img data-image-id='181'\n                 title=\"\"\n                 alt=\"soyonsfousdetail\"\n                 src=\"https:\/\/www.artspeculation.net\/wp-content\/gallery\/soyons-fous\/soyonsfousdetail.jpg\"\n                 style=\"max-height: 580px;\"\/>\n        <\/a>\n\n        <\/div> \n<\/div>\n\n\n\t\t<!-- Thumbnails Link -->\n\t<div class=\"slideshowlink\" style=\"max-width: 800px;\">\n        <a href='https:\/\/www.artspeculation.net\/index.php\/nggallery\/thumbnails?page_id=1288'><\/a>\n\t<\/div>\n\n<br><strong>Soyons fous !<\/strong> &nbsp;&nbsp;2013 &#8211; 60x60x60cm &#8211; bavoir d\u2019enfant en coton teint en vert, point de croix en fil de coton blanc, singe en peluche blanc.<br><br><em>La transmission culturelle pendant l\u2019enfance concerne les savoirs et les usages permettant d&rsquo;\u00eatre reconnu par le groupe. Mais qu&rsquo;en est-il de la dimension psychologique&nbsp;?<br>On observe un d\u00e9calage immense entre notre capacit\u00e9 \u00e0 analyser les probl\u00e8mes &#8211; soci\u00e9taux, environnementaux, relationnels \u2026- et celle \u00e0 mettre en \u0153uvre des mesures rationnelles pour les r\u00e9soudre, d\u00e8s que l\u2019on d\u00e9passe des probl\u00e8mes \u00e9l\u00e9mentaires.<br>On partage tous l\u2019id\u00e9e que l\u2019homme est responsable de l\u2019avenir de la plan\u00e8te. Et pourtant, si nos savoirs et notre puissance d\u2019agir sont immens\u00e9ment plus d\u00e9velopp\u00e9s que ceux du singe, psychologiquement parlant nous ne sommes pas tr\u00e8s diff\u00e9rents. Alors, sommes-nous en droit et est-il raisonnable de s\u2019arroger cette responsabilit\u00e9 ?<br>Pour commander un Big Mac ou d\u00e9truire l\u2019humanit\u00e9, il suffit d\u2019appuyer sur un bouton.<br>\u00ab On ne nait pas Homme, on le devient \u00bb nous disait d\u00e9j\u00e0 Erasme. Mais esp\u00e8re-t-on encore un jour le devenir ?<\/em><br><br><br><small>Pour agrandir, cliquez sur l&rsquo;image :<\/small><\/p>\n<p><a class=\"thickbox\" title=\"Soyons fous !   2013 - 60x60x60cm - bavoir d\u2019enfant en coton teint en vert, point de croix en fil de coton blanc, singe en peluche blanc.\" href=\"https:\/\/www.artspeculation.net\/wp-content\/gallery\/soyons-fous\/soyonsfous.jpg\" rel=\"\"><img class=\"ngg-singlepic ngg-left\" src=\"https:\/\/www.artspeculation.net\/wp-content\/gallery\/soyons-fous\/thumbs\/thumbs_soyonsfous.jpg\" alt=\"Soyons fous !\"><\/a><strong>Soyons fous !<\/strong> &nbsp;&nbsp;2013 &#8211; 60x60x60cm &#8211; bavoir d\u2019enfant en coton teint en vert, point de croix en fil de coton blanc, singe en peluche blanc.<br><br><br><a class=\"thickbox\" title=\"Soyons fous ! (d\u00e9tail)   bavoir d\u2019enfant en coton teint en vert, point de croix en fil de coton blanc, singe en peluche blanc.\" href=\"https:\/\/www.artspeculation.net\/wp-content\/gallery\/soyons-fous\/soyonsfousdetail.jpg\" rel=\"\"><img class=\"ngg-singlepic ngg-left\" src=\"https:\/\/www.artspeculation.net\/wp-content\/gallery\/soyons-fous\/thumbs\/thumbs_soyonsfousdetail.jpg\" alt=\"Soyons fous ! (d\u00e9tail)\"><\/a><strong>Soyons fous !<\/strong> d\u00e9tail &nbsp;&nbsp;2013 &#8211; 60x60x60cm &#8211; bavoir d\u2019enfant en coton teint en vert, point de croix en fil de coton blanc, singe en peluche blanc.<br><br><br><br><br><\/p>\n<p><a href=\"https:\/\/www.artspeculation.net\/?page_id=34\"> Retour portofolio<\/a><\/p>\n<\/div>\n<\/div>\n","protected":false},"excerpt":{"rendered":"<p>Soyons fous ! &nbsp;&nbsp;2013 &#8211; 60x60x60cm &#8211; bavoir d\u2019enfant en coton teint en vert, point de croix en fil de coton blanc, singe en peluche blanc. La transmission culturelle pendant l\u2019enfance concerne les savoirs et les usages permettant d&rsquo;\u00eatre reconnu par le groupe. Mais qu&rsquo;en est-il de la dimension psychologique&nbsp;?On observe un d\u00e9calage immense entre [&hellip;]<\/p>\n","protected":false},"author":1,"featured_media":0,"parent":379,"menu_order":0,"comment_status":"closed","ping_status":"closed","template":"onecolumn-page.php","meta":{"ngg_post_thumbnail":0},"_links":{"self":[{"href":"https:\/\/www.artspeculation.net\/index.php?rest_route=\/wp\/v2\/pages\/1288"}],"collection":[{"href":"https:\/\/www.artspeculation.net\/index.php?rest_route=\/wp\/v2\/pages"}],"about":[{"href":"https:\/\/www.artspeculation.net\/index.php?rest_route=\/wp\/v2\/types\/page"}],"author":[{"embeddable":true,"href":"https:\/\/www.artspeculation.net\/index.php?rest_route=\/wp\/v2\/users\/1"}],"replies":[{"embeddable":true,"href":"https:\/\/www.artspeculation.net\/index.php?rest_route=%2Fwp%2Fv2%2Fcomments&post=1288"}],"version-history":[{"count":13,"href":"https:\/\/www.artspeculation.net\/index.php?rest_route=\/wp\/v2\/pages\/1288\/revisions"}],"predecessor-version":[{"id":2916,"href":"https:\/\/www.artspeculation.net\/index.php?rest_route=\/wp\/v2\/pages\/1288\/revisions\/2916"}],"up":[{"embeddable":true,"href":"https:\/\/www.artspeculation.net\/index.php?rest_route=\/wp\/v2\/pages\/379"}],"wp:attachment":[{"href":"https:\/\/www.artspeculation.net\/index.php?rest_route=%2Fwp%2Fv2%2Fmedia&parent=1288"}],"curies":[{"name":"wp","href":"https:\/\/api.w.org\/{rel}","templated":true}]}}