{"id":1274,"date":"2013-11-10T23:13:46","date_gmt":"2013-11-10T23:13:46","guid":{"rendered":"http:\/\/www.artspeculation.net\/?page_id=1274"},"modified":"2022-04-12T22:20:46","modified_gmt":"2022-04-12T22:20:46","slug":"fiction-nationale","status":"publish","type":"page","link":"https:\/\/www.artspeculation.net\/?page_id=1274","title":{"rendered":"Fiction nationale"},"content":{"rendered":"\n<div class=\"wp-block-columns\">\n<div class=\"wp-block-column\" style=\"flex-basis:100%\">\n<p>\n\n<div class=\"ngg-galleryoverview ngg-slideshow\"\n\t id=\"ngg-slideshow-c00524513e0ada04545e9a156536d164-18112857210\"\n     data-gallery-id=\"c00524513e0ada04545e9a156536d164\"\n     style=\"max-width: 800px; max-height: 600px;\">\n\n \t<div id=\"ngg-image-0\" class=\"ngg-gallery-slideshow-image\" style=\"height:600px\">\n\n        <a href=\"https:\/\/www.artspeculation.net\/wp-content\/gallery\/fictionnationale\/fictionnationale.jpg\"\n           title=\"\"\n           data-src=\"https:\/\/www.artspeculation.net\/wp-content\/gallery\/fictionnationale\/fictionnationale.jpg\"\n           data-thumbnail=\"https:\/\/www.artspeculation.net\/wp-content\/gallery\/fictionnationale\/thumbs\/thumbs_fictionnationale.jpg\"\n           data-image-id=\"179\"\n           data-title=\"fictionnationale\"\n           data-description=\"\"\n           >\n\n            <img data-image-id='179'\n                 title=\"\"\n                 alt=\"fictionnationale\"\n                 src=\"https:\/\/www.artspeculation.net\/wp-content\/gallery\/fictionnationale\/fictionnationale.jpg\"\n                 style=\"max-height: 580px;\"\/>\n        <\/a>\n\n        <\/div> \n<\/div>\n\n\n\t\t<!-- Thumbnails Link -->\n\t<div class=\"slideshowlink\" style=\"max-width: 800px;\">\n        <a href='https:\/\/www.artspeculation.net\/index.php\/nggallery\/thumbnails?page_id=1274'><\/a>\n\t<\/div>\n\n<br><strong>Fiction nationale<\/strong> 2013 &#8211; 100x100cm &#8211; tirage photographique.<br><span style=\"color: white;\">art speculation<\/span><br><em>La tour Eiffel, monument \u00e0 la gloire de l\u2019industrie fran\u00e7aise, devenue, pour l\u2019\u00e9tranger, l\u2019embl\u00e8me de Paris et de la France. Arch\u00e9type du p\u00e9lerinage touristique incontournable. Caricature de la nostalgie d\u2019une grande histoire, fabriqu\u00e9e aujourd\u2019hui en s\u00e9rie en Chine et vendue \u00e0 la sauvette par des immigr\u00e9s sans papiers, \u00e0 des touristes du monde entier.<\/em><\/p>\n<p>&nbsp;<\/p>\n<p><small>Pour agrandir, cliquez sur l&rsquo;image :<\/small><\/p>\n<p><a class=\"thickbox\" title=\"Fiction nationale   2013 - 100x100cm - tirage photographique.\" href=\"https:\/\/www.artspeculation.net\/wp-content\/gallery\/fictionnationale\/fictionnationale.jpg\" rel=\"\"><img class=\"ngg-singlepic ngg-left\" src=\"https:\/\/www.artspeculation.net\/wp-content\/gallery\/fictionnationale\/thumbs\/thumbs_fictionnationale.jpg\" alt=\"Tri s\u00e9lectif\"><\/a><strong>Fiction nationale<\/strong> 2013 &#8211; 100x100cm &#8211; tirage photographique.<\/p>\n<p>&nbsp;<\/p>\n<p>&nbsp;<\/p>\n<p><a href=\"https:\/\/www.artspeculation.net\/?page_id=34\"> Retour portofolio<\/a><\/p>\n<\/div>\n<\/div>\n","protected":false},"excerpt":{"rendered":"<p>Fiction nationale 2013 &#8211; 100x100cm &#8211; tirage photographique.art speculationLa tour Eiffel, monument \u00e0 la gloire de l\u2019industrie fran\u00e7aise, devenue, pour l\u2019\u00e9tranger, l\u2019embl\u00e8me de Paris et de la France. Arch\u00e9type du p\u00e9lerinage touristique incontournable. Caricature de la nostalgie d\u2019une grande histoire, fabriqu\u00e9e aujourd\u2019hui en s\u00e9rie en Chine et vendue \u00e0 la sauvette par des immigr\u00e9s sans [&hellip;]<\/p>\n","protected":false},"author":1,"featured_media":0,"parent":1351,"menu_order":0,"comment_status":"closed","ping_status":"closed","template":"onecolumn-page.php","meta":{"ngg_post_thumbnail":0},"_links":{"self":[{"href":"https:\/\/www.artspeculation.net\/index.php?rest_route=\/wp\/v2\/pages\/1274"}],"collection":[{"href":"https:\/\/www.artspeculation.net\/index.php?rest_route=\/wp\/v2\/pages"}],"about":[{"href":"https:\/\/www.artspeculation.net\/index.php?rest_route=\/wp\/v2\/types\/page"}],"author":[{"embeddable":true,"href":"https:\/\/www.artspeculation.net\/index.php?rest_route=\/wp\/v2\/users\/1"}],"replies":[{"embeddable":true,"href":"https:\/\/www.artspeculation.net\/index.php?rest_route=%2Fwp%2Fv2%2Fcomments&post=1274"}],"version-history":[{"count":9,"href":"https:\/\/www.artspeculation.net\/index.php?rest_route=\/wp\/v2\/pages\/1274\/revisions"}],"predecessor-version":[{"id":2918,"href":"https:\/\/www.artspeculation.net\/index.php?rest_route=\/wp\/v2\/pages\/1274\/revisions\/2918"}],"up":[{"embeddable":true,"href":"https:\/\/www.artspeculation.net\/index.php?rest_route=\/wp\/v2\/pages\/1351"}],"wp:attachment":[{"href":"https:\/\/www.artspeculation.net\/index.php?rest_route=%2Fwp%2Fv2%2Fmedia&parent=1274"}],"curies":[{"name":"wp","href":"https:\/\/api.w.org\/{rel}","templated":true}]}}