{"id":1269,"date":"2013-11-10T23:03:39","date_gmt":"2013-11-10T23:03:39","guid":{"rendered":"http:\/\/www.artspeculation.net\/?page_id=1269"},"modified":"2022-04-12T22:21:27","modified_gmt":"2022-04-12T22:21:27","slug":"feux-tricolores","status":"publish","type":"page","link":"https:\/\/www.artspeculation.net\/?page_id=1269","title":{"rendered":"Feux tricolores"},"content":{"rendered":"\n<div class=\"wp-block-columns\">\n<div class=\"wp-block-column\" style=\"flex-basis:100%\">\n<p>\n\n<div class=\"ngg-galleryoverview ngg-slideshow\"\n\t id=\"ngg-slideshow-57b1a422b4c777c0187cc708c89fcac4-20606319240\"\n     data-gallery-id=\"57b1a422b4c777c0187cc708c89fcac4\"\n     style=\"max-width: 800px; max-height: 600px;\">\n\n \t<div id=\"ngg-image-0\" class=\"ngg-gallery-slideshow-image\" style=\"height:600px\">\n\n        <a href=\"https:\/\/www.artspeculation.net\/wp-content\/gallery\/feuxtricolores\/feuxtricolores.jpg\"\n           title=\"\"\n           data-src=\"https:\/\/www.artspeculation.net\/wp-content\/gallery\/feuxtricolores\/feuxtricolores.jpg\"\n           data-thumbnail=\"https:\/\/www.artspeculation.net\/wp-content\/gallery\/feuxtricolores\/thumbs\/thumbs_feuxtricolores.jpg\"\n           data-image-id=\"178\"\n           data-title=\"feuxtricolores\"\n           data-description=\"\"\n           >\n\n            <img data-image-id='178'\n                 title=\"\"\n                 alt=\"feuxtricolores\"\n                 src=\"https:\/\/www.artspeculation.net\/wp-content\/gallery\/feuxtricolores\/feuxtricolores.jpg\"\n                 style=\"max-height: 580px;\"\/>\n        <\/a>\n\n        <\/div> \n<\/div>\n\n\n\t\t<!-- Thumbnails Link -->\n\t<div class=\"slideshowlink\" style=\"max-width: 800px;\">\n        <a href='https:\/\/www.artspeculation.net\/index.php\/nggallery\/thumbnails?page_id=1269'><\/a>\n\t<\/div>\n\n<br><strong>Feux tricolores<\/strong> 2013 &#8211; 120x90cm &#8211; tirage photographique.<\/p>\n<p><em>Au centre de Paris une voie majestueuse joint deux arcs de triomphe qui font toujours l&rsquo;admiration des foules. Sur l&rsquo;un le guerrier parade en imperator, l&rsquo;autre est d\u00e9di\u00e9 \u00e0 la gloire de son arm\u00e9e et aux victoires remport\u00e9es. La guerre port\u00e9e en triomphe. La guerre comme fin en soi. La nation s&rsquo;est b\u00e2tie sur la conqu\u00eate de nouveaux territoires. Aujourd&rsquo;hui, ce sont les victoires sportives qui sont f\u00eat\u00e9es sur les Champs.<br>Le nationalisme est-il autre chose qu\u2019une r\u00e9action de refus na\u00eff, angoiss\u00e9, \u00e0 contre sens, de l\u2019\u00e9volution de la soci\u00e9t\u00e9. La peur de l\u2019avenir, l\u2019angoisse de voir \u00e9voluer son environnement, le monde, sont des constante humaines qui ressurgissent d\u2019autant plus violemment que cette \u00e9volution est rapide.<br><\/em><\/p>\n<p>&nbsp;<\/p>\n<p><small>Pour agrandir, cliquez sur l&rsquo;image :<\/small><\/p>\n<p><a class=\"thickbox\" title=\"Feux tricolores   2013 - 120x90cm - tirage photographique.\" href=\"https:\/\/www.artspeculation.net\/wp-content\/gallery\/feuxtricolores\/feuxtricolores.jpg\" rel=\"\"><img class=\"ngg-singlepic ngg-left\" src=\"https:\/\/www.artspeculation.net\/wp-content\/gallery\/feuxtricolores\/thumbs\/thumbs_feuxtricolores.jpg\" alt=\"Feux tricolores\"><\/a><strong>Feux tricolores<\/strong> 2013 &#8211; 120x90cm &#8211; tirage photographique.<\/p>\n<p>&nbsp;<\/p>\n<p>&nbsp;<\/p>\n<p><a href=\"https:\/\/www.artspeculation.net\/?page_id=34\"> Retour portofolio<\/a><\/p>\n<\/div>\n<\/div>\n","protected":false},"excerpt":{"rendered":"<p>Feux tricolores 2013 &#8211; 120x90cm &#8211; tirage photographique. Au centre de Paris une voie majestueuse joint deux arcs de triomphe qui font toujours l&rsquo;admiration des foules. Sur l&rsquo;un le guerrier parade en imperator, l&rsquo;autre est d\u00e9di\u00e9 \u00e0 la gloire de son arm\u00e9e et aux victoires remport\u00e9es. La guerre port\u00e9e en triomphe. La guerre comme fin [&hellip;]<\/p>\n","protected":false},"author":1,"featured_media":0,"parent":1351,"menu_order":0,"comment_status":"closed","ping_status":"closed","template":"onecolumn-page.php","meta":{"ngg_post_thumbnail":0},"_links":{"self":[{"href":"https:\/\/www.artspeculation.net\/index.php?rest_route=\/wp\/v2\/pages\/1269"}],"collection":[{"href":"https:\/\/www.artspeculation.net\/index.php?rest_route=\/wp\/v2\/pages"}],"about":[{"href":"https:\/\/www.artspeculation.net\/index.php?rest_route=\/wp\/v2\/types\/page"}],"author":[{"embeddable":true,"href":"https:\/\/www.artspeculation.net\/index.php?rest_route=\/wp\/v2\/users\/1"}],"replies":[{"embeddable":true,"href":"https:\/\/www.artspeculation.net\/index.php?rest_route=%2Fwp%2Fv2%2Fcomments&post=1269"}],"version-history":[{"count":7,"href":"https:\/\/www.artspeculation.net\/index.php?rest_route=\/wp\/v2\/pages\/1269\/revisions"}],"predecessor-version":[{"id":2920,"href":"https:\/\/www.artspeculation.net\/index.php?rest_route=\/wp\/v2\/pages\/1269\/revisions\/2920"}],"up":[{"embeddable":true,"href":"https:\/\/www.artspeculation.net\/index.php?rest_route=\/wp\/v2\/pages\/1351"}],"wp:attachment":[{"href":"https:\/\/www.artspeculation.net\/index.php?rest_route=%2Fwp%2Fv2%2Fmedia&parent=1269"}],"curies":[{"name":"wp","href":"https:\/\/api.w.org\/{rel}","templated":true}]}}