{"id":1261,"date":"2013-11-10T22:45:53","date_gmt":"2013-11-10T22:45:53","guid":{"rendered":"http:\/\/www.artspeculation.net\/?page_id=1261"},"modified":"2022-04-12T22:22:28","modified_gmt":"2022-04-12T22:22:28","slug":"tri-selectif","status":"publish","type":"page","link":"https:\/\/www.artspeculation.net\/?page_id=1261","title":{"rendered":"Tri s\u00e9lectif"},"content":{"rendered":"\n<div class=\"wp-block-columns\">\n<div class=\"wp-block-column\" style=\"flex-basis:100%\">\n<p>\n\n<div class=\"ngg-galleryoverview ngg-slideshow\"\n\t id=\"ngg-slideshow-5a20bbcc7f8fb7f9d3965e26d3e5ac23-16249365750\"\n     data-gallery-id=\"5a20bbcc7f8fb7f9d3965e26d3e5ac23\"\n     style=\"max-width: 800px; max-height: 600px;\">\n\n \t<div id=\"ngg-image-0\" class=\"ngg-gallery-slideshow-image\" style=\"height:600px\">\n\n        <a href=\"https:\/\/www.artspeculation.net\/wp-content\/gallery\/tri-selectif\/triselectif.jpg\"\n           title=\"\"\n           data-src=\"https:\/\/www.artspeculation.net\/wp-content\/gallery\/tri-selectif\/triselectif.jpg\"\n           data-thumbnail=\"https:\/\/www.artspeculation.net\/wp-content\/gallery\/tri-selectif\/thumbs\/thumbs_triselectif.jpg\"\n           data-image-id=\"177\"\n           data-title=\"triselectif\"\n           data-description=\"\"\n           >\n\n            <img data-image-id='177'\n                 title=\"\"\n                 alt=\"triselectif\"\n                 src=\"https:\/\/www.artspeculation.net\/wp-content\/gallery\/tri-selectif\/triselectif.jpg\"\n                 style=\"max-height: 580px;\"\/>\n        <\/a>\n\n        <\/div> \n<\/div>\n\n\n\t\t<!-- Thumbnails Link -->\n\t<div class=\"slideshowlink\" style=\"max-width: 800px;\">\n        <a href='https:\/\/www.artspeculation.net\/index.php\/nggallery\/thumbnails?page_id=1261'><\/a>\n\t<\/div>\n\n<br><strong>Tri s\u00e9lectif<\/strong> &nbsp;&nbsp;2013 &#8211; 120x90cm &#8211; tirage photographique.<\/p>\n<p><em>N&rsquo;OUBLIONS PAS<br>THOMAS MALTHUS<\/em><\/p>\n<p><em>Thomas Robert Malthus, 1761 &#8211; 1834, est un \u00e9conomiste connu pour ses travaux sur les rapports entre les dynamiques de croissance de la population et la production. Le malthusianisme inclut une politique active de contr\u00f4le de la croissance de la population.<br>Avant la guerre de 14-18, les morts ne comptaient pas. Les g\u00e9nocides, les guerres, les \u00e9pid\u00e9mies, la pauvret\u00e9 frappaient durement les populations. Aujourd&rsquo;hui, les milliards d&rsquo;humains disposent de moyens efficaces pour \u00e9puiser la plan\u00e8te et la population globale est toujours en expansion.<br><\/em><\/p>\n<p>&nbsp;<\/p>\n<p><small>Pour agrandir, cliquez sur l&rsquo;image :<\/small><\/p>\n<p><a class=\"thickbox\" title=\"Tri s\u00e9lectif   2013 - 120x90cm - tirage photographique.\" href=\"https:\/\/www.artspeculation.net\/wp-content\/gallery\/tri-selectif\/triselectif.jpg\" rel=\"\"><img class=\"ngg-singlepic ngg-left\" src=\"https:\/\/www.artspeculation.net\/wp-content\/gallery\/tri-selectif\/thumbs\/thumbs_triselectif.jpg\" alt=\"Tri s\u00e9lectif\"><\/a><strong>Tri s\u00e9lectif<\/strong> &nbsp;&nbsp;2013 &#8211; 120x90cm &#8211; tirage photographique.<\/p>\n<p>&nbsp;<\/p>\n<p>&nbsp;<\/p>\n<p><a href=\"https:\/\/www.artspeculation.net\/?page_id=34\"> Retour portofolio<\/a><\/p>\n<\/div>\n<\/div>\n","protected":false},"excerpt":{"rendered":"<p>Tri s\u00e9lectif &nbsp;&nbsp;2013 &#8211; 120x90cm &#8211; tirage photographique. N&rsquo;OUBLIONS PASTHOMAS MALTHUS Thomas Robert Malthus, 1761 &#8211; 1834, est un \u00e9conomiste connu pour ses travaux sur les rapports entre les dynamiques de croissance de la population et la production. Le malthusianisme inclut une politique active de contr\u00f4le de la croissance de la population.Avant la guerre de [&hellip;]<\/p>\n","protected":false},"author":1,"featured_media":0,"parent":1408,"menu_order":0,"comment_status":"closed","ping_status":"closed","template":"onecolumn-page.php","meta":{"ngg_post_thumbnail":0},"_links":{"self":[{"href":"https:\/\/www.artspeculation.net\/index.php?rest_route=\/wp\/v2\/pages\/1261"}],"collection":[{"href":"https:\/\/www.artspeculation.net\/index.php?rest_route=\/wp\/v2\/pages"}],"about":[{"href":"https:\/\/www.artspeculation.net\/index.php?rest_route=\/wp\/v2\/types\/page"}],"author":[{"embeddable":true,"href":"https:\/\/www.artspeculation.net\/index.php?rest_route=\/wp\/v2\/users\/1"}],"replies":[{"embeddable":true,"href":"https:\/\/www.artspeculation.net\/index.php?rest_route=%2Fwp%2Fv2%2Fcomments&post=1261"}],"version-history":[{"count":11,"href":"https:\/\/www.artspeculation.net\/index.php?rest_route=\/wp\/v2\/pages\/1261\/revisions"}],"predecessor-version":[{"id":2922,"href":"https:\/\/www.artspeculation.net\/index.php?rest_route=\/wp\/v2\/pages\/1261\/revisions\/2922"}],"up":[{"embeddable":true,"href":"https:\/\/www.artspeculation.net\/index.php?rest_route=\/wp\/v2\/pages\/1408"}],"wp:attachment":[{"href":"https:\/\/www.artspeculation.net\/index.php?rest_route=%2Fwp%2Fv2%2Fmedia&parent=1261"}],"curies":[{"name":"wp","href":"https:\/\/api.w.org\/{rel}","templated":true}]}}