{"id":1222,"date":"2013-09-26T14:31:35","date_gmt":"2013-09-26T14:31:35","guid":{"rendered":"http:\/\/www.artspeculation.net\/?page_id=1222"},"modified":"2022-04-12T22:24:31","modified_gmt":"2022-04-12T22:24:31","slug":"r-a-f-rien-a-foutre","status":"publish","type":"page","link":"https:\/\/www.artspeculation.net\/?page_id=1222","title":{"rendered":"R.A.F. (Rien A Foutre)"},"content":{"rendered":"\n<div class=\"wp-block-columns\">\n<div class=\"wp-block-column\" style=\"flex-basis:100%\">\n<p>\n\n<div class=\"ngg-galleryoverview ngg-slideshow\"\n\t id=\"ngg-slideshow-730d84389c09cd9a5ead02cc747c40a8-13872207510\"\n     data-gallery-id=\"730d84389c09cd9a5ead02cc747c40a8\"\n     style=\"max-width: 800px; max-height: 600px;\">\n\n \t<div id=\"ngg-image-0\" class=\"ngg-gallery-slideshow-image\" style=\"height:600px\">\n\n        <a href=\"https:\/\/www.artspeculation.net\/wp-content\/gallery\/raf\/raf.jpg\"\n           title=\"\"\n           data-src=\"https:\/\/www.artspeculation.net\/wp-content\/gallery\/raf\/raf.jpg\"\n           data-thumbnail=\"https:\/\/www.artspeculation.net\/wp-content\/gallery\/raf\/thumbs\/thumbs_raf.jpg\"\n           data-image-id=\"171\"\n           data-title=\"raf\"\n           data-description=\"\"\n           >\n\n            <img data-image-id='171'\n                 title=\"\"\n                 alt=\"raf\"\n                 src=\"https:\/\/www.artspeculation.net\/wp-content\/gallery\/raf\/raf.jpg\"\n                 style=\"max-height: 580px;\"\/>\n        <\/a>\n\n        <\/div> \n<div id=\"ngg-image-1\" class=\"ngg-gallery-slideshow-image\" style=\"height:600px\">\n\n        <a href=\"https:\/\/www.artspeculation.net\/wp-content\/gallery\/raf\/rafdetail1.jpg\"\n           title=\"\"\n           data-src=\"https:\/\/www.artspeculation.net\/wp-content\/gallery\/raf\/rafdetail1.jpg\"\n           data-thumbnail=\"https:\/\/www.artspeculation.net\/wp-content\/gallery\/raf\/thumbs\/thumbs_rafdetail1.jpg\"\n           data-image-id=\"172\"\n           data-title=\"rafdetail1\"\n           data-description=\"\"\n           >\n\n            <img data-image-id='172'\n                 title=\"\"\n                 alt=\"rafdetail1\"\n                 src=\"https:\/\/www.artspeculation.net\/wp-content\/gallery\/raf\/rafdetail1.jpg\"\n                 style=\"max-height: 580px;\"\/>\n        <\/a>\n\n        <\/div> \n<div id=\"ngg-image-2\" class=\"ngg-gallery-slideshow-image\" style=\"height:600px\">\n\n        <a href=\"https:\/\/www.artspeculation.net\/wp-content\/gallery\/raf\/rafdetail2.jpg\"\n           title=\"\"\n           data-src=\"https:\/\/www.artspeculation.net\/wp-content\/gallery\/raf\/rafdetail2.jpg\"\n           data-thumbnail=\"https:\/\/www.artspeculation.net\/wp-content\/gallery\/raf\/thumbs\/thumbs_rafdetail2.jpg\"\n           data-image-id=\"173\"\n           data-title=\"rafdetail2\"\n           data-description=\"\"\n           >\n\n            <img data-image-id='173'\n                 title=\"\"\n                 alt=\"rafdetail2\"\n                 src=\"https:\/\/www.artspeculation.net\/wp-content\/gallery\/raf\/rafdetail2.jpg\"\n                 style=\"max-height: 580px;\"\/>\n        <\/a>\n\n        <\/div> \n<div id=\"ngg-image-3\" class=\"ngg-gallery-slideshow-image\" style=\"height:600px\">\n\n        <a href=\"https:\/\/www.artspeculation.net\/wp-content\/gallery\/raf\/raf_.jpg\"\n           title=\"\"\n           data-src=\"https:\/\/www.artspeculation.net\/wp-content\/gallery\/raf\/raf_.jpg\"\n           data-thumbnail=\"https:\/\/www.artspeculation.net\/wp-content\/gallery\/raf\/thumbs\/thumbs_raf_.jpg\"\n           data-image-id=\"316\"\n           data-title=\"raf_\"\n           data-description=\"\"\n           >\n\n            <img data-image-id='316'\n                 title=\"\"\n                 alt=\"raf_\"\n                 src=\"https:\/\/www.artspeculation.net\/wp-content\/gallery\/raf\/raf_.jpg\"\n                 style=\"max-height: 580px;\"\/>\n        <\/a>\n\n        <\/div> \n<\/div>\n\n\n\t\t<!-- Thumbnails Link -->\n\t<div class=\"slideshowlink\" style=\"max-width: 800px;\">\n        <a href='https:\/\/www.artspeculation.net\/index.php\/nggallery\/thumbnails?page_id=1222'><\/a>\n\t<\/div>\n\n<br><strong>R.A.F. (Rien A Foutre)<\/strong> &nbsp;&nbsp;2013 &#8211; 200\u00d7122 cm &#8211; bois, gabarits et \u00e9l\u00e9ments en aluminium en provenance d&rsquo;une ancienne usine de montage a\u00e9ronautique, clous dor\u00e9s, peinture acrylique.<br><span style=\"color: white;\">art speculation<\/span><br><em>Il fut un temps o\u00f9 l&rsquo;on \u00e9tait fier d&rsquo;exercer un m\u00e9tier, preuve d&rsquo;un savoir acquis, et pour l&rsquo;exercice duquel on \u00e9tait reconnu. Il y avait une certaine noblesse \u00e0 faire les choses dans les r\u00e8gles de l&rsquo;art. Aujourd&rsquo;hui, on manifeste sans beaucoup d&rsquo;illusions, r\u00e9clamant du travail pour tous. Il ne s&rsquo;agit plus de valoriser des connaissances ou un savoir faire, mais seulement d&rsquo;esp\u00e9rer faire quelque chose, de mendier une place dans la soci\u00e9t\u00e9, condition de la dignit\u00e9 et de l&rsquo;estime de soi. Il fut un temps o\u00f9 le travail \u00e9tait consid\u00e9r\u00e9 comme une contrainte, s&rsquo;apparentant \u00e0 de l&rsquo;esclavage. Exploitation des travailleurs dans le syst\u00e8me capitaliste. Aujourd&rsquo;hui on implore le pouvoir, les politiques, les patrons&#8230; pour qu&rsquo;ils nous procurent nos cha\u00eenes. Mais, pr\u00e9occup\u00e9s par leurs seuls int\u00e9r\u00eats, ils n&rsquo;entendent plus rien. Il ne reste plus qu&rsquo;\u00e0 croire au miracle.<\/em><br><br><br><small>Pour agrandir, cliquez sur l&rsquo;image :<\/small><br><br><a class=\"thickbox\" title=\"R.A.F (Rien A Foutre)   2013 - 200\u00d7122 cm - bois, gabarits et \u00e9l\u00e9ments en aluminium en provenance d'une ancienne usine de montage a\u00e9ronautique, clous dor\u00e9s, peinture acrylique.\" href=\"https:\/\/www.artspeculation.net\/wp-content\/gallery\/raf\/raf.jpg\" rel=\"\"><img class=\"ngg-singlepic ngg-left\" src=\"https:\/\/www.artspeculation.net\/wp-content\/gallery\/raf\/thumbs\/thumbs_raf.jpg\" alt=\"R.A.F. (Rien A Foutre)\"><\/a><strong>R.A.F. (Rien A Foutre)<\/strong> &nbsp;&nbsp;2013 &#8211; 200\u00d7122 cm &#8211; bois, gabarits et \u00e9l\u00e9ments en aluminium en provenance d&rsquo;une ancienne usine de montage a\u00e9ronautique, clous dor\u00e9s, peinture acrylique.<br><br><br><a class=\"thickbox\" title=\"R.A.F. (Rien A Foutre)   2013 - 200\u00d7122 cm - bois, gabarits et \u00e9l\u00e9ments en aluminium en provenance d'une ancienne usine de montage a\u00e9ronautique, clous dor\u00e9s, peinture acrylique.\" href=\"https:\/\/www.artspeculation.net\/wp-content\/gallery\/raf\/rafdetail1.jpg\" rel=\"\"><img class=\"ngg-singlepic ngg-left\" src=\"https:\/\/www.artspeculation.net\/wp-content\/gallery\/raf\/thumbs\/thumbs_rafdetail1.jpg\" alt=\"R.A.F. (d\u00e9tail)\"><\/a><strong>R.A.F. (Rien A Foutre)<\/strong> d\u00e9tail &nbsp;&nbsp;2013 &#8211; 200\u00d7122 cm &#8211; bois, gabarits et \u00e9l\u00e9ments en aluminium en provenance d&rsquo;une ancienne usine de montage a\u00e9ronautique, clous dor\u00e9s, peinture acrylique.<br><br><br><a class=\"thickbox\" title=\"R.A.F. (Rien A Foutre)   2013 - 200\u00d7122 cm - bois, gabarits et \u00e9l\u00e9ments en aluminium en provenance d'une ancienne usine de montage a\u00e9ronautique, clous dor\u00e9s, peinture acrylique.\" href=\"https:\/\/www.artspeculation.net\/wp-content\/gallery\/raf\/rafdetail2.jpg\" rel=\"\"><img class=\"ngg-singlepic ngg-left\" src=\"https:\/\/www.artspeculation.net\/wp-content\/gallery\/raf\/thumbs\/thumbs_rafdetail2.jpg\" alt=\"R.A.F. (d\u00e9tail)\"><\/a><strong>R.A.F. (Rien A Foutre)<\/strong> d\u00e9tail &nbsp;&nbsp;2013 &#8211; 200\u00d7122 cm &#8211; bois, gabarits et \u00e9l\u00e9ments en aluminium en provenance d&rsquo;une ancienne usine de montage a\u00e9ronautique, clous dor\u00e9s, peinture acrylique.<br><br><br><br><br><\/p>\n<p><a href=\"https:\/\/www.artspeculation.net\/?page_id=34\"> Retour portofolio<\/a><\/p>\n<\/div>\n<\/div>\n","protected":false},"excerpt":{"rendered":"<p>R.A.F. (Rien A Foutre) &nbsp;&nbsp;2013 &#8211; 200\u00d7122 cm &#8211; bois, gabarits et \u00e9l\u00e9ments en aluminium en provenance d&rsquo;une ancienne usine de montage a\u00e9ronautique, clous dor\u00e9s, peinture acrylique.art speculationIl fut un temps o\u00f9 l&rsquo;on \u00e9tait fier d&rsquo;exercer un m\u00e9tier, preuve d&rsquo;un savoir acquis, et pour l&rsquo;exercice duquel on \u00e9tait reconnu. Il y avait une certaine noblesse [&hellip;]<\/p>\n","protected":false},"author":1,"featured_media":0,"parent":1351,"menu_order":0,"comment_status":"closed","ping_status":"closed","template":"onecolumn-page.php","meta":{"ngg_post_thumbnail":0},"_links":{"self":[{"href":"https:\/\/www.artspeculation.net\/index.php?rest_route=\/wp\/v2\/pages\/1222"}],"collection":[{"href":"https:\/\/www.artspeculation.net\/index.php?rest_route=\/wp\/v2\/pages"}],"about":[{"href":"https:\/\/www.artspeculation.net\/index.php?rest_route=\/wp\/v2\/types\/page"}],"author":[{"embeddable":true,"href":"https:\/\/www.artspeculation.net\/index.php?rest_route=\/wp\/v2\/users\/1"}],"replies":[{"embeddable":true,"href":"https:\/\/www.artspeculation.net\/index.php?rest_route=%2Fwp%2Fv2%2Fcomments&post=1222"}],"version-history":[{"count":7,"href":"https:\/\/www.artspeculation.net\/index.php?rest_route=\/wp\/v2\/pages\/1222\/revisions"}],"predecessor-version":[{"id":2925,"href":"https:\/\/www.artspeculation.net\/index.php?rest_route=\/wp\/v2\/pages\/1222\/revisions\/2925"}],"up":[{"embeddable":true,"href":"https:\/\/www.artspeculation.net\/index.php?rest_route=\/wp\/v2\/pages\/1351"}],"wp:attachment":[{"href":"https:\/\/www.artspeculation.net\/index.php?rest_route=%2Fwp%2Fv2%2Fmedia&parent=1222"}],"curies":[{"name":"wp","href":"https:\/\/api.w.org\/{rel}","templated":true}]}}