{"id":1146,"date":"2013-03-18T12:00:56","date_gmt":"2013-03-18T12:00:56","guid":{"rendered":"http:\/\/www.artspeculation.net\/?page_id=1146"},"modified":"2022-04-12T22:28:38","modified_gmt":"2022-04-12T22:28:38","slug":"le-grand-mystere","status":"publish","type":"page","link":"https:\/\/www.artspeculation.net\/?page_id=1146","title":{"rendered":"Le grand myst\u00e8re"},"content":{"rendered":"\n<div class=\"wp-block-columns\">\n<div class=\"wp-block-column\" style=\"flex-basis:100%\">\n<p>\n\n<div class=\"ngg-galleryoverview ngg-slideshow\"\n\t id=\"ngg-slideshow-37a7b7bade141609e7ec67a2d46d660e-13970027230\"\n     data-gallery-id=\"37a7b7bade141609e7ec67a2d46d660e\"\n     style=\"max-width: 800px; max-height: 600px;\">\n\n \t<div id=\"ngg-image-0\" class=\"ngg-gallery-slideshow-image\" style=\"height:600px\">\n\n        <a href=\"https:\/\/www.artspeculation.net\/wp-content\/gallery\/grandmystere\/grandmysteregrandjeu1.jpg\"\n           title=\"\"\n           data-src=\"https:\/\/www.artspeculation.net\/wp-content\/gallery\/grandmystere\/grandmysteregrandjeu1.jpg\"\n           data-thumbnail=\"https:\/\/www.artspeculation.net\/wp-content\/gallery\/grandmystere\/thumbs\/thumbs_grandmysteregrandjeu1.jpg\"\n           data-image-id=\"242\"\n           data-title=\"grandmysteregrandjeu1\"\n           data-description=\"\"\n           >\n\n            <img data-image-id='242'\n                 title=\"\"\n                 alt=\"grandmysteregrandjeu1\"\n                 src=\"https:\/\/www.artspeculation.net\/wp-content\/gallery\/grandmystere\/grandmysteregrandjeu1.jpg\"\n                 style=\"max-height: 580px;\"\/>\n        <\/a>\n\n        <\/div> \n<div id=\"ngg-image-1\" class=\"ngg-gallery-slideshow-image\" style=\"height:600px\">\n\n        <a href=\"https:\/\/www.artspeculation.net\/wp-content\/gallery\/grandmystere\/grandmystere.jpg\"\n           title=\"\"\n           data-src=\"https:\/\/www.artspeculation.net\/wp-content\/gallery\/grandmystere\/grandmystere.jpg\"\n           data-thumbnail=\"https:\/\/www.artspeculation.net\/wp-content\/gallery\/grandmystere\/thumbs\/thumbs_grandmystere.jpg\"\n           data-image-id=\"156\"\n           data-title=\"grandmystere\"\n           data-description=\"\"\n           >\n\n            <img data-image-id='156'\n                 title=\"\"\n                 alt=\"grandmystere\"\n                 src=\"https:\/\/www.artspeculation.net\/wp-content\/gallery\/grandmystere\/grandmystere.jpg\"\n                 style=\"max-height: 580px;\"\/>\n        <\/a>\n\n        <\/div> \n<div id=\"ngg-image-2\" class=\"ngg-gallery-slideshow-image\" style=\"height:600px\">\n\n        <a href=\"https:\/\/www.artspeculation.net\/wp-content\/gallery\/grandmystere\/grandmysteredetail2.jpg\"\n           title=\"\"\n           data-src=\"https:\/\/www.artspeculation.net\/wp-content\/gallery\/grandmystere\/grandmysteredetail2.jpg\"\n           data-thumbnail=\"https:\/\/www.artspeculation.net\/wp-content\/gallery\/grandmystere\/thumbs\/thumbs_grandmysteredetail2.jpg\"\n           data-image-id=\"158\"\n           data-title=\"grandmysteredetail2\"\n           data-description=\"\"\n           >\n\n            <img data-image-id='158'\n                 title=\"\"\n                 alt=\"grandmysteredetail2\"\n                 src=\"https:\/\/www.artspeculation.net\/wp-content\/gallery\/grandmystere\/grandmysteredetail2.jpg\"\n                 style=\"max-height: 580px;\"\/>\n        <\/a>\n\n        <\/div> \n<div id=\"ngg-image-3\" class=\"ngg-gallery-slideshow-image\" style=\"height:600px\">\n\n        <a href=\"https:\/\/www.artspeculation.net\/wp-content\/gallery\/grandmystere\/grandmysteregrandjeu2.jpg\"\n           title=\"\"\n           data-src=\"https:\/\/www.artspeculation.net\/wp-content\/gallery\/grandmystere\/grandmysteregrandjeu2.jpg\"\n           data-thumbnail=\"https:\/\/www.artspeculation.net\/wp-content\/gallery\/grandmystere\/thumbs\/thumbs_grandmysteregrandjeu2.jpg\"\n           data-image-id=\"243\"\n           data-title=\"grandmysteregrandjeu2\"\n           data-description=\"\"\n           >\n\n            <img data-image-id='243'\n                 title=\"\"\n                 alt=\"grandmysteregrandjeu2\"\n                 src=\"https:\/\/www.artspeculation.net\/wp-content\/gallery\/grandmystere\/grandmysteregrandjeu2.jpg\"\n                 style=\"max-height: 580px;\"\/>\n        <\/a>\n\n        <\/div> \n<div id=\"ngg-image-4\" class=\"ngg-gallery-slideshow-image\" style=\"height:600px\">\n\n        <a href=\"https:\/\/www.artspeculation.net\/wp-content\/gallery\/grandmystere\/grandmysteredetail3.jpg\"\n           title=\"\"\n           data-src=\"https:\/\/www.artspeculation.net\/wp-content\/gallery\/grandmystere\/grandmysteredetail3.jpg\"\n           data-thumbnail=\"https:\/\/www.artspeculation.net\/wp-content\/gallery\/grandmystere\/thumbs\/thumbs_grandmysteredetail3.jpg\"\n           data-image-id=\"159\"\n           data-title=\"grandmysteredetail3\"\n           data-description=\"\"\n           >\n\n            <img data-image-id='159'\n                 title=\"\"\n                 alt=\"grandmysteredetail3\"\n                 src=\"https:\/\/www.artspeculation.net\/wp-content\/gallery\/grandmystere\/grandmysteredetail3.jpg\"\n                 style=\"max-height: 580px;\"\/>\n        <\/a>\n\n        <\/div> \n<div id=\"ngg-image-5\" class=\"ngg-gallery-slideshow-image\" style=\"height:600px\">\n\n        <a href=\"https:\/\/www.artspeculation.net\/wp-content\/gallery\/grandmystere\/grandmysteregrandjeu3.jpg\"\n           title=\"\"\n           data-src=\"https:\/\/www.artspeculation.net\/wp-content\/gallery\/grandmystere\/grandmysteregrandjeu3.jpg\"\n           data-thumbnail=\"https:\/\/www.artspeculation.net\/wp-content\/gallery\/grandmystere\/thumbs\/thumbs_grandmysteregrandjeu3.jpg\"\n           data-image-id=\"244\"\n           data-title=\"grandmysteregrandjeu3\"\n           data-description=\"\"\n           >\n\n            <img data-image-id='244'\n                 title=\"\"\n                 alt=\"grandmysteregrandjeu3\"\n                 src=\"https:\/\/www.artspeculation.net\/wp-content\/gallery\/grandmystere\/grandmysteregrandjeu3.jpg\"\n                 style=\"max-height: 580px;\"\/>\n        <\/a>\n\n        <\/div> \n<div id=\"ngg-image-6\" class=\"ngg-gallery-slideshow-image\" style=\"height:600px\">\n\n        <a href=\"https:\/\/www.artspeculation.net\/wp-content\/gallery\/grandmystere\/grandmysteredetail.jpg\"\n           title=\"\"\n           data-src=\"https:\/\/www.artspeculation.net\/wp-content\/gallery\/grandmystere\/grandmysteredetail.jpg\"\n           data-thumbnail=\"https:\/\/www.artspeculation.net\/wp-content\/gallery\/grandmystere\/thumbs\/thumbs_grandmysteredetail.jpg\"\n           data-image-id=\"157\"\n           data-title=\"grandmysteredetail\"\n           data-description=\"\"\n           >\n\n            <img data-image-id='157'\n                 title=\"\"\n                 alt=\"grandmysteredetail\"\n                 src=\"https:\/\/www.artspeculation.net\/wp-content\/gallery\/grandmystere\/grandmysteredetail.jpg\"\n                 style=\"max-height: 580px;\"\/>\n        <\/a>\n\n        <\/div> \n<\/div>\n\n\n\t\t<!-- Thumbnails Link -->\n\t<div class=\"slideshowlink\" style=\"max-width: 800px;\">\n        <a href='https:\/\/www.artspeculation.net\/index.php\/nggallery\/thumbnails?page_id=1146'><\/a>\n\t<\/div>\n\n<br><strong>Le grand myst\u00e8re<\/strong> &nbsp;&nbsp;2013 \u2013 370&#215;370 cm \u2013 puzzle de 35000 pi\u00e8ces peintes, encadrements sous verre.<br><br><em>Le visible, \u00e9blouissant, multicolore, immense, accessible, rassurant, mais au sein duquel tout est imbriqu\u00e9, se m\u00e9lange, se d\u00e9place, se transforme. L&rsquo;invisible, qui nous entoure de toutes parts, qui se dissimule derri\u00e8re le visible, et auquel on sait \u00eatre destin\u00e9. L&rsquo;invisible nous oppresse parce qu&rsquo;il reste un myst\u00e8re. On voudrait le comprendre. Sciences et religions s&rsquo;y emploient. Mais ces regards simplificateurs proposent-ils autre chose que des illusions ? <\/em><br><br><br><small>Pour agrandir, cliquez sur l&rsquo;image :<\/small><br><br><a class=\"thickbox\" title=\"Le grand myst\u00e8re   2013 \u2013 370x370 cm \u2013 puzzle de 35000 pi\u00e8ces peintes, encadrements sous verre.\" href=\"https:\/\/www.artspeculation.net\/wp-content\/gallery\/grandmystere\/grandmystere.jpg\" rel=\"\"><img class=\"ngg-singlepic ngg-left\" src=\"https:\/\/www.artspeculation.net\/wp-content\/gallery\/grandmystere\/thumbs\/thumbs_grandmystere.jpg\" alt=\"Le grand myst\u00e8re\"><\/a><strong>Le grand myst\u00e8re<\/strong> &nbsp;&nbsp;2013 \u2013 370&#215;370 cm \u2013 puzzle de 35000 pi\u00e8ces peintes, encadrements sous verre.<br><br><br><br><a class=\"thickbox\" title=\"Le grand myst\u00e8re (d\u00e9tail)   2013 \u2013 370x370 cm \u2013 puzzle de 35000 pi\u00e8ces peintes, encadrements sous verre.\" href=\"https:\/\/www.artspeculation.net\/wp-content\/gallery\/grandmystere\/grandmysteredetail.jpg\" rel=\"\"><img class=\"ngg-singlepic ngg-left\" src=\"https:\/\/www.artspeculation.net\/wp-content\/gallery\/grandmystere\/thumbs\/thumbs_grandmysteredetail.jpg\" alt=\"Le grand myst\u00e8re (d\u00e9tail)\"><\/a><strong>Le grand myst\u00e8re<\/strong> d\u00e9tail &nbsp;&nbsp;2013 \u2013 370&#215;370 cm \u2013 puzzle de 35000 pi\u00e8ces peintes, encadrements sous verre.<br><br><br><br><a class=\"thickbox\" title=\"Le grand myst\u00e8re (d\u00e9tail)   2013 \u2013 370x370 cm \u2013 puzzle de 35000 pi\u00e8ces peintes, encadrements sous verre.\" href=\"https:\/\/www.artspeculation.net\/wp-content\/gallery\/grandmystere\/grandmysteredetail2.jpg\" rel=\"\"><img class=\"ngg-singlepic ngg-left\" src=\"https:\/\/www.artspeculation.net\/wp-content\/gallery\/grandmystere\/thumbs\/thumbs_grandmysteredetail2.jpg\" alt=\"Le grand myst\u00e8re d\u00e9tail\"><\/a><strong>Le grand myst\u00e8re<\/strong> d\u00e9tail &nbsp;&nbsp;2013 \u2013 350&#215;350 cm \u2013 puzzle de 35000 pi\u00e8ces peintes, encadrements sous verre.<br><br><br><br><a class=\"thickbox\" title=\"Le grand myst\u00e8re (d\u00e9tail)   2013 \u2013 370x370 cm \u2013 puzzle de 35000 pi\u00e8ces peintes, encadrements sous verre.\" href=\"https:\/\/www.artspeculation.net\/wp-content\/gallery\/grandmystere\/grandmysteredetail3.jpg\" rel=\"\"><img class=\"ngg-singlepic ngg-left\" src=\"https:\/\/www.artspeculation.net\/wp-content\/gallery\/grandmystere\/thumbs\/thumbs_grandmysteredetail3.jpg\" alt=\"Le grand myst\u00e8re d\u00e9tail\"><\/a><strong>Le grand myst\u00e8re<\/strong> d\u00e9tail &nbsp;&nbsp;2013 \u2013 370&#215;370 cm \u2013 puzzle de 35000 pi\u00e8ces peintes, encadrements sous verre.<br><br><br><br><br><\/p>\n<p><a href=\"https:\/\/www.artspeculation.net\/?page_id=34\"> Retour portofolio<\/a><\/p>\n<\/div>\n<\/div>\n","protected":false},"excerpt":{"rendered":"<p>Le grand myst\u00e8re &nbsp;&nbsp;2013 \u2013 370&#215;370 cm \u2013 puzzle de 35000 pi\u00e8ces peintes, encadrements sous verre. Le visible, \u00e9blouissant, multicolore, immense, accessible, rassurant, mais au sein duquel tout est imbriqu\u00e9, se m\u00e9lange, se d\u00e9place, se transforme. L&rsquo;invisible, qui nous entoure de toutes parts, qui se dissimule derri\u00e8re le visible, et auquel on sait \u00eatre destin\u00e9. [&hellip;]<\/p>\n","protected":false},"author":1,"featured_media":0,"parent":1351,"menu_order":0,"comment_status":"closed","ping_status":"closed","template":"onecolumn-page.php","meta":{"ngg_post_thumbnail":0},"_links":{"self":[{"href":"https:\/\/www.artspeculation.net\/index.php?rest_route=\/wp\/v2\/pages\/1146"}],"collection":[{"href":"https:\/\/www.artspeculation.net\/index.php?rest_route=\/wp\/v2\/pages"}],"about":[{"href":"https:\/\/www.artspeculation.net\/index.php?rest_route=\/wp\/v2\/types\/page"}],"author":[{"embeddable":true,"href":"https:\/\/www.artspeculation.net\/index.php?rest_route=\/wp\/v2\/users\/1"}],"replies":[{"embeddable":true,"href":"https:\/\/www.artspeculation.net\/index.php?rest_route=%2Fwp%2Fv2%2Fcomments&post=1146"}],"version-history":[{"count":12,"href":"https:\/\/www.artspeculation.net\/index.php?rest_route=\/wp\/v2\/pages\/1146\/revisions"}],"predecessor-version":[{"id":2933,"href":"https:\/\/www.artspeculation.net\/index.php?rest_route=\/wp\/v2\/pages\/1146\/revisions\/2933"}],"up":[{"embeddable":true,"href":"https:\/\/www.artspeculation.net\/index.php?rest_route=\/wp\/v2\/pages\/1351"}],"wp:attachment":[{"href":"https:\/\/www.artspeculation.net\/index.php?rest_route=%2Fwp%2Fv2%2Fmedia&parent=1146"}],"curies":[{"name":"wp","href":"https:\/\/api.w.org\/{rel}","templated":true}]}}