{"id":1143,"date":"2013-03-18T11:49:15","date_gmt":"2013-03-18T11:49:15","guid":{"rendered":"http:\/\/www.artspeculation.net\/?page_id=1143"},"modified":"2022-04-12T22:29:31","modified_gmt":"2022-04-12T22:29:31","slug":"diy","status":"publish","type":"page","link":"https:\/\/www.artspeculation.net\/?page_id=1143","title":{"rendered":"DIY"},"content":{"rendered":"\n<div class=\"wp-block-columns\">\n<div class=\"wp-block-column\" style=\"flex-basis:100%\">\n<p>\n\n<div class=\"ngg-galleryoverview ngg-slideshow\"\n\t id=\"ngg-slideshow-ed897c6638448bb9d5e525a262e6492b-18690882150\"\n     data-gallery-id=\"ed897c6638448bb9d5e525a262e6492b\"\n     style=\"max-width: 800px; max-height: 600px;\">\n\n \t<div id=\"ngg-image-0\" class=\"ngg-gallery-slideshow-image\" style=\"height:600px\">\n\n        <a href=\"https:\/\/www.artspeculation.net\/wp-content\/gallery\/diy\/diy1.jpg\"\n           title=\"\"\n           data-src=\"https:\/\/www.artspeculation.net\/wp-content\/gallery\/diy\/diy1.jpg\"\n           data-thumbnail=\"https:\/\/www.artspeculation.net\/wp-content\/gallery\/diy\/thumbs\/thumbs_diy1.jpg\"\n           data-image-id=\"160\"\n           data-title=\"diy1\"\n           data-description=\"\"\n           >\n\n            <img data-image-id='160'\n                 title=\"\"\n                 alt=\"diy1\"\n                 src=\"https:\/\/www.artspeculation.net\/wp-content\/gallery\/diy\/diy1.jpg\"\n                 style=\"max-height: 580px;\"\/>\n        <\/a>\n\n        <\/div> \n<div id=\"ngg-image-1\" class=\"ngg-gallery-slideshow-image\" style=\"height:600px\">\n\n        <a href=\"https:\/\/www.artspeculation.net\/wp-content\/gallery\/diy\/diy2.jpg\"\n           title=\"\"\n           data-src=\"https:\/\/www.artspeculation.net\/wp-content\/gallery\/diy\/diy2.jpg\"\n           data-thumbnail=\"https:\/\/www.artspeculation.net\/wp-content\/gallery\/diy\/thumbs\/thumbs_diy2.jpg\"\n           data-image-id=\"161\"\n           data-title=\"diy2\"\n           data-description=\"\"\n           >\n\n            <img data-image-id='161'\n                 title=\"\"\n                 alt=\"diy2\"\n                 src=\"https:\/\/www.artspeculation.net\/wp-content\/gallery\/diy\/diy2.jpg\"\n                 style=\"max-height: 580px;\"\/>\n        <\/a>\n\n        <\/div> \n<div id=\"ngg-image-2\" class=\"ngg-gallery-slideshow-image\" style=\"height:600px\">\n\n        <a href=\"https:\/\/www.artspeculation.net\/wp-content\/gallery\/diy\/diydetail.jpg\"\n           title=\"\"\n           data-src=\"https:\/\/www.artspeculation.net\/wp-content\/gallery\/diy\/diydetail.jpg\"\n           data-thumbnail=\"https:\/\/www.artspeculation.net\/wp-content\/gallery\/diy\/thumbs\/thumbs_diydetail.jpg\"\n           data-image-id=\"162\"\n           data-title=\"diydetail\"\n           data-description=\"\"\n           >\n\n            <img data-image-id='162'\n                 title=\"\"\n                 alt=\"diydetail\"\n                 src=\"https:\/\/www.artspeculation.net\/wp-content\/gallery\/diy\/diydetail.jpg\"\n                 style=\"max-height: 580px;\"\/>\n        <\/a>\n\n        <\/div> \n<\/div>\n\n\n\t\t<!-- Thumbnails Link -->\n\t<div class=\"slideshowlink\" style=\"max-width: 800px;\">\n        <a href='https:\/\/www.artspeculation.net\/index.php\/nggallery\/thumbnails?page_id=1143'><\/a>\n\t<\/div>\n\n<br><strong>DIY<\/strong> &nbsp;&nbsp;2013 &#8211; rouleau de papier peint, 240\u00d760 cm &#8211; tickets de m\u00e9tro, agrafes.<\/p>\n<p><em>Do It Yourself &#8211; kit d&rsquo;assemblage :<br>&#8211; 1296 tickets de m\u00e9tro usag\u00e9s (pour ceux qui ne prennent pas le m\u00e9tro, vous pouvez facilement en trouver \u00e0 proximit\u00e9 des stations);<br>&#8211; une agrafeuse (facile \u00e0 emprunter sur son lieu de travail) et 2517 agrafes.<br>Le montage termin\u00e9, le l\u00e9 peut \u00eatre encoll\u00e9 et pos\u00e9 de la m\u00eame mani\u00e8re que ceux vendus dans le commerce.<\/em><\/p>\n<p><em>Chacun accepte son quotidien et construit sa propre prison.<\/em><\/p>\n<p>&nbsp;<\/p>\n<p><small>Pour agrandir, cliquez sur l&rsquo;image :<\/small><\/p>\n<p><a class=\"thickbox\" title=\"DIY   2013 - rouleau de papier peint, 240\u00d760 cm - tickets de m\u00e9tro, agrafes.\" href=\"https:\/\/www.artspeculation.net\/wp-content\/gallery\/diy\/diy1.jpg\" rel=\"\"><img class=\"ngg-singlepic ngg-left\" src=\"https:\/\/www.artspeculation.net\/wp-content\/gallery\/diy\/thumbs\/thumbs_diy1.jpg\" alt=\"DIY\"><\/a><strong>DIY<\/strong> &nbsp;&nbsp;2013 &#8211; rouleau de papier peint, 240\u00d760 cm &#8211; tickets de m\u00e9tro, agrafes.<\/p>\n<p>&nbsp;<\/p>\n<p><a class=\"thickbox\" title=\"DIY   2013 - rouleau de papier peint, 240\u00d760 cm - tickets de m\u00e9tro, agrafes.\" href=\"https:\/\/www.artspeculation.net\/wp-content\/gallery\/diy\/diy2.jpg\" rel=\"\"><img class=\"ngg-singlepic ngg-left\" src=\"https:\/\/www.artspeculation.net\/wp-content\/gallery\/diy\/thumbs\/thumbs_diy2.jpg\" alt=\"DIY\"><\/a><strong>DIY<\/strong> &nbsp;&nbsp;2013 &#8211; rouleau de papier peint, 240\u00d760 cm &#8211; tickets de m\u00e9tro, agrafes.<\/p>\n<p>&nbsp;<\/p>\n<p><a class=\"thickbox\" title=\"DIY   2013 - rouleau de papier peint, 240\u00d760 cm - tickets de m\u00e9tro, agrafes.\" href=\"https:\/\/www.artspeculation.net\/wp-content\/gallery\/diy\/diydetail.jpg\" rel=\"\"><img class=\"ngg-singlepic ngg-left\" src=\"https:\/\/www.artspeculation.net\/wp-content\/gallery\/diy\/thumbs\/thumbs_diydetail.jpg\" alt=\"DIY (d\u00e9tail)\"><\/a><strong>DIY<\/strong> d\u00e9tail &nbsp;&nbsp;2013 &#8211; rouleau de papier peint, 240\u00d760 cm &#8211; tickets de m\u00e9tro, agrafes.<\/p>\n<p>&nbsp;<\/p>\n<p>&nbsp;<\/p>\n<p><a href=\"https:\/\/www.artspeculation.net\/?page_id=34\"> Retour portofolio<\/a><\/p>\n<\/div>\n<\/div>\n","protected":false},"excerpt":{"rendered":"<p>DIY &nbsp;&nbsp;2013 &#8211; rouleau de papier peint, 240\u00d760 cm &#8211; tickets de m\u00e9tro, agrafes. Do It Yourself &#8211; kit d&rsquo;assemblage :&#8211; 1296 tickets de m\u00e9tro usag\u00e9s (pour ceux qui ne prennent pas le m\u00e9tro, vous pouvez facilement en trouver \u00e0 proximit\u00e9 des stations);&#8211; une agrafeuse (facile \u00e0 emprunter sur son lieu de travail) et 2517 [&hellip;]<\/p>\n","protected":false},"author":1,"featured_media":0,"parent":379,"menu_order":0,"comment_status":"closed","ping_status":"closed","template":"onecolumn-page.php","meta":{"ngg_post_thumbnail":0},"_links":{"self":[{"href":"https:\/\/www.artspeculation.net\/index.php?rest_route=\/wp\/v2\/pages\/1143"}],"collection":[{"href":"https:\/\/www.artspeculation.net\/index.php?rest_route=\/wp\/v2\/pages"}],"about":[{"href":"https:\/\/www.artspeculation.net\/index.php?rest_route=\/wp\/v2\/types\/page"}],"author":[{"embeddable":true,"href":"https:\/\/www.artspeculation.net\/index.php?rest_route=\/wp\/v2\/users\/1"}],"replies":[{"embeddable":true,"href":"https:\/\/www.artspeculation.net\/index.php?rest_route=%2Fwp%2Fv2%2Fcomments&post=1143"}],"version-history":[{"count":14,"href":"https:\/\/www.artspeculation.net\/index.php?rest_route=\/wp\/v2\/pages\/1143\/revisions"}],"predecessor-version":[{"id":2935,"href":"https:\/\/www.artspeculation.net\/index.php?rest_route=\/wp\/v2\/pages\/1143\/revisions\/2935"}],"up":[{"embeddable":true,"href":"https:\/\/www.artspeculation.net\/index.php?rest_route=\/wp\/v2\/pages\/379"}],"wp:attachment":[{"href":"https:\/\/www.artspeculation.net\/index.php?rest_route=%2Fwp%2Fv2%2Fmedia&parent=1143"}],"curies":[{"name":"wp","href":"https:\/\/api.w.org\/{rel}","templated":true}]}}